{"id":30120,"date":"2018-06-30T09:42:47","date_gmt":"2018-06-30T09:42:47","guid":{"rendered":"https:\/\/www.labeljoy.com\/fr\/?page_id=30120"},"modified":"2026-03-12T20:17:52","modified_gmt":"2026-03-12T20:17:52","slug":"comment-charger-des-donnees-a-partir-dexcel","status":"publish","type":"page","link":"https:\/\/www.labeljoy.com\/fr\/videos\/comment-charger-des-donnees-a-partir-dexcel\/","title":{"rendered":"Charger des donn\u00e9es \u00e0 partir d&rsquo;Excel"},"content":{"rendered":"<h2>Comment charger des donn\u00e9es \u00e0 partir d&rsquo;Excel<\/h2>\n<p>Avec Labeljoy, vous pouvez utiliser des <strong>sources de donn\u00e9es externes<\/strong>, telles que connecter une feuille de calcul Excel et utiliser les donn\u00e9es dans les \u00e9tiquettes.<\/p>\n<p>De cette fa\u00e7on, vous pouvez cr\u00e9er rapidement et facilement des \u00e9tiquettes personnalis\u00e9es.<\/p>\n<p>La fonction de mise \u00e0 jour des donn\u00e9es vous permet \u00e9galement d&rsquo;\u00e9diter, de modifier et de mettre \u00e0 jour toutes les donn\u00e9es Excel en temps r\u00e9el.<br \/>\nImportez n&rsquo;importe quel type de donn\u00e9es (texte, image, code \u00e0 barres) et concevez vos \u00e9tiquettes personnalis\u00e9es, telles que les <a title=\"\u00e9tiquettes d'aliments\" href=\"https:\/\/www.labeljoy.com\/fr\/modeles\/etiquettes-aliments\/\">\u00e9tiquettes d&rsquo;aliments<\/a>, <a title=\"les \u00e9tiquettes de nom\" href=\"https:\/\/www.labeljoy.com\/fr\/modeles\/badges-nominatifs\/\">les \u00e9tiquettes de nom<\/a>, les <a title=\"\u00e9tiquettes de publipostage\" href=\"https:\/\/www.labeljoy.com\/fr\/modeles\/etiquettes-lettres\/\">\u00e9tiquettes de publipostage<\/a> et <a title=\"Mod\u00e8les d\u2019Etiquettes\" href=\"https:\/\/www.labeljoy.com\/fr\/modeles\/\">bien d&rsquo;autres<\/a>.<\/p>\n<div class=\"lyte-wrapper\" title=\"Labeljoy 6 Comment charger des donn&eacute;es &agrave; partir d&amp;#039;Excel\" style=\"width:640px;max-width:100%;margin:5px;\"><div class=\"lyMe\" id=\"WYL_cdEPYPfk200\" itemprop=\"video\" itemscope itemtype=\"https:\/\/schema.org\/VideoObject\"><div><meta itemprop=\"thumbnailUrl\" content=\"https:\/\/www.labeljoy.com\/wp-content\/plugins\/wp-youtube-lyte\/lyteCache.php?origThumbUrl=https%3A%2F%2Fi.ytimg.com%2Fvi%2FcdEPYPfk200%2Fhqdefault.jpg\" \/><meta itemprop=\"embedURL\" content=\"https:\/\/www.youtube.com\/embed\/cdEPYPfk200\" \/><meta itemprop=\"duration\" content=\"PT2M57S\" \/><meta itemprop=\"uploadDate\" content=\"2020-05-30T23:22:36Z\" \/><\/div><div id=\"lyte_cdEPYPfk200\" data-src=\"https:\/\/www.labeljoy.com\/wp-content\/plugins\/wp-youtube-lyte\/lyteCache.php?origThumbUrl=https%3A%2F%2Fi.ytimg.com%2Fvi%2FcdEPYPfk200%2Fhqdefault.jpg\" class=\"pL\"><div class=\"tC\"><div class=\"tT\" itemprop=\"name\">Labeljoy 6 Comment charger des donn\u00e9es \u00e0 partir d&#039;Excel<\/div><\/div><div class=\"play\"><\/div><div class=\"ctrl\"><div class=\"Lctrl\"><\/div><div class=\"Rctrl\"><\/div><\/div><\/div><noscript><a href=\"https:\/\/youtu.be\/cdEPYPfk200\" rel=\"nofollow\"><img decoding=\"async\" src=\"https:\/\/www.labeljoy.com\/wp-content\/plugins\/wp-youtube-lyte\/lyteCache.php?origThumbUrl=https%3A%2F%2Fi.ytimg.com%2Fvi%2FcdEPYPfk200%2F0.jpg\" alt=\"Labeljoy 6 Comment charger des donn&eacute;es &agrave; partir d&amp;#039;Excel\" width=\"640\" height=\"340\" \/><br \/>Lire cette vid\u00e9o sur YouTube<\/a><\/noscript><meta itemprop=\"description\" content=\"Avec Labeljoy, vous pouvez utiliser des sources de donn\u00e9es externes, telles que connecter une feuille de calcul Excel et utiliser les donn\u00e9es dans les \u00e9tiquettes. De cette fa\u00e7on, vous pouvez cr\u00e9er rapidement et facilement des \u00e9tiquettes personnalis\u00e9es. La fonction de mise \u00e0 jour des donn\u00e9es vous permet \u00e9galement d&#039;\u00e9diter, de modifier et de mettre \u00e0 jour toutes les donn\u00e9es Excel en temps r\u00e9el. Importez n&#039;importe quel type de donn\u00e9es (texte, image, code \u00e0 barres) et concevez vos \u00e9tiquettes personnalis\u00e9es, telles que les \u00e9tiquettes d&#039;aliments, les \u00e9tiquettes de nom, les \u00e9tiquettes de publipostage et bien d&#039;autres. Pour plus d&#039;informations: https:\/\/www.labeljoy.com\/fr\/assistance\/comment-faire\/imprimer-etiquettes-excel\/\"><\/div><\/div><div class=\"lL\" style=\"max-width:100%;width:640px;margin:5px;\"><\/div>\n<div class=\"lj-video-button hide\">\n  <a href=\"https:\/\/www.youtube.com\/embed\/cdEPYPfk200?rel=0&autoplay=1\" data-featherlight=\"iframe\" data-featherlight-iframe-width=\"800\" data-featherlight-iframe-height=\"610\" data-featherlight-iframe-frameborder=\"0\" data-featherlight-iframe-allow=\"autoplay; encrypted-media\" data-featherlight-iframe-allowfullscreen=\"true\" title=\"Jouer le tutoriel vid\u00e9o\">Jouer le tutoriel vid\u00e9o <i class=\"fa fa-play-circle fa-2x\"><\/i><\/a>\n<\/div>\n<div class=\"lyte-wrapper\" title=\"Cr&eacute;er des &eacute;tiquettes de codes-barres &agrave; partir d&amp;#039;Excel: guide &eacute;tape par &eacute;tape facile\" style=\"width:640px;max-width:100%;margin:5px;\"><div class=\"lyMe\" id=\"WYL_OIAM6tgBF2A\" itemprop=\"video\" itemscope itemtype=\"https:\/\/schema.org\/VideoObject\"><div><meta itemprop=\"thumbnailUrl\" content=\"https:\/\/www.labeljoy.com\/wp-content\/plugins\/wp-youtube-lyte\/lyteCache.php?origThumbUrl=https%3A%2F%2Fi.ytimg.com%2Fvi%2FOIAM6tgBF2A%2Fhqdefault.jpg\" \/><meta itemprop=\"embedURL\" content=\"https:\/\/www.youtube.com\/embed\/OIAM6tgBF2A\" \/><meta itemprop=\"duration\" content=\"PT5M37S\" \/><meta itemprop=\"uploadDate\" content=\"2025-06-05T14:52:13Z\" \/><\/div><div id=\"lyte_OIAM6tgBF2A\" data-src=\"https:\/\/www.labeljoy.com\/wp-content\/plugins\/wp-youtube-lyte\/lyteCache.php?origThumbUrl=https%3A%2F%2Fi.ytimg.com%2Fvi%2FOIAM6tgBF2A%2Fhqdefault.jpg\" class=\"pL\"><div class=\"tC\"><div class=\"tT\" itemprop=\"name\">Cr\u00e9er des \u00e9tiquettes de codes-barres \u00e0 partir d&#039;Excel: guide \u00e9tape par \u00e9tape facile<\/div><\/div><div class=\"play\"><\/div><div class=\"ctrl\"><div class=\"Lctrl\"><\/div><div class=\"Rctrl\"><\/div><\/div><\/div><noscript><a href=\"https:\/\/youtu.be\/OIAM6tgBF2A\" rel=\"nofollow\"><img decoding=\"async\" src=\"https:\/\/www.labeljoy.com\/wp-content\/plugins\/wp-youtube-lyte\/lyteCache.php?origThumbUrl=https%3A%2F%2Fi.ytimg.com%2Fvi%2FOIAM6tgBF2A%2F0.jpg\" alt=\"Cr&eacute;er des &eacute;tiquettes de codes-barres &agrave; partir d&amp;#039;Excel: guide &eacute;tape par &eacute;tape facile\" width=\"640\" height=\"340\" \/><br \/>Lire cette vid\u00e9o sur YouTube<\/a><\/noscript><meta itemprop=\"description\" content=\"Vous souhaitez cr\u00e9er des \u00e9tiquettes de codes-barres \u00e0 partir d&#039;un fichier Excel et les imprimer rapidement? Dans ce tutoriel, vous apprendrez \u00e0 g\u00e9n\u00e9rer et personnaliser des \u00e9tiquettes de codes-barres EAN-13 \u00e0 l&#039;aide de Labeljoy. Un moyen id\u00e9al pour ceux qui ont besoin d&#039;imprimer des \u00e9tiquettes \u00e0 codes-barres pour le commerce \u00e9lectronique, les magasins physiques, les entrep\u00f4ts et la gestion des stocks! Qu&#039;allez-vous apprendre? \u2705 Comment importer des donn\u00e9es depuis Excel pour g\u00e9n\u00e9rer des \u00e9tiquettes personnalis\u00e9es; \u2705 Comment convertir des codes en codes-barres EAN-13; \u2705 Comment imprimer des \u00e9tiquettes de mani\u00e8re professionnelle. \ud83d\udd17 T\u00e9l\u00e9chargez Labeljoy: https:\/\/www.labeljoy.com\/fr\/download-fr\/\"><\/div><\/div><div class=\"lL\" style=\"max-width:100%;width:640px;margin:5px;\"><\/div>\n<div class=\"lj-video-button hide\">\n  <a href=\"https:\/\/www.youtube.com\/embed\/OIAM6tgBF2A?rel=0&autoplay=1\" data-featherlight=\"iframe\" data-featherlight-iframe-width=\"800\" data-featherlight-iframe-height=\"610\" data-featherlight-iframe-frameborder=\"0\" data-featherlight-iframe-allow=\"autoplay; encrypted-media\" data-featherlight-iframe-allowfullscreen=\"true\" title=\"Jouer le tutoriel vid\u00e9o\">Jouer le tutoriel vid\u00e9o <i class=\"fa fa-play-circle fa-2x\"><\/i><\/a>\n<\/div>\n<p style=\"text-align: center;\">Voir aussi le tutoriel:<\/p>\n<ul class=\"lp-2013 clearfix\">\n<li style=\"float: none;\"><a style=\"height: 154px; margin: 0 auto;\" title=\"Impression d'\u00e9tiquettes depuis Excel\" href=\"http:\/\/www.labeljoy.com\/fr\/assistance\/comment-faire\/imprimer-etiquettes-excel\/\"> <span class=\"lp-2013-title\">Impression d\u2019\u00e9tiquettes depuis Excel<\/span><span class=\"lp-2013-description\">-Import de bases de donn\u00e9es<br \/>\n&#8211; R\u00e9glages personnalis\u00e9s<br \/>\n&#8211; Lignes Excel<br \/>\n&#8211; Filtre personnalis\u00e9<\/span><img decoding=\"async\" src=\"http:\/\/www.labeljoy.com\/images\/how-to\/icons\/excel.png\" alt=\"Excel icon\" width=\"48\" height=\"48\" \/><\/a><\/li>\n<\/ul>\n","protected":false},"excerpt":{"rendered":"<p>Comment charger des donn\u00e9es \u00e0 partir d&rsquo;Excel Avec Labeljoy, vous pouvez utiliser des sources de donn\u00e9es externes, telles que connecter une feuille de calcul Excel et utiliser les donn\u00e9es dans les \u00e9tiquettes. De cette fa\u00e7on, vous pouvez cr\u00e9er rapidement et facilement des \u00e9tiquettes personnalis\u00e9es. La fonction de mise \u00e0 jour des donn\u00e9es vous permet \u00e9galement &#8230; <a title=\"Charger des donn\u00e9es \u00e0 partir d&rsquo;Excel\" class=\"read-more\" href=\"https:\/\/www.labeljoy.com\/fr\/videos\/comment-charger-des-donnees-a-partir-dexcel\/\" aria-label=\"En savoir plus sur Charger des donn\u00e9es \u00e0 partir d&rsquo;Excel\">Read more<\/a><\/p>\n","protected":false},"author":12,"featured_media":0,"parent":30104,"menu_order":0,"comment_status":"closed","ping_status":"closed","template":"","meta":{"inline_featured_image":false,"_monsterinsights_skip_tracking":false,"_monsterinsights_sitenote_active":false,"_monsterinsights_sitenote_note":"","_monsterinsights_sitenote_category":0,"footnotes":""},"class_list":{"0":"post-30120","1":"page","2":"type-page","3":"status-publish","5":"infinite-scroll-item"},"aioseo_notices":[],"_links":{"self":[{"href":"https:\/\/www.labeljoy.com\/fr\/wp-json\/wp\/v2\/pages\/30120","targetHints":{"allow":["GET"]}}],"collection":[{"href":"https:\/\/www.labeljoy.com\/fr\/wp-json\/wp\/v2\/pages"}],"about":[{"href":"https:\/\/www.labeljoy.com\/fr\/wp-json\/wp\/v2\/types\/page"}],"author":[{"embeddable":true,"href":"https:\/\/www.labeljoy.com\/fr\/wp-json\/wp\/v2\/users\/12"}],"replies":[{"embeddable":true,"href":"https:\/\/www.labeljoy.com\/fr\/wp-json\/wp\/v2\/comments?post=30120"}],"version-history":[{"count":8,"href":"https:\/\/www.labeljoy.com\/fr\/wp-json\/wp\/v2\/pages\/30120\/revisions"}],"predecessor-version":[{"id":45192,"href":"https:\/\/www.labeljoy.com\/fr\/wp-json\/wp\/v2\/pages\/30120\/revisions\/45192"}],"up":[{"embeddable":true,"href":"https:\/\/www.labeljoy.com\/fr\/wp-json\/wp\/v2\/pages\/30104"}],"wp:attachment":[{"href":"https:\/\/www.labeljoy.com\/fr\/wp-json\/wp\/v2\/media?parent=30120"}],"curies":[{"name":"wp","href":"https:\/\/api.w.org\/{rel}","templated":true}]}}