{"id":30130,"date":"2018-07-04T16:59:56","date_gmt":"2018-07-04T16:59:56","guid":{"rendered":"https:\/\/www.labeljoy.com\/fr\/?page_id=30130"},"modified":"2021-05-24T09:25:34","modified_gmt":"2021-05-24T09:25:34","slug":"comment-connecter-des-sources-de-donnees-externes","status":"publish","type":"page","link":"https:\/\/www.labeljoy.com\/fr\/videos\/comment-connecter-des-sources-de-donnees-externes\/","title":{"rendered":"Connexion des sources de donn\u00e9es externes"},"content":{"rendered":"<h2>Comment connecter des sources de donn\u00e9es externes<\/h2>\n<p>D\u00e9couvrez \u00e0 quel point il est facile de <strong>connecter Labeljoy \u00e0 des bases de donn\u00e9es externes<\/strong>: cette vid\u00e9o explique comment connecter vos \u00e9tiquettes aux donn\u00e9es d&rsquo;un fichier texte CSV.<\/p>\n<p>En plus, vous pouvez appliquer des filtres ou des classements, selon les param\u00e8tres d\u00e9sir\u00e9s, d\u2019une fa\u00e7on simple et intuitive.<\/p>\n<p>Vous pouvez cr\u00e9er des <a title=\"\u00e9tiquettes de produits\" href=\"https:\/\/www.labeljoy.com\/fr\/modeles\/etiquettes-produits\/\">\u00e9tiquettes de produits<\/a>\u00a0ou des <a title=\"\u00e9tiquettes de prix\" href=\"https:\/\/www.labeljoy.com\/fr\/modeles\/etiquettes-prix-code-barres\/\">\u00e9tiquettes de prix<\/a> avec codes-barres professionnelles!<\/p>\n<div class=\"lyte-wrapper\" title=\"Labeljoy 6 - Comment connecter des sources de donn&eacute;es externes\" style=\"width:640px;max-width:100%;margin:5px;\"><div class=\"lyMe\" id=\"WYL_UaTGPYSV_I4\" itemprop=\"video\" itemscope itemtype=\"https:\/\/schema.org\/VideoObject\"><div><meta itemprop=\"thumbnailUrl\" content=\"https:\/\/www.labeljoy.com\/wp-content\/plugins\/wp-youtube-lyte\/lyteCache.php?origThumbUrl=https%3A%2F%2Fi.ytimg.com%2Fvi%2FUaTGPYSV_I4%2Fhqdefault.jpg\" \/><meta itemprop=\"embedURL\" content=\"https:\/\/www.youtube.com\/embed\/UaTGPYSV_I4\" \/><meta itemprop=\"duration\" content=\"PT2M41S\" \/><meta itemprop=\"uploadDate\" content=\"2018-07-04T17:17:19Z\" \/><\/div><div id=\"lyte_UaTGPYSV_I4\" data-src=\"https:\/\/www.labeljoy.com\/wp-content\/plugins\/wp-youtube-lyte\/lyteCache.php?origThumbUrl=https%3A%2F%2Fi.ytimg.com%2Fvi%2FUaTGPYSV_I4%2Fhqdefault.jpg\" class=\"pL\"><div class=\"tC\"><div class=\"tT\" itemprop=\"name\">Labeljoy 6 - Comment connecter des sources de donn\u00e9es externes<\/div><\/div><div class=\"play\"><\/div><div class=\"ctrl\"><div class=\"Lctrl\"><\/div><div class=\"Rctrl\"><\/div><\/div><\/div><noscript><a href=\"https:\/\/youtu.be\/UaTGPYSV_I4\" rel=\"nofollow\"><img decoding=\"async\" src=\"https:\/\/www.labeljoy.com\/wp-content\/plugins\/wp-youtube-lyte\/lyteCache.php?origThumbUrl=https%3A%2F%2Fi.ytimg.com%2Fvi%2FUaTGPYSV_I4%2F0.jpg\" alt=\"Labeljoy 6 - Comment connecter des sources de donn&eacute;es externes\" width=\"640\" height=\"340\" \/><br \/>Lire cette vid\u00e9o sur YouTube<\/a><\/noscript><meta itemprop=\"description\" content=\"D\u00e9couvrez comment il est facile de connecter Labeljoy \u00e0 des bases de donn\u00e9es externes : cette vid\u00e9o vous montre comment connecter vos \u00e9tiquettes \u00e0 des donn\u00e9es contenues dans un fichier texte CSV. En outre, il est possible d&#039;appliquer un filtrage ou un tri. Pour plus d&#039;informations, cliquez ici : https:\/\/www.labeljoy.com\/fr\/videos\/filtrer-les-donnees\/\"><\/div><\/div><div class=\"lL\" style=\"max-width:100%;width:640px;margin:5px;\"><\/div>\n<div class=\"lj-video-button hide\">\n  <a href=\"https:\/\/www.youtube.com\/embed\/UaTGPYSV_I4?rel=0&autoplay=1\" data-featherlight=\"iframe\" data-featherlight-iframe-width=\"800\" data-featherlight-iframe-height=\"610\" data-featherlight-iframe-frameborder=\"0\" data-featherlight-iframe-allow=\"autoplay; encrypted-media\" data-featherlight-iframe-allowfullscreen=\"true\" title=\"Jouer le tutoriel vid\u00e9o\">Jouer le tutoriel vid\u00e9o <i class=\"fa fa-play-circle fa-2x\"><\/i><\/a>\n<\/div>\n","protected":false},"excerpt":{"rendered":"<p>Comment connecter des sources de donn\u00e9es externes D\u00e9couvrez \u00e0 quel point il est facile de connecter Labeljoy \u00e0 des bases de donn\u00e9es externes: cette vid\u00e9o explique comment connecter vos \u00e9tiquettes aux donn\u00e9es d&rsquo;un fichier texte CSV. En plus, vous pouvez appliquer des filtres ou des classements, selon les param\u00e8tres d\u00e9sir\u00e9s, d\u2019une fa\u00e7on simple et intuitive. &#8230; <a title=\"Connexion des sources de donn\u00e9es externes\" class=\"read-more\" href=\"https:\/\/www.labeljoy.com\/fr\/videos\/comment-connecter-des-sources-de-donnees-externes\/\" aria-label=\"En savoir plus sur Connexion des sources de donn\u00e9es externes\">Read more<\/a><\/p>\n","protected":false},"author":12,"featured_media":0,"parent":30104,"menu_order":0,"comment_status":"open","ping_status":"closed","template":"page-template-left-sidebar.php","meta":{"inline_featured_image":false,"_monsterinsights_skip_tracking":false,"_monsterinsights_sitenote_active":false,"_monsterinsights_sitenote_note":"","_monsterinsights_sitenote_category":0,"footnotes":""},"class_list":{"0":"post-30130","1":"page","2":"type-page","3":"status-publish","5":"infinite-scroll-item"},"aioseo_notices":[],"_links":{"self":[{"href":"https:\/\/www.labeljoy.com\/fr\/wp-json\/wp\/v2\/pages\/30130","targetHints":{"allow":["GET"]}}],"collection":[{"href":"https:\/\/www.labeljoy.com\/fr\/wp-json\/wp\/v2\/pages"}],"about":[{"href":"https:\/\/www.labeljoy.com\/fr\/wp-json\/wp\/v2\/types\/page"}],"author":[{"embeddable":true,"href":"https:\/\/www.labeljoy.com\/fr\/wp-json\/wp\/v2\/users\/12"}],"replies":[{"embeddable":true,"href":"https:\/\/www.labeljoy.com\/fr\/wp-json\/wp\/v2\/comments?post=30130"}],"version-history":[{"count":4,"href":"https:\/\/www.labeljoy.com\/fr\/wp-json\/wp\/v2\/pages\/30130\/revisions"}],"predecessor-version":[{"id":35801,"href":"https:\/\/www.labeljoy.com\/fr\/wp-json\/wp\/v2\/pages\/30130\/revisions\/35801"}],"up":[{"embeddable":true,"href":"https:\/\/www.labeljoy.com\/fr\/wp-json\/wp\/v2\/pages\/30104"}],"wp:attachment":[{"href":"https:\/\/www.labeljoy.com\/fr\/wp-json\/wp\/v2\/media?parent=30130"}],"curies":[{"name":"wp","href":"https:\/\/api.w.org\/{rel}","templated":true}]}}