{"id":30150,"date":"2018-07-06T09:55:44","date_gmt":"2018-07-06T09:55:44","guid":{"rendered":"https:\/\/www.labeljoy.com\/fr\/?page_id=30150"},"modified":"2021-05-24T09:29:51","modified_gmt":"2021-05-24T09:29:51","slug":"comment-definir-le-nombre-detiquettes-a-partir-du-fichier-de-source-de-donnees","status":"publish","type":"page","link":"https:\/\/www.labeljoy.com\/fr\/videos\/comment-definir-le-nombre-detiquettes-a-partir-du-fichier-de-source-de-donnees\/","title":{"rendered":"D\u00e9finition du nombre d&rsquo;\u00e9tiquettes \u00e0 partir de la source de donn\u00e9es"},"content":{"rendered":"<h2>Comment d\u00e9finir le nombre d&rsquo;\u00e9tiquettes \u00e0 partir du fichier de source de donn\u00e9es<\/h2>\n<p>Cette fonction est utile lorsque le nombre d&rsquo;\u00e9tiquettes \u00e0 imprimer est enregistr\u00e9 dans la base de donn\u00e9es \u00e0 importer. A tout moment, vous pouvez mettre \u00e0 jour dynamiquement le nombre d&rsquo;\u00e9tiquettes, en changeant la valeur directement sur la base de donn\u00e9es. <\/p>\n<p>Pour plus d&rsquo;informations, consultez la vid\u00e9o sur <a href=\"\/fr\/videos\/comment-connecter-des-sources-de-donnees-externes\/\" title=\"connexion \u00e0 des bases de donn\u00e9es externes\">la connexion \u00e0 des bases de donn\u00e9es externes<\/a> et <a href=\"http:\/\/www.labeljoy.com\/video\/how-to-update-data-linked-labels\/\" title=\"mise \u00e0 jour dynamique des champs d'\u00e9tiquette\">mise \u00e0 jour dynamique des champs d&rsquo;\u00e9tiquette<\/a>.<\/p>\n<div class=\"lyte-wrapper\" title=\"Labeljoy 6 - Comment d&eacute;finir le nombre d&amp;#039;&eacute;tiquettes &agrave; partir du fichier de source de donn&eacute;es\" style=\"width:640px;max-width:100%;margin:5px;\"><div class=\"lyMe\" id=\"WYL_D0IV6sWNaII\" itemprop=\"video\" itemscope itemtype=\"https:\/\/schema.org\/VideoObject\"><div><meta itemprop=\"thumbnailUrl\" content=\"https:\/\/www.labeljoy.com\/wp-content\/plugins\/wp-youtube-lyte\/lyteCache.php?origThumbUrl=https%3A%2F%2Fi.ytimg.com%2Fvi%2FD0IV6sWNaII%2Fhqdefault.jpg\" \/><meta itemprop=\"embedURL\" content=\"https:\/\/www.youtube.com\/embed\/D0IV6sWNaII\" \/><meta itemprop=\"duration\" content=\"PT2M49S\" \/><meta itemprop=\"uploadDate\" content=\"2018-07-06T09:55:50Z\" \/><\/div><div id=\"lyte_D0IV6sWNaII\" data-src=\"https:\/\/www.labeljoy.com\/wp-content\/plugins\/wp-youtube-lyte\/lyteCache.php?origThumbUrl=https%3A%2F%2Fi.ytimg.com%2Fvi%2FD0IV6sWNaII%2Fhqdefault.jpg\" class=\"pL\"><div class=\"tC\"><div class=\"tT\" itemprop=\"name\">Labeljoy 6 - Comment d\u00e9finir le nombre d&#039;\u00e9tiquettes \u00e0 partir du fichier de source de donn\u00e9es<\/div><\/div><div class=\"play\"><\/div><div class=\"ctrl\"><div class=\"Lctrl\"><\/div><div class=\"Rctrl\"><\/div><\/div><\/div><noscript><a href=\"https:\/\/youtu.be\/D0IV6sWNaII\" rel=\"nofollow\"><img decoding=\"async\" src=\"https:\/\/www.labeljoy.com\/wp-content\/plugins\/wp-youtube-lyte\/lyteCache.php?origThumbUrl=https%3A%2F%2Fi.ytimg.com%2Fvi%2FD0IV6sWNaII%2F0.jpg\" alt=\"Labeljoy 6 - Comment d&eacute;finir le nombre d&amp;#039;&eacute;tiquettes &agrave; partir du fichier de source de donn&eacute;es\" width=\"640\" height=\"340\" \/><br \/>Lire cette vid\u00e9o sur YouTube<\/a><\/noscript><meta itemprop=\"description\" content=\"Cette fonction est utile lorsque le nombre d&#039;\u00e9tiquettes \u00e0 imprimer est enregistr\u00e9 dans la base de donn\u00e9es \u00e0 importer. A tout moment, vous pouvez mettre \u00e0 jour dynamiquement le nombre d&#039;\u00e9tiquettes, en changeant la valeur directement sur la base de donn\u00e9es. Pour plus d&#039;informations, consultez ici : https:\/\/www.labeljoy.com\/fr\/guide-de-lutilisateur\/connecter-un-set-une-source-de-donnes\/\"><\/div><\/div><div class=\"lL\" style=\"max-width:100%;width:640px;margin:5px;\"><\/div>\n<div class=\"lj-video-button hide\">\n  <a href=\"https:\/\/www.youtube.com\/embed\/D0IV6sWNaII?rel=0&autoplay=1\" data-featherlight=\"iframe\" data-featherlight-iframe-width=\"800\" data-featherlight-iframe-height=\"610\" data-featherlight-iframe-frameborder=\"0\" data-featherlight-iframe-allow=\"autoplay; encrypted-media\" data-featherlight-iframe-allowfullscreen=\"true\" title=\"Jouer le tutoriel vid\u00e9o\">Jouer le tutoriel vid\u00e9o <i class=\"fa fa-play-circle fa-2x\"><\/i><\/a>\n<\/div>\n","protected":false},"excerpt":{"rendered":"<p>Comment d\u00e9finir le nombre d&rsquo;\u00e9tiquettes \u00e0 partir du fichier de source de donn\u00e9es Cette fonction est utile lorsque le nombre d&rsquo;\u00e9tiquettes \u00e0 imprimer est enregistr\u00e9 dans la base de donn\u00e9es \u00e0 importer. A tout moment, vous pouvez mettre \u00e0 jour dynamiquement le nombre d&rsquo;\u00e9tiquettes, en changeant la valeur directement sur la base de donn\u00e9es. Pour &#8230; <a title=\"D\u00e9finition du nombre d&rsquo;\u00e9tiquettes \u00e0 partir de la source de donn\u00e9es\" class=\"read-more\" href=\"https:\/\/www.labeljoy.com\/fr\/videos\/comment-definir-le-nombre-detiquettes-a-partir-du-fichier-de-source-de-donnees\/\" aria-label=\"En savoir plus sur D\u00e9finition du nombre d&rsquo;\u00e9tiquettes \u00e0 partir de la source de donn\u00e9es\">Read more<\/a><\/p>\n","protected":false},"author":12,"featured_media":0,"parent":30104,"menu_order":0,"comment_status":"open","ping_status":"closed","template":"page-template-left-sidebar.php","meta":{"inline_featured_image":false,"_monsterinsights_skip_tracking":false,"_monsterinsights_sitenote_active":false,"_monsterinsights_sitenote_note":"","_monsterinsights_sitenote_category":0,"footnotes":""},"class_list":{"0":"post-30150","1":"page","2":"type-page","3":"status-publish","5":"infinite-scroll-item"},"aioseo_notices":[],"_links":{"self":[{"href":"https:\/\/www.labeljoy.com\/fr\/wp-json\/wp\/v2\/pages\/30150","targetHints":{"allow":["GET"]}}],"collection":[{"href":"https:\/\/www.labeljoy.com\/fr\/wp-json\/wp\/v2\/pages"}],"about":[{"href":"https:\/\/www.labeljoy.com\/fr\/wp-json\/wp\/v2\/types\/page"}],"author":[{"embeddable":true,"href":"https:\/\/www.labeljoy.com\/fr\/wp-json\/wp\/v2\/users\/12"}],"replies":[{"embeddable":true,"href":"https:\/\/www.labeljoy.com\/fr\/wp-json\/wp\/v2\/comments?post=30150"}],"version-history":[{"count":3,"href":"https:\/\/www.labeljoy.com\/fr\/wp-json\/wp\/v2\/pages\/30150\/revisions"}],"predecessor-version":[{"id":35808,"href":"https:\/\/www.labeljoy.com\/fr\/wp-json\/wp\/v2\/pages\/30150\/revisions\/35808"}],"up":[{"embeddable":true,"href":"https:\/\/www.labeljoy.com\/fr\/wp-json\/wp\/v2\/pages\/30104"}],"wp:attachment":[{"href":"https:\/\/www.labeljoy.com\/fr\/wp-json\/wp\/v2\/media?parent=30150"}],"curies":[{"name":"wp","href":"https:\/\/api.w.org\/{rel}","templated":true}]}}