{"id":30155,"date":"2018-07-06T10:11:34","date_gmt":"2018-07-06T10:11:34","guid":{"rendered":"https:\/\/www.labeljoy.com\/fr\/?page_id=30155"},"modified":"2021-05-24T10:12:08","modified_gmt":"2021-05-24T10:12:08","slug":"comment-importer-des-images-a-partir-dune-base-de-donnees-access","status":"publish","type":"page","link":"https:\/\/www.labeljoy.com\/fr\/videos\/comment-importer-des-images-a-partir-dune-base-de-donnees-access\/","title":{"rendered":"Importer des images \u00e0 partir d&rsquo;un fichier Access"},"content":{"rendered":"<h2>Comment importer des images \u00e0 partir d&rsquo;un fichier Access<\/h2>\n<p>Cette vid\u00e9o explique comment importer des donn\u00e9es \u00e0 partir d&rsquo;une base de donn\u00e9es Access. En d\u00e9tail, on montre deux fa\u00e7ons d&rsquo;importer des images: lorsqu&rsquo;elles sont int\u00e9gr\u00e9es dans le fichier Access et lorsqu&rsquo;elles r\u00e9sident sur votre ordinateur.<\/p>\n<div class=\"lyte-wrapper\" title=\"Labeljoy 6 - Comment importer des images &agrave; partir d&amp;#039;une base de donn&eacute;es Access\" style=\"width:640px;max-width:100%;margin:5px;\"><div class=\"lyMe\" id=\"WYL_e7DoRReaMtU\" itemprop=\"video\" itemscope itemtype=\"https:\/\/schema.org\/VideoObject\"><div><meta itemprop=\"thumbnailUrl\" content=\"https:\/\/www.labeljoy.com\/wp-content\/plugins\/wp-youtube-lyte\/lyteCache.php?origThumbUrl=https%3A%2F%2Fi.ytimg.com%2Fvi%2Fe7DoRReaMtU%2Fhqdefault.jpg\" \/><meta itemprop=\"embedURL\" content=\"https:\/\/www.youtube.com\/embed\/e7DoRReaMtU\" \/><meta itemprop=\"duration\" content=\"PT3M50S\" \/><meta itemprop=\"uploadDate\" content=\"2018-07-06T10:16:15Z\" \/><\/div><div id=\"lyte_e7DoRReaMtU\" data-src=\"https:\/\/www.labeljoy.com\/wp-content\/plugins\/wp-youtube-lyte\/lyteCache.php?origThumbUrl=https%3A%2F%2Fi.ytimg.com%2Fvi%2Fe7DoRReaMtU%2Fhqdefault.jpg\" class=\"pL\"><div class=\"tC\"><div class=\"tT\" itemprop=\"name\">Labeljoy 6 - Comment importer des images \u00e0 partir d&#039;une base de donn\u00e9es Access<\/div><\/div><div class=\"play\"><\/div><div class=\"ctrl\"><div class=\"Lctrl\"><\/div><div class=\"Rctrl\"><\/div><\/div><\/div><noscript><a href=\"https:\/\/youtu.be\/e7DoRReaMtU\" rel=\"nofollow\"><img decoding=\"async\" src=\"https:\/\/www.labeljoy.com\/wp-content\/plugins\/wp-youtube-lyte\/lyteCache.php?origThumbUrl=https%3A%2F%2Fi.ytimg.com%2Fvi%2Fe7DoRReaMtU%2F0.jpg\" alt=\"Labeljoy 6 - Comment importer des images &agrave; partir d&amp;#039;une base de donn&eacute;es Access\" width=\"640\" height=\"340\" \/><br \/>Lire cette vid\u00e9o sur YouTube<\/a><\/noscript><meta itemprop=\"description\" content=\"Cette vid\u00e9o explique comment importer des donn\u00e9es \u00e0 partir d&#039;une base de donn\u00e9es Access. En d\u00e9tail, on montre deux fa\u00e7ons d&#039;importer des images: lorsqu&#039;elles sont int\u00e9gr\u00e9es dans le fichier Access et lorsqu&#039;elles r\u00e9sident sur votre ordinateur. Pour en savoir plus : https:\/\/www.labeljoy.com\/fr\/guide-de-lutilisateur\/travailler-avec-des-images\/\"><\/div><\/div><div class=\"lL\" style=\"max-width:100%;width:640px;margin:5px;\"><\/div>\n<div class=\"lj-video-button hide\">\n  <a href=\"https:\/\/www.youtube.com\/embed\/e7DoRReaMtU?rel=0&autoplay=1\" data-featherlight=\"iframe\" data-featherlight-iframe-width=\"800\" data-featherlight-iframe-height=\"610\" data-featherlight-iframe-frameborder=\"0\" data-featherlight-iframe-allow=\"autoplay; encrypted-media\" data-featherlight-iframe-allowfullscreen=\"true\" title=\"Jouer le tutoriel vid\u00e9o\">Jouer le tutoriel vid\u00e9o <i class=\"fa fa-play-circle fa-2x\"><\/i><\/a>\n<\/div>\n","protected":false},"excerpt":{"rendered":"<p>Comment importer des images \u00e0 partir d&rsquo;un fichier Access Cette vid\u00e9o explique comment importer des donn\u00e9es \u00e0 partir d&rsquo;une base de donn\u00e9es Access. En d\u00e9tail, on montre deux fa\u00e7ons d&rsquo;importer des images: lorsqu&rsquo;elles sont int\u00e9gr\u00e9es dans le fichier Access et lorsqu&rsquo;elles r\u00e9sident sur votre ordinateur.<\/p>\n","protected":false},"author":12,"featured_media":0,"parent":30104,"menu_order":0,"comment_status":"open","ping_status":"closed","template":"page-template-left-sidebar.php","meta":{"inline_featured_image":false,"_monsterinsights_skip_tracking":false,"_monsterinsights_sitenote_active":false,"_monsterinsights_sitenote_note":"","_monsterinsights_sitenote_category":0,"footnotes":""},"class_list":{"0":"post-30155","1":"page","2":"type-page","3":"status-publish","5":"infinite-scroll-item"},"aioseo_notices":[],"_links":{"self":[{"href":"https:\/\/www.labeljoy.com\/fr\/wp-json\/wp\/v2\/pages\/30155","targetHints":{"allow":["GET"]}}],"collection":[{"href":"https:\/\/www.labeljoy.com\/fr\/wp-json\/wp\/v2\/pages"}],"about":[{"href":"https:\/\/www.labeljoy.com\/fr\/wp-json\/wp\/v2\/types\/page"}],"author":[{"embeddable":true,"href":"https:\/\/www.labeljoy.com\/fr\/wp-json\/wp\/v2\/users\/12"}],"replies":[{"embeddable":true,"href":"https:\/\/www.labeljoy.com\/fr\/wp-json\/wp\/v2\/comments?post=30155"}],"version-history":[{"count":4,"href":"https:\/\/www.labeljoy.com\/fr\/wp-json\/wp\/v2\/pages\/30155\/revisions"}],"predecessor-version":[{"id":35812,"href":"https:\/\/www.labeljoy.com\/fr\/wp-json\/wp\/v2\/pages\/30155\/revisions\/35812"}],"up":[{"embeddable":true,"href":"https:\/\/www.labeljoy.com\/fr\/wp-json\/wp\/v2\/pages\/30104"}],"wp:attachment":[{"href":"https:\/\/www.labeljoy.com\/fr\/wp-json\/wp\/v2\/media?parent=30155"}],"curies":[{"name":"wp","href":"https:\/\/api.w.org\/{rel}","templated":true}]}}