{"id":30160,"date":"2018-07-06T16:26:06","date_gmt":"2018-07-06T16:26:06","guid":{"rendered":"https:\/\/www.labeljoy.com\/fr\/?page_id=30160"},"modified":"2021-05-24T09:27:52","modified_gmt":"2021-05-24T09:27:52","slug":"comment-imprimer-avec-des-imprimantes-de-rouleau","status":"publish","type":"page","link":"https:\/\/www.labeljoy.com\/fr\/videos\/comment-imprimer-avec-des-imprimantes-de-rouleau\/","title":{"rendered":"Imprimer avec des imprimantes de rouleau"},"content":{"rendered":"<h2>Comment imprimer avec des imprimantes de rouleau<\/h2>\n<p>Cette vid\u00e9o explique comment <strong>imprimer vos \u00e9tiquettes de codes \u00e0 barres avec une imprimante \u00e0 rouleau<\/strong>. Avec Labeljoy, vous pouvez imprimer dans n&rsquo;importe quel format, avec des imprimantes <strong>jet d&rsquo;encre, laser ou rouleau<\/strong>. Comme vous pouvez le voir dans la vid\u00e9o, d\u00e9finissez simplement les bonnes dimensions et imprimez vos propres \u00e9tiquettes ou enveloppes personnalis\u00e9es avec des <a title=\"adresses import\u00e9es d\u2019Excel\" href=\"http:\/\/www.labeljoy.com\/fr\/videos\/comment-charger-des-donnees-a-partir-dexcel\/\">adresses import\u00e9es depuis Excel<\/a>.<\/p>\n<div class=\"lyte-wrapper\" title=\"LabelJoy 6 - Comment imprimer avec des imprimantes de rouleau\" style=\"width:640px;max-width:100%;margin:5px;\"><div class=\"lyMe\" id=\"WYL_z_NH9RXph1s\" itemprop=\"video\" itemscope itemtype=\"https:\/\/schema.org\/VideoObject\"><div><meta itemprop=\"thumbnailUrl\" content=\"https:\/\/www.labeljoy.com\/wp-content\/plugins\/wp-youtube-lyte\/lyteCache.php?origThumbUrl=https%3A%2F%2Fi.ytimg.com%2Fvi%2Fz_NH9RXph1s%2Fhqdefault.jpg\" \/><meta itemprop=\"embedURL\" content=\"https:\/\/www.youtube.com\/embed\/z_NH9RXph1s\" \/><meta itemprop=\"duration\" content=\"PT2M28S\" \/><meta itemprop=\"uploadDate\" content=\"2018-07-06T16:26:08Z\" \/><\/div><div id=\"lyte_z_NH9RXph1s\" data-src=\"https:\/\/www.labeljoy.com\/wp-content\/plugins\/wp-youtube-lyte\/lyteCache.php?origThumbUrl=https%3A%2F%2Fi.ytimg.com%2Fvi%2Fz_NH9RXph1s%2Fhqdefault.jpg\" class=\"pL\"><div class=\"tC\"><div class=\"tT\" itemprop=\"name\">LabelJoy 6 - Comment imprimer avec des imprimantes de rouleau<\/div><\/div><div class=\"play\"><\/div><div class=\"ctrl\"><div class=\"Lctrl\"><\/div><div class=\"Rctrl\"><\/div><\/div><\/div><noscript><a href=\"https:\/\/youtu.be\/z_NH9RXph1s\" rel=\"nofollow\"><img decoding=\"async\" src=\"https:\/\/www.labeljoy.com\/wp-content\/plugins\/wp-youtube-lyte\/lyteCache.php?origThumbUrl=https%3A%2F%2Fi.ytimg.com%2Fvi%2Fz_NH9RXph1s%2F0.jpg\" alt=\"LabelJoy 6 - Comment imprimer avec des imprimantes de rouleau\" width=\"640\" height=\"340\" \/><br \/>Lire cette vid\u00e9o sur YouTube<\/a><\/noscript><meta itemprop=\"description\" content=\"Cette vid\u00e9o vous montre comment imprimer vos \u00e9tiquettes avec une imprimante \u00e0 rouleaux. Les imprimantes \u00e0 rouleaux consid\u00e8rent chaque \u00e9tiquette comme une page unique, vous devez donc commencer par d\u00e9finir la mise en page. Vous trouverez des instructions pas \u00e0 pas ici : https:\/\/www.labeljoy.com\/fr\/assistance\/comment-faire\/travailler-imprimantes-rouleaux\/\"><\/div><\/div><div class=\"lL\" style=\"max-width:100%;width:640px;margin:5px;\"><\/div>\n<div class=\"lj-video-button hide\">\n  <a href=\"https:\/\/www.youtube.com\/embed\/z_NH9RXph1s?rel=0&autoplay=1\" data-featherlight=\"iframe\" data-featherlight-iframe-width=\"800\" data-featherlight-iframe-height=\"610\" data-featherlight-iframe-frameborder=\"0\" data-featherlight-iframe-allow=\"autoplay; encrypted-media\" data-featherlight-iframe-allowfullscreen=\"true\" title=\"Jouer le tutoriel vid\u00e9o\">Jouer le tutoriel vid\u00e9o <i class=\"fa fa-play-circle fa-2x\"><\/i><\/a>\n<\/div>\n<p style=\"text-align:center\">Voir aussi le tutoriel:<\/p>\n<ul class=\"lp-2013 clearfix\">\n<li style=\"float:none\">\n<a style=\"height: 154px;margin: 0 auto\" title=\"Travaillez avec des imprimantes \u00e0 rouleau\" href=\"http:\/\/www.labeljoy.com\/fr\/assistance\/comment-faire\/travailler-imprimantes-rouleaux\/\"><span class=\"lp-2013-title\">Travaillez avec des imprimantes \u00e0 rouleau<\/span><span class=\"lp-2013-description\">&#8211; D\u00e9finissez la mise en page<br \/>&#8211; D\u00e9finissez les marges<br \/>&#8211; Imprimez<\/span><img decoding=\"async\" width=\"48\" height=\"48\" src=\"http:\/\/www.labeljoy.com\/images\/how-to\/icons\/roll-print.png\" alt=\"Roll prineter\"><\/a>\n<\/li>\n<\/ul>\n","protected":false},"excerpt":{"rendered":"<p>Comment imprimer avec des imprimantes de rouleau Cette vid\u00e9o explique comment imprimer vos \u00e9tiquettes de codes \u00e0 barres avec une imprimante \u00e0 rouleau. Avec Labeljoy, vous pouvez imprimer dans n&rsquo;importe quel format, avec des imprimantes jet d&rsquo;encre, laser ou rouleau. Comme vous pouvez le voir dans la vid\u00e9o, d\u00e9finissez simplement les bonnes dimensions et imprimez &#8230; <a title=\"Imprimer avec des imprimantes de rouleau\" class=\"read-more\" href=\"https:\/\/www.labeljoy.com\/fr\/videos\/comment-imprimer-avec-des-imprimantes-de-rouleau\/\" aria-label=\"En savoir plus sur Imprimer avec des imprimantes de rouleau\">Read more<\/a><\/p>\n","protected":false},"author":12,"featured_media":0,"parent":30104,"menu_order":0,"comment_status":"open","ping_status":"closed","template":"page-template-left-sidebar.php","meta":{"inline_featured_image":false,"_monsterinsights_skip_tracking":false,"_monsterinsights_sitenote_active":false,"_monsterinsights_sitenote_note":"","_monsterinsights_sitenote_category":0,"footnotes":""},"class_list":{"0":"post-30160","1":"page","2":"type-page","3":"status-publish","5":"infinite-scroll-item"},"aioseo_notices":[],"_links":{"self":[{"href":"https:\/\/www.labeljoy.com\/fr\/wp-json\/wp\/v2\/pages\/30160","targetHints":{"allow":["GET"]}}],"collection":[{"href":"https:\/\/www.labeljoy.com\/fr\/wp-json\/wp\/v2\/pages"}],"about":[{"href":"https:\/\/www.labeljoy.com\/fr\/wp-json\/wp\/v2\/types\/page"}],"author":[{"embeddable":true,"href":"https:\/\/www.labeljoy.com\/fr\/wp-json\/wp\/v2\/users\/12"}],"replies":[{"embeddable":true,"href":"https:\/\/www.labeljoy.com\/fr\/wp-json\/wp\/v2\/comments?post=30160"}],"version-history":[{"count":5,"href":"https:\/\/www.labeljoy.com\/fr\/wp-json\/wp\/v2\/pages\/30160\/revisions"}],"predecessor-version":[{"id":35804,"href":"https:\/\/www.labeljoy.com\/fr\/wp-json\/wp\/v2\/pages\/30160\/revisions\/35804"}],"up":[{"embeddable":true,"href":"https:\/\/www.labeljoy.com\/fr\/wp-json\/wp\/v2\/pages\/30104"}],"wp:attachment":[{"href":"https:\/\/www.labeljoy.com\/fr\/wp-json\/wp\/v2\/media?parent=30160"}],"curies":[{"name":"wp","href":"https:\/\/api.w.org\/{rel}","templated":true}]}}