{"id":30165,"date":"2018-07-06T16:39:15","date_gmt":"2018-07-06T16:39:15","guid":{"rendered":"https:\/\/www.labeljoy.com\/fr\/?page_id=30165"},"modified":"2021-05-24T10:10:49","modified_gmt":"2021-05-24T10:10:49","slug":"importer-des-donnees-du-presse-papiers","status":"publish","type":"page","link":"https:\/\/www.labeljoy.com\/fr\/videos\/importer-des-donnees-du-presse-papiers\/","title":{"rendered":"Importer des donn\u00e9es du presse-papiers"},"content":{"rendered":"<h2>Importer des donn\u00e9es du presse-papiers<\/h2>\n<p>Cette vid\u00e9o explique comment <strong>importer des donn\u00e9es \u00e0 partir du presse-papiers de Windows<\/strong> et les lier \u00e0 vos \u00e9tiquettes. Copiez simplement le texte s\u00e9lectionn\u00e9, suivez les instructions de l&rsquo;assistant de source de donn\u00e9es et ajoutez les champs \u00e0 l&rsquo;\u00e9tiquette.<\/p>\n<div class=\"lyte-wrapper\" title=\"Labeljoy 6 - Importer des donn&eacute;es du presse-papiers\" style=\"width:640px;max-width:100%;margin:5px;\"><div class=\"lyMe\" id=\"WYL_Mn4go79u-F0\" itemprop=\"video\" itemscope itemtype=\"https:\/\/schema.org\/VideoObject\"><div><meta itemprop=\"thumbnailUrl\" content=\"https:\/\/www.labeljoy.com\/wp-content\/plugins\/wp-youtube-lyte\/lyteCache.php?origThumbUrl=https%3A%2F%2Fi.ytimg.com%2Fvi%2FMn4go79u-F0%2Fhqdefault.jpg\" \/><meta itemprop=\"embedURL\" content=\"https:\/\/www.youtube.com\/embed\/Mn4go79u-F0\" \/><meta itemprop=\"duration\" content=\"PT1M34S\" \/><meta itemprop=\"uploadDate\" content=\"2018-07-06T16:40:59Z\" \/><\/div><div id=\"lyte_Mn4go79u-F0\" data-src=\"https:\/\/www.labeljoy.com\/wp-content\/plugins\/wp-youtube-lyte\/lyteCache.php?origThumbUrl=https%3A%2F%2Fi.ytimg.com%2Fvi%2FMn4go79u-F0%2Fhqdefault.jpg\" class=\"pL\"><div class=\"tC\"><div class=\"tT\" itemprop=\"name\">Labeljoy 6 - Importer des donn\u00e9es du presse-papiers<\/div><\/div><div class=\"play\"><\/div><div class=\"ctrl\"><div class=\"Lctrl\"><\/div><div class=\"Rctrl\"><\/div><\/div><\/div><noscript><a href=\"https:\/\/youtu.be\/Mn4go79u-F0\" rel=\"nofollow\"><img decoding=\"async\" src=\"https:\/\/www.labeljoy.com\/wp-content\/plugins\/wp-youtube-lyte\/lyteCache.php?origThumbUrl=https%3A%2F%2Fi.ytimg.com%2Fvi%2FMn4go79u-F0%2F0.jpg\" alt=\"Labeljoy 6 - Importer des donn&eacute;es du presse-papiers\" width=\"640\" height=\"340\" \/><br \/>Lire cette vid\u00e9o sur YouTube<\/a><\/noscript><meta itemprop=\"description\" content=\"Cette vid\u00e9o explique comment importer des donn\u00e9es \u00e0 partir du presse-papiers de Windows et les lier \u00e0 vos \u00e9tiquettes. Copiez simplement le texte s\u00e9lectionn\u00e9, suivez les instructions de l&#039;assistant de source de donn\u00e9es et ajoutez les champs \u00e0 l&#039;\u00e9tiquette. En savoir plus : https:\/\/www.labeljoy.com\/fr\/guide-de-lutilisateur\/connecter-un-set-une-source-de-donnes\/\"><\/div><\/div><div class=\"lL\" style=\"max-width:100%;width:640px;margin:5px;\"><\/div>\n<div class=\"lj-video-button hide\">\n  <a href=\"https:\/\/www.youtube.com\/embed\/Mn4go79u-F0?rel=0&autoplay=1\" data-featherlight=\"iframe\" data-featherlight-iframe-width=\"800\" data-featherlight-iframe-height=\"610\" data-featherlight-iframe-frameborder=\"0\" data-featherlight-iframe-allow=\"autoplay; encrypted-media\" data-featherlight-iframe-allowfullscreen=\"true\" title=\"Jouer le tutoriel vid\u00e9o\">Jouer le tutoriel vid\u00e9o <i class=\"fa fa-play-circle fa-2x\"><\/i><\/a>\n<\/div>\n","protected":false},"excerpt":{"rendered":"<p>Importer des donn\u00e9es du presse-papiers Cette vid\u00e9o explique comment importer des donn\u00e9es \u00e0 partir du presse-papiers de Windows et les lier \u00e0 vos \u00e9tiquettes. Copiez simplement le texte s\u00e9lectionn\u00e9, suivez les instructions de l&rsquo;assistant de source de donn\u00e9es et ajoutez les champs \u00e0 l&rsquo;\u00e9tiquette.<\/p>\n","protected":false},"author":12,"featured_media":0,"parent":30104,"menu_order":0,"comment_status":"open","ping_status":"closed","template":"page-template-left-sidebar.php","meta":{"inline_featured_image":false,"_monsterinsights_skip_tracking":false,"_monsterinsights_sitenote_active":false,"_monsterinsights_sitenote_note":"","_monsterinsights_sitenote_category":0,"footnotes":""},"class_list":{"0":"post-30165","1":"page","2":"type-page","3":"status-publish","5":"infinite-scroll-item"},"aioseo_notices":[],"_links":{"self":[{"href":"https:\/\/www.labeljoy.com\/fr\/wp-json\/wp\/v2\/pages\/30165","targetHints":{"allow":["GET"]}}],"collection":[{"href":"https:\/\/www.labeljoy.com\/fr\/wp-json\/wp\/v2\/pages"}],"about":[{"href":"https:\/\/www.labeljoy.com\/fr\/wp-json\/wp\/v2\/types\/page"}],"author":[{"embeddable":true,"href":"https:\/\/www.labeljoy.com\/fr\/wp-json\/wp\/v2\/users\/12"}],"replies":[{"embeddable":true,"href":"https:\/\/www.labeljoy.com\/fr\/wp-json\/wp\/v2\/comments?post=30165"}],"version-history":[{"count":3,"href":"https:\/\/www.labeljoy.com\/fr\/wp-json\/wp\/v2\/pages\/30165\/revisions"}],"predecessor-version":[{"id":35810,"href":"https:\/\/www.labeljoy.com\/fr\/wp-json\/wp\/v2\/pages\/30165\/revisions\/35810"}],"up":[{"embeddable":true,"href":"https:\/\/www.labeljoy.com\/fr\/wp-json\/wp\/v2\/pages\/30104"}],"wp:attachment":[{"href":"https:\/\/www.labeljoy.com\/fr\/wp-json\/wp\/v2\/media?parent=30165"}],"curies":[{"name":"wp","href":"https:\/\/api.w.org\/{rel}","templated":true}]}}