{"id":30207,"date":"2018-07-12T09:18:46","date_gmt":"2018-07-12T09:18:46","guid":{"rendered":"https:\/\/www.labeljoy.com\/fr\/?page_id=30207"},"modified":"2021-05-24T09:28:53","modified_gmt":"2021-05-24T09:28:53","slug":"mise-a-jour-dynamique-des-donnees","status":"publish","type":"page","link":"https:\/\/www.labeljoy.com\/fr\/videos\/mise-a-jour-dynamique-des-donnees\/","title":{"rendered":"Mise \u00e0 jour dynamique des donn\u00e9es"},"content":{"rendered":"<h2>Mise \u00e0 jour dynamique des donn\u00e9es<\/h2>\n<p>Labeljoy vous permet de mettre \u00e0 jour <strong>facilement les donn\u00e9es li\u00e9es \u00e0 une base de donn\u00e9es externe<\/strong>. La fonction de mise \u00e0 jour des donn\u00e9es vous permet de gagner du temps et de simplifier votre travail.<\/p>\n<div class=\"lyte-wrapper\" title=\"Labeljoy 6 - Mise &agrave; jour dynamique des donn&eacute;es\" style=\"width:640px;max-width:100%;margin:5px;\"><div class=\"lyMe\" id=\"WYL_VIXQ67AXP6o\" itemprop=\"video\" itemscope itemtype=\"https:\/\/schema.org\/VideoObject\"><div><meta itemprop=\"thumbnailUrl\" content=\"https:\/\/www.labeljoy.com\/wp-content\/plugins\/wp-youtube-lyte\/lyteCache.php?origThumbUrl=https%3A%2F%2Fi.ytimg.com%2Fvi%2FVIXQ67AXP6o%2Fhqdefault.jpg\" \/><meta itemprop=\"embedURL\" content=\"https:\/\/www.youtube.com\/embed\/VIXQ67AXP6o\" \/><meta itemprop=\"duration\" content=\"PT1M49S\" \/><meta itemprop=\"uploadDate\" content=\"2018-07-12T09:18:31Z\" \/><\/div><div id=\"lyte_VIXQ67AXP6o\" data-src=\"https:\/\/www.labeljoy.com\/wp-content\/plugins\/wp-youtube-lyte\/lyteCache.php?origThumbUrl=https%3A%2F%2Fi.ytimg.com%2Fvi%2FVIXQ67AXP6o%2Fhqdefault.jpg\" class=\"pL\"><div class=\"tC\"><div class=\"tT\" itemprop=\"name\">Labeljoy 6 - Mise \u00e0 jour dynamique des donn\u00e9es<\/div><\/div><div class=\"play\"><\/div><div class=\"ctrl\"><div class=\"Lctrl\"><\/div><div class=\"Rctrl\"><\/div><\/div><\/div><noscript><a href=\"https:\/\/youtu.be\/VIXQ67AXP6o\" rel=\"nofollow\"><img decoding=\"async\" src=\"https:\/\/www.labeljoy.com\/wp-content\/plugins\/wp-youtube-lyte\/lyteCache.php?origThumbUrl=https%3A%2F%2Fi.ytimg.com%2Fvi%2FVIXQ67AXP6o%2F0.jpg\" alt=\"Labeljoy 6 - Mise &agrave; jour dynamique des donn&eacute;es\" width=\"640\" height=\"340\" \/><br \/>Lire cette vid\u00e9o sur YouTube<\/a><\/noscript><meta itemprop=\"description\" content=\"Labeljoy vous permet de mettre \u00e0 jour facilement les donn\u00e9es li\u00e9es \u00e0 une base de donn\u00e9es externe. La fonction de mise \u00e0 jour des donn\u00e9es vous permet de gagner du temps et de simplifier votre travail. Pour plus d&#039;informations cliquez ici: https:\/\/www.labeljoy.com\/fr\/guide-de-lutilisateur\/mise-jour-de-la-source-de-donnes\/\"><\/div><\/div><div class=\"lL\" style=\"max-width:100%;width:640px;margin:5px;\"><\/div>\n<div class=\"lj-video-button hide\">\n  <a href=\"https:\/\/www.youtube.com\/embed\/VIXQ67AXP6o?rel=0&autoplay=1\" data-featherlight=\"iframe\" data-featherlight-iframe-width=\"800\" data-featherlight-iframe-height=\"610\" data-featherlight-iframe-frameborder=\"0\" data-featherlight-iframe-allow=\"autoplay; encrypted-media\" data-featherlight-iframe-allowfullscreen=\"true\" title=\"Jouer le tutoriel vid\u00e9o\">Jouer le tutoriel vid\u00e9o <i class=\"fa fa-play-circle fa-2x\"><\/i><\/a>\n<\/div>\n","protected":false},"excerpt":{"rendered":"<p>Mise \u00e0 jour dynamique des donn\u00e9es Labeljoy vous permet de mettre \u00e0 jour facilement les donn\u00e9es li\u00e9es \u00e0 une base de donn\u00e9es externe. La fonction de mise \u00e0 jour des donn\u00e9es vous permet de gagner du temps et de simplifier votre travail.<\/p>\n","protected":false},"author":12,"featured_media":0,"parent":30104,"menu_order":0,"comment_status":"open","ping_status":"closed","template":"page-template-left-sidebar.php","meta":{"inline_featured_image":false,"_monsterinsights_skip_tracking":false,"_monsterinsights_sitenote_active":false,"_monsterinsights_sitenote_note":"","_monsterinsights_sitenote_category":0,"footnotes":""},"class_list":{"0":"post-30207","1":"page","2":"type-page","3":"status-publish","5":"infinite-scroll-item"},"aioseo_notices":[],"_links":{"self":[{"href":"https:\/\/www.labeljoy.com\/fr\/wp-json\/wp\/v2\/pages\/30207","targetHints":{"allow":["GET"]}}],"collection":[{"href":"https:\/\/www.labeljoy.com\/fr\/wp-json\/wp\/v2\/pages"}],"about":[{"href":"https:\/\/www.labeljoy.com\/fr\/wp-json\/wp\/v2\/types\/page"}],"author":[{"embeddable":true,"href":"https:\/\/www.labeljoy.com\/fr\/wp-json\/wp\/v2\/users\/12"}],"replies":[{"embeddable":true,"href":"https:\/\/www.labeljoy.com\/fr\/wp-json\/wp\/v2\/comments?post=30207"}],"version-history":[{"count":2,"href":"https:\/\/www.labeljoy.com\/fr\/wp-json\/wp\/v2\/pages\/30207\/revisions"}],"predecessor-version":[{"id":35806,"href":"https:\/\/www.labeljoy.com\/fr\/wp-json\/wp\/v2\/pages\/30207\/revisions\/35806"}],"up":[{"embeddable":true,"href":"https:\/\/www.labeljoy.com\/fr\/wp-json\/wp\/v2\/pages\/30104"}],"wp:attachment":[{"href":"https:\/\/www.labeljoy.com\/fr\/wp-json\/wp\/v2\/media?parent=30207"}],"curies":[{"name":"wp","href":"https:\/\/api.w.org\/{rel}","templated":true}]}}