{"id":30211,"date":"2018-07-12T09:49:19","date_gmt":"2018-07-12T09:49:19","guid":{"rendered":"https:\/\/www.labeljoy.com\/fr\/?page_id=30211"},"modified":"2021-05-24T09:26:41","modified_gmt":"2021-05-24T09:26:41","slug":"comment-creer-des-etiquettes-differentes-en-utilisant-des-sets","status":"publish","type":"page","link":"https:\/\/www.labeljoy.com\/fr\/videos\/comment-creer-des-etiquettes-differentes-en-utilisant-des-sets\/","title":{"rendered":"Cr\u00e9er des \u00e9tiquettes diff\u00e9rentes en utilisant Sets"},"content":{"rendered":"<h2>Comment cr\u00e9er des \u00e9tiquettes diff\u00e9rentes en utilisant des sets<\/h2>\n<p>Avec Labeljoy, vous pouvez <strong>imprimer des \u00e9tiquettes diff\u00e9rentes<\/strong> sur la m\u00eame feuille en utilisant la fonction \u00ab\u00a0SET\u00a0\u00bb. Choisissez simplement le nombre des sets, le nombre d&rsquo;\u00e9tiquettes pour chaque set, et changez les arrangements graphiques de chaque set comme vous pr\u00e9f\u00e9rez.<\/p>\n<p>Cette <a title=\"fonctionnalit\u00e9 caracteristiques\" href=\"https:\/\/www.labeljoy.com\/fr\/caracteristiques\/\">fonctionnalit\u00e9<\/a>\u00a0est tr\u00e8s utile si vous voulez imprimer des \u00e9tiquettes de plusieurs <a title=\"Produits\" href=\"https:\/\/www.labeljoy.com\/fr\/modeles\/etiquettes-produits\/\">produits<\/a> sur la m\u00eame feuille, ou si vous voulez utiliser des couleurs diff\u00e9rentes pour les <a title=\"\u00e9tiquettes de vos mailing\" href=\"https:\/\/www.labeljoy.com\/fr\/modeles\/etiquettes-lettres\/\">\u00e9tiquettes de vos mailing<\/a>\u00a0ou pour les <a title=\"cartes de No\u00ebl\" href=\"https:\/\/www.labeljoy.com\/fr\/modeles\/cartes-noel\/\">cartes de No\u00ebl<\/a>.<\/p>\n<p><strong>Vous pouvez cr\u00e9er des feuilles 100% personnalis\u00e9es!<\/strong><\/p>\n<div class=\"lyte-wrapper\" title=\"Labeljoy 6 - Comment cr&eacute;er des &eacute;tiquettes diff&eacute;rentes en utilisant des sets\" style=\"width:640px;max-width:100%;margin:5px;\"><div class=\"lyMe\" id=\"WYL_WZ2Xbpq2yR0\" itemprop=\"video\" itemscope itemtype=\"https:\/\/schema.org\/VideoObject\"><div><meta itemprop=\"thumbnailUrl\" content=\"https:\/\/www.labeljoy.com\/wp-content\/plugins\/wp-youtube-lyte\/lyteCache.php?origThumbUrl=https%3A%2F%2Fi.ytimg.com%2Fvi%2FWZ2Xbpq2yR0%2Fhqdefault.jpg\" \/><meta itemprop=\"embedURL\" content=\"https:\/\/www.youtube.com\/embed\/WZ2Xbpq2yR0\" \/><meta itemprop=\"duration\" content=\"PT4M15S\" \/><meta itemprop=\"uploadDate\" content=\"2018-07-12T09:48:26Z\" \/><\/div><div id=\"lyte_WZ2Xbpq2yR0\" data-src=\"https:\/\/www.labeljoy.com\/wp-content\/plugins\/wp-youtube-lyte\/lyteCache.php?origThumbUrl=https%3A%2F%2Fi.ytimg.com%2Fvi%2FWZ2Xbpq2yR0%2Fhqdefault.jpg\" class=\"pL\"><div class=\"tC\"><div class=\"tT\" itemprop=\"name\">Labeljoy 6 - Comment cr\u00e9er des \u00e9tiquettes diff\u00e9rentes en utilisant des sets<\/div><\/div><div class=\"play\"><\/div><div class=\"ctrl\"><div class=\"Lctrl\"><\/div><div class=\"Rctrl\"><\/div><\/div><\/div><noscript><a href=\"https:\/\/youtu.be\/WZ2Xbpq2yR0\" rel=\"nofollow\"><img decoding=\"async\" src=\"https:\/\/www.labeljoy.com\/wp-content\/plugins\/wp-youtube-lyte\/lyteCache.php?origThumbUrl=https%3A%2F%2Fi.ytimg.com%2Fvi%2FWZ2Xbpq2yR0%2F0.jpg\" alt=\"Labeljoy 6 - Comment cr&eacute;er des &eacute;tiquettes diff&eacute;rentes en utilisant des sets\" width=\"640\" height=\"340\" \/><br \/>Lire cette vid\u00e9o sur YouTube<\/a><\/noscript><meta itemprop=\"description\" content=\"Avec Labeljoy vous pouvez imprimer diff\u00e9rentes \u00e9tiquettes sur la m\u00eame feuille gr\u00e2ce \u00e0 la fonction \u00ab SET \u00bb. Ajoutez un nouveau set pour chaque \u00e9tiquette diff\u00e9rente, choisissez le nombre d&#039;\u00e9tiquettes pour chaque set et modifiez le contenu et les param\u00e8tres de chaque set comme vous le souhaitez. Pour plus d&#039;informations sur l&#039;ajout d&#039;un nouveau set : https:\/\/www.labeljoy.com\/fr\/guide-de-lutilisateur\/ajouter-un-nouveau-set\/\"><\/div><\/div><div class=\"lL\" style=\"max-width:100%;width:640px;margin:5px;\"><\/div>\n<div class=\"lj-video-button hide\">\n  <a href=\"https:\/\/www.youtube.com\/embed\/WZ2Xbpq2yR0?rel=0&autoplay=1\" data-featherlight=\"iframe\" data-featherlight-iframe-width=\"800\" data-featherlight-iframe-height=\"610\" data-featherlight-iframe-frameborder=\"0\" data-featherlight-iframe-allow=\"autoplay; encrypted-media\" data-featherlight-iframe-allowfullscreen=\"true\" title=\"Jouer le tutoriel vid\u00e9o\">Jouer le tutoriel vid\u00e9o <i class=\"fa fa-play-circle fa-2x\"><\/i><\/a>\n<\/div>\n","protected":false},"excerpt":{"rendered":"<p>Comment cr\u00e9er des \u00e9tiquettes diff\u00e9rentes en utilisant des sets Avec Labeljoy, vous pouvez imprimer des \u00e9tiquettes diff\u00e9rentes sur la m\u00eame feuille en utilisant la fonction \u00ab\u00a0SET\u00a0\u00bb. Choisissez simplement le nombre des sets, le nombre d&rsquo;\u00e9tiquettes pour chaque set, et changez les arrangements graphiques de chaque set comme vous pr\u00e9f\u00e9rez. Cette fonctionnalit\u00e9\u00a0est tr\u00e8s utile si vous &#8230; <a title=\"Cr\u00e9er des \u00e9tiquettes diff\u00e9rentes en utilisant Sets\" class=\"read-more\" href=\"https:\/\/www.labeljoy.com\/fr\/videos\/comment-creer-des-etiquettes-differentes-en-utilisant-des-sets\/\" aria-label=\"En savoir plus sur Cr\u00e9er des \u00e9tiquettes diff\u00e9rentes en utilisant Sets\">Read more<\/a><\/p>\n","protected":false},"author":12,"featured_media":0,"parent":30104,"menu_order":0,"comment_status":"open","ping_status":"closed","template":"page-template-left-sidebar.php","meta":{"inline_featured_image":false,"_monsterinsights_skip_tracking":false,"_monsterinsights_sitenote_active":false,"_monsterinsights_sitenote_note":"","_monsterinsights_sitenote_category":0,"footnotes":""},"class_list":{"0":"post-30211","1":"page","2":"type-page","3":"status-publish","5":"infinite-scroll-item"},"aioseo_notices":[],"_links":{"self":[{"href":"https:\/\/www.labeljoy.com\/fr\/wp-json\/wp\/v2\/pages\/30211","targetHints":{"allow":["GET"]}}],"collection":[{"href":"https:\/\/www.labeljoy.com\/fr\/wp-json\/wp\/v2\/pages"}],"about":[{"href":"https:\/\/www.labeljoy.com\/fr\/wp-json\/wp\/v2\/types\/page"}],"author":[{"embeddable":true,"href":"https:\/\/www.labeljoy.com\/fr\/wp-json\/wp\/v2\/users\/12"}],"replies":[{"embeddable":true,"href":"https:\/\/www.labeljoy.com\/fr\/wp-json\/wp\/v2\/comments?post=30211"}],"version-history":[{"count":3,"href":"https:\/\/www.labeljoy.com\/fr\/wp-json\/wp\/v2\/pages\/30211\/revisions"}],"predecessor-version":[{"id":35803,"href":"https:\/\/www.labeljoy.com\/fr\/wp-json\/wp\/v2\/pages\/30211\/revisions\/35803"}],"up":[{"embeddable":true,"href":"https:\/\/www.labeljoy.com\/fr\/wp-json\/wp\/v2\/pages\/30104"}],"wp:attachment":[{"href":"https:\/\/www.labeljoy.com\/fr\/wp-json\/wp\/v2\/media?parent=30211"}],"curies":[{"name":"wp","href":"https:\/\/api.w.org\/{rel}","templated":true}]}}