{"id":30220,"date":"2018-07-12T10:09:31","date_gmt":"2018-07-12T10:09:31","guid":{"rendered":"https:\/\/www.labeljoy.com\/fr\/?page_id=30220"},"modified":"2024-08-20T15:41:46","modified_gmt":"2024-08-20T15:41:46","slug":"generer-un-code-a-barres-et-code-qr","status":"publish","type":"page","link":"https:\/\/www.labeljoy.com\/fr\/videos\/generer-un-code-a-barres-et-code-qr\/","title":{"rendered":"G\u00e9n\u00e9rer un code \u00e0 barres et code QR"},"content":{"rendered":"<h2>G\u00e9n\u00e9rer un code \u00e0 barres et code QR<\/h2>\n<p>Labeljoy 6 est un logiciel de codes \u00e0 barres qui vous permet de cr\u00e9er automatiquement 26 types de <strong>codes \u00e0 barres lin\u00e9aires et 2D diff\u00e9rents<\/strong>. Pour plus d&rsquo;informations, consultez notre <a title=\"guide codes-barres\" href=\"http:\/\/www.labeljoy.com\/fr\/assistance\/guide-codes-barres\/\">guide des types de codes \u00e0 barres<\/a> et le <a title=\"guide codes QR\" href=\"http:\/\/www.labeljoy.com\/fr\/assistance\/guide-codes-qr\/\">guide du codes QR<\/a>. Cette vid\u00e9o explique \u00e0 quel point il est facile d&rsquo;ajouter des codes ou du texte que le logiciel code en symboles de codes \u00e0 barres. Pour faciliter votre travail, vous pouvez <a title=\"importer des donn\u00e9es de base\" href=\"http:\/\/www.labeljoy.com\/fr\/video-assistance\/connecter-sources-externes\/\">importer des donn\u00e9es \u00e0 partir de bases de donn\u00e9es externes<\/a> et <a href=\"https:\/\/www.labeljoy.com\/generateur-code-barre-gratuit\/\" title=\"G\u00e9n\u00e9rateur de codes-barres en ligne gratuit\">g\u00e9n\u00e9rer des codes \u00e0 barres<\/a> facilement et rapidement. Vous pouvez \u00e9galement utiliser la fonction \u00ab Aper\u00e7u \u00bb pour d\u00e9tecter si le texte entr\u00e9 est conforme aux sp\u00e9cifications de la Symbologie s\u00e9lectionn\u00e9. T\u00e9l\u00e9chargez notre mod\u00e8le de code \u00e0 barres pour savoir comment cr\u00e9er vos propres \u00e9tiquettes personnalis\u00e9es.<\/p>\n<p>T\u00e9l\u00e9chargez notre <a title=\"\u00e9tiquette de prix avec code-barres\" href=\"http:\/\/www.labeljoy.com\/fr\/modeles\/etiquettes-prix-code-barres\/\">mod\u00e8le d\u2019\u00e9tiquette de prix avec code-barres<\/a>&nbsp;pour voir comment il est facile de cr\u00e9er vos propres \u00e9tiquettes personnalis\u00e9es.<\/p>\n<div class=\"lyte-wrapper\" title=\"Labeljoy 6 - G&eacute;n&eacute;rer codes &agrave; barres et code QR\" style=\"width:640px;max-width:100%;margin:5px;\"><div class=\"lyMe\" id=\"WYL_GE91QCvAOrY\" itemprop=\"video\" itemscope itemtype=\"https:\/\/schema.org\/VideoObject\"><div><meta itemprop=\"thumbnailUrl\" content=\"https:\/\/www.labeljoy.com\/wp-content\/plugins\/wp-youtube-lyte\/lyteCache.php?origThumbUrl=https%3A%2F%2Fi.ytimg.com%2Fvi%2FGE91QCvAOrY%2Fhqdefault.jpg\" \/><meta itemprop=\"embedURL\" content=\"https:\/\/www.youtube.com\/embed\/GE91QCvAOrY\" \/><meta itemprop=\"duration\" content=\"PT2M25S\" \/><meta itemprop=\"uploadDate\" content=\"2018-07-12T10:06:52Z\" \/><\/div><div id=\"lyte_GE91QCvAOrY\" data-src=\"https:\/\/www.labeljoy.com\/wp-content\/plugins\/wp-youtube-lyte\/lyteCache.php?origThumbUrl=https%3A%2F%2Fi.ytimg.com%2Fvi%2FGE91QCvAOrY%2Fhqdefault.jpg\" class=\"pL\"><div class=\"tC\"><div class=\"tT\" itemprop=\"name\">Labeljoy 6 - G\u00e9n\u00e9rer codes \u00e0 barres et code QR<\/div><\/div><div class=\"play\"><\/div><div class=\"ctrl\"><div class=\"Lctrl\"><\/div><div class=\"Rctrl\"><\/div><\/div><\/div><noscript><a href=\"https:\/\/youtu.be\/GE91QCvAOrY\" rel=\"nofollow\"><img decoding=\"async\" src=\"https:\/\/www.labeljoy.com\/wp-content\/plugins\/wp-youtube-lyte\/lyteCache.php?origThumbUrl=https%3A%2F%2Fi.ytimg.com%2Fvi%2FGE91QCvAOrY%2F0.jpg\" alt=\"Labeljoy 6 - G&eacute;n&eacute;rer codes &agrave; barres et code QR\" width=\"640\" height=\"340\" \/><br \/>Lire cette vid\u00e9o sur YouTube<\/a><\/noscript><meta itemprop=\"description\" content=\"Labeljoy vous permet de cr\u00e9er automatiquement 26 types diff\u00e9rents de codes-barres lin\u00e9aires et 2D. Cette vid\u00e9o montre comment ajouter des codes ou du texte qui seront transform\u00e9s en symboles de codes-barres par le logiciel. Vous pouvez \u00e9galement importer des donn\u00e9es \u00e0 partir de sources de donn\u00e9es externes pour g\u00e9n\u00e9rer automatiquement des codes-barres en masse. Le logiciel d\u00e9tecte directement si le texte ou le code que vous avez saisi est conforme aux sp\u00e9cifications de la symbologie s\u00e9lectionn\u00e9e. T\u00e9l\u00e9chargez notre mod\u00e8le d&#039;\u00e9tiquette de prix \u00e0 code-barres pour d\u00e9couvrir avec quelle facilit\u00e9 vous pouvez cr\u00e9er des \u00e9tiquettes personnalis\u00e9es. https:\/\/www.labeljoy.com\/fr\/modeles\/etiquette-code-barre\/ Pour plus d&#039;informations, veuillez consulter notre guide sur les codes-barres et le QR code : https:\/\/www.labeljoy.com\/fr\/guide-de-lutilisateur\/gestion-des-codes-barres\/\"><\/div><\/div><div class=\"lL\" style=\"max-width:100%;width:640px;margin:5px;\"><\/div>\n<div class=\"lj-video-button hide\">\n  <a href=\"https:\/\/www.youtube.com\/embed\/GE91QCvAOrY?rel=0&autoplay=1\" data-featherlight=\"iframe\" data-featherlight-iframe-width=\"800\" data-featherlight-iframe-height=\"610\" data-featherlight-iframe-frameborder=\"0\" data-featherlight-iframe-allow=\"autoplay; encrypted-media\" data-featherlight-iframe-allowfullscreen=\"true\" title=\"Jouer le tutoriel vid\u00e9o\">Jouer le tutoriel vid\u00e9o <i class=\"fa fa-play-circle fa-2x\"><\/i><\/a>\n<\/div>\n<p style=\"text-align:center\">Voir aussi le tutoriel:<\/p>\n<ul class=\"lp-2013 clearfix\">\n<li style=\"float:none\">\n<a href=\"#\"> <span class=\"lp-2013-title\">G\u00e9n\u00e9rez des codes barres GS1-128<\/span><span class=\"lp-2013-description\">&#8211; G\u00e9n\u00e9ration automatique<br \/>\n&#8211; Num\u00e9ro GTIN<br \/>\n&#8211; Import de fichiers Excel<br \/>\n<\/span><img decoding=\"async\" width=\"48\" height=\"48\" src=\"http:\/\/www.labeljoy.com\/images\/how-to\/icons\/gs1-128.png\" alt=\"gs1 barcode icon\"><\/a><\/li>\n<\/ul>\n","protected":false},"excerpt":{"rendered":"<p>G\u00e9n\u00e9rer un code \u00e0 barres et code QR Labeljoy 6 est un logiciel de codes \u00e0 barres qui vous permet de cr\u00e9er automatiquement types de codes \u00e0 barres lin\u00e9aires et 2D diff\u00e9rents. Pour plus d&rsquo;informations, consultez notre guide des types de codes \u00e0 barres et le guide du codes QR. Cette vid\u00e9o explique \u00e0 quel &#8230; <a title=\"G\u00e9n\u00e9rer un code \u00e0 barres et code QR\" class=\"read-more\" href=\"https:\/\/www.labeljoy.com\/fr\/videos\/generer-un-code-a-barres-et-code-qr\/\" aria-label=\"En savoir plus sur G\u00e9n\u00e9rer un code \u00e0 barres et code QR\">Read more<\/a><\/p>\n","protected":false},"author":12,"featured_media":0,"parent":30104,"menu_order":0,"comment_status":"closed","ping_status":"closed","template":"","meta":{"inline_featured_image":false,"_monsterinsights_skip_tracking":false,"_monsterinsights_sitenote_active":false,"_monsterinsights_sitenote_note":"","_monsterinsights_sitenote_category":0,"footnotes":""},"class_list":{"0":"post-30220","1":"page","2":"type-page","3":"status-publish","5":"infinite-scroll-item"},"aioseo_notices":[],"_links":{"self":[{"href":"https:\/\/www.labeljoy.com\/fr\/wp-json\/wp\/v2\/pages\/30220","targetHints":{"allow":["GET"]}}],"collection":[{"href":"https:\/\/www.labeljoy.com\/fr\/wp-json\/wp\/v2\/pages"}],"about":[{"href":"https:\/\/www.labeljoy.com\/fr\/wp-json\/wp\/v2\/types\/page"}],"author":[{"embeddable":true,"href":"https:\/\/www.labeljoy.com\/fr\/wp-json\/wp\/v2\/users\/12"}],"replies":[{"embeddable":true,"href":"https:\/\/www.labeljoy.com\/fr\/wp-json\/wp\/v2\/comments?post=30220"}],"version-history":[{"count":21,"href":"https:\/\/www.labeljoy.com\/fr\/wp-json\/wp\/v2\/pages\/30220\/revisions"}],"predecessor-version":[{"id":41387,"href":"https:\/\/www.labeljoy.com\/fr\/wp-json\/wp\/v2\/pages\/30220\/revisions\/41387"}],"up":[{"embeddable":true,"href":"https:\/\/www.labeljoy.com\/fr\/wp-json\/wp\/v2\/pages\/30104"}],"wp:attachment":[{"href":"https:\/\/www.labeljoy.com\/fr\/wp-json\/wp\/v2\/media?parent=30220"}],"curies":[{"name":"wp","href":"https:\/\/api.w.org\/{rel}","templated":true}]}}