{"id":30241,"date":"2018-07-12T10:37:14","date_gmt":"2018-07-12T10:37:14","guid":{"rendered":"https:\/\/www.labeljoy.com\/fr\/?page_id=30241"},"modified":"2021-05-24T09:29:20","modified_gmt":"2021-05-24T09:29:20","slug":"comment-utiliser-les-compteurs-incrementaux","status":"publish","type":"page","link":"https:\/\/www.labeljoy.com\/fr\/videos\/comment-utiliser-les-compteurs-incrementaux\/","title":{"rendered":"Utiliser les compteurs incr\u00e9mentaux"},"content":{"rendered":"<h2>Comment utiliser les compteurs incr\u00e9mentaux<\/h2>\n<p>Cette vid\u00e9o explique comment utiliser le compteur incr\u00e9mentiel pour cr\u00e9er du texte et g\u00e9n\u00e9rer rapidement des codes \u00e0 barres.<\/p>\n<div class=\"lyte-wrapper\" title=\"Labeljoy 6 - Comment utiliser les compteurs incr&eacute;mentaux\" style=\"width:640px;max-width:100%;margin:5px;\"><div class=\"lyMe\" id=\"WYL_5Z13u1LoVpM\" itemprop=\"video\" itemscope itemtype=\"https:\/\/schema.org\/VideoObject\"><div><meta itemprop=\"thumbnailUrl\" content=\"https:\/\/www.labeljoy.com\/wp-content\/plugins\/wp-youtube-lyte\/lyteCache.php?origThumbUrl=https%3A%2F%2Fi.ytimg.com%2Fvi%2F5Z13u1LoVpM%2Fhqdefault.jpg\" \/><meta itemprop=\"embedURL\" content=\"https:\/\/www.youtube.com\/embed\/5Z13u1LoVpM\" \/><meta itemprop=\"duration\" content=\"PT2M7S\" \/><meta itemprop=\"uploadDate\" content=\"2018-07-12T10:36:57Z\" \/><\/div><div id=\"lyte_5Z13u1LoVpM\" data-src=\"https:\/\/www.labeljoy.com\/wp-content\/plugins\/wp-youtube-lyte\/lyteCache.php?origThumbUrl=https%3A%2F%2Fi.ytimg.com%2Fvi%2F5Z13u1LoVpM%2Fhqdefault.jpg\" class=\"pL\"><div class=\"tC\"><div class=\"tT\" itemprop=\"name\">Labeljoy 6 - Comment utiliser les compteurs incr\u00e9mentaux<\/div><\/div><div class=\"play\"><\/div><div class=\"ctrl\"><div class=\"Lctrl\"><\/div><div class=\"Rctrl\"><\/div><\/div><\/div><noscript><a href=\"https:\/\/youtu.be\/5Z13u1LoVpM\" rel=\"nofollow\"><img decoding=\"async\" src=\"https:\/\/www.labeljoy.com\/wp-content\/plugins\/wp-youtube-lyte\/lyteCache.php?origThumbUrl=https%3A%2F%2Fi.ytimg.com%2Fvi%2F5Z13u1LoVpM%2F0.jpg\" alt=\"Labeljoy 6 - Comment utiliser les compteurs incr&eacute;mentaux\" width=\"640\" height=\"340\" \/><br \/>Lire cette vid\u00e9o sur YouTube<\/a><\/noscript><meta itemprop=\"description\" content=\"Cette vid\u00e9o vous montre comment utiliser les compteurs incr\u00e9mentiels et la fonction de texte dynamique dans les \u00e9l\u00e9ments de texte ou de code-barres. Gr\u00e2ce aux compteurs incr\u00e9mentiels, vous pouvez imprimer des centaines d&#039;\u00e9tiquettes de codes-barres \u00e0 la suite sans avoir \u00e0 taper les codes manuellement. Pour en savoir plus, consultez ce tutoriel : https:\/\/www.labeljoy.com\/fr\/assistance\/comment-faire\/compteur-incrementiel\/\"><\/div><\/div><div class=\"lL\" style=\"max-width:100%;width:640px;margin:5px;\"><\/div>\n<div class=\"lj-video-button hide\">\n  <a href=\"https:\/\/www.youtube.com\/embed\/5Z13u1LoVpM?rel=0&autoplay=1\" data-featherlight=\"iframe\" data-featherlight-iframe-width=\"800\" data-featherlight-iframe-height=\"610\" data-featherlight-iframe-frameborder=\"0\" data-featherlight-iframe-allow=\"autoplay; encrypted-media\" data-featherlight-iframe-allowfullscreen=\"true\" title=\"Jouer le tutoriel vid\u00e9o\">Jouer le tutoriel vid\u00e9o <i class=\"fa fa-play-circle fa-2x\"><\/i><\/a>\n<\/div>\n<div style=\"text-align:center\">\nVoir aussi:<br \/>\n<a target=\"_self\" class=\"jumbo grey tt-button\" href=\"http:\/\/www.labeljoy.com\/fr\/help-fr\/manage-counters-fr\/\" title=\"Compteurs incr\u00e9mentaux\" rel=\"noopener\">Guide d&rsquo;aide &#8211; Compteurs incr\u00e9mentaux <\/a><\/div>\n","protected":false},"excerpt":{"rendered":"<p>Comment utiliser les compteurs incr\u00e9mentaux Cette vid\u00e9o explique comment utiliser le compteur incr\u00e9mentiel pour cr\u00e9er du texte et g\u00e9n\u00e9rer rapidement des codes \u00e0 barres. Voir aussi: Guide d&rsquo;aide &#8211; Compteurs incr\u00e9mentaux<\/p>\n","protected":false},"author":12,"featured_media":0,"parent":30104,"menu_order":0,"comment_status":"open","ping_status":"closed","template":"page-template-left-sidebar.php","meta":{"inline_featured_image":false,"_monsterinsights_skip_tracking":false,"_monsterinsights_sitenote_active":false,"_monsterinsights_sitenote_note":"","_monsterinsights_sitenote_category":0,"footnotes":""},"class_list":{"0":"post-30241","1":"page","2":"type-page","3":"status-publish","5":"infinite-scroll-item"},"aioseo_notices":[],"_links":{"self":[{"href":"https:\/\/www.labeljoy.com\/fr\/wp-json\/wp\/v2\/pages\/30241","targetHints":{"allow":["GET"]}}],"collection":[{"href":"https:\/\/www.labeljoy.com\/fr\/wp-json\/wp\/v2\/pages"}],"about":[{"href":"https:\/\/www.labeljoy.com\/fr\/wp-json\/wp\/v2\/types\/page"}],"author":[{"embeddable":true,"href":"https:\/\/www.labeljoy.com\/fr\/wp-json\/wp\/v2\/users\/12"}],"replies":[{"embeddable":true,"href":"https:\/\/www.labeljoy.com\/fr\/wp-json\/wp\/v2\/comments?post=30241"}],"version-history":[{"count":4,"href":"https:\/\/www.labeljoy.com\/fr\/wp-json\/wp\/v2\/pages\/30241\/revisions"}],"predecessor-version":[{"id":35807,"href":"https:\/\/www.labeljoy.com\/fr\/wp-json\/wp\/v2\/pages\/30241\/revisions\/35807"}],"up":[{"embeddable":true,"href":"https:\/\/www.labeljoy.com\/fr\/wp-json\/wp\/v2\/pages\/30104"}],"wp:attachment":[{"href":"https:\/\/www.labeljoy.com\/fr\/wp-json\/wp\/v2\/media?parent=30241"}],"curies":[{"name":"wp","href":"https:\/\/api.w.org\/{rel}","templated":true}]}}