{"id":32143,"date":"2019-07-29T17:31:31","date_gmt":"2019-07-29T17:31:31","guid":{"rendered":"https:\/\/www.labeljoy.com\/fr\/?page_id=32143"},"modified":"2022-11-30T09:33:53","modified_gmt":"2022-11-30T09:33:53","slug":"renouvellement-dabonnement","status":"publish","type":"page","link":"https:\/\/www.labeljoy.com\/fr\/renouvellement-dabonnement\/","title":{"rendered":"Renouvellement d&#8217;abonnement"},"content":{"rendered":"<script type='text\/javascript'>\nvar rn_url = \"https:\/\/www.labeljoy.com\/fr\/shop-fr\/renew-fr\/\";\nvar rn_action = \"LJRENEW\";\nvar rn_lang = \"fr\";\nvar rn_CTA = \"Renouveler maintenant\";\nvar rn_other = \"Autres licences associ\u00e9es \u00e0 cet e-mail\";\nvar rn_error = new Array(\n   \"Veuillez remplir les deux champs\",\n   \"Veuillez saisir une adresse e-mail valide.\",\n   \"Veuillez v\u00e9rifier le format du code de licence\",\n   \"Aucune licence trouv\u00e9e associ\u00e9e \u00e0 cet e-mail.\",\n   \"The licence entered is not upgradeable.\",\n   \"The licence code is associated to a different email.\",\n   \"The licence has been already upgraded.<br>Please contact our <a href=\\\"https:\/\/www.labeljoy.com\/tickets\/\\\">technical support<\/a> for more info.\",\n   \"Your subscription will end on [DATE].<br>You can renew your subscription from 30 days before the expiry date.\",\n   \"We detected an error regarding your subscription.<br>Please contact our <a href=\\\"https:\/\/www.labeljoy.com\/tickets\/\\\">technical support<\/a> for more info.\",\n   \"Labeljoy Light is no longer available nor developed, so there will not be updates.<br>Please contact <a href=\\\"https:\/\/www.labeljoy.com\/tickets\/\\\">customer care<\/a> for a very special deal on other versions of Labeljoy.\"\n);\nvar rn_CTAselected = \"Renouveler la s\u00e9lection\";\nvar rn_selectAlert = \"Veuillez s\u00e9lectionner au moins 1 licence\";\n<\/script>\n<div class=\"one_half\">\r\n<p style=\"font-size: 1em;\">Renouvelez votre abonnement \u00e0 Labeljoy!<br>\r\nAvec seulement <strong>&dollar;99,00 pour les versions Basic et Full<\/strong> et <strong>&dollar;229,00199 pour la version Server,<\/strong> vous b\u00e9n\u00e9ficiez de 12 mois de <strong>mises \u00e0 jour du logiciel<\/strong>, de l'<strong>assistance Premium<\/strong> et de toutes les fonctionnalit\u00e9s qui requi\u00e8rent un abonnement actif.<\/p>\r\n<div id=\"upgrade-form\" class=\"form-row\">\r\n<div id=\"rnError\" class=\"tt-notification error\" style=\"display: none;\">\r\n\t<p>Lorem Ipsum<\/p>\r\n<\/div>\r\n<p><strong>Choisissez la dur\u00e9e <\/strong>: <select id=\"rn_select_duration\" name=\"rn_select_duration\" style=\"width: 100%\">\r\n\t<option value=\"0\" selected>un an (&dollar;99,00\/&dollar;229,00)<\/option>\r\n\t<option value=\"1\">trois ans (&dollar;79,00\/&dollar;169,00 par an)<\/option>\r\n<\/select>\r\n<\/p>\r\n<p><strong>E-mail<\/strong>:<br>\r\n<input id=\"rn_email_list\" class=\"input-100\" name=\"email\" type=\"text\" value=\"\" placeholder=\"Saisissez ici l'email utilis\u00e9 lors de l'achat\" style=\"width: 100%\" \/> <input id=\"rn_hash_list\" type=\"hidden\" value=\"\" \/><\/p>\r\n\r\n<p><a href=\"#\" id=\"renew_button_list\" class=\"tt-button large blue\">Trouver des licences<\/a><\/p>\r\n\r\n<\/div>\r\n<\/div>\r\n<div class=\"one_half\">\r\n\r\n<p style=\"font-size: 1em;\">Le <strong>renouvellement d'un abonnement<\/strong> peut uniquement \u00eatre effectu\u00e9 pour la m\u00eame version de la licence active.\r\nPour effectuer une <strong>mise \u00e0 niveau de la licence<\/strong>, veuillez <a href=\"https:\/\/support.labeljoy.com\/tickets\/open.php?lang=it\">contacter le service de support \u00e0 la client\u00e8le<\/a>.<\/p>\r\n<div class=\"container\">\r\n    <table id=\"multi-discount-tbl\" style=\"border:thick double #ff3300\">\r\n        <thead>\r\n            <tr>\r\n                <th colspan=\"3\" style=\"font-weight: bold;color: #ff3300;\">Pour les renouvellements de plusieurs licences, les remises suivantes seront appliqu\u00e9es.<\/th>\r\n            <\/tr>\r\n            <tr>\r\n                <td colspan=\"3\" class=\"\" align=\"center\">Il suffit d\u2019utiliser le code de r\u00e9duction appropri\u00e9 dans le formulaire de commande :<\/td>\r\n            <\/tr>\r\n            <tr>\r\n                <th class=\"\">Nombre de licences<\/th>\r\n                <th class=\"\">Rabais<\/th>\r\n                <th class=\"\">Code<\/th>\r\n            <\/tr>\r\n        <\/thead>\r\n        <tbody>\r\n            <tr>\r\n                <td class=\"\" align=\"center\">2<\/td>\r\n                <td class=\"\" align=\"center\">20%<\/td>\r\n                <td class=\"\" align=\"center\">SRNW02<\/td>\r\n            <\/tr>\r\n            <tr>\r\n                <td class=\"\" align=\"center\">3<\/td>\r\n                <td class=\"\" align=\"center\">30%<\/td>\r\n                <td class=\"\" align=\"center\">SRNW03<\/td>\r\n            <\/tr>\r\n            <tr>\r\n                <td class=\"\" align=\"center\">4<\/td>\r\n                <td class=\"\" align=\"center\">35%<\/td>\r\n                <td class=\"\" align=\"center\">SRNW04<\/td>\r\n            <\/tr>\r\n            <tr>\r\n                <td class=\"\" align=\"center\">5<\/td>\r\n                <td class=\"\" align=\"center\">40%<\/td>\r\n                <td class=\"\" align=\"center\">SRNW05<\/td>\r\n            <\/tr>\r\n            <tr>\r\n                <td class=\"\" align=\"center\">6 - 11<\/td>\r\n                <td class=\"\" align=\"center\">45%<\/td>\r\n                <td class=\"\" align=\"center\">SRNW06<\/td>\r\n            <\/tr>\r\n            <tr>\r\n                <td class=\"\" align=\"center\">12+<\/td>\r\n                <td class=\"\" align=\"center\">50%<\/td>\r\n                <td class=\"\" align=\"center\">SRNW12<\/td>\r\n            <\/tr>\r\n        <\/tbody>\r\n    <\/table>\r\n<\/div><\/div>\n<div style=\"clear: both;\"><\/div>\n<div id=\"renew-table-div\">\n<table id=\"renew-table\">\n<thead>\n<tr>\n<th id=\"th_selectall\">&nbsp;<\/th>\n<th>Num\u00e9ro de licence<\/th>\n<th>Version<\/th>\n<th>Commande<\/th>\n<th>Date d&rsquo;expiration<\/th>\n<th>&nbsp;<\/th>\n<\/tr>\n<\/thead>\n<tbody><\/tbody>\n<tfoot>\n<tr>\n<th colspan=\"6\">\n<a href=\"#\" class=\"small blue tt-button\" target=\"_self\" style=\"pointer-events: none; cursor: default; opacity: .5;\" id=\"renew_selected\" rel=\"noopener\">Ren. sel. lic.<\/a><\/th>\n<\/tr>\n<\/tfoot>\n<\/table>\n<p>&nbsp;<\/p>\n<p><em>\u00c0 la fin de la premi\u00e8re ann\u00e9e ou lors des renouvellements suivants, Labeljoy continuera \u00e0 fonctionner, mais sans la possibilit\u00e9 de t\u00e9l\u00e9charger de nouvelles mises \u00e0 jour, d&rsquo;acc\u00e9der au support premium et aux fonctionnalit\u00e9s qui n\u00e9cessitent un abonnement actif.<\/em><\/p>\n<\/div>\n","protected":false},"excerpt":{"rendered":"<p>&nbsp; Num\u00e9ro de licence Version Commande Date d&rsquo;expiration &nbsp; Ren. sel. lic. &nbsp; \u00c0 la fin de la premi\u00e8re ann\u00e9e ou lors des renouvellements suivants, Labeljoy continuera \u00e0 fonctionner, mais sans la possibilit\u00e9 de t\u00e9l\u00e9charger de nouvelles mises \u00e0 jour, d&rsquo;acc\u00e9der au support premium et aux fonctionnalit\u00e9s qui n\u00e9cessitent un abonnement actif.<\/p>\n","protected":false},"author":12,"featured_media":0,"parent":0,"menu_order":2,"comment_status":"open","ping_status":"closed","template":"","meta":{"inline_featured_image":false,"_monsterinsights_skip_tracking":false,"_monsterinsights_sitenote_active":false,"_monsterinsights_sitenote_note":"","_monsterinsights_sitenote_category":0,"footnotes":""},"class_list":{"0":"post-32143","1":"page","2":"type-page","3":"status-publish","5":"infinite-scroll-item"},"aioseo_notices":[],"_links":{"self":[{"href":"https:\/\/www.labeljoy.com\/fr\/wp-json\/wp\/v2\/pages\/32143","targetHints":{"allow":["GET"]}}],"collection":[{"href":"https:\/\/www.labeljoy.com\/fr\/wp-json\/wp\/v2\/pages"}],"about":[{"href":"https:\/\/www.labeljoy.com\/fr\/wp-json\/wp\/v2\/types\/page"}],"author":[{"embeddable":true,"href":"https:\/\/www.labeljoy.com\/fr\/wp-json\/wp\/v2\/users\/12"}],"replies":[{"embeddable":true,"href":"https:\/\/www.labeljoy.com\/fr\/wp-json\/wp\/v2\/comments?post=32143"}],"version-history":[{"count":11,"href":"https:\/\/www.labeljoy.com\/fr\/wp-json\/wp\/v2\/pages\/32143\/revisions"}],"predecessor-version":[{"id":39484,"href":"https:\/\/www.labeljoy.com\/fr\/wp-json\/wp\/v2\/pages\/32143\/revisions\/39484"}],"wp:attachment":[{"href":"https:\/\/www.labeljoy.com\/fr\/wp-json\/wp\/v2\/media?parent=32143"}],"curies":[{"name":"wp","href":"https:\/\/api.w.org\/{rel}","templated":true}]}}