{"id":32494,"date":"2020-03-30T21:48:29","date_gmt":"2020-03-30T21:48:29","guid":{"rendered":"https:\/\/www.labeljoy.com\/?page_id=32494"},"modified":"2022-01-14T14:26:39","modified_gmt":"2022-01-14T14:26:39","slug":"guide-de-lutilisateur","status":"publish","type":"page","link":"https:\/\/www.labeljoy.com\/fr\/guide-de-lutilisateur\/","title":{"rendered":"Guide de l\u2019utilisateur"},"content":{"rendered":"<h2>Guide de l\u2019utilisateur<\/h2>\n<p>Cliquez sur un sujet dans le <strong>menu de gauche<\/strong> pour commencer \u00e0 parcourir la section d&rsquo;aide, ou simplement <strong>appuyez F1<\/strong> lorsque vous \u00eates dans Labeljoy pour vous connecter \u00e0 la page la plus appropri\u00e9e.<\/p>\n<ul>\n<li><a href=\"https:\/\/www.labeljoy.com\/fr\/guide-de-lutilisateur\/introduction\/\">Introduction<\/a><\/li>\n<li><a href=\"https:\/\/www.labeljoy.com\/help-lj6\/labeljoys-framework\/\">Cadre de Labeljoy<\/a><\/li>\n<li><a href=\"https:\/\/www.labeljoy.com\/help-lj6\/usage\/\">Utilisation<\/a><\/li>\n<li><a href=\"https:\/\/www.labeljoy.com\/help-lj6\/common-elements\/\">\u00c9l\u00e9ments communs<\/a><\/li>\n<\/ul>\n","protected":false},"excerpt":{"rendered":"<p>Guide de l\u2019utilisateur Cliquez sur un sujet dans le menu de gauche pour commencer \u00e0 parcourir la section d&rsquo;aide, ou simplement appuyez F1 lorsque vous \u00eates dans Labeljoy pour vous connecter \u00e0 la page la plus appropri\u00e9e. Introduction Cadre de Labeljoy Utilisation \u00c9l\u00e9ments communs<\/p>\n","protected":false},"author":12,"featured_media":0,"parent":0,"menu_order":2,"comment_status":"open","ping_status":"closed","template":"","meta":{"inline_featured_image":false,"_monsterinsights_skip_tracking":false,"_monsterinsights_sitenote_active":false,"_monsterinsights_sitenote_note":"","_monsterinsights_sitenote_category":0,"footnotes":""},"class_list":{"0":"post-32494","1":"page","2":"type-page","3":"status-publish","5":"infinite-scroll-item"},"aioseo_notices":[],"_links":{"self":[{"href":"https:\/\/www.labeljoy.com\/fr\/wp-json\/wp\/v2\/pages\/32494","targetHints":{"allow":["GET"]}}],"collection":[{"href":"https:\/\/www.labeljoy.com\/fr\/wp-json\/wp\/v2\/pages"}],"about":[{"href":"https:\/\/www.labeljoy.com\/fr\/wp-json\/wp\/v2\/types\/page"}],"author":[{"embeddable":true,"href":"https:\/\/www.labeljoy.com\/fr\/wp-json\/wp\/v2\/users\/12"}],"replies":[{"embeddable":true,"href":"https:\/\/www.labeljoy.com\/fr\/wp-json\/wp\/v2\/comments?post=32494"}],"version-history":[{"count":3,"href":"https:\/\/www.labeljoy.com\/fr\/wp-json\/wp\/v2\/pages\/32494\/revisions"}],"predecessor-version":[{"id":36402,"href":"https:\/\/www.labeljoy.com\/fr\/wp-json\/wp\/v2\/pages\/32494\/revisions\/36402"}],"wp:attachment":[{"href":"https:\/\/www.labeljoy.com\/fr\/wp-json\/wp\/v2\/media?parent=32494"}],"curies":[{"name":"wp","href":"https:\/\/api.w.org\/{rel}","templated":true}]}}