{"id":32606,"date":"2020-04-17T16:27:01","date_gmt":"2020-04-17T16:27:01","guid":{"rendered":"https:\/\/www.labeljoy.com\/?page_id=32606"},"modified":"2020-04-17T16:27:06","modified_gmt":"2020-04-17T16:27:06","slug":"selection-delements","status":"publish","type":"page","link":"https:\/\/www.labeljoy.com\/fr\/guide-de-lutilisateur\/selection-delements\/","title":{"rendered":"S\u00e9lection d&rsquo;\u00e9l\u00e9ments"},"content":{"rendered":"<div id=\"help-guide\"><!-- lj6_1500.htm -->\r\n<p class=\"title\">S&eacute;lection d'&eacute;l&eacute;ments<\/p>\r\n<p>Le bouton <strong>S&eacute;lectionner<\/strong>&nbsp;du groupe S&eacute;lection de l'onglet&nbsp;<a href=\"\/fr\/guide-de-lutilisateur\/accueil\/\">Accueil<\/a>&nbsp;vous permet <strong>d'acc&eacute;der &agrave; une s&eacute;rie de sous-menus<\/strong>&nbsp;qui r&eacute;pertorient&nbsp;<strong>tous les &eacute;l&eacute;ments appartenant au travail en cours<\/strong>.<\/p>\r\n<p class=\"body\"><img decoding=\"async\" src=\"\/user-guide-lj6-files\/fr\/1480_001.png\"><\/p>\r\n<p>Le premier &eacute;l&eacute;ment est le menu <strong>Supprimer les &eacute;l&eacute;ments vides<\/strong>, qui vous permet de nettoyer automatiquement tout &eacute;l&eacute;ment vide orphelin qui aurait pu &ecirc;tre laiss&eacute; dans le document, identifiable par le texte gris <em>Cet &eacute;l&eacute;ment est vide<\/em>.<\/p>\r\n<p><strong>La partie sup&eacute;rieure&nbsp;<\/strong>r&eacute;pertorie, le cas &eacute;ch&eacute;ant,&nbsp;<strong>les &eacute;l&eacute;ments de page,<\/strong>&nbsp;tandis que la section suivante r&eacute;pertorie<strong>&nbsp;tous les sets&nbsp;<\/strong>et<strong>&nbsp;tous les &eacute;l&eacute;ments<\/strong>&nbsp;appartenant &agrave; chaque set.<\/p>\r\n<p class=\"note\"><strong>Remarque<\/strong> :<br> chaque fois que plusieurs sets sont pr&eacute;sents,<strong>&nbsp;les menus sont regroup&eacute;s<\/strong>. Dans chaque groupe, vous trouverez une liste de sous-menus contenant les&nbsp;<strong>&eacute;l&eacute;ments appartenant &agrave; ce set sp&eacute;cifique<\/strong>.<br> De plus, chaque &eacute;l&eacute;ment appartenant &agrave; un set est&nbsp;<strong>regroup&eacute; par type d'&eacute;l&eacute;ment<\/strong>. Par exemple, tous les &eacute;l&eacute;ments de texte seront affich&eacute;s dans le sous-menu Texte.<\/p>\r\n<p>Le&nbsp;<strong>texte affich&eacute;<\/strong>&nbsp;dans ces menus est lu &agrave; partir de la propri&eacute;t&eacute;<em> Nom<\/em>&nbsp;de chaque &eacute;l&eacute;ment. Le nom&nbsp;<strong>peut &ecirc;tre modifi&eacute;<\/strong>&nbsp;sous l'onglet&nbsp;<a href=\"https:\/\/www.labeljoy.com\/frhttps:\/\/www.labeljoy.com\/fr\/help-lj6\/element-coordinates\/\">Avanc&eacute;<\/a>&nbsp;de la <strong>bo&icirc;te de<\/strong> <strong>dialogue de param&egrave;tres d'&eacute;l&eacute;ment<\/strong>&nbsp;et dans la bo&icirc;te&nbsp;de dialogue&nbsp;<a href=\"https:\/\/www.labeljoy.com\/fr\/help-lj6\/managing-sets\/\">param&egrave;tres du Set<\/a>&nbsp;pour les sets.<\/p>\r\n<p>Ces &eacute;l&eacute;ments de menu&nbsp;<strong>deviennent tr&egrave;s importants<\/strong>&nbsp;lorsque vous devez modifier des &eacute;l&eacute;ments pour lesquels<strong>&nbsp;la souris ne peut pas &ecirc;tre utilis&eacute;e<\/strong>.<\/p>\r\n<p>Cela peut se produire lorsque :<\/p>\r\n<ul>\r\n<li>un &eacute;l&eacute;ment est partiellement ou enti&egrave;rement couvert par d'autres &eacute;l&eacute;ments.<\/li>\r\n<li>un &eacute;l&eacute;ment a &eacute;t&eacute; plac&eacute; en dehors de la zone d'&eacute;tiquette.<\/li>\r\n<li>un &eacute;l&eacute;ment a &eacute;t&eacute; d&eacute;fini avec <a href=\"https:\/\/www.labeljoy.com\/frhttps:\/\/www.labeljoy.com\/fr\/help-lj6\/element-coordinates\/\">l'action d'activation de la souris<\/a>d&eacute;sactiv&eacute;e.<\/li>\r\n<\/ul>\r\n<p class=\"note\"><strong>Remarque<\/strong> :<br> <strong>Les &eacute;l&eacute;ments visibles<\/strong>&nbsp;peuvent &eacute;galement &ecirc;tre s&eacute;lectionn&eacute;s (et boucl&eacute;s) &agrave; l'aide de la touche<strong> TAB<\/strong>&nbsp;(s&eacute;lectionner ensuite) ou de la&nbsp;combinaison de<strong> touches MAJ + TAB <\/strong>(s&eacute;lectionner pr&eacute;c&eacute;dente).<\/p>\r\n<p class=\"note\"><strong>Remarque<\/strong> : <br> si vous maintenez la&nbsp;<strong>touche Ctrl<\/strong>&nbsp;(CTRL) enfonc&eacute;e&nbsp;<strong>tout en s&eacute;lectionnant un &eacute;l&eacute;ment<\/strong>&nbsp;via ces &eacute;l&eacute;ments de menu, la&nbsp;bo&icirc;te de dialogue<em> Param&egrave;tres<\/em> correspondante s'affiche. <\/p><\/div>\n","protected":false},"excerpt":{"rendered":"","protected":false},"author":12,"featured_media":0,"parent":32494,"menu_order":0,"comment_status":"open","ping_status":"closed","template":"page-template-left-sidebar.php","meta":{"inline_featured_image":false,"_monsterinsights_skip_tracking":false,"_monsterinsights_sitenote_active":false,"_monsterinsights_sitenote_note":"","_monsterinsights_sitenote_category":0,"footnotes":""},"class_list":{"0":"post-32606","1":"page","2":"type-page","3":"status-publish","5":"infinite-scroll-item"},"aioseo_notices":[],"_links":{"self":[{"href":"https:\/\/www.labeljoy.com\/fr\/wp-json\/wp\/v2\/pages\/32606","targetHints":{"allow":["GET"]}}],"collection":[{"href":"https:\/\/www.labeljoy.com\/fr\/wp-json\/wp\/v2\/pages"}],"about":[{"href":"https:\/\/www.labeljoy.com\/fr\/wp-json\/wp\/v2\/types\/page"}],"author":[{"embeddable":true,"href":"https:\/\/www.labeljoy.com\/fr\/wp-json\/wp\/v2\/users\/12"}],"replies":[{"embeddable":true,"href":"https:\/\/www.labeljoy.com\/fr\/wp-json\/wp\/v2\/comments?post=32606"}],"version-history":[{"count":1,"href":"https:\/\/www.labeljoy.com\/fr\/wp-json\/wp\/v2\/pages\/32606\/revisions"}],"predecessor-version":[{"id":32607,"href":"https:\/\/www.labeljoy.com\/fr\/wp-json\/wp\/v2\/pages\/32606\/revisions\/32607"}],"up":[{"embeddable":true,"href":"https:\/\/www.labeljoy.com\/fr\/wp-json\/wp\/v2\/pages\/32494"}],"wp:attachment":[{"href":"https:\/\/www.labeljoy.com\/fr\/wp-json\/wp\/v2\/media?parent=32606"}],"curies":[{"name":"wp","href":"https:\/\/api.w.org\/{rel}","templated":true}]}}