{"id":34034,"date":"2020-09-14T09:41:40","date_gmt":"2020-09-14T09:41:40","guid":{"rendered":"https:\/\/www.labeljoy.com\/?page_id=34034"},"modified":"2022-06-21T12:17:38","modified_gmt":"2022-06-21T12:17:38","slug":"generer-des-codes-barres-sscc-18","status":"publish","type":"page","link":"https:\/\/www.labeljoy.com\/fr\/assistance\/comment-faire\/generer-des-codes-barres-sscc-18\/","title":{"rendered":"G\u00e9n\u00e9rer des codes barres SSCC-18"},"content":{"rendered":"<h2>Cr\u00e9ez un code barre SSCC-18<\/h2>\n<div class=\"lyte-wrapper\" title=\"Apprendre les codes-barres GS1 avec Labeljoy\" style=\"width:640px;max-width:100%;margin:5px;\"><div class=\"lyMe\" id=\"WYL_59ZkYSZo180\" itemprop=\"video\" itemscope itemtype=\"https:\/\/schema.org\/VideoObject\"><div><meta itemprop=\"thumbnailUrl\" content=\"https:\/\/www.labeljoy.com\/wp-content\/plugins\/wp-youtube-lyte\/lyteCache.php?origThumbUrl=https%3A%2F%2Fi.ytimg.com%2Fvi%2F59ZkYSZo180%2Fhqdefault.jpg\" \/><meta itemprop=\"embedURL\" content=\"https:\/\/www.youtube.com\/embed\/59ZkYSZo180\" \/><meta itemprop=\"duration\" content=\"PT1M16S\" \/><meta itemprop=\"uploadDate\" content=\"2020-10-12T08:40:40Z\" \/><\/div><div id=\"lyte_59ZkYSZo180\" data-src=\"https:\/\/www.labeljoy.com\/wp-content\/plugins\/wp-youtube-lyte\/lyteCache.php?origThumbUrl=https%3A%2F%2Fi.ytimg.com%2Fvi%2F59ZkYSZo180%2Fhqdefault.jpg\" class=\"pL\"><div class=\"tC\"><div class=\"tT\" itemprop=\"name\">Apprendre les codes-barres GS1 avec Labeljoy<\/div><\/div><div class=\"play\"><\/div><div class=\"ctrl\"><div class=\"Lctrl\"><\/div><div class=\"Rctrl\"><\/div><\/div><\/div><noscript><a href=\"https:\/\/youtu.be\/59ZkYSZo180\" rel=\"nofollow\"><img decoding=\"async\" src=\"https:\/\/www.labeljoy.com\/wp-content\/plugins\/wp-youtube-lyte\/lyteCache.php?origThumbUrl=https%3A%2F%2Fi.ytimg.com%2Fvi%2F59ZkYSZo180%2F0.jpg\" alt=\"Apprendre les codes-barres GS1 avec Labeljoy\" width=\"640\" height=\"340\" \/><br \/>Lire cette vid\u00e9o sur YouTube<\/a><\/noscript><meta itemprop=\"description\" content=\"Dans cette vid\u00e9o, John nous montre comment utiliser les codes GS1 pour nos exp\u00e9ditions, imprimer vos \u00e9tiquettes GS1 avec Labeljoy et les appliquer sur vos produits, emballages et palettes. Pour en savoir plus sur les codes-barres GS1 : https:\/\/www.labeljoy.com\/fr\/assistance\/comment-faire\/generer-codes-barres-gs1-128\/ Cr\u00e9dits Images vectorielles : Vecteezy.com - freevector.com\"><\/div><\/div><div class=\"lL\" style=\"max-width:100%;width:640px;margin:5px;\"><\/div>\n<div class=\"lj-video-button hide\">\n  <a href=\"https:\/\/www.youtube.com\/embed\/59ZkYSZo180?rel=0&autoplay=1\" data-featherlight=\"iframe\" data-featherlight-iframe-width=\"800\" data-featherlight-iframe-height=\"610\" data-featherlight-iframe-frameborder=\"0\" data-featherlight-iframe-allow=\"autoplay; encrypted-media\" data-featherlight-iframe-allowfullscreen=\"true\" title=\"Jouer le tutoriel vid\u00e9o\">Jouer le tutoriel vid\u00e9o <i class=\"fa fa-play-circle fa-2x\"><\/i><\/a>\n<\/div>\nCommen\u00e7ons par la cr\u00e9ation d&rsquo;une nouvelle \u00e9tiquette qui contiendra un code barre SSCC-18 (Serial Shipping Container Code), ce qui correspond \u00e0 un AI 00 en GS1. Pour cr\u00e9er ce type de code barre, nous avons besoin d&rsquo;avoir les informations suivantes \u00e0 port\u00e9e de main:<\/p>\n<ul>\n<li><strong>Le pr\u00e9fixe GS1 de la compagnie<\/strong>. Cette information est publi\u00e9e par l&rsquo;autorit\u00e9 locale de GS1. Sa longueur peut varier de 7 \u00e0 10 chiffres.<\/li>\n<li><strong>Le num\u00e9ro de s\u00e9rie<\/strong>. Cette information peut \u00eatre n&rsquo;importe quel nombre et sa longueur peut \u00eatre comprise entre 6 et 9 chiffres.<\/li>\n<\/ul>\n<p>Comme son nom l&rsquo;indique, le symbole SSCC-18 contient 18&nbsp;chiffres organis\u00e9s comme suit:<\/p>\n<ul>\n<li><strong>Pr\u00e9fixe<\/strong>: 1 chiffre, utilisation libre. Peut \u00eatre utilis\u00e9 pour \u00e9tendre le num\u00e9ro de s\u00e9rie.<\/li>\n<li><strong>Le pr\u00e9fixe GS1 de l&rsquo;entreprise<\/strong>: 7 \u00e0 10 chiffres.<\/li>\n<li><strong>Le num\u00e9ro de s\u00e9rie<\/strong>: 6 \u00e0 9 chiffres, en fonction de la longueur du pr\u00e9fixe GS1 de l&rsquo;entreprise.<\/li>\n<li><strong>Chiffre de contr\u00f4le<\/strong>: somme de contr\u00f4le modulo 10, 1 chiffre.<\/li>\n<\/ul>\n<p>Dans cet exemple, nous pr\u00e9tendrons que notre pr\u00e9fixe GS1 d&rsquo;entreprise est le nombre \u00e0 8 chiffres suivant: 12345678. Et notre num\u00e9ro de s\u00e9rie d&rsquo;exp\u00e9dition est 4567.<br \/>\nPour mettre cette information dans un code-barres SSCC-18 valide, voici ce que nous devons entrer dans Labeljoy:<\/p>\n<ul>\n<li><strong>(00):<\/strong> l&rsquo;identifiant d&rsquo;application SSCC-18.<\/li>\n<li><strong>0:<\/strong> pr\u00e9fixe (nous n&rsquo;avons pas besoin d&rsquo;\u00e9tendre le num\u00e9ro de s\u00e9rie).<\/li>\n<li><strong>12345678: <\/strong>le pr\u00e9fixe GS1 de la compagnie. &gt;<\/li>\n<li><strong>00004567: <\/strong>notre num\u00e9ro de s\u00e9rie. Nous devons ajouter des z\u00e9ros \u00e0 ce num\u00e9ro puisque nous avons besoin de remplir tous les 18 chiffres du SSCC-18.<\/li>\n<li><strong>0:<\/strong> Le chiffre de contr\u00f4le. Nous allons entrer z\u00e9ro et laissez Labeljoy le calculer pour nous.<\/li>\n<\/ul>\n<p>Le texte r\u00e9sultant que nous allons entrer dans Labeljoy est: (00)012345678000045670<\/p>\n<div><a class=\"hover-item\" data-gal=\"prettyPhoto[generer-codes]\" href=\"http:\/\/www.labeljoy.com\/images\/how-to\/gs1-128\/image002.png\"><img decoding=\"async\" alt=\"Labeljoy GS1-128 cr\u00e9ateur\" src=\"http:\/\/www.labeljoy.com\/images\/how-to\/gs1-128\/image002.png\" width=\"636\" height=\"483\"><\/a><\/div>\n<p>Et voici le symbole de code barre correspondant qui sera g\u00e9n\u00e9r\u00e9:<\/p>\n<p><a class=\"hover-item\" data-gal=\"prettyPhoto[generer-codes]\" href=\"http:\/\/www.labeljoy.com\/images\/how-to\/gs1-128\/image003.png\"><img decoding=\"async\" class=\"aligncenter\" alt=\"SSCC-18 code \u00e0 barres\" src=\"http:\/\/www.labeljoy.com\/images\/how-to\/gs1-128\/image003.png\" width=\"285\" height=\"97\"><\/a><\/p>\n<p style=\"text-align: center\"><a href=\"http:\/\/www.labeljoy.com\/images\/how-to\/gs1-128\/GS1-128a.lpa\" class=\"large green tt-button\" target=\"_self\">&nbsp;T\u00e9l\u00e9charger ce fichier Labeljoy <\/a>\n<p>Comme vous pouvez le voir, le dernier chiffre est maintenant un 8, puisque c&rsquo;est le bon chiffre de contr\u00f4le modulo 10.<br \/>\nNotez \u00e9galement que l&rsquo;option V\u00e9rifiez la s\u00e9quence AI est invalide puisque cet AI particulier peut \u00eatre ind\u00e9pendant de tous les autres. Si nous l&rsquo;avions activ\u00e9e, cela n&rsquo;aurait fait aucune diff\u00e9rence.<\/p>\n<p><em>Cr\u00e9dits des images vectorielles dans cette vid\u00e9o : Vecteezy.com &#8211; freevector.com <\/em><\/p>\n<div class=\"also-like\">\n<strong>Vous aimerez aussi:<\/strong><\/p>\n<ul>\n<li><a href=\"https:\/\/www.labeljoy.com\/generateur-code-barre-gratuit\/\" title=\"G\u00e9n\u00e9rateur de codes-barres en ligne gratuit\">G\u00e9n\u00e9rateur de codes-barres en ligne<\/a><\/li>\n<\/ul>\n<\/div>\n","protected":false},"excerpt":{"rendered":"<p>Cr\u00e9ez un code barre SSCC-18 Commen\u00e7ons par la cr\u00e9ation d&rsquo;une nouvelle \u00e9tiquette qui contiendra un code barre SSCC-18 (Serial Shipping Container Code), ce qui correspond \u00e0 un AI 00 en GS1. Pour cr\u00e9er ce type de code barre, nous avons besoin d&rsquo;avoir les informations suivantes \u00e0 port\u00e9e de main: Le pr\u00e9fixe GS1 de la compagnie. &#8230; <a title=\"G\u00e9n\u00e9rer des codes barres SSCC-18\" class=\"read-more\" href=\"https:\/\/www.labeljoy.com\/fr\/assistance\/comment-faire\/generer-des-codes-barres-sscc-18\/\" aria-label=\"En savoir plus sur G\u00e9n\u00e9rer des codes barres SSCC-18\">Read more<\/a><\/p>\n","protected":false},"author":2,"featured_media":0,"parent":2767,"menu_order":0,"comment_status":"open","ping_status":"closed","template":"","meta":{"inline_featured_image":false,"_monsterinsights_skip_tracking":false,"_monsterinsights_sitenote_active":false,"_monsterinsights_sitenote_note":"","_monsterinsights_sitenote_category":0,"footnotes":""},"class_list":{"0":"post-34034","1":"page","2":"type-page","3":"status-publish","5":"infinite-scroll-item"},"aioseo_notices":[],"_links":{"self":[{"href":"https:\/\/www.labeljoy.com\/fr\/wp-json\/wp\/v2\/pages\/34034","targetHints":{"allow":["GET"]}}],"collection":[{"href":"https:\/\/www.labeljoy.com\/fr\/wp-json\/wp\/v2\/pages"}],"about":[{"href":"https:\/\/www.labeljoy.com\/fr\/wp-json\/wp\/v2\/types\/page"}],"author":[{"embeddable":true,"href":"https:\/\/www.labeljoy.com\/fr\/wp-json\/wp\/v2\/users\/2"}],"replies":[{"embeddable":true,"href":"https:\/\/www.labeljoy.com\/fr\/wp-json\/wp\/v2\/comments?post=34034"}],"version-history":[{"count":7,"href":"https:\/\/www.labeljoy.com\/fr\/wp-json\/wp\/v2\/pages\/34034\/revisions"}],"predecessor-version":[{"id":37618,"href":"https:\/\/www.labeljoy.com\/fr\/wp-json\/wp\/v2\/pages\/34034\/revisions\/37618"}],"up":[{"embeddable":true,"href":"https:\/\/www.labeljoy.com\/fr\/wp-json\/wp\/v2\/pages\/2767"}],"wp:attachment":[{"href":"https:\/\/www.labeljoy.com\/fr\/wp-json\/wp\/v2\/media?parent=34034"}],"curies":[{"name":"wp","href":"https:\/\/api.w.org\/{rel}","templated":true}]}}