{"id":35490,"date":"2021-03-25T16:10:55","date_gmt":"2021-03-25T16:10:55","guid":{"rendered":"https:\/\/www.labeljoy.com\/?page_id=35490"},"modified":"2021-03-25T16:38:00","modified_gmt":"2021-03-25T16:38:00","slug":"parametres-de-texte-avances","status":"publish","type":"page","link":"https:\/\/www.labeljoy.com\/fr\/videos\/parametres-de-texte-avances\/","title":{"rendered":"Param\u00e8tres de texte avanc\u00e9s"},"content":{"rendered":"<h2>Param\u00e8tres de texte avanc\u00e9s<\/h2>\n<p>Dans cette vid\u00e9o, nous vous montrons comment modifier le format des champs qui sont connect\u00e9s \u00e0 une source de donn\u00e9es externe, <a href=\"https:\/\/www.labeljoy.com\/video\/how-to-load-data-from-excel\/\" title=\"How to Connect an Excel spreadsheet\">telle qu&rsquo;une feuille de calcul Excel<\/a>.<\/p>\n<p>Les param\u00e8tres de texte avanc\u00e9s de <strong>Labeljoy<\/strong> vous permettent de modifier non seulement la police, les couleurs, l&rsquo;alignement et la taille des champs individuels, mais aussi de d\u00e9finir facilement diff\u00e9rents formats pour diff\u00e9rentes valeurs num\u00e9riques, comme les devises, les pourcentages et les formats date\/heure. <\/p>\n\n<div class=\"youtube-embed\" itemprop=\"video\" itemscope itemtype=\"https:\/\/schema.org\/VideoObject\">\n\t<meta itemprop=\"url\" content=\"https:\/\/www.youtube.com\/v\/Ps8TOZNy9q0\" \/>\n\t<meta itemprop=\"name\" content=\"Param\u00e8tres de texte avanc\u00e9s\" \/>\n\t<meta itemprop=\"description\" content=\"Param\u00e8tres de texte avanc\u00e9s\" \/>\n\t<meta itemprop=\"uploadDate\" content=\"2021-03-25T16:10:55+00:00\" \/>\n\t<meta itemprop=\"thumbnailUrl\" content=\"https:\/\/i.ytimg.com\/vi\/Ps8TOZNy9q0\/default.jpg\" \/>\n\t<meta itemprop=\"embedUrl\" content=\"https:\/\/www.youtube.com\/embed\/Ps8TOZNy9q0\" \/>\n\t<meta itemprop=\"height\" content=\"385\" \/>\n\t<meta itemprop=\"width\" content=\"640\" \/>\n\t<iframe style=\"border: 0;\" class=\"youtube-player\" width=\"640\" height=\"385\" src=\"https:\/\/www.youtube.com\/embed\/Ps8TOZNy9q0?modestbranding=1&fs=0&rel=0&loop=1&color=white&playlist=Ps8TOZNy9q0\"><\/iframe>\n<\/div>\n\n","protected":false},"excerpt":{"rendered":"<p>Param\u00e8tres de texte avanc\u00e9s Dans cette vid\u00e9o, nous vous montrons comment modifier le format des champs qui sont connect\u00e9s \u00e0 une source de donn\u00e9es externe, telle qu&rsquo;une feuille de calcul Excel. Les param\u00e8tres de texte avanc\u00e9s de Labeljoy vous permettent de modifier non seulement la police, les couleurs, l&rsquo;alignement et la taille des champs individuels, &#8230; <a title=\"Param\u00e8tres de texte avanc\u00e9s\" class=\"read-more\" href=\"https:\/\/www.labeljoy.com\/fr\/videos\/parametres-de-texte-avances\/\" aria-label=\"En savoir plus sur Param\u00e8tres de texte avanc\u00e9s\">Read more<\/a><\/p>\n","protected":false},"author":12,"featured_media":0,"parent":30104,"menu_order":0,"comment_status":"open","ping_status":"closed","template":"page-template-left-sidebar.php","meta":{"inline_featured_image":false,"_monsterinsights_skip_tracking":false,"_monsterinsights_sitenote_active":false,"_monsterinsights_sitenote_note":"","_monsterinsights_sitenote_category":0,"footnotes":""},"class_list":{"0":"post-35490","1":"page","2":"type-page","3":"status-publish","5":"infinite-scroll-item"},"aioseo_notices":[],"_links":{"self":[{"href":"https:\/\/www.labeljoy.com\/fr\/wp-json\/wp\/v2\/pages\/35490","targetHints":{"allow":["GET"]}}],"collection":[{"href":"https:\/\/www.labeljoy.com\/fr\/wp-json\/wp\/v2\/pages"}],"about":[{"href":"https:\/\/www.labeljoy.com\/fr\/wp-json\/wp\/v2\/types\/page"}],"author":[{"embeddable":true,"href":"https:\/\/www.labeljoy.com\/fr\/wp-json\/wp\/v2\/users\/12"}],"replies":[{"embeddable":true,"href":"https:\/\/www.labeljoy.com\/fr\/wp-json\/wp\/v2\/comments?post=35490"}],"version-history":[{"count":1,"href":"https:\/\/www.labeljoy.com\/fr\/wp-json\/wp\/v2\/pages\/35490\/revisions"}],"predecessor-version":[{"id":35491,"href":"https:\/\/www.labeljoy.com\/fr\/wp-json\/wp\/v2\/pages\/35490\/revisions\/35491"}],"up":[{"embeddable":true,"href":"https:\/\/www.labeljoy.com\/fr\/wp-json\/wp\/v2\/pages\/30104"}],"wp:attachment":[{"href":"https:\/\/www.labeljoy.com\/fr\/wp-json\/wp\/v2\/media?parent=35490"}],"curies":[{"name":"wp","href":"https:\/\/api.w.org\/{rel}","templated":true}]}}