{"id":36746,"date":"2022-01-20T14:30:28","date_gmt":"2022-01-20T14:30:28","guid":{"rendered":"https:\/\/www.labeljoy.com\/?page_id=36746"},"modified":"2022-01-20T14:30:30","modified_gmt":"2022-01-20T14:30:30","slug":"labeljoy-reader","status":"publish","type":"page","link":"https:\/\/www.labeljoy.com\/fr\/labeljoy-reader\/","title":{"rendered":"Labeljoy Reader"},"content":{"rendered":"<h1>Labeljoy Reader<\/h1>\n<h2>Le meilleur Reader pour le meilleur logiciel de codes-barres et d&rsquo;\u00e9tiquetage<\/h2>\n<p><img decoding=\"async\" src=\"https:\/\/www.labeljoy.com\/wp-content\/uploads\/2022\/01\/lebeljoy_reader.png\" alt=\"Labeljoy Reader\" width=\"670\" height=\"81\"><\/p>\n<p>Labeljoy Reader est une application permettant d&rsquo;exporter et d&rsquo;imprimer vos projets d&rsquo;\u00e9tiquettes.<br \/>\nT\u00e9l\u00e9chargez-le et utilisez-le gratuitement pour toujours !<\/p>\n<p>&nbsp;<\/p>\n<h2>Labeljoy pr\u00e9sente Labeljoy Reader<\/h2>\n<p><a class=\"hover-item\" href=\"https:\/\/www.labeljoy.com\/wp-content\/uploads\/2022\/01\/lebeljoy_reader_02.png\" data-gal=\"prettyPhoto\"><img decoding=\"async\" style=\"border: none\" src=\"https:\/\/www.labeljoy.com\/wp-content\/uploads\/2022\/01\/lebeljoy_reader_02.png\" alt=\"Labeljoy Reader\" width=\"670\" height=\"575\"><\/a><\/p>\n<p>Labeljoy Reader est une application compl\u00e9mentaire \u00e0 Labeljoy 6 pour exporter et imprimer facilement vos projets au format haute r\u00e9solution LJR.<\/p>\n<p>C&rsquo;est une application freeware que vous pouvez t\u00e9l\u00e9charger sur le site web de Labeljoy ;<br \/>\nLabeljoy Reader vous permet d&rsquo;ouvrir, de rechercher et d&rsquo;imprimer des fichiers LJR, mais pas de les modifier.<\/p>\n","protected":false},"excerpt":{"rendered":"<p>Labeljoy Reader Le meilleur Reader pour le meilleur logiciel de codes-barres et d&rsquo;\u00e9tiquetage Labeljoy Reader est une application permettant d&rsquo;exporter et d&rsquo;imprimer vos projets d&rsquo;\u00e9tiquettes. T\u00e9l\u00e9chargez-le et utilisez-le gratuitement pour toujours ! &nbsp; Labeljoy pr\u00e9sente Labeljoy Reader Labeljoy Reader est une application compl\u00e9mentaire \u00e0 Labeljoy 6 pour exporter et imprimer facilement vos projets au format &#8230; <a title=\"Labeljoy Reader\" class=\"read-more\" href=\"https:\/\/www.labeljoy.com\/fr\/labeljoy-reader\/\" aria-label=\"En savoir plus sur Labeljoy Reader\">Read more<\/a><\/p>\n","protected":false},"author":8,"featured_media":0,"parent":0,"menu_order":2,"comment_status":"closed","ping_status":"closed","template":"","meta":{"inline_featured_image":false,"_monsterinsights_skip_tracking":false,"_monsterinsights_sitenote_active":false,"_monsterinsights_sitenote_note":"","_monsterinsights_sitenote_category":0,"footnotes":""},"class_list":{"0":"post-36746","1":"page","2":"type-page","3":"status-publish","5":"infinite-scroll-item"},"aioseo_notices":[],"_links":{"self":[{"href":"https:\/\/www.labeljoy.com\/fr\/wp-json\/wp\/v2\/pages\/36746","targetHints":{"allow":["GET"]}}],"collection":[{"href":"https:\/\/www.labeljoy.com\/fr\/wp-json\/wp\/v2\/pages"}],"about":[{"href":"https:\/\/www.labeljoy.com\/fr\/wp-json\/wp\/v2\/types\/page"}],"author":[{"embeddable":true,"href":"https:\/\/www.labeljoy.com\/fr\/wp-json\/wp\/v2\/users\/8"}],"replies":[{"embeddable":true,"href":"https:\/\/www.labeljoy.com\/fr\/wp-json\/wp\/v2\/comments?post=36746"}],"version-history":[{"count":1,"href":"https:\/\/www.labeljoy.com\/fr\/wp-json\/wp\/v2\/pages\/36746\/revisions"}],"predecessor-version":[{"id":36747,"href":"https:\/\/www.labeljoy.com\/fr\/wp-json\/wp\/v2\/pages\/36746\/revisions\/36747"}],"wp:attachment":[{"href":"https:\/\/www.labeljoy.com\/fr\/wp-json\/wp\/v2\/media?parent=36746"}],"curies":[{"name":"wp","href":"https:\/\/api.w.org\/{rel}","templated":true}]}}