{"id":36748,"date":"2022-01-20T14:31:04","date_gmt":"2022-01-20T14:31:04","guid":{"rendered":"https:\/\/www.labeljoy.com\/?page_id=36748"},"modified":"2022-01-20T14:31:07","modified_gmt":"2022-01-20T14:31:07","slug":"pourquoi-utiliser-labeljoy-reader","status":"publish","type":"page","link":"https:\/\/www.labeljoy.com\/fr\/pourquoi-utiliser-labeljoy-reader\/","title":{"rendered":"Pourquoi utiliser Labeljoy Reader?"},"content":{"rendered":"<h1>Pourquoi utiliser Labeljoy Reader?<\/h1>\n<p>Labeljoy Reader fournit des r\u00e9sultats de meilleure qualit\u00e9 et constitue une excellente alternative aux autres lecteurs.<\/p>\n<p><a class=\"hover-item\" href=\"https:\/\/www.labeljoy.com\/wp-content\/uploads\/2022\/01\/Info_01.png\" data-gal=\"prettyPhoto\"><img decoding=\"async\" style=\"border: none\" src=\"https:\/\/www.labeljoy.com\/wp-content\/uploads\/2022\/01\/Info_01.png\" alt=\"Pourquoi utiliser Labeljoy Reader?\" width=\"670\" height=\"641\"><\/a><\/p>\n<p>Une fois t\u00e9l\u00e9charg\u00e9 et install\u00e9, Labeljoy Reader ne n\u00e9cessite pas de connexion Internet active et peut donc \u00eatre utilis\u00e9 dans des endroits sans acc\u00e8s \u00e0 Internet.<\/p>\n<p>L&rsquo;application vous permet d&rsquo;imprimer le projet export\u00e9, mais pas d&rsquo;effectuer des modifications.<\/p>\n<p>Gr\u00e2ce \u00e0 l&rsquo;exportation en haute r\u00e9solution, Labeljoy Reader est \u00e9galement un nouvel outil attrayant pour l&rsquo;impression dans les imprimeries.<\/p>\n<p><a class=\"hover-item\" href=\"https:\/\/www.labeljoy.com\/wp-content\/uploads\/2022\/01\/info_02.png\" data-gal=\"prettyPhoto\"><img decoding=\"async\" style=\"border: none\" src=\"https:\/\/www.labeljoy.com\/wp-content\/uploads\/2022\/01\/info_02.png\" alt=\"Pourquoi utiliser Labeljoy Reader?\" width=\"670\" height=\"642\"><\/a><\/p>\n<p>Labeljoy Reader &#8211; le seul lecteur qui permet de lire, d&rsquo;imprimer et d&rsquo;interagir avec les fichiers LJR. T\u00e9l\u00e9chargez-le gratuitement maintenant et utilisez-le gratuitement pour toujours.<\/p>\n","protected":false},"excerpt":{"rendered":"<p>Pourquoi utiliser Labeljoy Reader? Labeljoy Reader fournit des r\u00e9sultats de meilleure qualit\u00e9 et constitue une excellente alternative aux autres lecteurs. Une fois t\u00e9l\u00e9charg\u00e9 et install\u00e9, Labeljoy Reader ne n\u00e9cessite pas de connexion Internet active et peut donc \u00eatre utilis\u00e9 dans des endroits sans acc\u00e8s \u00e0 Internet. L&rsquo;application vous permet d&rsquo;imprimer le projet export\u00e9, mais pas &#8230; <a title=\"Pourquoi utiliser Labeljoy Reader?\" class=\"read-more\" href=\"https:\/\/www.labeljoy.com\/fr\/pourquoi-utiliser-labeljoy-reader\/\" aria-label=\"En savoir plus sur Pourquoi utiliser Labeljoy Reader?\">Read more<\/a><\/p>\n","protected":false},"author":8,"featured_media":0,"parent":0,"menu_order":2,"comment_status":"closed","ping_status":"closed","template":"","meta":{"inline_featured_image":false,"_monsterinsights_skip_tracking":false,"_monsterinsights_sitenote_active":false,"_monsterinsights_sitenote_note":"","_monsterinsights_sitenote_category":0,"footnotes":""},"class_list":{"0":"post-36748","1":"page","2":"type-page","3":"status-publish","5":"infinite-scroll-item"},"aioseo_notices":[],"_links":{"self":[{"href":"https:\/\/www.labeljoy.com\/fr\/wp-json\/wp\/v2\/pages\/36748","targetHints":{"allow":["GET"]}}],"collection":[{"href":"https:\/\/www.labeljoy.com\/fr\/wp-json\/wp\/v2\/pages"}],"about":[{"href":"https:\/\/www.labeljoy.com\/fr\/wp-json\/wp\/v2\/types\/page"}],"author":[{"embeddable":true,"href":"https:\/\/www.labeljoy.com\/fr\/wp-json\/wp\/v2\/users\/8"}],"replies":[{"embeddable":true,"href":"https:\/\/www.labeljoy.com\/fr\/wp-json\/wp\/v2\/comments?post=36748"}],"version-history":[{"count":1,"href":"https:\/\/www.labeljoy.com\/fr\/wp-json\/wp\/v2\/pages\/36748\/revisions"}],"predecessor-version":[{"id":36749,"href":"https:\/\/www.labeljoy.com\/fr\/wp-json\/wp\/v2\/pages\/36748\/revisions\/36749"}],"wp:attachment":[{"href":"https:\/\/www.labeljoy.com\/fr\/wp-json\/wp\/v2\/media?parent=36748"}],"curies":[{"name":"wp","href":"https:\/\/api.w.org\/{rel}","templated":true}]}}