{"id":36750,"date":"2022-01-20T14:31:41","date_gmt":"2022-01-20T14:31:41","guid":{"rendered":"https:\/\/www.labeljoy.com\/?page_id=36750"},"modified":"2022-01-27T10:24:09","modified_gmt":"2022-01-27T10:24:09","slug":"comment-utiliser-labeljoy-reader","status":"publish","type":"page","link":"https:\/\/www.labeljoy.com\/fr\/comment-utiliser-labeljoy-reader\/","title":{"rendered":"Comment utiliser Labeljoy Reader"},"content":{"rendered":"<h1>Comment utiliser Labeljoy Reader<\/h1>\n<p>Ouvrez Labeljoy et chargez le projet que vous souhaitez exporter.<\/p>\n<p>Choisissez ce que vous voulez exporter : Pages, \u00e9tiquettes ou codes-barres.<\/p>\n<p><a class=\"hover-item\" href=\"https:\/\/www.labeljoy.com\/wp-content\/uploads\/2022\/01\/help_01.png\" data-gal=\"prettyPhoto\"><img decoding=\"async\" style=\"border: none\" src=\"https:\/\/www.labeljoy.com\/wp-content\/uploads\/2022\/01\/help_01.png\" alt=\"Comment utiliser Labeljoy Reader\" width=\"670\" height=\"92\"><\/a><\/p>\n<p>S\u00e9lectionnez \u00ab Labeljoy Reader \u00bb comme format d&rsquo;exportation.<\/p>\n<p>Cliquez sur \u00ab Inclure le fichier source \u00bb si vous souhaitez inclure votre projet Labeljoy et cliquez sur \u00ab Sauvegarder \u00bb. Le logiciel vous invite \u00e0 enregistrer le projet sous, puis g\u00e9n\u00e8re automatiquement le fichier *.ljr et ouvre Labeljoy Reader.<\/p>\n<p><a class=\"hover-item\" href=\"https:\/\/www.labeljoy.com\/wp-content\/uploads\/2022\/01\/help_02.png\" data-gal=\"prettyPhoto\"><img decoding=\"async\" style=\"border: none\" src=\"https:\/\/www.labeljoy.com\/wp-content\/uploads\/2022\/01\/help_02.png\" alt=\"Comment utiliser Labeljoy Reader\" width=\"670\" height=\"511\"><\/a><\/p>\n<p>Pour plus d&rsquo;informations, veuillez regarder le tutoriel vid\u00e9o \u00ab <a href=\"https:\/\/www.labeljoy.com\/fr\/tutoriel-video-sur-labeljoy-reader\/\" title=\"Exporter vers Labeljoy Reader\">Exporter vers Labeljoy Reader<\/a> \u00bb.<\/p>\n<p><em>* L&rsquo;exportation vers Labeljoy Reader est disponible pour tous les types de licences avec un abonnement actif.<\/em><\/p>\n","protected":false},"excerpt":{"rendered":"<p>Comment utiliser Labeljoy Reader Ouvrez Labeljoy et chargez le projet que vous souhaitez exporter. Choisissez ce que vous voulez exporter : Pages, \u00e9tiquettes ou codes-barres. S\u00e9lectionnez \u00ab Labeljoy Reader \u00bb comme format d&rsquo;exportation. Cliquez sur \u00ab Inclure le fichier source \u00bb si vous souhaitez inclure votre projet Labeljoy et cliquez sur \u00ab Sauvegarder \u00bb. Le &#8230; <a title=\"Comment utiliser Labeljoy Reader\" class=\"read-more\" href=\"https:\/\/www.labeljoy.com\/fr\/comment-utiliser-labeljoy-reader\/\" aria-label=\"En savoir plus sur Comment utiliser Labeljoy Reader\">Read more<\/a><\/p>\n","protected":false},"author":8,"featured_media":0,"parent":0,"menu_order":2,"comment_status":"closed","ping_status":"closed","template":"","meta":{"inline_featured_image":false,"_monsterinsights_skip_tracking":false,"_monsterinsights_sitenote_active":false,"_monsterinsights_sitenote_note":"","_monsterinsights_sitenote_category":0,"footnotes":""},"class_list":{"0":"post-36750","1":"page","2":"type-page","3":"status-publish","5":"infinite-scroll-item"},"aioseo_notices":[],"_links":{"self":[{"href":"https:\/\/www.labeljoy.com\/fr\/wp-json\/wp\/v2\/pages\/36750","targetHints":{"allow":["GET"]}}],"collection":[{"href":"https:\/\/www.labeljoy.com\/fr\/wp-json\/wp\/v2\/pages"}],"about":[{"href":"https:\/\/www.labeljoy.com\/fr\/wp-json\/wp\/v2\/types\/page"}],"author":[{"embeddable":true,"href":"https:\/\/www.labeljoy.com\/fr\/wp-json\/wp\/v2\/users\/8"}],"replies":[{"embeddable":true,"href":"https:\/\/www.labeljoy.com\/fr\/wp-json\/wp\/v2\/comments?post=36750"}],"version-history":[{"count":2,"href":"https:\/\/www.labeljoy.com\/fr\/wp-json\/wp\/v2\/pages\/36750\/revisions"}],"predecessor-version":[{"id":36967,"href":"https:\/\/www.labeljoy.com\/fr\/wp-json\/wp\/v2\/pages\/36750\/revisions\/36967"}],"wp:attachment":[{"href":"https:\/\/www.labeljoy.com\/fr\/wp-json\/wp\/v2\/media?parent=36750"}],"curies":[{"name":"wp","href":"https:\/\/api.w.org\/{rel}","templated":true}]}}