{"id":36964,"date":"2022-01-27T10:23:05","date_gmt":"2022-01-27T10:23:05","guid":{"rendered":"https:\/\/www.labeljoy.com\/?page_id=36964"},"modified":"2022-01-27T10:27:46","modified_gmt":"2022-01-27T10:27:46","slug":"tutoriel-video-sur-labeljoy-reader","status":"publish","type":"page","link":"https:\/\/www.labeljoy.com\/fr\/tutoriel-video-sur-labeljoy-reader\/","title":{"rendered":"Tutoriel vid\u00e9o sur Labeljoy Reader"},"content":{"rendered":"<h1>Tutoriel vid\u00e9o sur Labeljoy Reader<\/h1>\n<p>Cette vid\u00e9o explique comment utiliser Labeljoy Reader.<br \/>\nLabeljoy Reader est un logiciel gratuit compl\u00e9mentaire \u00e0 Labeljoy 6 qui vous permet d&rsquo;\u00e9crire, de consulter, d&rsquo;exporter et d&rsquo;imprimer vos projets en HD.<\/p>\n<div class=\"lyte-wrapper\" title=\"Exporter vers Labeljoy Reader\" style=\"width:640px;max-width:100%;margin:5px;\"><div class=\"lyMe\" id=\"WYL_ZiCQRHpMtlA\" itemprop=\"video\" itemscope itemtype=\"https:\/\/schema.org\/VideoObject\"><div><meta itemprop=\"thumbnailUrl\" content=\"https:\/\/www.labeljoy.com\/wp-content\/plugins\/wp-youtube-lyte\/lyteCache.php?origThumbUrl=https%3A%2F%2Fi.ytimg.com%2Fvi%2FZiCQRHpMtlA%2Fhqdefault.jpg\" \/><meta itemprop=\"embedURL\" content=\"https:\/\/www.youtube.com\/embed\/ZiCQRHpMtlA\" \/><meta itemprop=\"duration\" content=\"PT1M54S\" \/><meta itemprop=\"uploadDate\" content=\"2022-01-20T16:55:18Z\" \/><\/div><div id=\"lyte_ZiCQRHpMtlA\" data-src=\"https:\/\/www.labeljoy.com\/wp-content\/plugins\/wp-youtube-lyte\/lyteCache.php?origThumbUrl=https%3A%2F%2Fi.ytimg.com%2Fvi%2FZiCQRHpMtlA%2Fhqdefault.jpg\" class=\"pL\"><div class=\"tC\"><div class=\"tT\" itemprop=\"name\">Exporter vers Labeljoy Reader<\/div><\/div><div class=\"play\"><\/div><div class=\"ctrl\"><div class=\"Lctrl\"><\/div><div class=\"Rctrl\"><\/div><\/div><\/div><noscript><a href=\"https:\/\/youtu.be\/ZiCQRHpMtlA\" rel=\"nofollow\"><img decoding=\"async\" src=\"https:\/\/www.labeljoy.com\/wp-content\/plugins\/wp-youtube-lyte\/lyteCache.php?origThumbUrl=https%3A%2F%2Fi.ytimg.com%2Fvi%2FZiCQRHpMtlA%2F0.jpg\" alt=\"Exporter vers Labeljoy Reader\" width=\"640\" height=\"340\" \/><br \/>Lire cette vid\u00e9o sur YouTube<\/a><\/noscript><meta itemprop=\"description\" content=\"Cette vid\u00e9o explique comment utiliser Labeljoy Reader. Labeljoy Reader est un logiciel gratuit compl\u00e9mentaire \u00e0 Labeljoy 6 qui vous permet d&#039;\u00e9crire, de consulter, d&#039;exporter et d&#039;imprimer vos projets en HD. Savoir plus sur tous les avantages de Labeljoy Reader : https:\/\/www.labeljoy.com\/fr\/labeljoy-reader\/\"><\/div><\/div><div class=\"lL\" style=\"max-width:100%;width:640px;margin:5px;\"><\/div>\n<div class=\"lj-video-button hide\">\n  <a href=\"https:\/\/www.youtube.com\/embed\/ZiCQRHpMtlA?rel=0&autoplay=1\" data-featherlight=\"iframe\" data-featherlight-iframe-width=\"800\" data-featherlight-iframe-height=\"610\" data-featherlight-iframe-frameborder=\"0\" data-featherlight-iframe-allow=\"autoplay; encrypted-media\" data-featherlight-iframe-allowfullscreen=\"true\" title=\"Lancer le tutoriel vid\u00e9o\">Lancer le tutoriel vid\u00e9o <i class=\"fa fa-play-circle fa-2x\"><\/i><\/a>\n<\/div>\n","protected":false},"excerpt":{"rendered":"<p>Tutoriel vid\u00e9o sur Labeljoy Reader Cette vid\u00e9o explique comment utiliser Labeljoy Reader. Labeljoy Reader est un logiciel gratuit compl\u00e9mentaire \u00e0 Labeljoy 6 qui vous permet d&rsquo;\u00e9crire, de consulter, d&rsquo;exporter et d&rsquo;imprimer vos projets en HD.<\/p>\n","protected":false},"author":8,"featured_media":0,"parent":0,"menu_order":2,"comment_status":"closed","ping_status":"closed","template":"","meta":{"inline_featured_image":false,"_monsterinsights_skip_tracking":false,"_monsterinsights_sitenote_active":false,"_monsterinsights_sitenote_note":"","_monsterinsights_sitenote_category":0,"footnotes":""},"class_list":{"0":"post-36964","1":"page","2":"type-page","3":"status-publish","5":"infinite-scroll-item"},"aioseo_notices":[],"_links":{"self":[{"href":"https:\/\/www.labeljoy.com\/fr\/wp-json\/wp\/v2\/pages\/36964","targetHints":{"allow":["GET"]}}],"collection":[{"href":"https:\/\/www.labeljoy.com\/fr\/wp-json\/wp\/v2\/pages"}],"about":[{"href":"https:\/\/www.labeljoy.com\/fr\/wp-json\/wp\/v2\/types\/page"}],"author":[{"embeddable":true,"href":"https:\/\/www.labeljoy.com\/fr\/wp-json\/wp\/v2\/users\/8"}],"replies":[{"embeddable":true,"href":"https:\/\/www.labeljoy.com\/fr\/wp-json\/wp\/v2\/comments?post=36964"}],"version-history":[{"count":2,"href":"https:\/\/www.labeljoy.com\/fr\/wp-json\/wp\/v2\/pages\/36964\/revisions"}],"predecessor-version":[{"id":36972,"href":"https:\/\/www.labeljoy.com\/fr\/wp-json\/wp\/v2\/pages\/36964\/revisions\/36972"}],"wp:attachment":[{"href":"https:\/\/www.labeljoy.com\/fr\/wp-json\/wp\/v2\/media?parent=36964"}],"curies":[{"name":"wp","href":"https:\/\/api.w.org\/{rel}","templated":true}]}}