{"id":39817,"date":"2023-07-31T08:05:50","date_gmt":"2023-07-31T08:05:50","guid":{"rendered":"https:\/\/www.labeljoy.com\/?page_id=39817"},"modified":"2026-03-06T07:59:10","modified_gmt":"2026-03-06T07:59:10","slug":"logiciel-de-code-qr-labeljoy","status":"publish","type":"page","link":"https:\/\/www.labeljoy.com\/fr\/logiciel-de-code-qr-labeljoy\/","title":{"rendered":"Logiciel de code QR Labeljoy"},"content":{"rendered":"<h1>Logiciel de code QR Labeljoy<\/h1>\n<p>Avec <strong>Labeljoy QR code software<\/strong>, vous pouvez g\u00e9n\u00e9rer des codes personnalis\u00e9s qui peuvent effectuer diverses \u00ab\u00a0actions\u00a0\u00bb telles que des liens vers des pages web, la cr\u00e9ation de vCards et le positionnement avec des coordonn\u00e9es g\u00e9ographiques sur Google Maps !<\/p>\n<div class=\"tt-notification success\"><p style=\"font-size:12px;\">Labeljoy permet de cr\u00e9er des codes-barres hors ligne, sans connexion Internet active.<\/p><\/div>\n<p style=\"text-align: center;\"><a class=\"hover-item\" title=\"Logiciel de code QR Labeljoy\" href=\"http:\/\/www.labeljoy.com\/images\/qr-code\/fr\/qr-code-software-generator.jpg\" data-gal=\"prettyPhoto[1]\"><img decoding=\"async\" width=\"1441\" height=\"853\" style=\"max-width: 600px;\" src=\"http:\/\/www.labeljoy.com\/images\/qr-code\/fr\/qr-code-software-generator.jpg\" alt=\"Logiciel de code QR Labeljoy\" \/><\/a><\/p>\n<p style=\"text-align: center; margin-top: 15px;\"><a href=\"\/fr\/download-fr\/\" class=\"large green tt-button\" target=\"_self\"> T\u00c9L\u00c9CHARGER GRATUITEMENT LE LOGICIEL DE CODE QR <\/a>\n<h2 style=\"margin-top: 2em;\">Optimisez votre activit\u00e9 avec les codes QR<\/h2>\n<p>Un logiciel g\u00e9n\u00e9rateur de codes QR devient de plus en plus indispensable. On travaille tous les jours avec des codes-barres 2D, il est donc important de se tenir au courant et d&rsquo;avoir le meilleur logiciel de codes QR. Avec Labeljoy, vous pouvez cr\u00e9er des codes QR pour des flyers, des <a title=\"Mod\u00e8les de Cartes de visite\" href=\"https:\/\/www.labeljoy.com\/fr\/modeles\/cartes-de-visite\/\">cartes de visite<\/a>, des badges et tout type d&rsquo;\u00e9tiquettes : <a title=\"Cr\u00e9ez vos propres \u00e9tiquettes pour produits\" href=\"https:\/\/www.labeljoy.com\/fr\/modeles\/etiquettes-produits\/\">\u00e9tiquettes de produits<\/a>, de vins, de cosm\u00e9tiques, et bien plus encore&#8230;<\/p>\n<h3>Fonctions du logiciel<\/h3>\n<p>Labeljoy est un logiciel complet et intuitif pour la <a title=\"G\u00e9n\u00e9rer un code \u00e0 barres et code QR\" href=\"https:\/\/www.labeljoy.com\/fr\/videos\/generer-un-code-a-barres-et-code-qr\/\">cr\u00e9ation de codes-barres 1d et 2d<\/a>.<br \/>\nLabeljoy int\u00e8gre de nombreuses fonctions pour la cr\u00e9ation et l&rsquo;impression d&rsquo;\u00e9tiquettes personnalis\u00e9es avec votre propre code QR sur tout type et toute taille d&rsquo;\u00e9tiquettes.<\/p>\n<p class=\"tt-icon icon-qrcode\"><strong>G\u00c9N\u00c9RATION DE CODES QR<\/strong><br \/>\nLe logiciel Labeljoy vous permet de g\u00e9n\u00e9rer et de t\u00e9l\u00e9charger des codes QR que les utilisateurs peuvent scanner avec leurs smartphones.<br \/>\nLe code peut \u00eatre facilement associ\u00e9 \u00e0 des cartes virtuelles, des adresses e-mail, des pages web, des num\u00e9ros de t\u00e9l\u00e9phone, des vid\u00e9os YouTube, des pages de m\u00e9dias sociaux, etc.<\/p>\n<div class=\"column-clear\"><\/div>\n<p class=\"tt-icon icon-db2\"><strong>IMPORTATION D&rsquo;INFORMATIONS DE SOURCES DE DONNEES<\/strong><br \/>\nLes champs de texte, les codes-barres et les images peuvent \u00eatre connect\u00e9s \u00e0 des <a title=\"Connexion des sources de donn\u00e9es externes\" href=\"https:\/\/www.labeljoy.com\/fr\/videos\/comment-connecter-des-sources-de-donnees-externes\/\">donn\u00e9es externes<\/a> telles que Excel, Access, Outlook, SQLite, csv, txt, wk1-2-3, Sql Server, MySQL, Oracle pour permettre la cr\u00e9ation rapide d&rsquo;\u00e9tiquettes QR code personnalis\u00e9es.<\/p>\n<div class=\"column-clear\"><\/div>\n<p class=\"tt-icon icon-printer\"><strong>IMPRIMER DES \u00c9TIQUETTES DE CODE QR<\/strong><br \/>\nLabeljoy est un logiciel permettant d&rsquo;imprimer rapidement et facilement toutes sortes d&rsquo;\u00e9tiquettes. Vous pouvez imprimer des jeux d&rsquo;\u00e9tiquettes avec diff\u00e9rents codes QR. Gr\u00e2ce \u00e0 la fonction d&rsquo;importation de donn\u00e9es, votre travail est encore plus facile.<br \/>\nAugmentez votre productivit\u00e9 avec notre logiciel de codes QR, imprimez des \u00e9tiquettes de produits, des <a title=\"Mod\u00e8le d\u2019\u00e9tiquette d\u2019adresse\" href=\"https:\/\/www.labeljoy.com\/fr\/modeles\/etiquette-adresse\/\">\u00e9tiquettes d&rsquo;adresse<\/a>, des <a title=\"\u00c9tiquette de prix avec code-barres\" href=\"https:\/\/www.labeljoy.com\/fr\/modeles\/etiquettes-prix-code-barres\/\">\u00e9tiquettes de prix<\/a> et bien plus encore.<\/p>\n<div class=\"column-clear\"><\/div>\n<p class=\"tt-icon icon-export\"><strong>EXPORTER LE CODE QR COMME IMAGE<\/strong><br \/>\nLorsque vous avez cr\u00e9\u00e9 vos codes QR, vous pouvez exporter les pages, les \u00e9tiquettes ou les codes vers les formats graphiques les plus courants, tels que jpg, png et pdf, ainsi que Labeljoy Reader.<\/p>\n","protected":false},"excerpt":{"rendered":"<p>Logiciel de code QR Labeljoy Avec Labeljoy QR code software, vous pouvez g\u00e9n\u00e9rer des codes personnalis\u00e9s qui peuvent effectuer diverses \u00ab\u00a0actions\u00a0\u00bb telles que des liens vers des pages web, la cr\u00e9ation de vCards et le positionnement avec des coordonn\u00e9es g\u00e9ographiques sur Google Maps ! Optimisez votre activit\u00e9 avec les codes QR Un logiciel g\u00e9n\u00e9rateur de &#8230; <a title=\"Logiciel de code QR Labeljoy\" class=\"read-more\" href=\"https:\/\/www.labeljoy.com\/fr\/logiciel-de-code-qr-labeljoy\/\" aria-label=\"En savoir plus sur Logiciel de code QR Labeljoy\">Read more<\/a><\/p>\n","protected":false},"author":8,"featured_media":0,"parent":0,"menu_order":0,"comment_status":"closed","ping_status":"closed","template":"","meta":{"inline_featured_image":false,"_monsterinsights_skip_tracking":false,"_monsterinsights_sitenote_active":false,"_monsterinsights_sitenote_note":"","_monsterinsights_sitenote_category":0,"footnotes":""},"class_list":{"0":"post-39817","1":"page","2":"type-page","3":"status-publish","5":"infinite-scroll-item"},"aioseo_notices":[],"_links":{"self":[{"href":"https:\/\/www.labeljoy.com\/fr\/wp-json\/wp\/v2\/pages\/39817","targetHints":{"allow":["GET"]}}],"collection":[{"href":"https:\/\/www.labeljoy.com\/fr\/wp-json\/wp\/v2\/pages"}],"about":[{"href":"https:\/\/www.labeljoy.com\/fr\/wp-json\/wp\/v2\/types\/page"}],"author":[{"embeddable":true,"href":"https:\/\/www.labeljoy.com\/fr\/wp-json\/wp\/v2\/users\/8"}],"replies":[{"embeddable":true,"href":"https:\/\/www.labeljoy.com\/fr\/wp-json\/wp\/v2\/comments?post=39817"}],"version-history":[{"count":4,"href":"https:\/\/www.labeljoy.com\/fr\/wp-json\/wp\/v2\/pages\/39817\/revisions"}],"predecessor-version":[{"id":45148,"href":"https:\/\/www.labeljoy.com\/fr\/wp-json\/wp\/v2\/pages\/39817\/revisions\/45148"}],"wp:attachment":[{"href":"https:\/\/www.labeljoy.com\/fr\/wp-json\/wp\/v2\/media?parent=39817"}],"curies":[{"name":"wp","href":"https:\/\/api.w.org\/{rel}","templated":true}]}}