{"id":39830,"date":"2023-07-31T10:39:27","date_gmt":"2023-07-31T10:39:27","guid":{"rendered":"https:\/\/www.labeljoy.com\/?page_id=39830"},"modified":"2026-03-06T07:37:06","modified_gmt":"2026-03-06T07:37:06","slug":"comment-generer-un-code-qr","status":"publish","type":"page","link":"https:\/\/www.labeljoy.com\/fr\/comment-generer-un-code-qr\/","title":{"rendered":"Comment g\u00e9n\u00e9rer un code QR?"},"content":{"rendered":"<h1>Comment g\u00e9n\u00e9rer un code QR?<\/h1>\n<p><strong>G\u00e9n\u00e9rer un code QR avec Labeljoy<\/strong> est tr\u00e8s rapide et facile. Labeljoy vous permet de <strong>g\u00e9n\u00e9rer votre code QR personnalis\u00e9<\/strong> de deux mani\u00e8res diff\u00e9rentes : en utilisant l&rsquo;<a title=\"G\u00e9n\u00e9rateur Codes QR\" href=\"https:\/\/www.labeljoy.com\/fr\/qr-code-fr\/generateur-codes-qr\/\">outil de g\u00e9n\u00e9ration de code QR<\/a> (avec lequel vous pouvez g\u00e9n\u00e9rer des codes QR en ligne), ou avec le logiciel de g\u00e9n\u00e9ration de code QR de Labeljoy. <a title=\"T\u00e9l\u00e9chargez gratuitement Labeljoy\" href=\"https:\/\/www.labeljoy.com\/fr\/download-fr\/\">T\u00e9l\u00e9chargez-le gratuitement<\/a> et commencez \u00e0 cr\u00e9er des codes QR \u00e0 l&rsquo;infini <strong>sans connexion Internet active<\/strong>.<br \/>\n<img decoding=\"async\" class=\"aligncenter\" style=\"margin-top: 20px;\" src=\"http:\/\/www.labeljoy.com\/images\/qr-code\/your-own-qrcode.jpg\" alt=\"Comment g\u00e9n\u00e9rer un code QR\" width=\"670\" height=\"200\" \/><\/p>\n<div class=\"column-clear\"><\/div>\n<h2>G\u00e9n\u00e9rer des codes QR hors ligne<\/h2>\n<p>Le logiciel de code QR Labeljoy vous permet de <strong>cr\u00e9er une infinit\u00e9 de codes QR directement sur votre ordinateur<\/strong>, sans avoir besoin d&rsquo;une connexion Internet active. Suivez ces \u00e9tapes pour cr\u00e9er un code QR avec Labeljoy:<br \/>\n<a class=\"hover-item\" title=\"G\u00e9n\u00e9rer des codes QR hors ligne\" href=\"http:\/\/www.labeljoy.com\/images\/qr-code\/fr\/create-qr-code-software.jpg\"><img decoding=\"async\" width=\"1305\" height=\"700\" class=\"aligncenter\" style=\"margin-top: 10px; max-width: 500px;\" src=\"http:\/\/www.labeljoy.com\/images\/qr-code\/fr\/create-qr-code-software.jpg\" alt=\"G\u00e9n\u00e9rer des codes QR hors ligne\" \/><\/a><\/p>\n<ol>\n<li>Ouvrir Labeljoy et choisir la mise en page (facultatif).<\/li>\n<li>Double-cliquer sur un code-barres existant ou ins\u00e9rer un nouveau \u00ab\u00a0code-barres\u00a0\u00bb.<\/li>\n<li>S\u00e9lectionner \u00ab\u00a0Code QR\u00a0\u00bb dans la liste des symboles.<\/li>\n<li>Saisir votre message\/url\/donn\u00e9es dans le champ de texte.<\/li>\n<li>Si vous souhaitez g\u00e9n\u00e9rer un code QR sp\u00e9cifique, comme par exemple une Vcard, un e-mail ou un mot de passe WIFI, utilisez l&rsquo;outil de g\u00e9n\u00e9ration de code QR int\u00e9gr\u00e9.<\/li>\n<\/ol>\n<p>Vous pouvez maintenant exporter votre code QR en cliquant sur \u00ab\u00a0Fichier\u00a0\u00bb &#8211; \u00ab\u00a0Exporter\u00a0\u00bb &#8211; \u00ab\u00a0Code-barres\u00a0\u00bb.<\/p>\n<p style=\"text-align: center;\"><a href=\"\/fr\/download-fr\/\" class=\"jumbo green tt-button\" target=\"_self\"> T\u00e9l\u00e9charger le logiciel g\u00e9n\u00e9rateur de code QR <\/a>\n<div class=\"column-clear\"><\/div>\n<h2>Cr\u00e9er des codes QR en ligne<\/h2>\n<p>Vous pouvez g\u00e9n\u00e9rer des codes QR en ligne avec l&rsquo;<a title=\"G\u00e9n\u00e9rateur Codes QR\" href=\"https:\/\/www.labeljoy.com\/fr\/qr-code-fr\/generateur-codes-qr\/\">outil de g\u00e9n\u00e9ration de codes QR <\/a> de Labeljoy en 3 \u00e9tapes:<\/p>\n<ol>\n<li>S\u00e9lectionnez l&rsquo;action<\/li>\n<li>Saisissez votre message\/url\/date<\/li>\n<li>Cliquez sur \u00ab\u00a0Generate\u00a0\u00bb (G\u00e9n\u00e9rer)<\/li>\n<\/ol>\n<p>Vous pouvez maintenant enregistrer le code QR que vous venez de cr\u00e9er en cliquant avec le bouton droit de la souris sur l&rsquo;image et en s\u00e9lectionnant \u00ab\u00a0Enregistrer l&rsquo;image sous\u00a0\u00bb.<\/p>\n<div class=\"column-clear\"><\/div>\n<h2>G\u00e9n\u00e9rer des codes QR \u00e0 partir de donn\u00e9es externes<\/h2>\n<p><a class=\"hover-item\" title=\"G\u00e9n\u00e9rer des codes QR \u00e0 partir de donn\u00e9es externes\" href=\"http:\/\/www.labeljoy.com\/images\/qr-code\/fr\/make-code-from-database.jpg\"><img decoding=\"async\" width=\"1270\" height=\"604\" class=\"aligncenter\" style=\"margin-top: 10px; max-width: 500px;\" src=\"http:\/\/www.labeljoy.com\/images\/qr-code\/fr\/make-code-from-database.jpg\" alt=\"G\u00e9n\u00e9rer des codes QR \u00e0 partir de donn\u00e9es externes\" \/><\/a><br \/>\nL&rsquo;une des fonctions les plus utiles de Labeljoy vous permet d&rsquo;<a title=\"Importer des donn\u00e9es \u00e0 partir de sources de donn\u00e9es externes\" href=\"https:\/\/www.labeljoy.com\/fr\/videos\/comment-connecter-des-sources-de-donnees-externes\/\">importer des donn\u00e9es \u00e0 partir de sources de donn\u00e9es externes<\/a> telles que Excel, Access, MySql, des fichiers texte, SQLite. Ainsi, il est possible de cr\u00e9er de nombreux codes QR diff\u00e9rents sur la m\u00eame feuille, chacun contenant les donn\u00e9es d&rsquo;un champ de la base de donn\u00e9es. Cette fonction est principalement utilis\u00e9e pour la cr\u00e9ation de <a title=\"Mod\u00e8les de Cartes de visite\" href=\"https:\/\/www.labeljoy.com\/fr\/modeles\/cartes-de-visite\/\">cartes de visite<\/a> et de <a title=\"Mod\u00e8les badges nominatifs\" href=\"https:\/\/www.labeljoy.com\/fr\/modeles\/badges-nominatifs\/\">badges personnalis\u00e9s<\/a>.<\/p>\n","protected":false},"excerpt":{"rendered":"<p>Comment g\u00e9n\u00e9rer un code QR? G\u00e9n\u00e9rer un code QR avec Labeljoy est tr\u00e8s rapide et facile. Labeljoy vous permet de g\u00e9n\u00e9rer votre code QR personnalis\u00e9 de deux mani\u00e8res diff\u00e9rentes : en utilisant l&rsquo;outil de g\u00e9n\u00e9ration de code QR (avec lequel vous pouvez g\u00e9n\u00e9rer des codes QR en ligne), ou avec le logiciel de g\u00e9n\u00e9ration de &#8230; <a title=\"Comment g\u00e9n\u00e9rer un code QR?\" class=\"read-more\" href=\"https:\/\/www.labeljoy.com\/fr\/comment-generer-un-code-qr\/\" aria-label=\"En savoir plus sur Comment g\u00e9n\u00e9rer un code QR?\">Read more<\/a><\/p>\n","protected":false},"author":8,"featured_media":0,"parent":0,"menu_order":0,"comment_status":"closed","ping_status":"closed","template":"","meta":{"inline_featured_image":false,"_monsterinsights_skip_tracking":false,"_monsterinsights_sitenote_active":false,"_monsterinsights_sitenote_note":"","_monsterinsights_sitenote_category":0,"footnotes":""},"class_list":{"0":"post-39830","1":"page","2":"type-page","3":"status-publish","5":"infinite-scroll-item"},"aioseo_notices":[],"_links":{"self":[{"href":"https:\/\/www.labeljoy.com\/fr\/wp-json\/wp\/v2\/pages\/39830","targetHints":{"allow":["GET"]}}],"collection":[{"href":"https:\/\/www.labeljoy.com\/fr\/wp-json\/wp\/v2\/pages"}],"about":[{"href":"https:\/\/www.labeljoy.com\/fr\/wp-json\/wp\/v2\/types\/page"}],"author":[{"embeddable":true,"href":"https:\/\/www.labeljoy.com\/fr\/wp-json\/wp\/v2\/users\/8"}],"replies":[{"embeddable":true,"href":"https:\/\/www.labeljoy.com\/fr\/wp-json\/wp\/v2\/comments?post=39830"}],"version-history":[{"count":2,"href":"https:\/\/www.labeljoy.com\/fr\/wp-json\/wp\/v2\/pages\/39830\/revisions"}],"predecessor-version":[{"id":45136,"href":"https:\/\/www.labeljoy.com\/fr\/wp-json\/wp\/v2\/pages\/39830\/revisions\/45136"}],"wp:attachment":[{"href":"https:\/\/www.labeljoy.com\/fr\/wp-json\/wp\/v2\/media?parent=39830"}],"curies":[{"name":"wp","href":"https:\/\/api.w.org\/{rel}","templated":true}]}}