{"id":39833,"date":"2023-07-31T12:17:49","date_gmt":"2023-07-31T12:17:49","guid":{"rendered":"https:\/\/www.labeljoy.com\/?page_id=39833"},"modified":"2023-08-01T08:17:53","modified_gmt":"2023-08-01T08:17:53","slug":"specification-du-code-qr","status":"publish","type":"page","link":"https:\/\/www.labeljoy.com\/fr\/specification-du-code-qr\/","title":{"rendered":"Sp\u00e9cification du code QR"},"content":{"rendered":"<h1>Sp\u00e9cification du code QR<\/h1>\n<p>Un <strong>code QR<\/strong> (abr\u00e9viation de Quick Response Code) est un code-barres matriciel (ou <strong>code 2D bidimensionnel<\/strong>). Les codes QR sont une \u00e9volution des codes-barres traditionnels.<\/p>\n<div class=\"column-clear\"><\/div>\n<h2>Informations sur le code QR<\/h2>\n<p>Le syst\u00e8me de code QR a \u00e9t\u00e9 invent\u00e9 en 1994 par la soci\u00e9t\u00e9 japonaise Denso Wave. Contrairement aux anciens codes-barres unidimensionnels, les codes QR encodent l&rsquo;information dans deux directions, verticalement et horizontalement. Gr\u00e2ce \u00e0 cela, les codes QR ont une lisibilit\u00e9 plus rapide et <strong>une plus grande capacit\u00e9 de stockage<\/strong> que la plupart des codes-barres ordinaires.<\/p>\n<p style=\"text-align: center\"><a href=\"\/fr\/download-fr\/\" class=\"jumbo green tt-button\" target=\"_self\"> TELECHARGER GRATUITEMENT le g\u00e9n\u00e9rateur de code QR <\/a>\n<div class=\"column-clear\"><\/div>\n<h3>Code QR : Micro et Standard<\/h3>\n<p>Il existe deux types de symboles : Micro QR Code ou Standard QR Code.<\/p>\n<p>Le Micro QR Code est une version plus petite et, selon le contexte et le niveau d&rsquo;erreur, peut repr\u00e9senter jusqu&rsquo;\u00e0 35 chiffres ou 21 caract\u00e8res alphanum\u00e9riques. Il existe 4 versions de Micro QR Code : de Micro QR Code 1 \u00e0 Micro QR Code 4, qui ont une capacit\u00e9 d&rsquo;encodage et une taille diff\u00e9rentes.<\/p>\n<p>Le Standard QR Code peut repr\u00e9senter jusqu&rsquo;\u00e0 7 089 chiffres ou 4 296 caract\u00e8res alphanum\u00e9riques. Il existe 40 versions du code standard : Version 1 \u00e0 Version 40.<\/p>\n<table border=\"0\" width=\"100%\" cellspacing=\"2\" cellpadding=\"2\">\n<tbody>\n<tr>\n<td align=\"center\" valign=\"center\"><img decoding=\"async\" class=\"aligncenter size-full wp-image-783\" alt=\"Micro qr code\" src=\"\/images\/about-qr-code\/micro-qr-code.jpg\" width=\"81\" height=\"82\"><\/td>\n<td align=\"center\" valign=\"center\"><img decoding=\"async\" class=\"aligncenter size-full wp-image-783\" alt=\"Standard qr code\" src=\"\/images\/about-qr-code\/standard-qr-code.jpg\" width=\"81\" height=\"82\"><\/td>\n<\/tr>\n<tr>\n<td align=\"center\" valign=\"center\"><span style=\"font-size: small\">Micro QR Code<\/span><\/td>\n<td align=\"center\" valign=\"center\"><span style=\"font-size: small\">Standard QR Code<\/span><\/td>\n<\/tr>\n<\/tbody>\n<\/table>\n<div class=\"column-clear\"><\/div>\n<h3>Code QR : Encodage<\/h3>\n<p>Labeljoy permet de d\u00e9finir l&rsquo;algorithme de codage \u00e0 utiliser pour obtenir la meilleure compression possible des donn\u00e9es, afin de r\u00e9duire l&rsquo;espace n\u00e9cessaire \u00e0 l&rsquo;affichage du symbole. Les options disponibles sont les suivantes:<\/p>\n<ul>\n<li>(Mixte) : param\u00e8tre par d\u00e9faut. Active l&rsquo;encodage des donn\u00e9es en utilisant une combinaison de tous les modes d&rsquo;encodage suivants en fonction du type de donn\u00e9es trouv\u00e9es.<\/li>\n<p>Normalement, ce param\u00e8tre produit les meilleurs r\u00e9sultats.<\/p>\n<li>Num\u00e9rique : permet l&rsquo;encodage des chiffres de 0 \u00e0 9.<\/li>\n<li>Alphanum\u00e9rique : permet d&rsquo;encoder les chiffres, les lettres majuscules et certains caract\u00e8res sp\u00e9ciaux. Convient mieux aux codes alphanum\u00e9riques avec texte en majuscules.<\/li>\n<li>Hex (cha\u00eene) : permet d&rsquo;encoder les caract\u00e8res en ASCII. Convient mieux aux codes alphanum\u00e9riques avec des lettres minuscules.<\/li>\n<li>Hex (octet) : codage sp\u00e9cifique pour les donn\u00e9es sur les octets entre 0 et 255. En utilisant cet algorithme de codage, il est possible de coder n&rsquo;importe quelle valeur entre 0x00 et 0xFF (d\u00e9cimales 0 ~ 255). Pour utiliser ce codage, il est n\u00e9cessaire d&rsquo;ins\u00e9rer une cha\u00eene contenant les valeurs hexad\u00e9cimales \u00e0 deux chiffres s\u00e9par\u00e9es par un espace : Exemple : 32 FA 56 E8 12 &#8230; etc.<\/li>\n<li>Kanji : permet d&rsquo;encoder les caract\u00e8res dans le syst\u00e8me Shift JIS utilis\u00e9 pour afficher les caract\u00e8res japonais.<\/li>\n<\/ul>\n<table width=\"100%\" cellspacing=\"0\" cellpadding=\"0\">\n<tbody>\n<tr>\n<td colspan=\"2\" align=\"middle\" valign=\"center\" style=\"max-width: 0;overflow: hidden\"><span style=\"font-size: small\">Code QR encodage:<br \/>\n012345678901234567890123456789012345678901234567890123456789012345678901234567890123456789<\/span><\/td>\n<\/tr>\n<tr>\n<td align=\"center\" valign=\"center\"><img decoding=\"async\" class=\"aligncenter\" alt=\"Codage num\u00e9rique\" src=\"\/images\/about-qr-code\/numeric-encoding-qr-code.jpg\" width=\"134\" height=\"134\"><\/td>\n<td align=\"center\" valign=\"center\"><img decoding=\"async\" class=\"aligncenter size-full wp-image-786\" alt=\"Octet d'encodage\" src=\"\/images\/about-qr-code\/byte-encoding-qr-code.jpg\" width=\"134\" height=\"134\"><\/td>\n<\/tr>\n<tr>\n<td align=\"center\" valign=\"center\"><span style=\"font-size: small\">Codage num\u00e9rique<\/span><\/td>\n<td align=\"center\" valign=\"center\"><span style=\"font-size: small\">Octet d&rsquo;encodage (cha\u00eene)<\/span><\/td>\n<\/tr>\n<\/tbody>\n<\/table>\n<div class=\"column-clear\"><\/div>\n<h3>Code QR: Taille du symbole<\/h3>\n<p>Labeljoy vous permet d&rsquo;introduire la taille minimale du symbole. L&rsquo;architecture du code QR affiche les donn\u00e9es dans un carr\u00e9. La taille du carr\u00e9 d\u00e9pend de la quantit\u00e9 de donn\u00e9es encod\u00e9es.<\/p>\n<p>Normalement, le symbole est g\u00e9n\u00e9r\u00e9 avec la plus petite taille possible n\u00e9cessaire pour repr\u00e9senter les donn\u00e9es encod\u00e9es. Dans certains cas, il peut \u00eatre n\u00e9cessaire d&rsquo;augmenter la taille pour que tous les symboles imprim\u00e9s aient la m\u00eame dimension, quelle que soit la quantit\u00e9 de donn\u00e9es encod\u00e9es. Par exemple, si vous connectez un code QR \u00e0 un <a href=\"https:\/\/www.labeljoy.com\/fr\/videos\/comment-charger-des-donnees-a-partir-dexcel\/\" title=\"Comment charger des donn\u00e9es \u00e0 partir d\u2019Excel\">champ d&rsquo;adresse provenant d&rsquo;une base de donn\u00e9es externe<\/a>, vous devrez peut-\u00eatre d\u00e9finir la taille manuellement, quelle que soit la longueur de l&rsquo;adresse, afin de vous assurer que tous les symboles sont identiques.<\/p>\n<table border=\"0\" width=\"100%\" cellspacing=\"2\" cellpadding=\"2\">\n<tbody>\n<tr>\n<td colspan=\"2\" align=\"center\" valign=\"center\"><span style=\"font-size: small\">Code QR encodage:<br \/>\nhttp:\/\/www.labeljoy.com\/free-label-software\/<\/span><\/td>\n<\/tr>\n<tr>\n<td align=\"center\" valign=\"center\"><img decoding=\"async\" class=\"aligncenter size-thumbnail wp-image-792\" alt=\"Avec dimensionnement\" src=\"\/images\/about-qr-code\/auto-size.jpg\" width=\"150\" height=\"150\"><\/td>\n<td align=\"center\" valign=\"center\"><img decoding=\"async\" class=\"aligncenter size-thumbnail wp-image-791\" alt=\"Avec mise \u00e0 l'\u00e9chelle minimale de la version 10\" src=\"\/images\/about-qr-code\/10-size.jpg\" width=\"150\" height=\"150\"><\/td>\n<\/tr>\n<tr>\n<td align=\"center\" valign=\"center\"><span style=\"font-size: small\">Avec dimensionnement (Auto)<\/span><\/td>\n<td align=\"center\" valign=\"center\"><span style=\"font-size: small\">Avec mise \u00e0 l&rsquo;\u00e9chelle minimale de la version 10<\/span><\/td>\n<\/tr>\n<\/tbody>\n<\/table>\n<div class=\"column-clear\"><\/div>\n<h3>Code QR : Correction des erreurs<\/h3>\n<p>La norme du code QR permet de choisir entre 4 niveaux de r\u00e9cup\u00e9ration diff\u00e9rents parmi les montants de dommages suivants:<\/p>\n<ul>\n<li>L : capacit\u00e9 de r\u00e9cup\u00e9ration de 7%.<\/li>\n<li>M (par d\u00e9faut) : 15% de capacit\u00e9 de r\u00e9cup\u00e9ration.<\/li>\n<li>Q : capacit\u00e9 de r\u00e9cup\u00e9ration de 25%.<\/li>\n<li>H : capacit\u00e9 de r\u00e9cup\u00e9ration de 30%.<\/li>\n<\/ul>\n<p>Les codes QR mettent en \u0153uvre une correction d&rsquo;erreur pour garantir la lisibilit\u00e9 des symboles partiellement endommag\u00e9s. Plus le niveau de correction d&rsquo;erreur est \u00e9lev\u00e9, plus la taille du symbole n\u00e9cessaire pour encoder les m\u00eames donn\u00e9es est importante.<\/p>\n<table border=\"0\" width=\"100%\" cellspacing=\"2\" cellpadding=\"2\">\n<tbody>\n<tr>\n<td colspan=\"2\" align=\"center\" valign=\"center\"><span style=\"font-size: small\">Code QR encodage:<br \/>\nhttp:\/\/www.labeljoy.com\/free-label-software\/<\/span><\/td>\n<\/tr>\n<tr>\n<td align=\"center\" valign=\"center\"><img decoding=\"async\" class=\"aligncenter size-thumbnail wp-image-794\" alt=\"Avec correction d'erreur de niveau L\" src=\"\/images\/about-qr-code\/l-error.jpg\" width=\"150\" height=\"150\"><\/td>\n<td align=\"center\" valign=\"center\"><img decoding=\"async\" class=\"aligncenter size-thumbnail wp-image-788\" alt=\"Avec correction d'erreur de niveau Q\" src=\"\/images\/about-qr-code\/q-error.jpg\" width=\"150\" height=\"150\"><\/td>\n<\/tr>\n<tr>\n<td align=\"center\" valign=\"center\"><span style=\"font-size: small\">Avec correction d&rsquo;erreur de niveau L<\/span><\/td>\n<td align=\"center\" valign=\"center\"><span style=\"font-size: small\">Avec correction d&rsquo;erreur de niveau Q<br \/>\n<\/span><\/td>\n<\/tr>\n<\/tbody>\n<\/table>\n","protected":false},"excerpt":{"rendered":"<p>Sp\u00e9cification du code QR Un code QR (abr\u00e9viation de Quick Response Code) est un code-barres matriciel (ou code 2D bidimensionnel). Les codes QR sont une \u00e9volution des codes-barres traditionnels. Informations sur le code QR Le syst\u00e8me de code QR a \u00e9t\u00e9 invent\u00e9 en 1994 par la soci\u00e9t\u00e9 japonaise Denso Wave. Contrairement aux anciens codes-barres unidimensionnels, &#8230; <a title=\"Sp\u00e9cification du code QR\" class=\"read-more\" href=\"https:\/\/www.labeljoy.com\/fr\/specification-du-code-qr\/\" aria-label=\"En savoir plus sur Sp\u00e9cification du code QR\">Read more<\/a><\/p>\n","protected":false},"author":8,"featured_media":0,"parent":0,"menu_order":0,"comment_status":"closed","ping_status":"closed","template":"","meta":{"inline_featured_image":false,"_monsterinsights_skip_tracking":false,"_monsterinsights_sitenote_active":false,"_monsterinsights_sitenote_note":"","_monsterinsights_sitenote_category":0,"footnotes":""},"class_list":{"0":"post-39833","1":"page","2":"type-page","3":"status-publish","5":"infinite-scroll-item"},"aioseo_notices":[],"_links":{"self":[{"href":"https:\/\/www.labeljoy.com\/fr\/wp-json\/wp\/v2\/pages\/39833","targetHints":{"allow":["GET"]}}],"collection":[{"href":"https:\/\/www.labeljoy.com\/fr\/wp-json\/wp\/v2\/pages"}],"about":[{"href":"https:\/\/www.labeljoy.com\/fr\/wp-json\/wp\/v2\/types\/page"}],"author":[{"embeddable":true,"href":"https:\/\/www.labeljoy.com\/fr\/wp-json\/wp\/v2\/users\/8"}],"replies":[{"embeddable":true,"href":"https:\/\/www.labeljoy.com\/fr\/wp-json\/wp\/v2\/comments?post=39833"}],"version-history":[{"count":2,"href":"https:\/\/www.labeljoy.com\/fr\/wp-json\/wp\/v2\/pages\/39833\/revisions"}],"predecessor-version":[{"id":39855,"href":"https:\/\/www.labeljoy.com\/fr\/wp-json\/wp\/v2\/pages\/39833\/revisions\/39855"}],"wp:attachment":[{"href":"https:\/\/www.labeljoy.com\/fr\/wp-json\/wp\/v2\/media?parent=39833"}],"curies":[{"name":"wp","href":"https:\/\/api.w.org\/{rel}","templated":true}]}}