{"id":39836,"date":"2023-07-31T12:29:11","date_gmt":"2023-07-31T12:29:11","guid":{"rendered":"https:\/\/www.labeljoy.com\/?page_id=39836"},"modified":"2026-03-06T08:17:37","modified_gmt":"2026-03-06T08:17:37","slug":"generer-des-etiquettes-avec-codes-qr","status":"publish","type":"page","link":"https:\/\/www.labeljoy.com\/fr\/generer-des-etiquettes-avec-codes-qr\/","title":{"rendered":"G\u00e9n\u00e9rer des \u00e9tiquettes avec codes QR"},"content":{"rendered":"<h1>G\u00e9n\u00e9rer des \u00e9tiquettes avec codes QR<\/h1>\n<p>Si vous souhaitez cr\u00e9er des codes QR isol\u00e9s, utilisez notre <a title=\"G\u00e9n\u00e9rateur de codes QR en ligne\" href=\"https:\/\/www.labeljoy.com\/fr\/qr-code-fr\/generateur-codes-qr\/\">g\u00e9n\u00e9rateur de codes QR en ligne<\/a>. Si vous souhaitez <strong>cr\u00e9er et imprimer des \u00e9tiquettes de codes QR<\/strong> avec du texte, des images et <a title=\"Comment connecter des sources de donn\u00e9es externes\" href=\"https:\/\/www.labeljoy.com\/fr\/videos\/comment-connecter-des-sources-de-donnees-externes\/\">importer des donn\u00e9es \u00e0 partir de sources de donn\u00e9es externes<\/a>, le logiciel Labeljoy est la solution id\u00e9ale.<\/p>\n<div class=\"column-clear\"><\/div>\n<h2>Il miglio software per QR Code ed etichette<\/h2>\n<p>Importez des donn\u00e9es de code QR depuis des sources de donn\u00e9es vers vos \u00e9tiquettes<br \/>\n<img decoding=\"async\" class=\"alignright\" src=\"http:\/\/www.labeljoy.com\/images\/qr-code\/qr-code-labels.jpg\" alt=\"QR Code Labels\" width=\"280\" height=\"222\" \/><\/p>\n<ul>\n<li>Labeljoy vous permet de <strong>connecter rapidement et facilement des \u00e9tiquettes QR Code \u00e0 diff\u00e9rents types de sources<\/strong> de donn\u00e9es.<\/li>\n<li>Labeljoy fournit un guide pour <a title=\"Cr\u00e9er des QR Code en important des donn\u00e9es \u00e0 partir de Excel\" href=\"https:\/\/www.labeljoy.com\/fr\/videos\/comment-charger-des-donnees-a-partir-dexcel\/\">cr\u00e9er des QR Code en important des donn\u00e9es \u00e0 partir de Excel<\/a>, des fichiers texte, des fichiers CSV, Access.<\/li>\n<li>Importez des contacts \u00e0 partir de Windows Mail, Outlook et SQLite.<\/li>\n<li>Importez des donn\u00e9es \u00e0 partir de bases de donn\u00e9es professionnelles telles que MySQL et Oracle.<\/li>\n<li>Importa dati da database professionali come mySQL e Oracle.<\/li>\n<\/ul>\n<div class=\"column-clear\"><\/div>\n<p style=\"text-align: center;\"><a href=\"\/fr\/download-fr\/\" class=\"jumbo green tt-button\" target=\"_self\">T\u00c9L\u00c9CHARGER GRATUITEMENT LE LOGICIEL DE CODE QR<\/a>\n<div class=\"column-clear\"><\/div>\n<h2>Comment cr\u00e9er des \u00e9tiquettes QR Code avec Labeljoy<\/h2>\n<p>Labeljoy vous permet de cr\u00e9er facilement des \u00e9tiquettes de code QR. T\u00e9l\u00e9chargez et installez Labeljoy sur votre ordinateur, ouvrez Labeljoy:<\/p>\n<p><a title=\"Mod\u00e8les d\u2019\u00e9tiquettes de vin\" href=\"https:\/\/www.labeljoy.com\/fr\/modeles\/etiquettes-vin\/\"><img decoding=\"async\" class=\" alignright\" src=\"http:\/\/www.labeljoy.com\/images\/qr-code\/wine-qrcode.jpg\" alt=\"Mod\u00e8les d\u2019\u00e9tiquettes de vin\" width=\"211\" height=\"364\" \/><\/a><\/p>\n<ol>\n<li>Cliquez sur \u00ab\u00a0Nouveau\u00a0\u00bb code-barres dans la barre d&rsquo;outils de gauche.<\/li>\n<li>S\u00e9lectionnez \u00ab\u00a0QR Code\u00a0\u00bb dans le menu d\u00e9roulant d&rsquo;insertion du code-barres.<\/li>\n<li>Indiquez la position o\u00f9 vous souhaitez ins\u00e9rer le code QR sur l&rsquo;\u00e9tiquette.<\/li>\n<li>Double-cliquez sur le nouveau code QR pour d\u00e9finir l&rsquo;encodage, la taille et le niveau de correction d&rsquo;erreur.<\/li>\n<li>Tapez ou collez le texte dans le champ ci-dessous, ajoutez des compteurs, des r\u00e9f\u00e9rences ou des donn\u00e9es provenant de bases de donn\u00e9es externes.<\/li>\n<li>Enfin, cliquez sur OK pour g\u00e9n\u00e9rer automatiquement le code QR.<\/li>\n<li>Modifiez la taille du code directement sur l&rsquo;\u00e9tiquette.<\/li>\n<\/ol>\n<a href=\"\/fr\/modeles\/etiquettes-vin\/\" class=\"large orange tt-button\" target=\"_self\">Mod\u00e8les d&rsquo;\u00e9tiquettes de vin<\/a>\n","protected":false},"excerpt":{"rendered":"<p>G\u00e9n\u00e9rer des \u00e9tiquettes avec codes QR Si vous souhaitez cr\u00e9er des codes QR isol\u00e9s, utilisez notre g\u00e9n\u00e9rateur de codes QR en ligne. Si vous souhaitez cr\u00e9er et imprimer des \u00e9tiquettes de codes QR avec du texte, des images et importer des donn\u00e9es \u00e0 partir de sources de donn\u00e9es externes, le logiciel Labeljoy est la solution &#8230; <a title=\"G\u00e9n\u00e9rer des \u00e9tiquettes avec codes QR\" class=\"read-more\" href=\"https:\/\/www.labeljoy.com\/fr\/generer-des-etiquettes-avec-codes-qr\/\" aria-label=\"En savoir plus sur G\u00e9n\u00e9rer des \u00e9tiquettes avec codes QR\">Read more<\/a><\/p>\n","protected":false},"author":8,"featured_media":0,"parent":0,"menu_order":0,"comment_status":"closed","ping_status":"closed","template":"","meta":{"inline_featured_image":false,"_monsterinsights_skip_tracking":false,"_monsterinsights_sitenote_active":false,"_monsterinsights_sitenote_note":"","_monsterinsights_sitenote_category":0,"footnotes":""},"class_list":{"0":"post-39836","1":"page","2":"type-page","3":"status-publish","5":"infinite-scroll-item"},"aioseo_notices":[],"_links":{"self":[{"href":"https:\/\/www.labeljoy.com\/fr\/wp-json\/wp\/v2\/pages\/39836","targetHints":{"allow":["GET"]}}],"collection":[{"href":"https:\/\/www.labeljoy.com\/fr\/wp-json\/wp\/v2\/pages"}],"about":[{"href":"https:\/\/www.labeljoy.com\/fr\/wp-json\/wp\/v2\/types\/page"}],"author":[{"embeddable":true,"href":"https:\/\/www.labeljoy.com\/fr\/wp-json\/wp\/v2\/users\/8"}],"replies":[{"embeddable":true,"href":"https:\/\/www.labeljoy.com\/fr\/wp-json\/wp\/v2\/comments?post=39836"}],"version-history":[{"count":2,"href":"https:\/\/www.labeljoy.com\/fr\/wp-json\/wp\/v2\/pages\/39836\/revisions"}],"predecessor-version":[{"id":45154,"href":"https:\/\/www.labeljoy.com\/fr\/wp-json\/wp\/v2\/pages\/39836\/revisions\/45154"}],"wp:attachment":[{"href":"https:\/\/www.labeljoy.com\/fr\/wp-json\/wp\/v2\/media?parent=39836"}],"curies":[{"name":"wp","href":"https:\/\/api.w.org\/{rel}","templated":true}]}}