{"id":40001,"date":"2023-10-05T14:00:32","date_gmt":"2023-10-05T14:00:32","guid":{"rendered":"https:\/\/www.labeljoy.com\/?page_id=40001"},"modified":"2025-01-23T14:09:35","modified_gmt":"2025-01-23T14:09:35","slug":"labeljoy-6-presentation-du-logiciel","status":"publish","type":"page","link":"https:\/\/www.labeljoy.com\/fr\/videos\/labeljoy-6-presentation-du-logiciel\/","title":{"rendered":"Labeljoy 6 \u2013 Pr\u00e9sentation du logiciel"},"content":{"rendered":"<h1>Pr\u00e9sentation du logiciel de codes-barres Labeljoy 6 pour l&rsquo;impression d&rsquo;\u00e9tiquettes personnalis\u00e9es<\/h1>\n<p><span style=\"font-weight: 400;\"><strong>Labeljoy 6 est un logiciel professionnel de cr\u00e9ation d&rsquo;\u00e9tiquettes qui exploite tout le potentiel de la technologie des codes-barres<\/strong>. Dot\u00e9 d&rsquo;une interface intuitive, il permet de g\u00e9n\u00e9rer des \u00e9tiquettes personnalis\u00e9es en quelques clics. La large gamme de codes-barres pris en charge, associ\u00e9e \u00e0 la possibilit\u00e9 d&rsquo;importer des donn\u00e9es \u00e0 partir de bases de donn\u00e9es externes, fait de Labeljoy 6 l&rsquo;outil id\u00e9al pour automatiser la cr\u00e9ation d&rsquo;\u00e9tiquettes dans tous les domaines, de la logistique \u00e0 la production.<\/span><\/p>\n<p>Veuillez consulter notre <a title=\"Mod\u00e8les d\u2019\u00e9tiquettes gratuits\" href=\"https:\/\/www.labeljoy.com\/fr\/modeles\/etiquettes-gratuits\/\">biblioth\u00e8que de mod\u00e8les<\/a> organis\u00e9s par cat\u00e9gorie. Vous pouvez commencer \u00e0 utiliser Labeljoy 6 en modifiant les mod\u00e8les d\u00e9j\u00e0 cr\u00e9\u00e9s ;<\/p>\n<p>Comme illustr\u00e9 dans la vid\u00e9o, la cr\u00e9ation d&rsquo;\u00e9tiquettes personnalis\u00e9es est tr\u00e8s simple :<\/p>\n<ul>\n<li>Choisissez ou d\u00e9finissez votre <a title=\"Comment g\u00e9rer et choisir les mises en page\" href=\"https:\/\/www.labeljoy.com\/fr\/videos\/comment-gerer-et-choisir-les-mises-en-page\/\">mise en page<\/a><\/li>\n<li>Ins\u00e9rez du texte, des images et des codes-barres<\/li>\n<li>Imprimez avec n&rsquo;importe quelle <a title=\"Imprimer avec des imprimantes de rouleau\" href=\"https:\/\/www.labeljoy.com\/fr\/videos\/comment-imprimer-avec-des-imprimantes-de-rouleau\/\">imprimante install\u00e9e<\/a><\/li>\n<\/ul>\n<p>Vous pouvez \u00e9galement <a title=\"Connexion des sources de donn\u00e9es externes\" href=\"https:\/\/www.labeljoy.com\/fr\/videos\/comment-connecter-des-sources-de-donnees-externes\/\">connecter des bases de donn\u00e9es externes<\/a> telles qu&rsquo;<a title=\"Charger des donn\u00e9es \u00e0 partir d\u2019Excel\" href=\"https:\/\/www.labeljoy.com\/fr\/videos\/comment-charger-des-donnees-a-partir-dexcel\/\">Excel<\/a>, Outlook, SQL\u2026 ins\u00e9rer <a title=\"G\u00e9n\u00e9rer un code \u00e0 barres et code QR\" href=\"https:\/\/www.labeljoy.com\/fr\/videos\/generer-un-code-a-barres-et-code-qr\/\">des codes QR<\/a> et des codes-barres g\u00e9n\u00e9r\u00e9s automatiquement par le logiciel, et utiliser des <a title=\"Mise \u00e0 jour dynamique des donn\u00e9es\" href=\"https:\/\/www.labeljoy.com\/fr\/videos\/mise-a-jour-dynamique-des-donnees\/\">champs dynamiques<\/a> et des <a title=\"Utiliser les compteurs incr\u00e9mentaux\" href=\"https:\/\/www.labeljoy.com\/fr\/videos\/comment-utiliser-les-compteurs-incrementaux\/\">compteurs<\/a>.<\/p>\n<p><a title=\"T\u00e9l\u00e9chargez la version gratuite\" href=\"https:\/\/www.labeljoy.com\/fr\/download-fr\/\">T\u00e9l\u00e9chargez la version gratuite<\/a> et d\u00e9couvrez toutes les fonctionnalit\u00e9s du logiciel d&rsquo;impression et d&rsquo;\u00e9tiquetage professionnel Labeljoy 6.<\/p>\n<div class=\"lyte-wrapper\" title=\"Labeljoy 6 : Pr&eacute;sentation du logiciel de codes-barres\" style=\"width:640px;max-width:100%;margin:5px;\"><div class=\"lyMe\" id=\"WYL_aSIiwAZrgmA\" itemprop=\"video\" itemscope itemtype=\"https:\/\/schema.org\/VideoObject\"><div><meta itemprop=\"thumbnailUrl\" content=\"https:\/\/www.labeljoy.com\/wp-content\/plugins\/wp-youtube-lyte\/lyteCache.php?origThumbUrl=https%3A%2F%2Fi.ytimg.com%2Fvi%2FaSIiwAZrgmA%2Fhqdefault.jpg\" \/><meta itemprop=\"embedURL\" content=\"https:\/\/www.youtube.com\/embed\/aSIiwAZrgmA\" \/><meta itemprop=\"duration\" content=\"PT3M2S\" \/><meta itemprop=\"uploadDate\" content=\"2020-03-25T23:50:16Z\" \/><\/div><div id=\"lyte_aSIiwAZrgmA\" data-src=\"https:\/\/www.labeljoy.com\/wp-content\/plugins\/wp-youtube-lyte\/lyteCache.php?origThumbUrl=https%3A%2F%2Fi.ytimg.com%2Fvi%2FaSIiwAZrgmA%2Fhqdefault.jpg\" class=\"pL\"><div class=\"tC\"><div class=\"tT\" itemprop=\"name\">Labeljoy 6 : Pr\u00e9sentation du logiciel de codes-barres<\/div><\/div><div class=\"play\"><\/div><div class=\"ctrl\"><div class=\"Lctrl\"><\/div><div class=\"Rctrl\"><\/div><\/div><\/div><noscript><a href=\"https:\/\/youtu.be\/aSIiwAZrgmA\" rel=\"nofollow\"><img decoding=\"async\" src=\"https:\/\/www.labeljoy.com\/wp-content\/plugins\/wp-youtube-lyte\/lyteCache.php?origThumbUrl=https%3A%2F%2Fi.ytimg.com%2Fvi%2FaSIiwAZrgmA%2F0.jpg\" alt=\"Labeljoy 6 : Pr&eacute;sentation du logiciel de codes-barres\" width=\"640\" height=\"340\" \/><br \/>Lire cette vid\u00e9o sur YouTube<\/a><\/noscript><meta itemprop=\"description\" content=\"Cette vid\u00e9o pr\u00e9sente les principales fonctionnalit\u00e9s du logiciel d&#039;\u00e9tiquetage professionnel Labeljoy 6. Avec son interface intuitive, Labeljoy 6 est un logiciel g\u00e9n\u00e9rateur de codes-barres qui vous permet de cr\u00e9er des \u00e9tiquettes professionnelles et personnelles en quelques clics. Regardez et apprenez \u00e0 quel point il est facile de cr\u00e9er des \u00e9tiquettes personnalis\u00e9es : commencez par d\u00e9finir la mise en page, ins\u00e9rez des images, des textes et des codes-barres, puis imprimez sur n&#039;importe quelle imprimante install\u00e9e. De plus, Labeljoy peut se connecter \u00e0 des bases de donn\u00e9es externes telles qu&#039;Excel, Outlook, SQL... utiliser des champs dynamiques qui peuvent \u00eatre mis \u00e0 jour en temps r\u00e9el \u00e0 partir de votre base de donn\u00e9es personnelle, et g\u00e9n\u00e9rer automatiquement des codes QR et des codes-barres lin\u00e9aires. Labeljoy permet d&#039;exporter des \u00e9tiquettes et des codes-barres dans des formats graphiques courants tels que JPG, png, GIF et PDF. Pour en savoir plus : https:\/\/www.labeljoy.com\/fr\/caracteristiques\/\"><\/div><\/div><div class=\"lL\" style=\"max-width:100%;width:640px;margin:5px;\"><\/div>\n<div class=\"lj-video-button hide\">\n  <a href=\"https:\/\/www.youtube.com\/embed\/aSIiwAZrgmA?rel=0&autoplay=1\" data-featherlight=\"iframe\" data-featherlight-iframe-width=\"800\" data-featherlight-iframe-height=\"610\" data-featherlight-iframe-frameborder=\"0\" data-featherlight-iframe-allow=\"autoplay; encrypted-media\" data-featherlight-iframe-allowfullscreen=\"true\" title=\"Voir la vid\u00e9o\">Voir la vid\u00e9o <i class=\"fa fa-play-circle fa-2x\"><\/i><\/a>\n<\/div>\n","protected":false},"excerpt":{"rendered":"<p>Pr\u00e9sentation du logiciel de codes-barres Labeljoy 6 pour l&rsquo;impression d&rsquo;\u00e9tiquettes personnalis\u00e9es Labeljoy 6 est un logiciel professionnel de cr\u00e9ation d&rsquo;\u00e9tiquettes qui exploite tout le potentiel de la technologie des codes-barres. Dot\u00e9 d&rsquo;une interface intuitive, il permet de g\u00e9n\u00e9rer des \u00e9tiquettes personnalis\u00e9es en quelques clics. La large gamme de codes-barres pris en charge, associ\u00e9e \u00e0 la &#8230; <a title=\"Labeljoy 6 \u2013 Pr\u00e9sentation du logiciel\" class=\"read-more\" href=\"https:\/\/www.labeljoy.com\/fr\/videos\/labeljoy-6-presentation-du-logiciel\/\" aria-label=\"En savoir plus sur Labeljoy 6 \u2013 Pr\u00e9sentation du logiciel\">Read more<\/a><\/p>\n","protected":false},"author":8,"featured_media":0,"parent":30104,"menu_order":0,"comment_status":"closed","ping_status":"closed","template":"","meta":{"inline_featured_image":false,"_monsterinsights_skip_tracking":false,"_monsterinsights_sitenote_active":false,"_monsterinsights_sitenote_note":"","_monsterinsights_sitenote_category":0,"footnotes":""},"class_list":{"0":"post-40001","1":"page","2":"type-page","3":"status-publish","5":"infinite-scroll-item"},"aioseo_notices":[],"_links":{"self":[{"href":"https:\/\/www.labeljoy.com\/fr\/wp-json\/wp\/v2\/pages\/40001","targetHints":{"allow":["GET"]}}],"collection":[{"href":"https:\/\/www.labeljoy.com\/fr\/wp-json\/wp\/v2\/pages"}],"about":[{"href":"https:\/\/www.labeljoy.com\/fr\/wp-json\/wp\/v2\/types\/page"}],"author":[{"embeddable":true,"href":"https:\/\/www.labeljoy.com\/fr\/wp-json\/wp\/v2\/users\/8"}],"replies":[{"embeddable":true,"href":"https:\/\/www.labeljoy.com\/fr\/wp-json\/wp\/v2\/comments?post=40001"}],"version-history":[{"count":4,"href":"https:\/\/www.labeljoy.com\/fr\/wp-json\/wp\/v2\/pages\/40001\/revisions"}],"predecessor-version":[{"id":42904,"href":"https:\/\/www.labeljoy.com\/fr\/wp-json\/wp\/v2\/pages\/40001\/revisions\/42904"}],"up":[{"embeddable":true,"href":"https:\/\/www.labeljoy.com\/fr\/wp-json\/wp\/v2\/pages\/30104"}],"wp:attachment":[{"href":"https:\/\/www.labeljoy.com\/fr\/wp-json\/wp\/v2\/media?parent=40001"}],"curies":[{"name":"wp","href":"https:\/\/api.w.org\/{rel}","templated":true}]}}