{"id":40048,"date":"2023-10-12T09:23:47","date_gmt":"2023-10-12T09:23:47","guid":{"rendered":"https:\/\/www.labeljoy.com\/?page_id=40048"},"modified":"2023-10-17T14:00:45","modified_gmt":"2023-10-17T14:00:45","slug":"gs1-data-matrix","status":"publish","type":"page","link":"https:\/\/www.labeljoy.com\/fr\/assistance\/guide-codes-barres\/gs1-data-matrix\/","title":{"rendered":"GS1 Data Matrix"},"content":{"rendered":"<h1>Code-barres GS1 Data Matrix<\/h1>\n<blockquote><p>GS1 Data Matrix est un type de <strong>code-barres bidimensionnel<\/strong> utilis\u00e9 pour encoder des informations destin\u00e9es \u00e0 \u00eatre lues par des dispositifs de lecture tels que les lecteurs de codes-barres. Il a \u00e9t\u00e9 d\u00e9velopp\u00e9 par GS1, une organisation internationale qui d\u00e9veloppe des normes d&rsquo;encodage de donn\u00e9es dans les secteurs de la cha\u00eene d&rsquo;approvisionnement et de la logistique.<\/p><\/blockquote>\n<p>Voici quelques informations essentielles sur le GS1 Data Matrix:<\/p>\n<ol>\n<li><strong>Structure<\/strong>: GS1 Data Matrix est une matrice bidimensionnelle compos\u00e9e d&rsquo;une s\u00e9rie de points (ou cellules) dispos\u00e9s en lignes et en colonnes. Chaque point peut \u00eatre blanc ou noir, et la disposition de ces points repr\u00e9sente les donn\u00e9es encod\u00e9es.<\/li>\n<li><strong>Encodage des donn\u00e9es<\/strong>: GS1 Data Matrix peut encoder divers types de donn\u00e9es, notamment des num\u00e9ros de lot, des dates de p\u00e9remption, des num\u00e9ros de s\u00e9rie et d&rsquo;autres informations relatives au produit. Elle peut \u00e9galement contenir des informations relatives \u00e0 l&rsquo;identification unique des produits \u00e0 l&rsquo;aide des codes GS1 (tels que le GTIN &#8211; Global Trade Item Number).<\/li>\n<li><strong>Utilisation<\/strong>: GS1 Data Matrix est largement utilis\u00e9 dans de nombreux secteurs, notamment l&rsquo;alimentation, les produits pharmaceutiques, l&rsquo;automobile et d&rsquo;autres industries de la cha\u00eene d&rsquo;approvisionnement. Elle permet de suivre et d&rsquo;identifier les produits, de faciliter la gestion des stocks, de garantir la conformit\u00e9 r\u00e9glementaire et d&rsquo;am\u00e9liorer l&rsquo;efficacit\u00e9 des op\u00e9rations de fabrication et de logistique.<\/li>\n<li><strong>Dimensions<\/strong>: La taille de GS1 Data Matrix peut varier en fonction des besoins. Elle peut \u00eatre tr\u00e8s r\u00e9duite, pour les objets de petite taille, ou plus grande pour contenir plus d&rsquo;informations. La capacit\u00e9 de stockage des donn\u00e9es peut varier en cons\u00e9quence.<\/li>\n<li><strong>Diffusion<\/strong>: GS1 Data Matrix est largement utilis\u00e9 dans le monde entier et constitue une norme reconnue dans les industries. Son adoption a \u00e9t\u00e9 encourag\u00e9e par l&rsquo;organisation GS1, qui a \u00e9labor\u00e9 des lignes directrices pour l&rsquo;utilisation efficace de ce code-barres dans diverses industries.<\/li>\n<\/ol>\n<p>En r\u00e9sum\u00e9, <strong>GS1 Data Matrix<\/strong> est un type de code-barres bidimensionnel utilis\u00e9 pour encoder un large \u00e9ventail d&rsquo;informations sur les produits et les biens. Il s&rsquo;agit d&rsquo;un \u00e9l\u00e9ment cl\u00e9 de la gestion de la cha\u00eene d&rsquo;approvisionnement et du suivi des produits dans de nombreux secteurs.<\/p>\n<div class=\"column-clear\"><\/div>\n<h2>Symbole GS1 Data Matrix<\/h2>\n<p><img decoding=\"async\" src=\"https:\/\/www.labeljoy.com\/wp-content\/uploads\/2023\/10\/codice_a_barre_gs1_data_matrix.png\" title=\"Code-barres GS1 Data Matrix\" width=\"200px\" height=\"194px\"><\/p>\n<p>Voici une image du symbole GS1 Data Matrix g\u00e9n\u00e9r\u00e9 \u00e0 partir de ce code:<br \/>\n<code>(01)12345678901234(17)131231(10)ABCD1234<\/code><\/p>\n<p>Dans cet exemple:<\/p>\n<ul>\n<li><code>(01)12345678901234<\/code> repr\u00e9sente un num\u00e9ro d&rsquo;article commercial mondial ( GTIN &#8211; Global Trade Item Number ) qui identifie un produit sp\u00e9cifique.<\/li>\n<li><code>(17)131231<\/code> repr\u00e9sente une date d&rsquo;expiration au format \u00ab\u00a0YYMMDD\u00a0\u00bb (ann\u00e9e, mois, jour).<\/li>\n<li><code>(10)ABCD1234<\/code> peut repr\u00e9senter un num\u00e9ro de lot sp\u00e9cifique.<\/li>\n<\/ul>\n<div class=\"column-clear\"><\/div>\n<div class=\"tt-notification tip\"><p style=\"font-size:13px;\">\nVeuillez noter que la repr\u00e9sentation r\u00e9elle du code peut varier en fonction des sp\u00e9cifications de formatage et de taille, mais cela devrait vous donner une id\u00e9e de l&rsquo;aspect d&rsquo;une GS1 Data Matrix et de la mani\u00e8re dont elle peut \u00eatre utilis\u00e9e pour coder des informations sur les produits et des informations li\u00e9es aux produits.<br \/>\n<\/p><\/div>\n<div class=\"hr hr-dotted\">&nbsp;<\/div>\n<div class=\"one_half\">\n<p style=\"text-align: right\"><a href=\"https:\/\/www.labeljoy.com\/fr\/achat\/\" class=\"large blue tt-button\" target=\"_self\">Acheter le g\u00e9n\u00e9rateur du GS1 Data Matrix<\/a>\n<\/div>\n<div class=\"one_half\">\n<p style=\"text-align: left\">&nbsp;&nbsp; &nbsp;&nbsp;<a href=\"https:\/\/www.labeljoy.com\/fr\/download-fr\/\" class=\"large green tt-button\" target=\"_self\">T\u00e9l\u00e9charger la version gratuite<\/a>\n<\/div>\n","protected":false},"excerpt":{"rendered":"<p>Code-barres GS1 Data Matrix GS1 Data Matrix est un type de code-barres bidimensionnel utilis\u00e9 pour encoder des informations destin\u00e9es \u00e0 \u00eatre lues par des dispositifs de lecture tels que les lecteurs de codes-barres. Il a \u00e9t\u00e9 d\u00e9velopp\u00e9 par GS1, une organisation internationale qui d\u00e9veloppe des normes d&rsquo;encodage de donn\u00e9es dans les secteurs de la cha\u00eene &#8230; <a title=\"GS1 Data Matrix\" class=\"read-more\" href=\"https:\/\/www.labeljoy.com\/fr\/assistance\/guide-codes-barres\/gs1-data-matrix\/\" aria-label=\"En savoir plus sur GS1 Data Matrix\">Read more<\/a><\/p>\n","protected":false},"author":8,"featured_media":0,"parent":2784,"menu_order":0,"comment_status":"closed","ping_status":"closed","template":"","meta":{"inline_featured_image":false,"_monsterinsights_skip_tracking":false,"_monsterinsights_sitenote_active":false,"_monsterinsights_sitenote_note":"","_monsterinsights_sitenote_category":0,"footnotes":""},"class_list":{"0":"post-40048","1":"page","2":"type-page","3":"status-publish","5":"infinite-scroll-item"},"aioseo_notices":[],"_links":{"self":[{"href":"https:\/\/www.labeljoy.com\/fr\/wp-json\/wp\/v2\/pages\/40048","targetHints":{"allow":["GET"]}}],"collection":[{"href":"https:\/\/www.labeljoy.com\/fr\/wp-json\/wp\/v2\/pages"}],"about":[{"href":"https:\/\/www.labeljoy.com\/fr\/wp-json\/wp\/v2\/types\/page"}],"author":[{"embeddable":true,"href":"https:\/\/www.labeljoy.com\/fr\/wp-json\/wp\/v2\/users\/8"}],"replies":[{"embeddable":true,"href":"https:\/\/www.labeljoy.com\/fr\/wp-json\/wp\/v2\/comments?post=40048"}],"version-history":[{"count":5,"href":"https:\/\/www.labeljoy.com\/fr\/wp-json\/wp\/v2\/pages\/40048\/revisions"}],"predecessor-version":[{"id":40084,"href":"https:\/\/www.labeljoy.com\/fr\/wp-json\/wp\/v2\/pages\/40048\/revisions\/40084"}],"up":[{"embeddable":true,"href":"https:\/\/www.labeljoy.com\/fr\/wp-json\/wp\/v2\/pages\/2784"}],"wp:attachment":[{"href":"https:\/\/www.labeljoy.com\/fr\/wp-json\/wp\/v2\/media?parent=40048"}],"curies":[{"name":"wp","href":"https:\/\/api.w.org\/{rel}","templated":true}]}}