{"id":41277,"date":"2024-08-20T08:12:31","date_gmt":"2024-08-20T08:12:31","guid":{"rendered":"https:\/\/www.labeljoy.com\/?page_id=41277"},"modified":"2024-08-20T08:12:57","modified_gmt":"2024-08-20T08:12:57","slug":"code-32-fr","status":"publish","type":"page","link":"https:\/\/www.labeljoy.com\/fr\/assistance\/guide-codes-barres\/code-32-fr\/","title":{"rendered":"Code 32"},"content":{"rendered":"<style>\n.wp-caption-text {\n    text-align: center;\n    padding-top: 15px!important;\n}\n<\/style>\n<h1>G\u00e9n\u00e9rateur de code \u00e0 barres Code 32<\/h1>\n<blockquote><p><strong>Le code 32<\/strong>, \u00e9galement connu sous le nom de code pharmaceutique, est un syst\u00e8me adopt\u00e9 par le minist\u00e8re italien de la sant\u00e9 pour coder et identifier les produits pharmaceutiques.<\/p><\/blockquote>\n<p>Ce syst\u00e8me est essentiel pour garantir une gestion uniforme et pr\u00e9cise de l&rsquo;information sur les m\u00e9dicaments, facilitant ainsi la tra\u00e7abilit\u00e9, la distribution et le contr\u00f4le de la qualit\u00e9.<\/p>\n<p>Il est utilis\u00e9 dans divers domaines des soins de sant\u00e9 et de la pharmacologie:<\/p>\n<p><strong>Avantages:<\/strong><\/p>\n<ul>\n<li>Tra\u00e7abilit\u00e9 : Permet de suivre les produits tout au long de la cha\u00eene de distribution, du fabricant au distributeur jusqu&rsquo;au point de vente ou \u00e0 la pharmacie.<\/li>\n<li>Catalogage : Facilite la gestion des informations dans les bases de donn\u00e9es pharmaceutiques, en facilitant l&rsquo;identification et le catalogage des produits.<\/li>\n<li>Contr\u00f4le de la qualit\u00e9 et de la s\u00e9curit\u00e9** : Il contribue \u00e0 garantir que les m\u00e9dicaments sont distribu\u00e9s et utilis\u00e9s en toute s\u00e9curit\u00e9, en emp\u00eachant la distribution de produits contrefaits ou non conformes.<\/li>\n<\/ul>\n<p>Il repr\u00e9sente un \u00e9l\u00e9ment fondamental du syst\u00e8me de gestion des produits pharmaceutiques en Italie. Gr\u00e2ce \u00e0 sa structure pr\u00e9cise et \u00e0 sa conversion en base 32, il offre un moyen efficace d&rsquo;identifier de mani\u00e8re unique chaque emballage de m\u00e9dicament, am\u00e9liorant ainsi la s\u00e9curit\u00e9 et l&rsquo;efficacit\u00e9 de la gestion des m\u00e9dicaments.<\/p>\n<div class=\"column-clear\"><\/div>\n<h2>Structure du code<\/h2>\n<figure style=\"width: 297px\" class=\"wp-caption alignnone\"><img decoding=\"async\" width=\"277\" height=\"145\" alt=\"Code 32 symbol\" src=\"https:\/\/www.labeljoy.com\/user-guide-lj6-files\/en\/bcd_code32_1.png\" width=\"307\"><figcaption class=\"wp-caption-text\">Symbole Code 32<\/figcaption><\/figure>\nLe code des m\u00e9dicaments \u00e0 usage humain se compose de neuf chiffres au total, structur\u00e9s comme suit:<\/p>\n<ol>\n<li><strong>Sept chiffres initiaux:<\/strong> Ces chiffres identifient sp\u00e9cifiquement le type de conditionnement de chaque sp\u00e9cialit\u00e9 m\u00e9dicale. Chaque combinaison repr\u00e9sente un produit unique et permet de distinguer les diff\u00e9rentes formulations, dosages ou formes pharmaceutiques d&rsquo;un m\u00e9dicament.<\/li>\n<li><strong>Chiffre initial z\u00e9ro:<\/strong> Ce chiffre est ajout\u00e9 au d\u00e9but du code num\u00e9rique, ce qui porte le total \u00e0 huit chiffres. Il a pour but de garantir une longueur de code uniforme, ce qui facilite le traitement et l&rsquo;int\u00e9gration dans les syst\u00e8mes informatiques.<\/li>\n<li><strong>Caract\u00e8re de contr\u00f4le:<\/strong> Le neuvi\u00e8me chiffre est un caract\u00e8re de contr\u00f4le, utilis\u00e9 pour v\u00e9rifier l&rsquo;int\u00e9grit\u00e9 du code. Ce caract\u00e8re permet d&rsquo;\u00e9viter les erreurs de transcription ou de frappe, en garantissant que le code saisi est correct.<\/li>\n<\/ol>\n<div class=\"column-clear\"><\/div>\n<h2>Caract\u00e9ristiques techniques<\/h2>\n<p>Apr\u00e8s avoir form\u00e9 le code num\u00e9rique \u00e0 neuf chiffres, il est converti en un format alphanum\u00e9rique \u00e0 six caract\u00e8res en utilisant la base 32. La base 32 est un syst\u00e8me de num\u00e9ration qui utilise 32 symboles pour repr\u00e9senter les nombres. Dans ce contexte, les symboles utilis\u00e9s sont:<\/p>\n<ul>\n<li>Les dix chiffres d\u00e9cimaux : 0, 1, 2, 3, 4, 5, 6, 7, 8, 9;<\/li>\n<li>Les lettres de l&rsquo;alphabet anglo-saxon, \u00e0 l&rsquo;exclusion des lettres A, E, I, O, afin d&rsquo;\u00e9viter toute confusion possible avec les chiffres et de r\u00e9duire le risque d&rsquo;erreurs de lecture ou de transcription.<\/li>\n<\/ul>\n<p>Le r\u00e9sultat final est un code alphanum\u00e9rique de six caract\u00e8res, unique pour chaque emballage de m\u00e9dicament.<\/p>\n<div class=\"hr hr-dotted\">&nbsp;<\/div>\n<div class=\"one_half\">\n<p style=\"text-align: center\"><a href=\"\/fr\/achat\/\" class=\"large blue tt-button\" target=\"_self\">Acheter le logiciel g\u00e9n\u00e9rateur du code 32<\/a>\n<\/div>\n<div class=\"one_half\">\n<p style=\"text-align: center\"><a href=\"\/fr\/download-fr\/\" class=\"large green tt-button\" target=\"_self\">T\u00e9l\u00e9charger la version gratuite<\/a>\n<\/div>\n","protected":false},"excerpt":{"rendered":"<p>G\u00e9n\u00e9rateur de code \u00e0 barres Code 32 Le code 32, \u00e9galement connu sous le nom de code pharmaceutique, est un syst\u00e8me adopt\u00e9 par le minist\u00e8re italien de la sant\u00e9 pour coder et identifier les produits pharmaceutiques. Ce syst\u00e8me est essentiel pour garantir une gestion uniforme et pr\u00e9cise de l&rsquo;information sur les m\u00e9dicaments, facilitant ainsi la &#8230; <a title=\"Code 32\" class=\"read-more\" href=\"https:\/\/www.labeljoy.com\/fr\/assistance\/guide-codes-barres\/code-32-fr\/\" aria-label=\"En savoir plus sur Code 32\">Read more<\/a><\/p>\n","protected":false},"author":8,"featured_media":0,"parent":2784,"menu_order":0,"comment_status":"closed","ping_status":"closed","template":"","meta":{"inline_featured_image":false,"_monsterinsights_skip_tracking":false,"_monsterinsights_sitenote_active":false,"_monsterinsights_sitenote_note":"","_monsterinsights_sitenote_category":0,"footnotes":""},"class_list":{"0":"post-41277","1":"page","2":"type-page","3":"status-publish","5":"infinite-scroll-item"},"aioseo_notices":[],"_links":{"self":[{"href":"https:\/\/www.labeljoy.com\/fr\/wp-json\/wp\/v2\/pages\/41277","targetHints":{"allow":["GET"]}}],"collection":[{"href":"https:\/\/www.labeljoy.com\/fr\/wp-json\/wp\/v2\/pages"}],"about":[{"href":"https:\/\/www.labeljoy.com\/fr\/wp-json\/wp\/v2\/types\/page"}],"author":[{"embeddable":true,"href":"https:\/\/www.labeljoy.com\/fr\/wp-json\/wp\/v2\/users\/8"}],"replies":[{"embeddable":true,"href":"https:\/\/www.labeljoy.com\/fr\/wp-json\/wp\/v2\/comments?post=41277"}],"version-history":[{"count":2,"href":"https:\/\/www.labeljoy.com\/fr\/wp-json\/wp\/v2\/pages\/41277\/revisions"}],"predecessor-version":[{"id":41279,"href":"https:\/\/www.labeljoy.com\/fr\/wp-json\/wp\/v2\/pages\/41277\/revisions\/41279"}],"up":[{"embeddable":true,"href":"https:\/\/www.labeljoy.com\/fr\/wp-json\/wp\/v2\/pages\/2784"}],"wp:attachment":[{"href":"https:\/\/www.labeljoy.com\/fr\/wp-json\/wp\/v2\/media?parent=41277"}],"curies":[{"name":"wp","href":"https:\/\/api.w.org\/{rel}","templated":true}]}}