{"id":41415,"date":"2024-09-06T13:54:13","date_gmt":"2024-09-06T13:54:13","guid":{"rendered":"https:\/\/www.labeljoy.com\/?page_id=41415"},"modified":"2024-09-06T14:02:47","modified_gmt":"2024-09-06T14:02:47","slug":"telechargez-votre-version-de-labeljoy","status":"publish","type":"page","link":"https:\/\/www.labeljoy.com\/fr\/telechargez-votre-version-de-labeljoy\/","title":{"rendered":"T\u00e9l\u00e9chargez votre version de Labeljoy"},"content":{"rendered":"<style>\na#download_link {\n    color: #2d59a2;\n    margin-top: 20px;\n    display: inline-block;\n}\n<\/style>\n<p style=\"text-align: center;\">Ins\u00e9rez votre cl\u00e9 de licence ici et t\u00e9l\u00e9chargez la derni\u00e8re version disponible pour vous:<\/p>\n<div id=\"dlError\" class=\"tt-notification error\" style=\"display: none;\">\n<p>Praesent sed mauris turpis, at molestie enim<\/p>\n<\/div>\n<p style=\"text-align: center;\"><input id=\"dl_lang\" name=\"dl_lang\" type=\"hidden\" value=\"en\" \/><input id=\"dl_licence\" name=\"dl_licence\" type=\"text\" value=\"\" placeholder=\"xxxx-xxxx-xxxx-xxxx\" style=\"margin: 0 1em 0 0;\"\/> <input id=\"dl_my_version\" name=\"dl_my_version\" type=\"button\" value=\"T\u00e9l\u00e9chargez maintenant\" \/><\/p>\n<div id=\"upgrade_notice\" style=\"display: none;\">\n<div class=\"tt-notification warning\">\n<p><strong>Oups, votre abonnement a expir\u00e9 :(<\/strong><br \/>\nPour t\u00e9l\u00e9charger la derni\u00e8re version de Labeljoy, vous devez renouveler votre abonnement.<\/p>\n<\/div>\n<h2>Pourquoi renouveler votre abonnement<\/h2>\n<p>Vous devriez garder votre version de Labeljoy <strong>constamment \u00e0 jour<\/strong>. Cela afin d\u2019acc\u00e9der \u00e0 de nouvelles fonctionnalit\u00e9s am\u00e9lior\u00e9es, ainsi que de profiter du <strong>support client<\/strong> de Labeljoy.<\/p>\n<p>Si vous n\u2019avez pas le temps de vous en occuper, nous le ferons pour vous ! Nous d\u00e9veloppons en permanence des <strong>fonctionnalit\u00e9s innovantes<\/strong> et des <strong>caract\u00e9ristiques suppl\u00e9mentaires<\/strong>, nous effor\u00e7ant de fournir un service complet \u00e0 tous \u00e9gards, id\u00e9al pour votre entreprise.<\/p>\n<p>Le meilleur outil pour cr\u00e9er des \u00e9tiquettes, des codes QR et des codes-barres restera disponible pour vous avec <strong>tout son potentiel<\/strong> uniquement avec la derni\u00e8re version de Labeljoy.<\/p>\n<h3 style=\"text-align: center;\">Renouvelez votre abonnement et t\u00e9l\u00e9chargez la derni\u00e8re version de Labeljoy<\/h3>\n<p style=\"text-align: center;\"><a href=\"#\" id=\"upgrade_button\" class=\"jumbo green tt-button\" title=\"Renouveler mon abonnement!\"> Renouveler mon abonnement! <\/a><br \/>\n<a id=\"download_link\" title=\"\" href=\"#\">Non, merci, t\u00e9l\u00e9charger ma version de Labeljoy<\/a><\/p>\n<\/div>\n<div style=\"margin-top: 10em\">\r\n<script type='text\/javascript'>\r\nvar dl_lang = \"fr\";\r\nvar dl_error = new Array(\r\n   \"Veuillez remplir le champ de licence\",\r\n   \"Veuillez v\u00e9rifier le format du code de licence\",\r\n   \"Licence non trouv\u00e9e, veuillez v\u00e9rifier le code\",\r\n);\r\n<\/script>\r\n<\/div>\n","protected":false},"excerpt":{"rendered":"<p>Ins\u00e9rez votre cl\u00e9 de licence ici et t\u00e9l\u00e9chargez la derni\u00e8re version disponible pour vous: Praesent sed mauris turpis, at molestie enim Oups, votre abonnement a expir\u00e9 :( Pour t\u00e9l\u00e9charger la derni\u00e8re version de Labeljoy, vous devez renouveler votre abonnement. Pourquoi renouveler votre abonnement Vous devriez garder votre version de Labeljoy constamment \u00e0 jour. Cela afin &#8230; <a title=\"T\u00e9l\u00e9chargez votre version de Labeljoy\" class=\"read-more\" href=\"https:\/\/www.labeljoy.com\/fr\/telechargez-votre-version-de-labeljoy\/\" aria-label=\"En savoir plus sur T\u00e9l\u00e9chargez votre version de Labeljoy\">Read more<\/a><\/p>\n","protected":false},"author":8,"featured_media":0,"parent":0,"menu_order":0,"comment_status":"closed","ping_status":"closed","template":"","meta":{"inline_featured_image":false,"_monsterinsights_skip_tracking":false,"_monsterinsights_sitenote_active":false,"_monsterinsights_sitenote_note":"","_monsterinsights_sitenote_category":0,"footnotes":""},"class_list":{"0":"post-41415","1":"page","2":"type-page","3":"status-publish","5":"infinite-scroll-item"},"aioseo_notices":[],"_links":{"self":[{"href":"https:\/\/www.labeljoy.com\/fr\/wp-json\/wp\/v2\/pages\/41415","targetHints":{"allow":["GET"]}}],"collection":[{"href":"https:\/\/www.labeljoy.com\/fr\/wp-json\/wp\/v2\/pages"}],"about":[{"href":"https:\/\/www.labeljoy.com\/fr\/wp-json\/wp\/v2\/types\/page"}],"author":[{"embeddable":true,"href":"https:\/\/www.labeljoy.com\/fr\/wp-json\/wp\/v2\/users\/8"}],"replies":[{"embeddable":true,"href":"https:\/\/www.labeljoy.com\/fr\/wp-json\/wp\/v2\/comments?post=41415"}],"version-history":[{"count":3,"href":"https:\/\/www.labeljoy.com\/fr\/wp-json\/wp\/v2\/pages\/41415\/revisions"}],"predecessor-version":[{"id":41424,"href":"https:\/\/www.labeljoy.com\/fr\/wp-json\/wp\/v2\/pages\/41415\/revisions\/41424"}],"wp:attachment":[{"href":"https:\/\/www.labeljoy.com\/fr\/wp-json\/wp\/v2\/media?parent=41415"}],"curies":[{"name":"wp","href":"https:\/\/api.w.org\/{rel}","templated":true}]}}