{"id":41813,"date":"2024-09-06T14:38:43","date_gmt":"2024-09-06T14:38:43","guid":{"rendered":"https:\/\/www.labeljoy.com\/assistance\/comment-faire\/creare-codici-a-barre-da-excel\/"},"modified":"2024-10-08T13:33:23","modified_gmt":"2024-10-08T13:33:23","slug":"creer-des-codes-barres-a-partir-d-excel","status":"publish","type":"page","link":"https:\/\/www.labeljoy.com\/fr\/assistance\/comment-faire\/creer-des-codes-barres-a-partir-d-excel\/","title":{"rendered":"Cr\u00e9er des codes-barres \u00e0 partir d&rsquo;Excel"},"content":{"rendered":"<h1>Cr\u00e9er des codes-barres \u00e0 partir d&rsquo;Excel<\/h1>\n<p><b>Labeljoy <\/b><span style=\"font-weight: 400;\">est un logiciel sp\u00e9cialis\u00e9 dans la cr\u00e9ation de codes-barres.<\/span><\/p>\n<p><span style=\"font-weight: 400;\">Pour g\u00e9n\u00e9rer un <\/span><b>code-barres<\/b><span style=\"font-weight: 400;\">, s\u00e9lectionnez le type de code-barres souhait\u00e9 et saisissez la s\u00e9quence de donn\u00e9es, qui peut \u00eatre num\u00e9rique ou alphanum\u00e9rique.<\/span><\/p>\n<p><span style=\"font-weight: 400;\">Les donn\u00e9es peuvent \u00eatre saisies manuellement ou import\u00e9es de sources externes, telles qu&rsquo;un fichier Excel ou des bases de donn\u00e9es comme MySQL et Oracle, entre autres.<\/span><\/p>\n<p><span style=\"font-weight: 400;\">Excel est largement utilis\u00e9 dans les entreprises pour cr\u00e9er des listes de prix, des catalogues et des r\u00e9pertoires en raison de sa facilit\u00e9 d&rsquo;utilisation, de sa flexibilit\u00e9 et de sa capacit\u00e9 de calcul. <\/span><span style=\"font-weight: 400;\">Mais il est \u00e9galement possible d&rsquo;obtenir des fichiers au format Excel avec des logiciels alternatifs tels que OpenOffice, Google Sheets, et d&rsquo;autres, sans n\u00e9cessairement devoir acheter le package Office.\u00a0<\/span><\/p>\n<p><span style=\"font-weight: 400;\">Ce didacticiel succinct montrera comment l&rsquo;utilisation combin\u00e9e d&rsquo;<\/span><b>Excel et de Labeljoy<\/b><span style=\"font-weight: 400;\"> est la plus efficace pour cr\u00e9er et imprimer des \u00e9tiquettes de codes-barres.<\/span><\/p>\n<p><span style=\"color: #474f55; font-family: inherit; font-size: 36px; font-style: inherit; font-weight: 600; background-color: var(--base-3);\">Le fichier Excel et le lien vers la source de donn\u00e9es<\/span><\/p>\n<p><span style=\"font-weight: 400;\">Commen\u00e7ons par la feuille Excel pour cr\u00e9er des \u00e9tiquettes de produits \u00e0 code-barres :\u00a0 <\/span> <span style=\"font-weight: 400;\">Pour cet exemple, nous utiliserons l&rsquo;EAN 13 (GTIN-13) ; il y a donc une colonne contenant une s\u00e9rie de chiffres (une cha\u00eene de 12 chiffres pour \u00eatre exact), une colonne de prix et une colonne pour la description de l&rsquo;article.\u00a0\u00a0<\/span><\/p>\n<p><a href=\"https:\/\/www.labeljoy.com\/wp-content\/uploads\/2024\/10\/Screenshot_48.jpg\"><img decoding=\"async\" class=\"alignnone wp-image-41616 size-full\" src=\"https:\/\/www.labeljoy.com\/wp-content\/uploads\/2024\/10\/Screenshot_48.jpg\" alt=\"Cr\u00e9er des codes-barres \u00e0 partir d'Excel\" width=\"795\" height=\"328\" srcset=\"https:\/\/www.labeljoy.com\/wp-content\/uploads\/2024\/10\/Screenshot_48.jpg 795w, https:\/\/www.labeljoy.com\/wp-content\/uploads\/2024\/10\/Screenshot_48-300x124.jpg 300w, https:\/\/www.labeljoy.com\/wp-content\/uploads\/2024\/10\/Screenshot_48-768x317.jpg 768w\" sizes=\"(max-width: 795px) 100vw, 795px\" \/><\/a><\/p>\n<p><span style=\"font-weight: 400;\">L&rsquo;\u00e9tape suivante consiste \u00e0 cr\u00e9er une connexion de donn\u00e9es ; s\u00e9lectionnez Excel et continuez.<\/span><\/p>\n<p><a href=\"https:\/\/www.labeljoy.com\/wp-content\/uploads\/2024\/10\/STEP1-3.jpg\"><img decoding=\"async\" class=\"alignnone wp-image-41886 size-full\" src=\"https:\/\/www.labeljoy.com\/wp-content\/uploads\/2024\/10\/STEP1-3.jpg\" alt=\"Cr\u00e9er des codes-barres \u00e0 partir d'Excel\" width=\"701\" height=\"599\" srcset=\"https:\/\/www.labeljoy.com\/wp-content\/uploads\/2024\/10\/STEP1-3.jpg 701w, https:\/\/www.labeljoy.com\/wp-content\/uploads\/2024\/10\/STEP1-3-300x256.jpg 300w\" sizes=\"(max-width: 701px) 100vw, 701px\" \/><\/a><\/p>\n<p><span style=\"font-weight: 400;\">Dans l&rsquo;\u00e9cran suivant, choisissez le fichier pour la connexion de donn\u00e9es dans ce projet Labeljoy. <\/span><\/p>\n<p><a href=\"https:\/\/www.labeljoy.com\/wp-content\/uploads\/2024\/10\/STEP2-3.jpg\"><img decoding=\"async\" class=\"alignnone wp-image-41877 size-full\" src=\"https:\/\/www.labeljoy.com\/wp-content\/uploads\/2024\/10\/STEP2-3.jpg\" alt=\"Cr\u00e9er des codes-barres \u00e0 partir d'Excel\" width=\"702\" height=\"600\" srcset=\"https:\/\/www.labeljoy.com\/wp-content\/uploads\/2024\/10\/STEP2-3.jpg 702w, https:\/\/www.labeljoy.com\/wp-content\/uploads\/2024\/10\/STEP2-3-300x256.jpg 300w\" sizes=\"(max-width: 702px) 100vw, 702px\" \/><\/a><\/p>\n<p><span style=\"font-weight: 400;\">Si la premi\u00e8re ligne de votre fichier contient les noms des colonnes (en-t\u00eates), s\u00e9lectionnez la premi\u00e8re option. Si aucun nom de colonne n&rsquo;est pr\u00e9sent, les noms par d\u00e9faut de la feuille Excel seront utilis\u00e9s (option 2).<\/span><\/p>\n<p><a href=\"https:\/\/www.labeljoy.com\/wp-content\/uploads\/2024\/10\/STEP3-3.jpg\"><img decoding=\"async\" class=\"alignnone wp-image-41868 size-full\" src=\"https:\/\/www.labeljoy.com\/wp-content\/uploads\/2024\/10\/STEP3-3.jpg\" alt=\"Cr\u00e9er des codes-barres \u00e0 partir d'Excel\" width=\"700\" height=\"600\" srcset=\"https:\/\/www.labeljoy.com\/wp-content\/uploads\/2024\/10\/STEP3-3.jpg 700w, https:\/\/www.labeljoy.com\/wp-content\/uploads\/2024\/10\/STEP3-3-300x257.jpg 300w\" sizes=\"(max-width: 700px) 100vw, 700px\" \/><\/a><\/p>\n<p><span style=\"font-weight: 400;\">\u00c0 ce stade, cliquez simplement sur Suivant jusqu&rsquo;\u00e0 ce que vous atteigniez l&rsquo;\u00e9cran suivant.<\/span><\/p>\n<p><a href=\"https:\/\/www.labeljoy.com\/wp-content\/uploads\/2024\/10\/STEP4-3.jpg\"><img decoding=\"async\" class=\"alignnone wp-image-41859 size-full\" src=\"https:\/\/www.labeljoy.com\/wp-content\/uploads\/2024\/10\/STEP4-3.jpg\" alt=\"Cr\u00e9er des codes-barres \u00e0 partir d'Excel\" width=\"698\" height=\"602\" srcset=\"https:\/\/www.labeljoy.com\/wp-content\/uploads\/2024\/10\/STEP4-3.jpg 698w, https:\/\/www.labeljoy.com\/wp-content\/uploads\/2024\/10\/STEP4-3-300x259.jpg 300w\" sizes=\"(max-width: 698px) 100vw, 698px\" \/><\/a><\/p>\n<p><span style=\"font-weight: 400;\">Voici l&rsquo;aper\u00e7u des donn\u00e9es qui seront charg\u00e9es sur les \u00e9tiquettes ; une \u00e9tiquette sera alors cr\u00e9\u00e9e pour chaque ligne de la liste.<\/span><\/p>\n<p><span style=\"font-weight: 400;\">Lorsque l&rsquo;assistant est termin\u00e9, vous revenez \u00e0 l&rsquo;\u00e9cran principal du logiciel Labeljoy et vous constatez que le nombre d&rsquo;\u00e9tiquettes cr\u00e9\u00e9es est \u00e9gal au nombre de lignes de la feuille Excel.<\/span><\/p>\n<p><a href=\"https:\/\/www.labeljoy.com\/wp-content\/uploads\/2024\/10\/STEP5-3.jpg\"><img decoding=\"async\" class=\"alignnone wp-image-41850 size-full\" src=\"https:\/\/www.labeljoy.com\/wp-content\/uploads\/2024\/10\/STEP5-3.jpg\" alt=\"Cr\u00e9er des codes-barres \u00e0 partir d'Excel\" width=\"1679\" height=\"867\" srcset=\"https:\/\/www.labeljoy.com\/wp-content\/uploads\/2024\/10\/STEP5-3.jpg 1679w, https:\/\/www.labeljoy.com\/wp-content\/uploads\/2024\/10\/STEP5-3-300x155.jpg 300w, https:\/\/www.labeljoy.com\/wp-content\/uploads\/2024\/10\/STEP5-3-1024x529.jpg 1024w, https:\/\/www.labeljoy.com\/wp-content\/uploads\/2024\/10\/STEP5-3-768x397.jpg 768w, https:\/\/www.labeljoy.com\/wp-content\/uploads\/2024\/10\/STEP5-3-1536x793.jpg 1536w\" sizes=\"(max-width: 1679px) 100vw, 1679px\" \/><\/a><\/p>\n<h2 style=\"margin-top: 2em;\">Comment lier les donn\u00e9es Excel aux \u00e9l\u00e9ments de l&rsquo;\u00e9tiquette Labeljoy<\/h2>\n<p><span style=\"font-weight: 400;\">Il y a plusieurs fa\u00e7ons de lier les donn\u00e9es, voici un exemple simple.<\/span><\/p>\n<p><a href=\"https:\/\/www.labeljoy.com\/wp-content\/uploads\/2024\/10\/STEP6-3.jpg\"><img decoding=\"async\" class=\"alignnone wp-image-41841 size-full\" src=\"https:\/\/www.labeljoy.com\/wp-content\/uploads\/2024\/10\/STEP6-3.jpg\" alt=\"Cr\u00e9er des codes-barres \u00e0 partir d'Excel\" width=\"935\" height=\"754\" srcset=\"https:\/\/www.labeljoy.com\/wp-content\/uploads\/2024\/10\/STEP6-3.jpg 935w, https:\/\/www.labeljoy.com\/wp-content\/uploads\/2024\/10\/STEP6-3-300x242.jpg 300w, https:\/\/www.labeljoy.com\/wp-content\/uploads\/2024\/10\/STEP6-3-768x619.jpg 768w\" sizes=\"(max-width: 935px) 100vw, 935px\" \/><\/a><\/p>\n<p><span style=\"font-weight: 400;\">Les fl\u00e8ches rouges indiquent l&rsquo;utilisation des champs (colonnes Excel). Dans les champs, il y a une colonne appel\u00e9e NAME et, \u00e0 droite, l&rsquo;un des premiers \u00e9l\u00e9ments saisis (\u00e9l\u00e9ment de texte) est indiqu\u00e9.<\/span><\/p>\n<p><span style=\"font-weight: 400;\">\u00c0 ce stade, il suffit de s\u00e9lectionner le champ NAME pour obtenir ce qui suit.<\/span><\/p>\n<p><a href=\"https:\/\/www.labeljoy.com\/wp-content\/uploads\/2024\/10\/STEP7-3.jpg\"><img decoding=\"async\" class=\"alignnone wp-image-41832 size-full\" src=\"https:\/\/www.labeljoy.com\/wp-content\/uploads\/2024\/10\/STEP7-3.jpg\" alt=\"Cr\u00e9er des codes-barres \u00e0 partir d'Excel\" width=\"913\" height=\"609\" srcset=\"https:\/\/www.labeljoy.com\/wp-content\/uploads\/2024\/10\/STEP7-3.jpg 913w, https:\/\/www.labeljoy.com\/wp-content\/uploads\/2024\/10\/STEP7-3-300x200.jpg 300w, https:\/\/www.labeljoy.com\/wp-content\/uploads\/2024\/10\/STEP7-3-768x512.jpg 768w\" sizes=\"(max-width: 913px) 100vw, 913px\" \/><\/a><\/p>\n<p><span style=\"font-weight: 400;\">Suivez maintenant la m\u00eame proc\u00e9dure pour l&rsquo;\u00e9l\u00e9ment Barcode, s\u00e9lectionnez EAN 13 et associez-lui le champ BARCODE, vous obtenez le r\u00e9sultat de l&rsquo;image ci-dessous.<\/span><\/p>\n<p><a href=\"https:\/\/www.labeljoy.com\/wp-content\/uploads\/2024\/10\/STEP8-3.jpg\"><img decoding=\"async\" class=\"alignnone wp-image-41823 size-full\" src=\"https:\/\/www.labeljoy.com\/wp-content\/uploads\/2024\/10\/STEP8-3.jpg\" alt=\"Cr\u00e9er des codes-barres \u00e0 partir d'Excel\" width=\"895\" height=\"471\" srcset=\"https:\/\/www.labeljoy.com\/wp-content\/uploads\/2024\/10\/STEP8-3.jpg 895w, https:\/\/www.labeljoy.com\/wp-content\/uploads\/2024\/10\/STEP8-3-300x158.jpg 300w, https:\/\/www.labeljoy.com\/wp-content\/uploads\/2024\/10\/STEP8-3-768x404.jpg 768w\" sizes=\"(max-width: 895px) 100vw, 895px\" \/><\/a><\/p>\n<p><span style=\"font-weight: 400;\">Enfin, cr\u00e9ez un \u00e9l\u00e9ment de texte suppl\u00e9mentaire et associez-y le champ PRICE. Comme il s&rsquo;agit d&rsquo;un \u00e9l\u00e9ment de prix, il sera n\u00e9cessaire de personnaliser le formatage, en choisissant une devise.<\/span><\/p>\n<p><a href=\"https:\/\/www.labeljoy.com\/wp-content\/uploads\/2024\/10\/STEP9-3.jpg\"><img decoding=\"async\" class=\"alignnone wp-image-41814 size-full\" src=\"https:\/\/www.labeljoy.com\/wp-content\/uploads\/2024\/10\/STEP9-3.jpg\" alt=\"Cr\u00e9er des codes-barres \u00e0 partir d'Excel\" width=\"907\" height=\"778\" srcset=\"https:\/\/www.labeljoy.com\/wp-content\/uploads\/2024\/10\/STEP9-3.jpg 907w, https:\/\/www.labeljoy.com\/wp-content\/uploads\/2024\/10\/STEP9-3-300x257.jpg 300w, https:\/\/www.labeljoy.com\/wp-content\/uploads\/2024\/10\/STEP9-3-768x659.jpg 768w\" sizes=\"(max-width: 907px) 100vw, 907px\" \/><\/a><\/p>\n","protected":false},"excerpt":{"rendered":"<p>Cr\u00e9er des codes-barres \u00e0 partir d&rsquo;Excel Labeljoy est un logiciel sp\u00e9cialis\u00e9 dans la cr\u00e9ation de codes-barres. Pour g\u00e9n\u00e9rer un code-barres, s\u00e9lectionnez le type de code-barres souhait\u00e9 et saisissez la s\u00e9quence de donn\u00e9es, qui peut \u00eatre num\u00e9rique ou alphanum\u00e9rique. Les donn\u00e9es peuvent \u00eatre saisies manuellement ou import\u00e9es de sources externes, telles qu&rsquo;un fichier Excel ou des &#8230; <a title=\"Cr\u00e9er des codes-barres \u00e0 partir d&rsquo;Excel\" class=\"read-more\" href=\"https:\/\/www.labeljoy.com\/fr\/assistance\/comment-faire\/creer-des-codes-barres-a-partir-d-excel\/\" aria-label=\"En savoir plus sur Cr\u00e9er des codes-barres \u00e0 partir d&rsquo;Excel\">Read more<\/a><\/p>\n","protected":false},"author":8,"featured_media":0,"parent":2767,"menu_order":0,"comment_status":"closed","ping_status":"closed","template":"","meta":{"inline_featured_image":false,"_monsterinsights_skip_tracking":false,"_monsterinsights_sitenote_active":false,"_monsterinsights_sitenote_note":"","_monsterinsights_sitenote_category":0,"footnotes":""},"class_list":{"0":"post-41813","1":"page","2":"type-page","3":"status-publish","5":"infinite-scroll-item"},"aioseo_notices":[],"_links":{"self":[{"href":"https:\/\/www.labeljoy.com\/fr\/wp-json\/wp\/v2\/pages\/41813","targetHints":{"allow":["GET"]}}],"collection":[{"href":"https:\/\/www.labeljoy.com\/fr\/wp-json\/wp\/v2\/pages"}],"about":[{"href":"https:\/\/www.labeljoy.com\/fr\/wp-json\/wp\/v2\/types\/page"}],"author":[{"embeddable":true,"href":"https:\/\/www.labeljoy.com\/fr\/wp-json\/wp\/v2\/users\/8"}],"replies":[{"embeddable":true,"href":"https:\/\/www.labeljoy.com\/fr\/wp-json\/wp\/v2\/comments?post=41813"}],"version-history":[{"count":5,"href":"https:\/\/www.labeljoy.com\/fr\/wp-json\/wp\/v2\/pages\/41813\/revisions"}],"predecessor-version":[{"id":41917,"href":"https:\/\/www.labeljoy.com\/fr\/wp-json\/wp\/v2\/pages\/41813\/revisions\/41917"}],"up":[{"embeddable":true,"href":"https:\/\/www.labeljoy.com\/fr\/wp-json\/wp\/v2\/pages\/2767"}],"wp:attachment":[{"href":"https:\/\/www.labeljoy.com\/fr\/wp-json\/wp\/v2\/media?parent=41813"}],"curies":[{"name":"wp","href":"https:\/\/api.w.org\/{rel}","templated":true}]}}