{"id":42578,"date":"2024-11-08T09:41:31","date_gmt":"2024-11-08T09:41:31","guid":{"rendered":"https:\/\/www.labeljoy.com\/warum-labeljoy-in-der-originalversion\/"},"modified":"2024-11-15T11:53:52","modified_gmt":"2024-11-15T11:53:52","slug":"pourquoi-choisir-la-version-originale-de-labeljoy","status":"publish","type":"page","link":"https:\/\/www.labeljoy.com\/fr\/pourquoi-choisir-la-version-originale-de-labeljoy\/","title":{"rendered":"Pourquoi choisir la version originale de Labeljoy"},"content":{"rendered":"\n<p>L&rsquo;utilisation de versions pirat\u00e9es, t\u00e9l\u00e9charg\u00e9es ill\u00e9galement ou activ\u00e9es par des cracks de logiciels tels que <strong>Labeljoy Barcode Software<\/strong> peut sembler \u00eatre un moyen facile d&rsquo;\u00e9conomiser. En r\u00e9alit\u00e9, ce choix comporte des <strong>risques importants<\/strong> dont il faut \u00eatre conscient. D\u00e9couvrez pourquoi<strong> \u00e9viter les versions pirat\u00e9es de Labeljoy<\/strong> est le choix par excellence.<\/p>\n\n\n\n<figure class=\"gb-block-image gb-block-image-306c912b\"><img decoding=\"async\" width=\"1000\" height=\"490\" class=\"gb-image gb-image-306c912b\" src=\"https:\/\/www.labeljoy.com\/wp-content\/uploads\/2024\/11\/labeljoy-no-piracy.jpg\" alt=\"labeljoy-no-piracy\" title=\"Pourquoi choisir la version originale de Labeljoy\" srcset=\"https:\/\/www.labeljoy.com\/wp-content\/uploads\/2024\/11\/labeljoy-no-piracy.jpg 1000w, https:\/\/www.labeljoy.com\/wp-content\/uploads\/2024\/11\/labeljoy-no-piracy-300x147.jpg 300w, https:\/\/www.labeljoy.com\/wp-content\/uploads\/2024\/11\/labeljoy-no-piracy-768x376.jpg 768w\" sizes=\"(max-width: 1000px) 100vw, 1000px\" \/><\/figure>\n\n\n\n<h2 class=\"gb-headline gb-headline-de2ea2cd gb-headline-text\">Risques de s\u00e9curit\u00e9 li\u00e9s aux logiciels pirat\u00e9s<\/h2>\n\n\n\n<p>Les logiciels pirat\u00e9s sont souvent le vecteur de <strong>virus<\/strong> et de <strong>logiciels malveillants<\/strong> qui peuvent compromettre votre ordinateur et mettre en danger vos <strong>donn\u00e9es personnelles<\/strong>. Les versions pirat\u00e9es de Labeljoy peuvent contenir des menaces cach\u00e9es avec le risque de:<\/p>\n\n\n\n<ul class=\"wp-block-list\">\n<li>D\u00e9tecter et<strong> voler des donn\u00e9es sensibles<\/strong>.<\/li>\n\n\n\n<li><strong>Endommager<\/strong> les fichiers syst\u00e8me.<\/li>\n\n\n\n<li>Transformer votre appareil en \u00ab <strong>zombie<\/strong> \u00bb pour des activit\u00e9s malveillantes en ligne.<\/li>\n<\/ul>\n\n\n\n<p><strong>Labeljoy <\/strong>prot\u00e8ge les fichiers cr\u00e9\u00e9s par des utilisateurs l\u00e9gitimes gr\u00e2ce \u00e0 des syst\u00e8mes de s\u00e9curit\u00e9 avanc\u00e9s. Chaque fichier est marqu\u00e9 de mani\u00e8re invisible et devient inutilisable s&rsquo;il est g\u00e9n\u00e9r\u00e9 ill\u00e9galement. Cela signifie que les utilisateurs de logiciels pirat\u00e9s peuvent d\u00e9couvrir seulement \u00e0 la fin que leur travail n&rsquo;a<strong> servi \u00e0 rien<\/strong>.<\/p>\n\n\n\n<h3 class=\"gb-headline gb-headline-edf9094a gb-headline-text\">Risque de perte de donn\u00e9es<\/h3>\n\n\n\n<p>Les <strong>versions pirates <\/strong>de<strong> Labeljoy<\/strong> et d&rsquo;autres logiciels sont instables et peuvent entra\u00eener la <strong>perte de documents importants<\/strong>, de photos et d&rsquo;autres donn\u00e9es pr\u00e9cieuses. L&rsquo;utilisation de logiciels pirat\u00e9s repr\u00e9sente un risque important pour la s\u00e9curit\u00e9 de vos informations personnelles.<\/p>\n\n\n\n<h3 class=\"gb-headline gb-headline-d6775a31 gb-headline-text\">Cons\u00e9quences juridiques et d&rsquo;assistance<\/h3>\n\n\n\n<h4 class=\"gb-headline gb-headline-b09eb3c0 gb-headline-text\">Infraction \u00e0 la loi<\/h4>\n\n\n\n<p>Le t\u00e9l\u00e9chargement et l&rsquo;utilisation de <strong>logiciels ill\u00e9gaux<\/strong> constituent une infraction \u00e0 la loi et peuvent entra\u00eener de nombreux <strong>probl\u00e8mes juridiques<\/strong> graves. Le choix d&rsquo;une version l\u00e9gale de Labeljoy garantit votre <strong>tranquillit\u00e9<\/strong> d&rsquo;esprit en \u00e9vitant les mesures punitives potentielles.<\/p>\n\n\n\n<h4 class=\"gb-headline gb-headline-fc4f00af gb-headline-text\">Aucune assistance technique ni support<\/h4>\n\n\n\n<p>En utilisant un logiciel pirat\u00e9, vous n&rsquo;aurez <strong>pas acc\u00e8s <\/strong>au<strong> service client\u00e8le <\/strong>ou \u00e0 <strong>l&rsquo;assistance technique<\/strong>. En cas de probl\u00e8me, vous devrez vous d\u00e9brouiller seul, ce qui vous fera perdre du <strong>temps et des ressources<\/strong>.<\/p>\n\n\n\n<h3 class=\"gb-headline gb-headline-6b64d108 gb-headline-text\">Probl\u00e8mes de performance et pr\u00e9judice de r\u00e9putation<\/h3>\n\n\n\n<h4 class=\"gb-headline gb-headline-01af2324 gb-headline-text\">Ralentissements et instabilit\u00e9 de l&rsquo;ordinateur<\/h4>\n\n\n\n<p>Les programmes pirat\u00e9s sont souvent porteurs de <strong>bogues<\/strong> et ralentissent les performances de votre appareil. L&rsquo;utilisation d&rsquo;une version pirate de Labeljoy peut entra\u00eener des <strong>dysfonctionnements<\/strong> du syst\u00e8me et des <strong>probl\u00e8mes de stabilit\u00e9<\/strong>.<\/p>\n\n\n\n<h4 class=\"gb-headline gb-headline-e83e1d3c gb-headline-text\">Risque pour la r\u00e9putation de l&rsquo;entreprise<\/h4>\n\n\n\n<p>L&rsquo;utilisation de <strong>logiciels pirat\u00e9s <\/strong>pr\u00e9sente un risque pour la<strong> r\u00e9putation des entreprises<\/strong>. L&rsquo;adoption de solutions non autoris\u00e9es peut cr\u00e9er une image n\u00e9gative et nuire \u00e0 la <strong>confiance des clients.<\/strong><\/p>\n\n\n\n<figure class=\"gb-block-image gb-block-image-89cd1315\"><img decoding=\"async\" width=\"1280\" height=\"731\" class=\"gb-image gb-image-89cd1315\" src=\"https:\/\/www.labeljoy.com\/wp-content\/uploads\/2024\/11\/img-2.jpg\" alt=\"computer-software-original\" title=\"Pourquoi choisir la version originale de Labeljoy\" srcset=\"https:\/\/www.labeljoy.com\/wp-content\/uploads\/2024\/11\/img-2.jpg 1280w, https:\/\/www.labeljoy.com\/wp-content\/uploads\/2024\/11\/img-2-300x171.jpg 300w, https:\/\/www.labeljoy.com\/wp-content\/uploads\/2024\/11\/img-2-1024x585.jpg 1024w, https:\/\/www.labeljoy.com\/wp-content\/uploads\/2024\/11\/img-2-768x439.jpg 768w\" sizes=\"(max-width: 1280px) 100vw, 1280px\" \/><\/figure>\n\n\n\n<h2 class=\"gb-headline gb-headline-6b9c87d1 gb-headline-text\">Pourquoi choisir la version originale de Labeljoy<\/h2>\n\n\n\n<p>L&rsquo;achat d&rsquo;une version originale du <strong>Labeljoy Barcode Software<\/strong> est un investissement dans la s\u00e9curit\u00e9 et l&rsquo;efficacit\u00e9. Les avantages comprennent:<\/p>\n\n\n\n<ul class=\"wp-block-list\">\n<li><strong>S\u00e9curit\u00e9<\/strong>: la version originale de Labeljoy est prot\u00e9g\u00e9e et mise \u00e0 jour, ce qui pr\u00e9serve votre syst\u00e8me des <strong>logiciels malveillants<\/strong>.<\/li>\n\n\n\n<li><strong>Fiabilit\u00e9<\/strong>: le logiciel original fonctionne de mani\u00e8re stable, sans <strong>ralentissements<\/strong> ni erreurs.<\/li>\n\n\n\n<li><strong>Assistance \u00e0 la client\u00e8le<\/strong>: en cas de besoin, vous pouvez compter sur un <strong>service client\u00e8le <\/strong>qualifi\u00e9.<\/li>\n\n\n\n<li><strong>Legitimacy<\/strong>: use original software to enable you to comply with the law and work with <strong>peace of mind<\/strong>. <strong>L\u00e9gitimit\u00e9<\/strong>: l&rsquo;utilisation de logiciels originaux vous permet de vous conformer \u00e0 la loi et de<strong> travailler en toute s\u00e9r\u00e9nit\u00e9<\/strong>.<\/li>\n\n\n\n<li><strong>Support aux d\u00e9veloppeurs<\/strong>: en choisissant la version l\u00e9gale, vous soutenez le travail des d\u00e9veloppeurs et encouragez<strong> l&rsquo;am\u00e9lioration <\/strong>et <strong>l&rsquo;innovation<\/strong> des logiciels.<\/li>\n<\/ul>\n\n\n\n<h2 class=\"gb-headline gb-headline-3b76b7a7 gb-headline-text\">Investir dans un logiciel original est le bon choix<\/h2>\n\n\n\n<p>En r\u00e9sum\u00e9, investir dans la version authentique de<strong> Labeljoy<\/strong> vous prot\u00e8ge non seulement des risques de<strong> logiciels malveillants<\/strong> et de <strong>perte de donn\u00e9es<\/strong>, mais vous permet \u00e9galement de b\u00e9n\u00e9ficier d&rsquo;une assistance et d&rsquo;un support technique. Pour votre <strong>tranquillit\u00e9 d&rsquo;esprit<\/strong> et votre <strong>productivit\u00e9<\/strong>, vous m\u00e9ritez la s\u00e9curit\u00e9 et la fiabilit\u00e9 que seule une version originale peut vous offrir.<\/p>\n","protected":false},"excerpt":{"rendered":"<p>L&rsquo;utilisation de versions pirat\u00e9es, t\u00e9l\u00e9charg\u00e9es ill\u00e9galement ou activ\u00e9es par des cracks de logiciels tels que Labeljoy Barcode Software peut sembler \u00eatre un moyen facile d&rsquo;\u00e9conomiser. En r\u00e9alit\u00e9, ce choix comporte des risques importants dont il faut \u00eatre conscient. D\u00e9couvrez pourquoi \u00e9viter les versions pirat\u00e9es de Labeljoy est le choix par excellence. Risques de s\u00e9curit\u00e9 li\u00e9s &#8230; <a title=\"Pourquoi choisir la version originale de Labeljoy\" class=\"read-more\" href=\"https:\/\/www.labeljoy.com\/fr\/pourquoi-choisir-la-version-originale-de-labeljoy\/\" aria-label=\"En savoir plus sur Pourquoi choisir la version originale de Labeljoy\">Read more<\/a><\/p>\n","protected":false},"author":18,"featured_media":42526,"parent":0,"menu_order":0,"comment_status":"closed","ping_status":"closed","template":"","meta":{"inline_featured_image":false,"_monsterinsights_skip_tracking":false,"_monsterinsights_sitenote_active":false,"_monsterinsights_sitenote_note":"","_monsterinsights_sitenote_category":0,"footnotes":""},"class_list":{"0":"post-42578","1":"page","2":"type-page","3":"status-publish","4":"has-post-thumbnail","6":"infinite-scroll-item"},"aioseo_notices":[],"_links":{"self":[{"href":"https:\/\/www.labeljoy.com\/fr\/wp-json\/wp\/v2\/pages\/42578","targetHints":{"allow":["GET"]}}],"collection":[{"href":"https:\/\/www.labeljoy.com\/fr\/wp-json\/wp\/v2\/pages"}],"about":[{"href":"https:\/\/www.labeljoy.com\/fr\/wp-json\/wp\/v2\/types\/page"}],"author":[{"embeddable":true,"href":"https:\/\/www.labeljoy.com\/fr\/wp-json\/wp\/v2\/users\/18"}],"replies":[{"embeddable":true,"href":"https:\/\/www.labeljoy.com\/fr\/wp-json\/wp\/v2\/comments?post=42578"}],"version-history":[{"count":1,"href":"https:\/\/www.labeljoy.com\/fr\/wp-json\/wp\/v2\/pages\/42578\/revisions"}],"predecessor-version":[{"id":42579,"href":"https:\/\/www.labeljoy.com\/fr\/wp-json\/wp\/v2\/pages\/42578\/revisions\/42579"}],"wp:featuredmedia":[{"embeddable":true,"href":"https:\/\/www.labeljoy.com\/fr\/wp-json\/wp\/v2\/media\/42526"}],"wp:attachment":[{"href":"https:\/\/www.labeljoy.com\/fr\/wp-json\/wp\/v2\/media?parent=42578"}],"curies":[{"name":"wp","href":"https:\/\/api.w.org\/{rel}","templated":true}]}}