{"id":43995,"date":"2025-09-10T13:50:50","date_gmt":"2025-09-10T13:50:50","guid":{"rendered":"https:\/\/www.labeljoy.com\/shop-fr\/labeljoy-recurring-prices\/"},"modified":"2025-09-10T14:28:02","modified_gmt":"2025-09-10T14:28:02","slug":"labeljoy-recurring-prix","status":"publish","type":"page","link":"https:\/\/www.labeljoy.com\/fr\/shop-fr\/labeljoy-recurring-prix\/","title":{"rendered":"Labeljoy Recurring \u2013 Prix"},"content":{"rendered":"<style>\r\n    .pricing-table-container { margin: 0 0 20px; line-height: normal; }\r\n    .pricing-table { width: 100%; border-collapse: collapse; margin: 15px 0 5px; }\r\n    .pricing-table th, .pricing-table td { padding: 12px 15px; text-align: center; border: 1px solid #DDD !important; }\r\n    .pricing-table th { background-color: #f8f9fa; font-weight: bold; color: #333; }\r\n    .pricing-table th::first-letter {text-transform: uppercase; }\r\n\t.pricing-table th:nth-child(2), .pricing-table th:nth-child(3) { text-align: right; }\r\n    .pricing-table tr:nth-child(even) { background-color: #f8f9fa; }\r\n    .pricing-table tr:hover { background-color: #e9ecef; }\r\n    .pricing-table td:nth-child(2), .pricing-table td:nth-child(3) { font-weight: bold; color: #379ad7; text-align: right; }\r\n    .pricing-table td:nth-child(4), .pricing-table td:nth-child(5) { color: #7db51e; font-weight: 500; }\r\n\t.pricing-table-container p.notes { font-size: .8em; line-height: normal; text-align: right; font-style: italic; color: #666; }\r\n    <\/style><div class=\"pricing-table-container\"><h4>Labeljoy Recurring - Prix par poste de travail (\"Seat\")<\/h4><table class=\"pricing-table table table-striped\"><thead><tr><th>Postes<\/th><th>par mois<\/th><th>annuellement<\/th><th> % de r\u00e9duction * <\/th><th> % de r\u00e9duction ** <\/th><\/tr><\/thead><tbody><tr><td>Jusqu'\u00e0 1<\/td><td>$15.90<\/td><td>$159.00<\/td><td>-<\/td><td>16.7%<\/td><\/tr><tr><td>Jusqu'\u00e0 2<\/td><td>$13.90<\/td><td>$139.00<\/td><td>12.6%<\/td><td>27.1%<\/td><\/tr><tr><td>Jusqu'\u00e0 4<\/td><td>$12.60<\/td><td>$126.00<\/td><td>20.8%<\/td><td>34.0%<\/td><\/tr><tr><td>Jusqu'\u00e0 5<\/td><td>$11.50<\/td><td>$115.00<\/td><td>27.7%<\/td><td>39.7%<\/td><\/tr><tr><td>Jusqu'\u00e0 7<\/td><td>$10.20<\/td><td>$115.00<\/td><td>35.8%<\/td><td>39.7%<\/td><\/tr><tr><td>Jusqu'\u00e0 9<\/td><td>$9.10<\/td><td>$115.00<\/td><td>42.8%<\/td><td>39.7%<\/td><\/tr><tr><td>Jusqu'\u00e0 20<\/td><td>$7.90<\/td><td>$79.00<\/td><td>50.3%<\/td><td>58.6%<\/td><\/tr><\/tbody><\/table><p class=\"notes\">* par rapport \u00e0 1 poste, m\u00eame intervalle de facturation<br>\r\n\t\t\t\t**par rapport \u00e0 1 si\u00e8ge, factur\u00e9 mensuellement<\/p><p style=\"text-align: center\"><a title=\"Commencer mon abonnement\" href=\"https:\/\/www.labeljoy.com\/fr\/shop\/recurring\/\" class=\"large blue tt-button\">Commencer mon abonnement<\/a><\/p><\/div>\n","protected":false},"excerpt":{"rendered":"","protected":false},"author":2,"featured_media":0,"parent":15444,"menu_order":-1,"comment_status":"closed","ping_status":"closed","template":"","meta":{"inline_featured_image":false,"_monsterinsights_skip_tracking":false,"_monsterinsights_sitenote_active":false,"_monsterinsights_sitenote_note":"","_monsterinsights_sitenote_category":0,"footnotes":""},"class_list":{"0":"post-43995","1":"page","2":"type-page","3":"status-publish","5":"infinite-scroll-item"},"aioseo_notices":[],"_links":{"self":[{"href":"https:\/\/www.labeljoy.com\/fr\/wp-json\/wp\/v2\/pages\/43995","targetHints":{"allow":["GET"]}}],"collection":[{"href":"https:\/\/www.labeljoy.com\/fr\/wp-json\/wp\/v2\/pages"}],"about":[{"href":"https:\/\/www.labeljoy.com\/fr\/wp-json\/wp\/v2\/types\/page"}],"author":[{"embeddable":true,"href":"https:\/\/www.labeljoy.com\/fr\/wp-json\/wp\/v2\/users\/2"}],"replies":[{"embeddable":true,"href":"https:\/\/www.labeljoy.com\/fr\/wp-json\/wp\/v2\/comments?post=43995"}],"version-history":[{"count":1,"href":"https:\/\/www.labeljoy.com\/fr\/wp-json\/wp\/v2\/pages\/43995\/revisions"}],"predecessor-version":[{"id":44001,"href":"https:\/\/www.labeljoy.com\/fr\/wp-json\/wp\/v2\/pages\/43995\/revisions\/44001"}],"up":[{"embeddable":true,"href":"https:\/\/www.labeljoy.com\/fr\/wp-json\/wp\/v2\/pages\/15444"}],"wp:attachment":[{"href":"https:\/\/www.labeljoy.com\/fr\/wp-json\/wp\/v2\/media?parent=43995"}],"curies":[{"name":"wp","href":"https:\/\/api.w.org\/{rel}","templated":true}]}}