{"id":12288,"date":"2013-05-22T14:29:12","date_gmt":"2013-05-22T14:29:12","guid":{"rendered":"http:\/\/www.labeljoy.com\/qr-code-2\/"},"modified":"2022-03-02T13:32:32","modified_gmt":"2022-03-02T13:32:32","slug":"qr-code-it","status":"publish","type":"page","link":"https:\/\/www.labeljoy.com\/it\/qr-code-it\/","title":{"rendered":"QR Code"},"content":{"rendered":"<h1>Il QR Code<\/h1>\n<p><em>Nuove frontiere di comunicazione con il codice a barre 2D: il QR Code<\/em><br \/>\nI codici <strong>QR Code<\/strong> hanno sempre pi\u00f9 importanza sia nel mondo della comunicazione che della produzione. Questo 2D Code pu\u00f2 contenere una grande quantit\u00e0 di dati ed \u00e8 accessibile a tutti.<\/p>\n<h2>Cos&#8217;\u00e8 il Qr Code<\/h2>\n<p><img decoding=\"async\" class=\"alignleft\" style=\"margin-bottom: 10px;\" alt=\"Qr Code\" src=\"http:\/\/www.labeljoy.com\/images\/qr-code\/the-qr-code.jpg\" width=\"177\" height=\"200\">Il <strong>QR code<\/strong> \u00e8 un codice a barre bidimensionale (anche chiamato <strong>2D code<\/strong>) che si distingue immediatamente per la sua grafica a matrice, a differenza delle barre dei pi\u00f9 comuni <a title=\"Codici a barre\" href=\"http:\/\/www.labeljoy.com\/it\/supporto\/codici-a-barre\/\">barcode<\/a>. La matrice si compone di moduli neri disposti all&#8217;interno di uno schema quadrato. Per maggiori informazione puoi leggere la guida <a title=\"Cos\u2019\u00e8 il QR Code\" href=\"http:\/\/www.labeljoy.com\/it\/qr-code-it\/cose-il-qr-code\/\">cos&#8217;\u00e8 un QR Code<\/a> che approfondisce le caratteristiche e le applicazioni da usare con il QR Code. Oppure puoi leggere le <a title=\"Caratteristiche QR Code\" href=\"http:\/\/www.labeljoy.com\/it\/qr-code-it\/specifiche-qr-code\/\">specifiche dei&nbsp; QR Code<\/a> come la grandezza del simbolo, la decifratura e la correzione d&#8217;errore.<\/p>\n<p>L&#8217;acronimo QR significa &#8220;<em>quick response<\/em>&#8221; (risposta rapida), che \u00e8 l&#8217;obiettivo per il quale il QR Code \u00e8 stato creato: permettere una rapida decodifica del suo ampio contenuto.<\/p>\n<p>&nbsp;<\/p>\n<h3>Caratteristiche Qr Code<\/h3>\n<p><a title=\"Creare QR Code\" href=\"http:\/\/www.labeljoy.com\/it\/qr-code-it\/creare-qr-code\/\">Creare QR code<\/a> \u00e8 molto semplice nonostante la loro ampia capacit\u00e0: infatti consentono la codifica di 4200 caratteri alfanumerici (numeri, lettere e caratteri speciali).<\/p>\n<p>Labeljoy \u00e8 un <a title=\"Qr Code Software\" href=\"http:\/\/www.labeljoy.com\/it\/qr-code-it\/qr-code-software-it\/\">QR Code software<\/a> che permette di <a title=\"Come generare un QR Code\" href=\"http:\/\/www.labeljoy.com\/it\/qr-code-it\/come-generare-un-qr-code\/\">genereare il tuo QR Code personalizzato<\/a> in modo semplice e veloce, anche offline.<\/p>\n<p>E&#8217; possibile generare diversi tipi di QR Code. A seconda di come \u00e8 stato create un codice, il lettore di QR Code dello smartphone codifica le informazioni ed esegue una di queste funzioni:<\/p>\n<table width=\"670\" border=\"0\" cellspacing=\"0\" cellpadding=\"20\">\n<tbody>\n<tr>\n<td width=\"110\"><img decoding=\"async\" width=\"155\" height=\"155\" style=\"width: 110px;height: 110px\" alt=\"url Qr Code\" src=\"http:\/\/www.labeljoy.com\/images\/qr-code\/url-qr-code.jpg\"><\/td>\n<td><strong>Web<\/strong><br \/>\nLa maggior parte dei QR Code sono generati dalla codifica di un URL. Un URL \u00e8 un link ad un sito internet. Labeljoy produce codici di alta qualit\u00e0, accelerando e facilitando la lettura del codice a barre dallo smartphone.<\/td>\n<\/tr>\n<tr>\n<td width=\"110\"><img decoding=\"async\" style=\"width: 110px;height: 110px\" alt=\"SMS Qr code\" src=\"http:\/\/www.labeljoy.com\/images\/qr-code\/sms-qr-code.jpg\" width=\"155\" height=\"155\"><\/td>\n<td><strong>SMS<\/strong><br \/>\nIl QR Code \u00e8 in grado di codificare il messaggio e il numero di telefono a cui inviare l&#8217;SMS.<\/td>\n<\/tr>\n<tr>\n<td width=\"110\"><img decoding=\"async\" style=\"width: 110px;height: 110px\" alt=\"vCard Qr code\" src=\"http:\/\/www.labeljoy.com\/images\/qr-code\/vcard-qr-code.jpg\" width=\"155\" height=\"155\"><\/td>\n<td><strong>vCard<\/strong><br \/>\nE&#8217; sufficiente &#8220;scansionare&#8221; un QR per salvare nella rubrica del telefono il contatto telefonico presente nel codice, comprensivo di nome, cognome, indirizzo e numero di telefono e molte altre informazioni.<\/td>\n<\/tr>\n<tr>\n<td width=\"110\"><img decoding=\"async\" style=\"width: 110px;height: 110px\" alt=\"vCalendar QR code\" src=\"http:\/\/www.labeljoy.com\/images\/qr-code\/vcalendar-qr-code.jpg\" width=\"155\" height=\"155\"><\/td>\n<td><strong>vCalendar<\/strong><br \/>\nE&#8217; possibile creare eventi vCalendar inserendo &#8220;Riepilogo evento, Descrizione evento, Data di inizio \/ fine, Posizione e Nome.<\/td>\n<\/tr>\n<tr>\n<td width=\"110\"><img decoding=\"async\" style=\"width: 110px;height: 110px\" alt=\"Maps Qr code\" src=\"http:\/\/www.labeljoy.com\/images\/qr-code\/maps-qr-code.jpg\" width=\"155\" height=\"155\"><\/td>\n<td><strong> Maps<\/strong><br \/>\nCon una scansione \u00e8 possibile associare una precisa posizione sulla mappa come in Google Maps o Bing Map.<\/td>\n<\/tr>\n<tr>\n<td width=\"110\"><img decoding=\"async\" style=\"width: 110px;height: 110px\" alt=\"Text Qr code\" src=\"http:\/\/www.labeljoy.com\/images\/qr-code\/text-qr-code.jpg\" width=\"155\" height=\"155\"><\/td>\n<td><strong>Text<\/strong><br \/>\nLa funzione meno utilizzata \u00e8 la possibilit\u00e0 visualizzare un testo sullo smartphone facendo la scansione del QR code.<\/td>\n<\/tr>\n<\/tbody>\n<\/table>\n<p>Guarda il video &#8220;<a title=\"Generare Barcode e QR Code\" href=\"http:\/\/www.labeljoy.com\/it\/video-it\/generare-barcode-qrcode\/\">Come creare barcode e QR Code<\/a>&#8221; e scopri quanto \u00e8 semplice generare QR Code with <a title=\"Software codice a barre\" href=\"http:\/\/www.labeljoy.com\/it\/software-codice-barre\/\">Labeljoy Barcode software<\/a>.<\/p>\n","protected":false},"excerpt":{"rendered":"<p>Il QR Code Nuove frontiere di comunicazione con il codice a barre 2D: il QR Code I codici QR Code hanno sempre pi\u00f9 importanza sia nel mondo della comunicazione che della produzione. Questo 2D Code pu\u00f2 contenere una grande quantit\u00e0 di dati ed \u00e8 accessibile a tutti. Cos&#8217;\u00e8 il Qr Code Il QR code \u00e8 &#8230; <a title=\"QR Code\" class=\"read-more\" href=\"https:\/\/www.labeljoy.com\/it\/qr-code-it\/\" aria-label=\"Per saperne di pi\u00f9 su QR Code\">Read more<\/a><\/p>\n","protected":false},"author":1,"featured_media":0,"parent":0,"menu_order":2,"comment_status":"open","ping_status":"closed","template":"","meta":{"inline_featured_image":false,"_monsterinsights_skip_tracking":false,"_monsterinsights_sitenote_active":false,"_monsterinsights_sitenote_note":"","_monsterinsights_sitenote_category":0,"footnotes":""},"class_list":{"0":"post-12288","1":"page","2":"type-page","3":"status-publish","5":"infinite-scroll-item"},"aioseo_notices":[],"_links":{"self":[{"href":"https:\/\/www.labeljoy.com\/it\/wp-json\/wp\/v2\/pages\/12288","targetHints":{"allow":["GET"]}}],"collection":[{"href":"https:\/\/www.labeljoy.com\/it\/wp-json\/wp\/v2\/pages"}],"about":[{"href":"https:\/\/www.labeljoy.com\/it\/wp-json\/wp\/v2\/types\/page"}],"author":[{"embeddable":true,"href":"https:\/\/www.labeljoy.com\/it\/wp-json\/wp\/v2\/users\/1"}],"replies":[{"embeddable":true,"href":"https:\/\/www.labeljoy.com\/it\/wp-json\/wp\/v2\/comments?post=12288"}],"version-history":[{"count":17,"href":"https:\/\/www.labeljoy.com\/it\/wp-json\/wp\/v2\/pages\/12288\/revisions"}],"predecessor-version":[{"id":37120,"href":"https:\/\/www.labeljoy.com\/it\/wp-json\/wp\/v2\/pages\/12288\/revisions\/37120"}],"wp:attachment":[{"href":"https:\/\/www.labeljoy.com\/it\/wp-json\/wp\/v2\/media?parent=12288"}],"curies":[{"name":"wp","href":"https:\/\/api.w.org\/{rel}","templated":true}]}}