{"id":12290,"date":"2013-06-05T13:31:45","date_gmt":"2013-06-05T13:31:45","guid":{"rendered":"http:\/\/www.labeljoy.com\/qr-code\/qr-code-specification\/"},"modified":"2019-04-01T08:39:37","modified_gmt":"2019-04-01T08:39:37","slug":"specifiche-qr-code","status":"publish","type":"page","link":"https:\/\/www.labeljoy.com\/it\/qr-code-it\/specifiche-qr-code\/","title":{"rendered":"Specifiche QR Code"},"content":{"rendered":"<h1>Specifiche del QR Code<\/h1>\n<p>Il<strong> QR Code<\/strong> (abbreviazione di\u00a0 Quick Response Code) \u00e8 un barcode a matrice (o due-dimensioni <strong>2D code).<\/strong> I<strong> QR code <\/strong>sono una evoluzione dei tradizionali codici a barre.<\/p>\n<h2>Informazioni sui QR Code<\/h2>\n<p>Il Qr Code sono stati sviluppati nel 1994 da una societ\u00e0 giapponese chiamata Denso Wave. La codifica dei Qr Code, a differenza dei barcode, avviene in due direzioni: verticale e orizzontale. Grazie a questa caratteristica il <strong>QR Code pu\u00f2 contenere molte pi\u00f9 informazioni<\/strong> rispetto ai <a title=\"Codici a barre\" href=\"http:\/\/www.labeljoy.com\/it\/supporto\/codici-a-barre\/\">codici a barre<\/a>.<\/p>\n<p style=\"text-align: center\"><a href=\"\/it\/download-it\/\" class=\"jumbo green tt-button\" target=\"_self\"> SCARICA GRATIS il QR Code Generator<\/a>\n<h3>QR code: Micro e Standard<\/h3>\n<p>I simboli possono essere di due tipi: Micro QR Code o Standard QR Code.<\/p>\n<p>Micro QR Code \u00e8 la versione pi\u00f9 piccola e, a seconda del contesto e del livello d&#8217;errore, pu\u00f2 rappresentare fino a 35 cifre o 21 caratteri alfanumerici. Esistono 4 versioni di Micro QR Code: dalla Micro QR Code 1 fino a\u00a0 Micro QR Code 4 che hanno capacit\u00e0 di codifica e dimensione fisica differente.<\/p>\n<p>Standard QR Code pu\u00f2 rappresentare fino a 7.089 cifre o 4.296 caratteri alfanumerici. Ci sono 40 versioni di Standard Code: dalla Version 1 fino alla Version 40.<\/p>\n<table border=\"0\" width=\"100%\" cellspacing=\"2\" cellpadding=\"2\">\n<tbody>\n<tr>\n<td align=\"center\" valign=\"center\"><img decoding=\"async\" class=\"aligncenter size-full wp-image-783\" title=\"micro-qr-code\" src=\"\/images\/about-qr-code\/micro-qr-code.jpg\" alt=\"micro qrcode\" width=\"81\" height=\"82\" \/><\/td>\n<td align=\"center\" valign=\"center\"><img decoding=\"async\" class=\"aligncenter size-full wp-image-783\" title=\"standard-qr-code\" src=\"\/images\/about-qr-code\/standard-qr-code.jpg\" alt=\"standard qrcode\" width=\"81\" height=\"82\" \/><\/td>\n<\/tr>\n<tr>\n<td align=\"center\" valign=\"center\"><span style=\"font-size: small\">Micro QR Code<\/span><\/td>\n<td align=\"center\" valign=\"center\"><span style=\"font-size: small\">Standard QR Code<\/span><\/td>\n<\/tr>\n<\/tbody>\n<\/table>\n<div class=\"hr hr-solid\">&nbsp;<\/div>\n<h3>QR code: Encoding<\/h3>\n<p>Labeljoy consente di definire l&#8217;algoritmo di codifica da utilizzare per ottenere la miglior compressione di dati possibile, al fine di ridurre la quantit\u00e0 di spazio richiesto per visualizzare il simbolo. Le opzioni disponibili sono::<\/p>\n<ul>\n<li>(Mixed): impostazione predefinita. Consente la codifica di dati utilizzando una combinazione di tutte le seguenti modalit\u00e0 di codifica in base al tipo di dati trovati. Normalmente questa impostazione produce i risultati migliori.<\/li>\n<li>Numeric: consente la codifica di numeri da 0 a 9.<\/li>\n<li>Alphanumeric: permette la codifica di numeri, lettere maiuscole, e alcuni caratteri speciali. Pi\u00f9 adatto per codici alfanumerici con testo maiuscolo.<\/li>\n<li>Hex (String): consente la codifica di carattere in ASCII. Pi\u00f9 adatto per i codici alfanumerici con lettere minuscole.<\/li>\n<li>Hex (Byte): codifica specifica per i dati byte compresi tra 0 e 255. Utilizzando questo algoritmo di codifica \u00e8 possibile codificare qualsiasi valore compreso tra 0x00 e 0xFF (decimali 0 ~ 255). Per poter utilizzare questa codifica \u00e8 necessario inserire una stringa contenente i valori esadecimali a due cifre separate da uno spazio: Esempio: 32 FA 56 E8 12 &#8230; etc.<\/li>\n<li>Kanji: permette la codifica di caratteri nel sistema Shift JIS utilizzato per visualizzare i caratteri giapponesi.<\/li>\n<\/ul>\n<table width=\"100%\" cellspacing=\"0\" cellpadding=\"0\">\n<tbody>\n<tr>\n<td colspan=\"2\" align=\"middle\" valign=\"center\" style=\"max-width: 0;overflow: hidden\"><span style=\"font-size: small\">QR Code encoding:<br \/>\n012345678901234567890123456789012345678901234567890123456789012345678901234567890123456789<\/span><\/td>\n<\/tr>\n<tr>\n<td align=\"center\" valign=\"center\"><img decoding=\"async\" class=\"aligncenter\" title=\"numeric encoding\" src=\"\/images\/about-qr-code\/numeric-encoding-qr-code.jpg\" alt=\"numeric encoding\" width=\"134\" height=\"134\" \/><\/td>\n<td align=\"center\" valign=\"center\"><img decoding=\"async\" class=\"aligncenter size-full wp-image-786\" title=\"byte-encoding-qr-code\" src=\"\/images\/about-qr-code\/byte-encoding-qr-code.jpg\" alt=\"byte encoding\" width=\"134\" height=\"134\" \/><\/td>\n<\/tr>\n<tr>\n<td align=\"center\" valign=\"center\"><span style=\"font-size: small\">Codifica Numerica<\/span><\/td>\n<td align=\"center\" valign=\"center\"><span style=\"font-size: small\">Codifica Byte (Stringa)<br \/>\n<\/span><\/td>\n<\/tr>\n<\/tbody>\n<\/table>\n<div class=\"basic-divider\"><span style=\"color: #ff9900\"><a id=\"scroll_to_top\" class=\"link-top\" href=\"#\"><span style=\"color: #ff9900\">Top<\/span><\/a><\/span><\/div>\n<h3>QR code: Dimensione simbolo<\/h3>\n<p>Labeljoy consente di inserire la dimensione minima del simbolo. L&#8217;architettura QR Code visualizza i dati in un quadrato. La dimensione del quadrato dipende dalla quantit\u00e0 di dati codificati.<\/p>\n<p>Normalmente il simbolo viene generato con la dimensione pi\u00f9 piccola possibile necessaria per rappresentare i dati codificati. In alcuni casi potrebbe essere necessario aumentare la dimensione per assicurarsi che tutti i simboli stampati abbiano la stessa dimensione, indipendentemente dalla quantit\u00e0 di dati codificati. Ad esempio, se si collega un QR Code ad un campo <a title=\"Caricare dati da Excel\" href=\"http:\/\/www.labeljoy.com\/it\/video-it\/etichette-excel\/\">indirizzo proveniente da una base di dati esterna<\/a>, per avere tutti i simboli della stessa dimensione potrebbe essere necessario impostarla manualmente, indipendentemente dalla lunghezza del singolo indirizzo.<\/p>\n<table border=\"0\" width=\"100%\" cellspacing=\"2\" cellpadding=\"2\">\n<tbody>\n<tr>\n<td colspan=\"2\" align=\"center\" valign=\"center\"><span style=\"font-size: small\">QR Code encoding:<br \/>\nhttp:\/\/www.labeljoy.com\/free-label-software\/<\/span><\/td>\n<\/tr>\n<tr>\n<td align=\"center\" valign=\"center\"><img decoding=\"async\" class=\"aligncenter size-thumbnail wp-image-792\" title=\"auto-size\" src=\"\/images\/about-qr-code\/auto-size.jpg\" alt=\"auto size qrcode\" width=\"150\" height=\"150\" \/><\/td>\n<td align=\"center\" valign=\"center\"><img decoding=\"async\" class=\"aligncenter size-thumbnail wp-image-791\" title=\"10-size\" src=\"\/images\/about-qr-code\/10-size.jpg\" alt=\"10 size\" width=\"150\" height=\"150\" \/><\/td>\n<\/tr>\n<tr>\n<td align=\"center\" valign=\"center\"><span style=\"font-size: small\">Con (Auto) dimensionamento<\/span><\/td>\n<td align=\"center\" valign=\"center\"><span style=\"font-size: small\">Con dimensionamento minimo Version 10<br \/>\n<\/span><\/td>\n<\/tr>\n<\/tbody>\n<\/table>\n<div class=\"hr hr-solid\">&nbsp;<\/div>\n<h3>QR code: Correzione errori<\/h3>\n<p>Lo standard QR Code consente di selezionare tra 4 diversi livelli di recupero tra le seguenti quantit\u00e0 di danni:<\/p>\n<ul>\n<li>L: 7% capacit\u00e0 di recupero.<\/li>\n<li>M (default): 15% capacit\u00e0 di recupero.<\/li>\n<li>Q: 25% capacit\u00e0 di recupero.<\/li>\n<li>H: 30% capacit\u00e0 di recupero.<\/li>\n<\/ul>\n<p>QR Code implementa la correzione degli errori per garantire la leggibilit\u00e0 su simboli parzialmente danneggiati. Maggiore \u00e8 il livello di correzione dell&#8217;errore, maggiore la dimensione del simbolo necessaria per codificare gli stessi dati.<\/p>\n<table border=\"0\" width=\"100%\" cellspacing=\"2\" cellpadding=\"2\">\n<tbody>\n<tr>\n<td colspan=\"2\" align=\"center\" valign=\"center\"><span style=\"font-size: small\">QR Code encoding:<br \/>\nhttp:\/\/www.labeljoy.com\/free-label-software\/<\/span><\/td>\n<\/tr>\n<tr>\n<td align=\"center\" valign=\"center\"><img decoding=\"async\" class=\"aligncenter size-thumbnail wp-image-794\" title=\"l-error\" src=\"\/images\/about-qr-code\/l-error.jpg\" alt=\"l-error\" width=\"150\" height=\"150\" \/><\/td>\n<td align=\"center\" valign=\"center\"><img decoding=\"async\" class=\"aligncenter size-thumbnail wp-image-788\" title=\"q-error\" src=\"\/images\/about-qr-code\/q-error.jpg\" alt=\"q-error code\" width=\"150\" height=\"150\" \/><\/td>\n<\/tr>\n<tr>\n<td align=\"center\" valign=\"center\"><span style=\"font-size: small\">Con correzione d&#8217;errore livello L<\/span><\/td>\n<td align=\"center\" valign=\"center\"><span style=\"font-size: small\">Con correzione d&#8217;errore livello\u00a0Q<br \/>\n<\/span><\/td>\n<\/tr>\n<\/tbody>\n<\/table>\n<div class=\"basic-divider\"><span style=\"color: #ff9900\"><a id=\"scroll_to_top\" class=\"link-top\" href=\"#\"><span style=\"color: #ff9900\">Top<\/span><\/a><\/span><\/div>\n","protected":false},"excerpt":{"rendered":"<p>Specifiche del QR Code Il QR Code (abbreviazione di\u00a0 Quick Response Code) \u00e8 un barcode a matrice (o due-dimensioni 2D code). I QR code sono una evoluzione dei tradizionali codici a barre. Informazioni sui QR Code Il Qr Code sono stati sviluppati nel 1994 da una societ\u00e0 giapponese chiamata Denso Wave. La codifica dei Qr &#8230; <a title=\"Specifiche QR Code\" class=\"read-more\" href=\"https:\/\/www.labeljoy.com\/it\/qr-code-it\/specifiche-qr-code\/\" aria-label=\"Per saperne di pi\u00f9 su Specifiche QR Code\">Read more<\/a><\/p>\n","protected":false},"author":1,"featured_media":0,"parent":12288,"menu_order":0,"comment_status":"open","ping_status":"closed","template":"page-template-left-sidebar.php","meta":{"inline_featured_image":false,"_monsterinsights_skip_tracking":false,"_monsterinsights_sitenote_active":false,"_monsterinsights_sitenote_note":"","_monsterinsights_sitenote_category":0,"footnotes":""},"class_list":{"0":"post-12290","1":"page","2":"type-page","3":"status-publish","5":"infinite-scroll-item"},"aioseo_notices":[],"_links":{"self":[{"href":"https:\/\/www.labeljoy.com\/it\/wp-json\/wp\/v2\/pages\/12290","targetHints":{"allow":["GET"]}}],"collection":[{"href":"https:\/\/www.labeljoy.com\/it\/wp-json\/wp\/v2\/pages"}],"about":[{"href":"https:\/\/www.labeljoy.com\/it\/wp-json\/wp\/v2\/types\/page"}],"author":[{"embeddable":true,"href":"https:\/\/www.labeljoy.com\/it\/wp-json\/wp\/v2\/users\/1"}],"replies":[{"embeddable":true,"href":"https:\/\/www.labeljoy.com\/it\/wp-json\/wp\/v2\/comments?post=12290"}],"version-history":[{"count":21,"href":"https:\/\/www.labeljoy.com\/it\/wp-json\/wp\/v2\/pages\/12290\/revisions"}],"predecessor-version":[{"id":31149,"href":"https:\/\/www.labeljoy.com\/it\/wp-json\/wp\/v2\/pages\/12290\/revisions\/31149"}],"up":[{"embeddable":true,"href":"https:\/\/www.labeljoy.com\/it\/wp-json\/wp\/v2\/pages\/12288"}],"wp:attachment":[{"href":"https:\/\/www.labeljoy.com\/it\/wp-json\/wp\/v2\/media?parent=12290"}],"curies":[{"name":"wp","href":"https:\/\/api.w.org\/{rel}","templated":true}]}}