{"id":12291,"date":"2013-05-30T09:22:35","date_gmt":"2013-05-30T09:22:35","guid":{"rendered":"http:\/\/www.labeljoy.com\/qr-code\/create-qr-code\/"},"modified":"2022-12-14T14:47:45","modified_gmt":"2022-12-14T14:47:45","slug":"creare-qr-code","status":"publish","type":"page","link":"https:\/\/www.labeljoy.com\/it\/qr-code-it\/creare-qr-code\/","title":{"rendered":"Creare QR Code"},"content":{"rendered":"<h1>Creare QR Code<\/h1>\n<p>In questa pagina mostriamo come \u00e8 <strong>semplice creare un QR Code<\/strong> in solo pochi passaggi. Il codice QR sta diventando sempre pi\u00f9 presente nella vita di tutti i giorni perch\u00e8 pu\u00f2 essere utilizzato in modi e contesti diversi.<img decoding=\"async\" class=\"alignleft\" alt=\"Creare Qr Codes\" src=\"http:\/\/www.labeljoy.com\/images\/qr-code\/create-qr-codes.jpg\" width=\"330\" height=\"248\"><\/p>\n<p>Esistono diversi <strong>usi creativi per i codici QR<\/strong>: \u00e8 possibile&nbsp;<em>generare i QR Code<\/em> per creare immagini che &#8220;linkano&#8221; a una pagina personale o per inviare una e-mail, e sempre pi\u00f9 spesso sono usati sulle <a title=\"Etichetta prodotto\" href=\"http:\/\/www.labeljoy.com\/it\/etichette-da-stampare\/etichetta-prodotto\/\">etichette dei prodotti<\/a> o stampati sui <a title=\"Biglietti da visita\" href=\"http:\/\/www.labeljoy.com\/it\/etichette-da-stampare\/creare-biglietti-visita\/\">biglietti da visita<\/a>.<\/p>\n<p>\u00c8 possibile utilizzare Labeljoy per creare codici a barre e codici QR. Basta inserire la url di un sito web, un indirizzo e-mail, del testo o ogni altro dato che si&nbsp; desidera codificare in un codice QR.<\/p>\n<div class=\"column-clear\"><\/div>\n<p style=\"text-align: center\"><a href=\"\/it\/download-it\/\" class=\"jumbo green tt-button\" target=\"_self\">SCARICA GRATIS il software per QR Code<\/a>\n<h2>4 Passi per Creare un Qr Code<\/h2>\n<ol>\n<li>Per creare in pochi secondi il tuo QR Code vai sulla pagina QR Code Generator come <a title=\"QR Code Generator\" href=\"http:\/\/www.labeljoy.com\/it\/qr-code-it\/qr-code-generator-it\/\">Labeljoy Tool<\/a>, <a title=\"Qrcode kaywa\" href=\"http:\/\/qrcode.kaywa.com\/\" target=\"_blank\" rel=\"noopener\">Kaywa<\/a>, <a title=\"Qurify Qr code\" href=\"http:\/\/www.visualead.com\/qurify2\" target=\"_blank\" rel=\"noopener\">Qurify<\/a>.<br \/>\no puoi <a title=\"Download Labeljoy IT\" href=\"http:\/\/www.labeljoy.com\/it\/download-it\/\">Scaricare Labeljoy<\/a> per <strong>creare i QRcode offline direttamente dal tuo PC!<\/strong><br \/>\n<a href=\"http:\/\/www.labeljoy.com\/images\/qr-code\/it\/create-qrcode-offline-labeljoy.jpg\" title=\"Labeljoy Qr code software\"><img decoding=\"async\" width=\"1000\" height=\"456\" alt=\"Crea Qr Code offline con Labeljoy\" src=\"http:\/\/www.labeljoy.com\/images\/qr-code\/it\/create-qrcode-offline-labeljoy.jpg\" style=\"max-width: 600px; margin-top: 18px; margin-bottom: 18px;\" class=\"aligncenter\"><\/a><\/li>\n<li>Seleziona l&#8217;azione: il QR code generato pu\u00f2 essere collegato ad una pagina web, a semplice testo, vCard, video Youtube, coordinate in Google Maps, &#8230;<\/li>\n<li>Compila tutti i campi. Con Labeljoy QR Code generator puoi inoltre scegliere il Livello di Correzione Errore, le dimensioni del simbolo, i margini, il colore del codice e dello sfondo.<\/li>\n<li>Crea il tuo QR code!<\/li>\n<\/ol>\n<p style=\"text-align: center\"><img decoding=\"async\" class=\"aligncenter\" alt=\"Scansione Qr code\" src=\"http:\/\/www.labeljoy.com\/images\/qr-code\/scanning-qrcode.jpg\" width=\"280\" height=\"187\"><\/p>\n","protected":false},"excerpt":{"rendered":"<p>Creare QR Code In questa pagina mostriamo come \u00e8 semplice creare un QR Code in solo pochi passaggi. Il codice QR sta diventando sempre pi\u00f9 presente nella vita di tutti i giorni perch\u00e8 pu\u00f2 essere utilizzato in modi e contesti diversi. Esistono diversi usi creativi per i codici QR: \u00e8 possibile&nbsp;generare i QR Code per &#8230; <a title=\"Creare QR Code\" class=\"read-more\" href=\"https:\/\/www.labeljoy.com\/it\/qr-code-it\/creare-qr-code\/\" aria-label=\"Per saperne di pi\u00f9 su Creare QR Code\">Read more<\/a><\/p>\n","protected":false},"author":1,"featured_media":0,"parent":12288,"menu_order":9,"comment_status":"open","ping_status":"closed","template":"","meta":{"inline_featured_image":false,"_monsterinsights_skip_tracking":false,"_monsterinsights_sitenote_active":false,"_monsterinsights_sitenote_note":"","_monsterinsights_sitenote_category":0,"footnotes":""},"class_list":{"0":"post-12291","1":"page","2":"type-page","3":"status-publish","5":"infinite-scroll-item"},"aioseo_notices":[],"_links":{"self":[{"href":"https:\/\/www.labeljoy.com\/it\/wp-json\/wp\/v2\/pages\/12291","targetHints":{"allow":["GET"]}}],"collection":[{"href":"https:\/\/www.labeljoy.com\/it\/wp-json\/wp\/v2\/pages"}],"about":[{"href":"https:\/\/www.labeljoy.com\/it\/wp-json\/wp\/v2\/types\/page"}],"author":[{"embeddable":true,"href":"https:\/\/www.labeljoy.com\/it\/wp-json\/wp\/v2\/users\/1"}],"replies":[{"embeddable":true,"href":"https:\/\/www.labeljoy.com\/it\/wp-json\/wp\/v2\/comments?post=12291"}],"version-history":[{"count":18,"href":"https:\/\/www.labeljoy.com\/it\/wp-json\/wp\/v2\/pages\/12291\/revisions"}],"predecessor-version":[{"id":39508,"href":"https:\/\/www.labeljoy.com\/it\/wp-json\/wp\/v2\/pages\/12291\/revisions\/39508"}],"up":[{"embeddable":true,"href":"https:\/\/www.labeljoy.com\/it\/wp-json\/wp\/v2\/pages\/12288"}],"wp:attachment":[{"href":"https:\/\/www.labeljoy.com\/it\/wp-json\/wp\/v2\/media?parent=12291"}],"curies":[{"name":"wp","href":"https:\/\/api.w.org\/{rel}","templated":true}]}}