{"id":12293,"date":"2013-05-30T08:55:57","date_gmt":"2013-05-30T08:55:57","guid":{"rendered":"http:\/\/www.labeljoy.com\/qr-code\/what-is-a-qr-code\/"},"modified":"2025-02-11T10:43:13","modified_gmt":"2025-02-11T10:43:13","slug":"cose-il-qr-code","status":"publish","type":"page","link":"https:\/\/www.labeljoy.com\/it\/qr-code-it\/cose-il-qr-code\/","title":{"rendered":"Cos&#8217;\u00e8 il QR Code"},"content":{"rendered":"<h1>Cos&#8217;\u00e8 il QR Code?<\/h1>\n<p>In questa pagina puoi trovare ogni informazione per capire <strong>cos&#8217;\u00e8 il QR Code<\/strong>: come \u00e8 formato, <a title=\"Creare QR Code\" href=\"https:\/\/www.labeljoy.com\/it\/qr-code-it\/creare-qr-code\/\">come si genera<\/a>, come leggerlo e quali sono i migliori programmi per la lettura di questo codice bidimensionale.<img decoding=\"async\" class=\"alignleft\" src=\"http:\/\/www.labeljoy.com\/images\/qr-code\/qr-code-example.jpg\" alt=\"Qr code example\" width=\"140\" height=\"140\" \/><\/p>\n<h2>Informazioni sul Qr Code<\/h2>\n<p>Il <strong>Codice QR Code \u00e8 un codice a barre a matrice<\/strong>, composto da moduli neri disposti all&#8217;interno di uno schema quadrato. E &#8216;utilizzato per memorizzare informazioni destinate ad essere lette tramite un telefono cellulare, smartphone, tablet o da qualsiasi dispositivo con la possibilit\u00e0 di decodificare il codice QR.<\/p>\n<p>Il QR Code &#8220;Quick Response Code&#8221; \u00e8 un&#8217;evoluzione del codice a barre tradizionale. Con i codici QR si possono memorizzare 4.296 caratteri alfanumerici. I codici QR possono essere stampati su manifesti, libri, siti aziendali, cartelloni. L&#8217;immagine pu\u00f2 contenere messaggi, foto, link, dati e qualsiasi informazioni a cui si vuole accede rapidamente.<\/p>\n<p><img decoding=\"async\" class=\"aligncenter\" src=\"http:\/\/www.labeljoy.com\/images\/qr-code\/qr-code-informations.jpg\" alt=\"Qr Code infrmations\" width=\"548\" height=\"152\" \/><\/p>\n<h3>Vantaggi del QR Code<\/h3>\n<p>L&#8217;uso di questa simbologia porta ad avere molti vantaggi rispetto ai normali barcode monodimensionali:<br \/>\n<div class=\"one_half\">\n<ul>\n<li>Contiene un numero elevato di informazioni<\/li>\n<li>Costo di produzione molto basso, \u00e8 sufficiente la stampa<\/li>\n<li>Codice libero da licenze e molto diffuso<\/li>\n<\/ul>\n<\/div>\n<div class=\"one_half\">\n<ul>\n<li>Leggibili con i telefonini<\/li>\n<li>Funzionano anche se danneggiati in parte<\/li>\n<\/ul>\n<\/div>\n<div class=\"column-clear\"><\/div>\n<h3>Come creare i QR Code<\/h3>\n<p>Per <strong>creare i codici QR <\/strong>ci sono molti siti web ed applicazioni. Uno dei migliori \u00e8 lo strumento <a title=\"QR Code Generator\" href=\"http:\/\/www.labeljoy.com\/it\/qr-code-it\/qr-code-generator-it\/\">On line QRCode Generator<\/a> di Labeljoy che permette di creare vCard, link a pagine web, link a Facebook, Google Map e molto altro.<\/p>\n<p style=\"text-align: center;\"><a href=\"\/it\/download-it\/\" class=\"jumbo green tt-button\" target=\"_self\">SCARICA GRATIS QR CODE SOFTWARE<\/a>\n<p>In alternativa, \u00e8 possibile <a title=\"Download Labeljoy\" href=\"\/it\/download-it\/\">scaricare Labeljoy<\/a>, il pi\u00f9 completo QR Code e Barcode software, con il quale \u00e8 possibile generare QR Code, creare <a title=\"Etichette Barcode\" href=\"http:\/\/www.labeljoy.com\/it\/etichette-da-stampare\/etichette-barcode\/\">etichette con QRcode<\/a>, stampare ed esportare barcode in formato pdf, jpg e png.<\/p>\n<h3>Come leggere il QR Code<\/h3>\n<p>Per <strong>leggere i codici QR<\/strong> \u00e8 sufficiente possedere uno smartphone o tablet con una fotocamera integrata. Sono presenti molte applicazione gratuite da poter installare sul proprio smartphone che permettono la lettura e la codifica dei codici QR.<\/p>\n<div class=\"one_third\">\nAndroid<\/p>\n<ul>\n<li><a href=\"https:\/\/play.google.com\/store\/apps\/details?id=com.google.zxing.client.android&amp;hl=en\">Barcode Scanner<\/a><\/li>\n<li><a href=\"https:\/\/play.google.com\/store\/apps\/details?id=com.threegvision.products.inigma.Android&amp;hl=en\">i-nigma<\/a><\/li>\n<li><a href=\"https:\/\/play.google.com\/store\/apps\/details?id=com.ebay.redlaser&amp;hl=en\">RedLaser<\/a><\/li>\n<\/ul>\n<\/div>\n<div class=\"one_third\">\niOS<\/p>\n<ul>\n<li><a href=\"https:\/\/itunes.apple.com\/en\/app\/i-nigma-qr-code-data-matrix\/id388923203?mt=8\">i-nigma<\/a><\/li>\n<li><a href=\"https:\/\/itunes.apple.com\/en\/app\/redlaser-barcode-scanner-qr\/id474902001?mt=8\">RedLaser<\/a><\/li>\n<\/ul>\n<\/div>\n<div class=\"one_third\">\nOther mobile systems<\/p>\n<ul>\n<li><a href=\"http:\/\/www.i-nigma.com\/Downloadi-nigmaReader.html\">i-nigma<\/a><\/li>\n<\/ul>\n<\/div>\n<div class=\"column-clear\"><\/div>\n<h4>Barcodes vs. QR-Codes<\/h4>\n<p>A parte l&#8217;ovvia differenza di tipo grafico, la differenza principale tra i barcode ed i QR Code \u00e8 la quantit\u00e0 di informazioni memorizzate (fino a poche decine di cifre vs fino a 4.926 caratteri alfanumerici). Con il codice a barre \u00e8 possibile memorizzare solo i codici, mentre con il codice QR \u00e8 possibile memorizzare link, dati, interi messaggi e vCard. Inoltre il QR Code pu\u00f2 essere facilmente letto da smartphone ed \u00e8 molto utilizzato in campo pubblicitario e sui cartellini di alcuni prodotti di vendita.<\/p>\n<figure style=\"width: 538px\" class=\"wp-caption aligncenter\"><img decoding=\"async\" src=\"http:\/\/www.labeljoy.com\/images\/qr-code\/qr-code-barcode.jpg\" alt=\"Qr Code vs barcode\" width=\"548\" height=\"158\" \/><figcaption class=\"wp-caption-text\">Qr Code &#8211; Barcode Labeljoy encoding<\/figcaption><\/figure>\n<p>&nbsp;<\/p>\n","protected":false},"excerpt":{"rendered":"<p>Cos&#8217;\u00e8 il QR Code? In questa pagina puoi trovare ogni informazione per capire cos&#8217;\u00e8 il QR Code: come \u00e8 formato, come si genera, come leggerlo e quali sono i migliori programmi per la lettura di questo codice bidimensionale. Informazioni sul Qr Code Il Codice QR Code \u00e8 un codice a barre a matrice, composto da &#8230; <a title=\"Cos&#8217;\u00e8 il QR Code\" class=\"read-more\" href=\"https:\/\/www.labeljoy.com\/it\/qr-code-it\/cose-il-qr-code\/\" aria-label=\"Per saperne di pi\u00f9 su Cos&#8217;\u00e8 il QR Code\">Read more<\/a><\/p>\n","protected":false},"author":1,"featured_media":0,"parent":12288,"menu_order":9,"comment_status":"closed","ping_status":"closed","template":"","meta":{"inline_featured_image":false,"_monsterinsights_skip_tracking":false,"_monsterinsights_sitenote_active":false,"_monsterinsights_sitenote_note":"","_monsterinsights_sitenote_category":0,"footnotes":""},"class_list":{"0":"post-12293","1":"page","2":"type-page","3":"status-publish","5":"infinite-scroll-item"},"aioseo_notices":[],"_links":{"self":[{"href":"https:\/\/www.labeljoy.com\/it\/wp-json\/wp\/v2\/pages\/12293","targetHints":{"allow":["GET"]}}],"collection":[{"href":"https:\/\/www.labeljoy.com\/it\/wp-json\/wp\/v2\/pages"}],"about":[{"href":"https:\/\/www.labeljoy.com\/it\/wp-json\/wp\/v2\/types\/page"}],"author":[{"embeddable":true,"href":"https:\/\/www.labeljoy.com\/it\/wp-json\/wp\/v2\/users\/1"}],"replies":[{"embeddable":true,"href":"https:\/\/www.labeljoy.com\/it\/wp-json\/wp\/v2\/comments?post=12293"}],"version-history":[{"count":17,"href":"https:\/\/www.labeljoy.com\/it\/wp-json\/wp\/v2\/pages\/12293\/revisions"}],"predecessor-version":[{"id":42920,"href":"https:\/\/www.labeljoy.com\/it\/wp-json\/wp\/v2\/pages\/12293\/revisions\/42920"}],"up":[{"embeddable":true,"href":"https:\/\/www.labeljoy.com\/it\/wp-json\/wp\/v2\/pages\/12288"}],"wp:attachment":[{"href":"https:\/\/www.labeljoy.com\/it\/wp-json\/wp\/v2\/media?parent=12293"}],"curies":[{"name":"wp","href":"https:\/\/api.w.org\/{rel}","templated":true}]}}