{"id":12420,"date":"2013-05-22T13:52:07","date_gmt":"2013-05-22T13:52:07","guid":{"rendered":"http:\/\/www.labeljoy.com\/supporto\/codici-a-barre\/interleaved-2-of-5\/"},"modified":"2022-03-02T13:22:30","modified_gmt":"2022-03-02T13:22:30","slug":"interleaved-2-of-5-it","status":"publish","type":"page","link":"https:\/\/www.labeljoy.com\/it\/supporto\/codici-a-barre\/interleaved-2-of-5-it\/","title":{"rendered":"Interleaved 2 of 5"},"content":{"rendered":"<h1>Codice a barre Interleaved 2 of 5<\/h1>\n<blockquote><p><strong>Interleaved 2 of 5<\/strong> <em>\u00e8 un codice a barre a continuo a due larghezze (bande nere, bande bianche) che codifica caratteri numerici <\/em>(in italiano \u00e8 anche chiamato il <strong>2 di 5 Interlacciato<\/strong>) .<\/p><\/blockquote>\n<figure style=\"width: 95px\" class=\"wp-caption alignleft\"><img decoding=\"async\" class=\" \" alt=\"Interleaved 2 of 5 Barcode\" src=\"http:\/\/www.labeljoy.com\/images\/barcodes\/interleaved_2_of_5_barcode.png\" width=\"105\" height=\"121\"><figcaption class=\"wp-caption-text\">Interleaved 2 of 5 Barcode<\/figcaption><\/figure>\n<p>Per <strong>generare il codice a barre Interleaved 2 of 5<\/strong> con Labeljoy \u00e8 necessario inserire al massimo 255 caratteri numerici.<br \/>\nUna volta inseriti i caratteri e sufficiente premere ok per generare ol codice.<br \/>\nPer ogni dettaglio consigliamo di guardare il video <a title=\"Generare Barcode e QR Code\" href=\"http:\/\/www.labeljoy.com\/it\/video-it\/generare-barcode-qrcode\/\">come generare codici a barre<\/a>.<\/p>\n<div class=\"column-clear\"><\/div>\n<h2>Barcode interleaved 2 of 5<\/h2>\n<p>La casella &#8220;Bordo&#8221; permette di specificare il tipo di barre Bearer che si vogliono mostrare.<\/p>\n<div class=\"one_half\">\n<figure style=\"width: 128px\" class=\"wp-caption aligncenter\"><img decoding=\"async\" alt=\"Interleaved 2 of 5 con barre bearer orizzontali\" src=\"http:\/\/www.labeljoy.com\/images\/barcodes\/interleaved_2_of_5_o_bars.png\" width=\"138\" height=\"121\"><figcaption class=\"wp-caption-text\">Interleaved 2 of 5 con barre bearer orizzontali<\/figcaption><\/figure>\n<\/div>\n<div class=\"one_half\">\n<figure style=\"width: 128px\" class=\"wp-caption aligncenter\"><img decoding=\"async\" alt=\"Interleaved 2 of 5 con barre bearer complete\" src=\"http:\/\/www.labeljoy.com\/images\/barcodes\/interleaved_2_of_5_bars.png\" width=\"138\" height=\"121\"><figcaption class=\"wp-caption-text\">Interleaved 2 of 5 con barre bearer complete<\/figcaption><\/figure>\n<\/div>\n<div class=\"column-clear\"><\/div>\n<p><strong>I barcode Interleaved 2 of 5 possono includere una cifra di controllo opzionale<\/strong>. La cifra di controllo pu\u00f2 essere codificata nel simbolo e opzionalmente visualizzata nel testo.<br \/>\nE&#8217; sufficiente selzionare &#8220;Checksum&#8221; dalla finestra di impostazioni del codice a barre in Labeljoy.<\/p>\n<div class=\"one_half\">\n<figure style=\"width: 126px\" class=\"wp-caption aligncenter\"><img decoding=\"async\" alt=\"Interleaved 2 of 5 cifra di controllo visualizzata nel testo\" src=\"http:\/\/www.labeljoy.com\/images\/barcodes\/interleaved_2_of_5_check.png\" width=\"136\" height=\"121\"><figcaption class=\"wp-caption-text\">Interleaved 2 of 5 con cifra di controllo visualizzata nel testo<\/figcaption><\/figure>\n<\/div>\n<div class=\"one_half\">\n<figure style=\"width: 126px\" class=\"wp-caption aligncenter\"><img decoding=\"async\" alt=\"Interleaved 2 of 5 cifra di controllo non visualizzata nel testo\" src=\"http:\/\/www.labeljoy.com\/images\/barcodes\/interleaved_2_of_5_nocheck.png\" width=\"136\" height=\"121\"><figcaption class=\"wp-caption-text\">Interleaved 2 of 5 cifra di controllo non visualizzata nel testo<\/figcaption><\/figure>\n<\/div>\n<div class=\"tt-notification tip\"><p style=\"font-size:12px;\"> Testo concatenato:<br \/>\nQuando si <strong>genera un codice a barre Intereleaved 2 of 5 <\/strong>concatenano dei campi o dei contatori si applicano le seguenti regole:<\/p>\n<ul class=\"barcode-ul\">\n<li>Sono considerati solo testi contenenti caratteri numerici.<\/li>\n<\/ul>\n<p>Se il valore inserto non \u00e8 conforme alla regola di cui sopra, il codice a barre non viene visualizzato.<br \/>\n<\/p><\/div>\n<p>Con Labeljoy \u00e8 possibile impostare se visualizzare il testo del codice sopra il simbolo o se non visualizzarlo.<\/p>\n<div class=\"one_half\">\n<figure style=\"width: 95px\" class=\"wp-caption aligncenter\"><img decoding=\"async\" alt=\"Interleaved 2 of 5 con testo\" src=\"http:\/\/www.labeljoy.com\/images\/barcodes\/interleaved_2of5_text_above.png\" width=\"105\" height=\"121\"><figcaption class=\"wp-caption-text\">Interleaved 2 of 5 con testo<\/figcaption><\/figure>\n<\/div>\n<div class=\"one_half\">\n<figure style=\"width: 95px\" class=\"wp-caption aligncenter\"><img decoding=\"async\" alt=\"Interleaved 2 of 5 senza testo\" src=\"http:\/\/www.labeljoy.com\/images\/barcodes\/interleaved_2of5_hidden_text.png\" width=\"105\" height=\"124\"><figcaption class=\"wp-caption-text\">Interleaved 2 of 5 senza testo<\/figcaption><\/figure>\n<\/div>\n<div class=\"hr hr-dotted\">&nbsp;<\/div>\n<div class=\"one_half\">\n<p style=\"text-align: right\"><a href=\"\/it\/acquista\/\" class=\"large blue tt-button\" target=\"_self\">Acquista Interleaved 2 of 5 Generator Software<\/a>\n<\/div>\n<div class=\"one_half\">\n<p style=\"text-align: left\"> &nbsp; &nbsp; <a href=\"\/it\/download-it\/\" class=\"large green tt-button\" target=\"_self\"> Scarica la versione Gratuita<\/a>\n<\/div>\n","protected":false},"excerpt":{"rendered":"<p>Codice a barre Interleaved 2 of 5 Interleaved 2 of 5 \u00e8 un codice a barre a continuo a due larghezze (bande nere, bande bianche) che codifica caratteri numerici (in italiano \u00e8 anche chiamato il 2 di 5 Interlacciato) . Per generare il codice a barre Interleaved 2 of 5 con Labeljoy \u00e8 necessario inserire &#8230; <a title=\"Interleaved 2 of 5\" class=\"read-more\" href=\"https:\/\/www.labeljoy.com\/it\/supporto\/codici-a-barre\/interleaved-2-of-5-it\/\" aria-label=\"Per saperne di pi\u00f9 su Interleaved 2 of 5\">Read more<\/a><\/p>\n","protected":false},"author":1,"featured_media":0,"parent":7438,"menu_order":0,"comment_status":"open","ping_status":"closed","template":"","meta":{"inline_featured_image":false,"_monsterinsights_skip_tracking":false,"_monsterinsights_sitenote_active":false,"_monsterinsights_sitenote_note":"","_monsterinsights_sitenote_category":0,"footnotes":""},"class_list":{"0":"post-12420","1":"page","2":"type-page","3":"status-publish","5":"infinite-scroll-item"},"aioseo_notices":[],"_links":{"self":[{"href":"https:\/\/www.labeljoy.com\/it\/wp-json\/wp\/v2\/pages\/12420","targetHints":{"allow":["GET"]}}],"collection":[{"href":"https:\/\/www.labeljoy.com\/it\/wp-json\/wp\/v2\/pages"}],"about":[{"href":"https:\/\/www.labeljoy.com\/it\/wp-json\/wp\/v2\/types\/page"}],"author":[{"embeddable":true,"href":"https:\/\/www.labeljoy.com\/it\/wp-json\/wp\/v2\/users\/1"}],"replies":[{"embeddable":true,"href":"https:\/\/www.labeljoy.com\/it\/wp-json\/wp\/v2\/comments?post=12420"}],"version-history":[{"count":12,"href":"https:\/\/www.labeljoy.com\/it\/wp-json\/wp\/v2\/pages\/12420\/revisions"}],"predecessor-version":[{"id":37117,"href":"https:\/\/www.labeljoy.com\/it\/wp-json\/wp\/v2\/pages\/12420\/revisions\/37117"}],"up":[{"embeddable":true,"href":"https:\/\/www.labeljoy.com\/it\/wp-json\/wp\/v2\/pages\/7438"}],"wp:attachment":[{"href":"https:\/\/www.labeljoy.com\/it\/wp-json\/wp\/v2\/media?parent=12420"}],"curies":[{"name":"wp","href":"https:\/\/api.w.org\/{rel}","templated":true}]}}