{"id":12440,"date":"2013-05-22T13:45:23","date_gmt":"2013-05-22T13:45:23","guid":{"rendered":"http:\/\/www.labeljoy.com\/supporto\/codici-a-barre\/ean-128\/"},"modified":"2023-03-22T11:01:13","modified_gmt":"2023-03-22T11:01:13","slug":"ean-128-it","status":"publish","type":"page","link":"https:\/\/www.labeljoy.com\/it\/supporto\/codici-a-barre\/ean-128-it\/","title":{"rendered":"EAN 128"},"content":{"rendered":"<h1>Codice a barre EAN 128<\/h1>\n<blockquote><p><strong>EAN-128<\/strong>, anche conosciuto come <strong>GS1-128<\/strong>, \u00e8 uno standard di codifica a barre utilizzato per <strong>identificare e tracciare prodotti e merci<\/strong>. \u00c8 un tipo di codice a barre lineare che utilizza una combinazione di numeri e caratteri ASCII per rappresentare informazioni sulla merce, come il numero di lotto, la data di scadenza, il peso e altre informazioni pertinenti.<\/p><\/blockquote>\n<p>EAN-128 \u00e8 basato sul codice a barre <a href=\"https:\/\/www.labeljoy.com\/it\/supporto\/codici-a-barre\/ean-13-it\/\" title=\"Codice a barre EAN-13\"><strong>EAN-13<\/strong><\/a>, ma pu\u00f2 contenere molte pi\u00f9 informazioni. Questo <strong>codice a barre<\/strong> \u00e8 utilizzato principalmente nell&#8217;industria del trasporto e della logistica per gestire le spedizioni, ma \u00e8 anche utilizzato in altri settori come la produzione, il commercio al dettaglio e la sanit\u00e0.<\/p>\n<p><strong>EAN-128 \u00e8 un codice a barre flessibile<\/strong> che pu\u00f2 essere personalizzato per soddisfare le esigenze specifiche di un&#8217;azienda o di un&#8217;applicazione. \u00c8 stato sviluppato dalla GS1, un&#8217;organizzazione internazionale che gestisce gli standard per la codifica a barre e altri sistemi di identificazione automatica.<\/p>\n<p><img decoding=\"async\" class=\" alignleft\" alt=\"EAN 128 Barcode\" src=\"http:\/\/www.labeljoy.com\/images\/about-barcode\/ean-128.jpg\" width=\"120\" height=\"68\"><strong>La simbologia EAN-128<\/strong> differisce dal <strong>Code 128<\/strong> per via dell&#8217;implementazione del carattere FNC1 usato come primo carattere inziatore e da separatore.<\/p>\n<div class=\"column-clear\"><\/div>\n<ul>\n<li><strong>Il carattere FNC1 viene semplicemente aggiunto<\/strong> all&#8217;inizio del simbolo, come richiesto dalle specifiche dell&#8217;EAN-128, ed \u00e8 usato come separatore.<\/li>\n<li>Si usa il carattere | (pipe) per definire lo spazio in cui \u00e8 necessario rappresentare il separatore FNC1.<\/li>\n<\/ul>\n<p>Per esempio, il testo 123456|ABCDE sar\u00e0 interpretato da Labeljoy come 123456[FNC1]ABCDE ed il simbolo del del codice a barre verr\u00e0 generato di conseguenza.<\/p>\n<h2>EAN 128 code in Labeljoy<\/h2>\n<p>Con Labeljoy puoi usare <strong>i codici EAN-128 per generare codici a barre<\/strong> simili a quelli creati con il <a title=\"GS1 128 barcode\" href=\"http:\/\/www.labeljoy.com\/support\/barcode-types\/gs1-128\/\">GS1-128<\/a>, ma completamente personalizzabile e senza le restrizioni imposte dalle specifiche di GS1-128.<\/p>\n<ul>\n<li>Per <a href=\"https:\/\/www.labeljoy.com\/generatore-codici-barre-online-gratis\/\" title=\"Generatore codici a barre online\">generare il codice a barre EAN 128<\/a> in Labeljoy bisogna inserire al massimo 48 caratteri nell&#8217;apposito campo.<\/li>\n<li>E&#8217; possibile scegliere se visualizzare il testo sopra o sotto il codice a barre o non visualizzarlo.<\/li>\n<\/ul>\n<div class=\"column-clear\"><\/div>\n<div class=\"tt-notification tip\"><p style=\"font-size:12px;\">Testo concatenato:<br \/>\nQuando si genera un&nbsp;<strong>codice a barre EAN 128<\/strong> concatenando dei campi o dei contatori si applicano le seguenti regole::<\/p>\n<ul class=\"barcode-ul\">\n<li>La launghezza del codice non deve superare i 48 caratteri.<\/li>\n<\/ul>\n<p>Quando viene trovato un valore non conforme alle norme di cui sopra,&nbsp; il codice a barre non viene visualizzato.<br \/>\nInoltre, tutti i caratteri ASCII superiori al 127 saranno rimossi ad eccezione del carattere | (pipe) che sar\u00e0 interpretato come segnaposto per il carattere FNC1.<br \/>\n<\/p><\/div>\n<figure style=\"width: 279px\" class=\"wp-caption aligncenter\"><img decoding=\"async\" alt=\"EAN-128 code\" src=\"http:\/\/www.labeljoy.com\/images\/barcodes\/ean128_code.png\" width=\"289\" height=\"101\"><figcaption class=\"wp-caption-text\">EAN-128 codifica del testo 20abcd40ABCD60 (senza separatore FNC1)<\/figcaption><\/figure>\n<figure style=\"width: 295px\" class=\"wp-caption aligncenter\"><img decoding=\"async\" alt=\"EAN-128 one FNC1 separator\" src=\"http:\/\/www.labeljoy.com\/images\/barcodes\/ean128_fnc1.png\" width=\"305\" height=\"101\"><figcaption class=\"wp-caption-text\">EAN-128 codifica del testo 20abcd40|ABCD60 com il separatore rappresentato come 20abcd40[FNC1]ABCD60<\/figcaption><\/figure>\n<figure style=\"width: 359px\" class=\"wp-caption aligncenter\"><img decoding=\"async\" class=\" \" alt=\"EAN-128 (quattro FNC1 separators)\" src=\"http:\/\/www.labeljoy.com\/images\/barcodes\/ean128_fnc1_barcode.png\" width=\"369\" height=\"101\"><figcaption class=\"wp-caption-text\">EAN-128 codifica del testo 20|abcd|40|ABCD|60 con quattro separtori FNC1<\/figcaption><\/figure>\n<div class=\"hr hr-dotted\">&nbsp;<\/div>\n<div class=\"one_half\">\n<p style=\"text-align: right\"><a href=\"\/it\/acquista\/\" class=\"large blue tt-button\" target=\"_self\">Acquista EAN 128 Generator Software<\/a>\n<\/div>\n<div class=\"one_half\">\n<p style=\"text-align: left\"> &nbsp; &nbsp; <a href=\"\/it\/download-it\/\" class=\"large green tt-button\" target=\"_self\"> Scarica la versione Gratuita<\/a>\n<\/div>\n","protected":false},"excerpt":{"rendered":"<p>Codice a barre EAN 128 EAN-128, anche conosciuto come GS1-128, \u00e8 uno standard di codifica a barre utilizzato per identificare e tracciare prodotti e merci. \u00c8 un tipo di codice a barre lineare che utilizza una combinazione di numeri e caratteri ASCII per rappresentare informazioni sulla merce, come il numero di lotto, la data di &#8230; <a title=\"EAN 128\" class=\"read-more\" href=\"https:\/\/www.labeljoy.com\/it\/supporto\/codici-a-barre\/ean-128-it\/\" aria-label=\"Per saperne di pi\u00f9 su EAN 128\">Read more<\/a><\/p>\n","protected":false},"author":1,"featured_media":0,"parent":7438,"menu_order":0,"comment_status":"open","ping_status":"closed","template":"","meta":{"inline_featured_image":false,"_monsterinsights_skip_tracking":false,"_monsterinsights_sitenote_active":false,"_monsterinsights_sitenote_note":"","_monsterinsights_sitenote_category":0,"footnotes":""},"class_list":{"0":"post-12440","1":"page","2":"type-page","3":"status-publish","5":"infinite-scroll-item"},"aioseo_notices":[],"_links":{"self":[{"href":"https:\/\/www.labeljoy.com\/it\/wp-json\/wp\/v2\/pages\/12440","targetHints":{"allow":["GET"]}}],"collection":[{"href":"https:\/\/www.labeljoy.com\/it\/wp-json\/wp\/v2\/pages"}],"about":[{"href":"https:\/\/www.labeljoy.com\/it\/wp-json\/wp\/v2\/types\/page"}],"author":[{"embeddable":true,"href":"https:\/\/www.labeljoy.com\/it\/wp-json\/wp\/v2\/users\/1"}],"replies":[{"embeddable":true,"href":"https:\/\/www.labeljoy.com\/it\/wp-json\/wp\/v2\/comments?post=12440"}],"version-history":[{"count":14,"href":"https:\/\/www.labeljoy.com\/it\/wp-json\/wp\/v2\/pages\/12440\/revisions"}],"predecessor-version":[{"id":39699,"href":"https:\/\/www.labeljoy.com\/it\/wp-json\/wp\/v2\/pages\/12440\/revisions\/39699"}],"up":[{"embeddable":true,"href":"https:\/\/www.labeljoy.com\/it\/wp-json\/wp\/v2\/pages\/7438"}],"wp:attachment":[{"href":"https:\/\/www.labeljoy.com\/it\/wp-json\/wp\/v2\/media?parent=12440"}],"curies":[{"name":"wp","href":"https:\/\/api.w.org\/{rel}","templated":true}]}}