{"id":12444,"date":"2013-05-22T13:41:24","date_gmt":"2013-05-22T13:41:24","guid":{"rendered":"http:\/\/www.labeljoy.com\/supporto\/codici-a-barre\/code-39\/"},"modified":"2023-03-09T08:04:39","modified_gmt":"2023-03-09T08:04:39","slug":"code-39-it","status":"publish","type":"page","link":"https:\/\/www.labeljoy.com\/it\/supporto\/codici-a-barre\/code-39-it\/","title":{"rendered":"Code 39"},"content":{"rendered":"<h1>Generare Code 39 &#8211; Codice a barre<\/h1>\n<blockquote><p>Il codice a barre <strong>Code 39<\/strong>, noto anche come codice 3 di 9 o codice 3\/9, \u00e8 un tipo di <strong>codice a barre lineare<\/strong> che utilizza una combinazione di barre e spazi per rappresentare i dati.<\/p><\/blockquote>\n<p>\u00c8 chiamato &#8220;3 di 9&#8221; perch\u00e9 ogni simbolo nel codice \u00e8 composto da nove elementi, di cui tre sono barre e sei sono spazi vuoti. Ogni carattere nel <strong>codice a barre Code 39<\/strong> \u00e8 rappresentato da una combinazione unica di barre e spazi, e il codice pu\u00f2 contenere lettere, numeri e una serie di simboli speciali.<\/p>\n<p>Il codice a barre Code 39 \u00e8 ancora ampiamente utilizzato in molte applicazioni, tra cui la <strong>gestione degli inventari<\/strong>, il <strong>monitoraggio dei prodotti<\/strong>, la <strong>spedizione<\/strong> e la <strong>logistica<\/strong>. \u00c8 facile da leggere e decodificare, e molte stampanti possono stampare codici a barre Code 39 direttamente sui documenti.<\/p>\n<p>Tuttavia, il codice a barre Code 39 ha alcune limitazioni, come la capacit\u00e0 di contenere solo un set limitato di caratteri e la necessit\u00e0 di spazi vuoti tra i caratteri per garantire la leggibilit\u00e0. Per questo motivo, \u00e8 stato sviluppato il codice a barre <a href=\"https:\/\/www.labeljoy.com\/it\/supporto\/codici-a-barre\/code-128-it\/\" title=\"Codice a barre Code 128\"><strong>Code 128<\/strong><\/a>, che pu\u00f2 contenere un maggior numero di caratteri e ha una maggiore densit\u00e0 di informazioni.<\/p>\n<figure style=\"width: 245px\" class=\"wp-caption alignleft\"><img decoding=\"async\" class=\" \" src=\"http:\/\/www.labeljoy.com\/images\/barcodes\/code39_symbol.png\" alt=\"Code 39 Codice a barre\" width=\"255\" height=\"121\"><figcaption class=\"wp-caption-text\">Simbolo Code 39<\/figcaption><\/figure>\n<p>Per&nbsp; <strong>generare il codice a barre code 39<\/strong> Labeljoy chiede di inserire il testo( Max 255 caratteri).<br \/>\nDigitare il testo nella casella di testo e cliccare &#8220;OK&#8221; o &#8220;Applica&#8221; per creare il proprio code 39.<\/p>\n<div class=\"column-clear\"><\/div>\n<h2>Simbolo Code 39<\/h2>\n<p>Code 39 pu\u00f2 includere una <strong>cifra di controllo (check digit) opzionale<\/strong>. Questa cifra pu\u00f2 essere visualizzata o meno nel codice a barre.<br \/>\nScegli l&#8217;opzione desiderata dal men\u00f9 a tendina <strong>Checksum<\/strong> per decidere se utilizzare e\/o visualizzare la cifra di controllo. Per maggiori dettali guarda il <a title=\"Generare Barcode e QR Code\" href=\"http:\/\/www.labeljoy.com\/it\/video-it\/generare-barcode-qrcode\/\">video come generare Barcode e QR Code<\/a>.<\/p>\n<div class=\"one_half\">\n<figure style=\"width: 270px\" class=\"wp-caption aligncenter\"><img decoding=\"async\" src=\"http:\/\/www.labeljoy.com\/images\/barcodes\/code39_check_digit.png\" alt=\"Code 39 check digit\" width=\"280\" height=\"121\"><figcaption class=\"wp-caption-text\">Code 39 con check digit visualizzata nel testo<\/figcaption><\/figure>\n<\/div>\n<div class=\"one_half\">\n<figure style=\"width: 270px\" class=\"wp-caption aligncenter\"><img decoding=\"async\" src=\"http:\/\/www.labeljoy.com\/images\/barcodes\/code39_no_check_digit.png\" alt=\"Code 39 check digit non visualizzata\" width=\"280\" height=\"121\"><figcaption class=\"wp-caption-text\">Code 39 con check digit NON visualizzato nel testo<\/figcaption><\/figure>\n<\/div>\n<div class=\"column-clear\"><\/div>\n<p>Code 39 pu\u00f2 essere esteso per codificare <strong>tutti i caratteri ASCII al di sotto di 128<\/strong>, incluse le lettere minuscole. E&#8217; sufficiente attivare la funzione <strong>Full encoding<\/strong>.<br \/>\nLa modalit\u00e0 &#8220;Full ASCII&#8221; va&nbsp; a scapito della lunghezza del barcode.<\/p>\n<figure style=\"width: 631px\" class=\"wp-caption aligncenter\"><img decoding=\"async\" src=\"http:\/\/www.labeljoy.com\/images\/barcodes\/code39_ASCII.png\" alt=\"Code 39 ASCII mode\" width=\"641\" height=\"123\"><figcaption class=\"wp-caption-text\">Code 39 in modalit\u00e0 full ASCII<\/figcaption><\/figure>\n<div class=\"tt-notification tip\"><p style=\"font-size:12px;\"> Testo concatenato:<br \/>\nQuando si genera un <strong>codice a barre&nbsp;code 39<\/strong> concatenando dei campi o contatori si applicano le seguenti regole:<\/p>\n<ul class=\"barcode-ul\">\n<li>In modalit\u00e0 standard: il testo da codificare pu\u00f2 contenere solo lettere maiuscole (dalla A alla Z), cifre numeriche (da 0 a 9) e caratteri speciali (-, ., $, \/, +, %, spazio).<\/li>\n<li>In modalit\u00e0 Full ASCII: il testo da codificare pu\u00f2 contenere qualsiasi carattere fino all&#8217;ASCII 127.<\/li>\n<\/ul>\n<p>Quando viene trovato un valore non conforme alle norme di cui sopra,&nbsp; il codice a barre non viene visualizzato.<br \/>\n<\/p><\/div>\n<p>Il testo del codice leggibile pu\u00f2 essere non visualizzato, visualizzato sopra il simbolo o visualizzato sotto il simbolo. E&#8217; sufficiente selezionare l&#8217;opzione desiderata dal men\u00f9 &#8220;Testo&#8221;.<\/p>\n<div class=\"one_half\">\n<figure style=\"width: 245px\" class=\"wp-caption aligncenter\"><img decoding=\"async\" src=\"http:\/\/www.labeljoy.com\/images\/barcodes\/code39_above_symbol.png\" alt=\"Code 39 testo sopra il bimbolo\" width=\"255\" height=\"121\"><figcaption class=\"wp-caption-text\">Code 39 testo sopra il bimbolo<\/figcaption><\/figure>\n<\/div>\n<div class=\"one_half\">\n<figure style=\"width: 245px\" class=\"wp-caption aligncenter\"><img decoding=\"async\" src=\"http:\/\/www.labeljoy.com\/images\/barcodes\/code39_hidden_text.png\" alt=\"Code 39 testo nascosto\" width=\"255\" height=\"124\"><figcaption class=\"wp-caption-text\">Code 39 testo nascosto<\/figcaption><\/figure>\n<\/div>\n<div class=\"hr hr-dotted\">&nbsp;<\/div>\n<div class=\"one_half\">\n<p style=\"text-align: right\"><a href=\"\/it\/acquista\/\" class=\"large blue tt-button\" target=\"_self\">Acquista Code 39 Generator Software<\/a>\n<\/div>\n<div class=\"one_half\">\n<p style=\"text-align: left\">&nbsp;&nbsp; &nbsp;&nbsp;<a href=\"\/it\/download-it\/\" class=\"large green tt-button\" target=\"_self\"> Scarica la versione Gratuita<\/a>\n<\/div>\n","protected":false},"excerpt":{"rendered":"<p>Generare Code 39 &#8211; Codice a barre Il codice a barre Code 39, noto anche come codice 3 di 9 o codice 3\/9, \u00e8 un tipo di codice a barre lineare che utilizza una combinazione di barre e spazi per rappresentare i dati. \u00c8 chiamato &#8220;3 di 9&#8221; perch\u00e9 ogni simbolo nel codice \u00e8 composto &#8230; <a title=\"Code 39\" class=\"read-more\" href=\"https:\/\/www.labeljoy.com\/it\/supporto\/codici-a-barre\/code-39-it\/\" aria-label=\"Per saperne di pi\u00f9 su Code 39\">Read more<\/a><\/p>\n","protected":false},"author":1,"featured_media":0,"parent":7438,"menu_order":0,"comment_status":"open","ping_status":"closed","template":"","meta":{"inline_featured_image":false,"_monsterinsights_skip_tracking":false,"_monsterinsights_sitenote_active":false,"_monsterinsights_sitenote_note":"","_monsterinsights_sitenote_category":0,"footnotes":""},"class_list":{"0":"post-12444","1":"page","2":"type-page","3":"status-publish","5":"infinite-scroll-item"},"aioseo_notices":[],"_links":{"self":[{"href":"https:\/\/www.labeljoy.com\/it\/wp-json\/wp\/v2\/pages\/12444","targetHints":{"allow":["GET"]}}],"collection":[{"href":"https:\/\/www.labeljoy.com\/it\/wp-json\/wp\/v2\/pages"}],"about":[{"href":"https:\/\/www.labeljoy.com\/it\/wp-json\/wp\/v2\/types\/page"}],"author":[{"embeddable":true,"href":"https:\/\/www.labeljoy.com\/it\/wp-json\/wp\/v2\/users\/1"}],"replies":[{"embeddable":true,"href":"https:\/\/www.labeljoy.com\/it\/wp-json\/wp\/v2\/comments?post=12444"}],"version-history":[{"count":22,"href":"https:\/\/www.labeljoy.com\/it\/wp-json\/wp\/v2\/pages\/12444\/revisions"}],"predecessor-version":[{"id":39645,"href":"https:\/\/www.labeljoy.com\/it\/wp-json\/wp\/v2\/pages\/12444\/revisions\/39645"}],"up":[{"embeddable":true,"href":"https:\/\/www.labeljoy.com\/it\/wp-json\/wp\/v2\/pages\/7438"}],"wp:attachment":[{"href":"https:\/\/www.labeljoy.com\/it\/wp-json\/wp\/v2\/media?parent=12444"}],"curies":[{"name":"wp","href":"https:\/\/api.w.org\/{rel}","templated":true}]}}