{"id":22923,"date":"2015-02-16T13:41:01","date_gmt":"2015-02-16T13:41:01","guid":{"rendered":"http:\/\/www.labeljoy.com\/supporto\/codici-a-barre\/pdf-417\/"},"modified":"2022-06-13T10:03:00","modified_gmt":"2022-06-13T10:03:00","slug":"pdf-417-it","status":"publish","type":"page","link":"https:\/\/www.labeljoy.com\/it\/supporto\/codici-a-barre\/pdf-417-it\/","title":{"rendered":"Pdf 417"},"content":{"rendered":"<h1>PDF417 Generator<\/h1>\n<p>Con Labeljoy \u00e8 possibile <strong><a href=\"https:\/\/www.labeljoy.com\/generatore-codici-barre-online-gratis\/\" title=\"Generatore codici a barre online\">generare codici a barre PDF417<\/a><\/strong>, tipologia di barcode usata in molte applicazioni, principalmente in <strong>badge identificativi<\/strong>, <strong>trasporti<\/strong> e <strong>gestione magazzino<\/strong>.<\/p>\n<div class=\"tt-notification tip\"><p style=\"font-size:12px;\"><strong>Note<\/strong>: lo standard dei pdf417 prevede che il testo in chiaro del codice non sia visibile.<br \/>\n<\/p><\/div>\n<h2>Come generare barcode PDF417<\/h2>\n<p>I <strong>simboli PDF417 generati da Labeljoy<\/strong> possono codificare testo il <strong>3 possibili modalit\u00e0<\/strong>. Utilizzare la casella combinata <em>Codifica<\/em> per definire l&#8217;algoritmo di codifica pi\u00f9 appropriato per il testo che si desidera codificare:<\/p>\n<ul>\n<li><strong>(Mixed)<\/strong>: impostazione predefinta. Permette la codifica di dati utilizzando una combinazione dinamica dei dati, basandosi sulle due seguenti modalit\u00e0, in base al tipo di dati da codificare. Normalmente questa impostazione produce i risultati milgiori.<\/li>\n<li><strong>Text<\/strong>: permette la codifica di tutti i 256 caratteri dello standard ASCII. Produce i migliori risulitati con caratteri numerici e caratteri ASCII tra lo 0 e il 127.<\/li>\n<li><strong>Numeric<\/strong>: permette la codifica di soli numeri.<\/li>\n<\/ul>\n<p style=\"text-align: center\">PDF417 che codifica <strong>0123456789<\/strong><\/p>\n<div class=\"one_half\">\n<figure style=\"width: 218px\" class=\"wp-caption aligncenter\"><img decoding=\"async\" width=\"228\" height=\"56\" src=\"http:\/\/www.labeljoy.com\/user-guide-files\/en\/bcd_pdf417_1.png\" alt=\"Con codifica Mixed\"><figcaption class=\"wp-caption-text\">Con codifica Mixed<\/figcaption><\/figure>\n<\/div>\n<div class=\"one_half\">\n<figure style=\"width: 218px\" class=\"wp-caption aligncenter\"><img decoding=\"async\" width=\"228\" height=\"56\" src=\"http:\/\/www.labeljoy.com\/user-guide-files\/en\/bcd_pdf417_2.png\" alt=\"Con codifica Text\"><figcaption class=\"wp-caption-text\">Con codifica Text<\/figcaption><\/figure>\n<\/div>\n<div class=\"column-clear\"><\/div>\n<p>La casella combinata <em>Livello correzione errori<\/em> permette di selezionare 9 diversi livelli di correzione errori, da 0 a 8.<br \/>\nLa simbologia PDF417 implementa un algoritmo di correzione errori per assicurare la leggibilit\u00e0 dei simboli anche se parzialmente danneggiati. Pi\u00f9 alto il livello di correzione errori, pi\u00f9 grande sar\u00e0 il simbolo risultante a parit\u00e0 di dati codificati.<\/p>\n<p style=\"text-align: center\">PDF417 che codifica:<strong> http:\/\/www.labeljoy.com\/en\/download-software-create-labels.html<\/strong><\/p>\n<div class=\"one_half\">\n<figure style=\"width: 218px\" class=\"wp-caption aligncenter\"><img decoding=\"async\" width=\"228\" height=\"56\" src=\"http:\/\/www.labeljoy.com\/user-guide-files\/en\/bcd_pdf417_3.png\" alt=\"Con correzione errori livello 0\"><figcaption class=\"wp-caption-text\">Con correzione errori livello 0<\/figcaption><\/figure>\n<\/div>\n<div class=\"one_half\">\n<figure style=\"width: 218px\" class=\"wp-caption aligncenter\"><img decoding=\"async\" width=\"228\" height=\"91\" src=\"http:\/\/www.labeljoy.com\/user-guide-files\/en\/bcd_pdf417_4.png\" alt=\"Con correzione errori livello 8\"><figcaption class=\"wp-caption-text\">Con correzione errori livello 8<\/figcaption><\/figure>\n<\/div>\n<div class=\"column-clear\"><\/div>\n<div class=\"tt-notification tip\"><p style=\"font-size:12px;\"><strong>Concatenazione testo<\/strong><br \/>\nQuando un barcode PDF417 viene generato concatenando campi o contatori applicano le seguenti regole:<\/p>\n<ul class=\"barcode-ul\">\n<li>Il testo deve rispettare l&#8217;algoritmo di codifica selezionato.<\/li>\n<li>Il testo non deve eccedere la lunghezza massima permessa.<\/li>\n<\/ul>\n<p>Quando viene trovato un valore che non rispetta le suddette regole, il codice a barre non viene visualizzato.<br \/>\n<\/p><\/div>\n<div class=\"tt-notification tip\"><p style=\"font-size:12px;\"><strong>Limitazioni<\/strong>:<br \/>\nI simboli PDF417 generati con Labeljoy al momento non supportano: Extended Channel Interpretation (ECI), e Structure Append (Macro PDF417).<br \/>\n<\/p><\/div>\n<div class=\"hr hr-dotted\">&nbsp;<\/div>\n<div class=\"one_half\">\n<p style=\"text-align: center\"><a href=\"\/it\/acquista\/\" class=\"large blue tt-button\" target=\"_self\">Acquista PDF417 Generator Software<\/a>\n<\/div>\n<div class=\"one_half\">\n<p style=\"text-align: center\"><a href=\"\/it\/download-it\/\" class=\"large green tt-button\" target=\"_self\"> Scarica la versione Gratuita <\/a>\n<\/div>\n","protected":false},"excerpt":{"rendered":"<p>PDF417 Generator Con Labeljoy \u00e8 possibile generare codici a barre PDF417, tipologia di barcode usata in molte applicazioni, principalmente in badge identificativi, trasporti e gestione magazzino. Come generare barcode PDF417 I simboli PDF417 generati da Labeljoy possono codificare testo il 3 possibili modalit\u00e0. Utilizzare la casella combinata Codifica per definire l&#8217;algoritmo di codifica pi\u00f9 appropriato &#8230; <a title=\"Pdf 417\" class=\"read-more\" href=\"https:\/\/www.labeljoy.com\/it\/supporto\/codici-a-barre\/pdf-417-it\/\" aria-label=\"Per saperne di pi\u00f9 su Pdf 417\">Read more<\/a><\/p>\n","protected":false},"author":1,"featured_media":0,"parent":7438,"menu_order":0,"comment_status":"open","ping_status":"closed","template":"","meta":{"inline_featured_image":false,"_monsterinsights_skip_tracking":false,"_monsterinsights_sitenote_active":false,"_monsterinsights_sitenote_note":"","_monsterinsights_sitenote_category":0,"footnotes":""},"class_list":{"0":"post-22923","1":"page","2":"type-page","3":"status-publish","5":"infinite-scroll-item"},"aioseo_notices":[],"_links":{"self":[{"href":"https:\/\/www.labeljoy.com\/it\/wp-json\/wp\/v2\/pages\/22923","targetHints":{"allow":["GET"]}}],"collection":[{"href":"https:\/\/www.labeljoy.com\/it\/wp-json\/wp\/v2\/pages"}],"about":[{"href":"https:\/\/www.labeljoy.com\/it\/wp-json\/wp\/v2\/types\/page"}],"author":[{"embeddable":true,"href":"https:\/\/www.labeljoy.com\/it\/wp-json\/wp\/v2\/users\/1"}],"replies":[{"embeddable":true,"href":"https:\/\/www.labeljoy.com\/it\/wp-json\/wp\/v2\/comments?post=22923"}],"version-history":[{"count":7,"href":"https:\/\/www.labeljoy.com\/it\/wp-json\/wp\/v2\/pages\/22923\/revisions"}],"predecessor-version":[{"id":37554,"href":"https:\/\/www.labeljoy.com\/it\/wp-json\/wp\/v2\/pages\/22923\/revisions\/37554"}],"up":[{"embeddable":true,"href":"https:\/\/www.labeljoy.com\/it\/wp-json\/wp\/v2\/pages\/7438"}],"wp:attachment":[{"href":"https:\/\/www.labeljoy.com\/it\/wp-json\/wp\/v2\/media?parent=22923"}],"curies":[{"name":"wp","href":"https:\/\/api.w.org\/{rel}","templated":true}]}}