{"id":23275,"date":"2015-03-20T09:17:32","date_gmt":"2015-03-20T09:17:32","guid":{"rendered":"http:\/\/www.labeljoy.com\/labeljoy-on-mac-how-it-works-2\/"},"modified":"2022-12-14T13:35:17","modified_gmt":"2022-12-14T13:35:17","slug":"labeljoy-su-mac","status":"publish","type":"page","link":"https:\/\/www.labeljoy.com\/it\/labeljoy-su-mac\/","title":{"rendered":"Labeljoy su Mac"},"content":{"rendered":"<h1>Labeljoy su Mac? Ecco come<\/h1>\n<p><img decoding=\"async\" width=\"754\" height=\"438\" class=\" aligncenter\" src=\"http:\/\/www.labeljoy.com\/images\/mac\/it\/install-labeljoy-o-mac.jpg\" alt=\"Installare Labeljoy su Mac\"><\/p>\n<p>Usa <strong>Labeljoy<\/strong> e le sue funzionalit\u00e0 <strong>direttamente sul tuo Mac<\/strong>. Con <a title=\"Parallel Desktop\" href=\"http:\/\/www.parallels.com\/eu\/products\/desktop\/\" target=\"_blank\" rel=\"noopener\">Parallels Desktop<\/a> e Windows, sarai in grado di sfruttale tutte le funzionalit\u00e0 di Labeljoy per creare le tue etichette e generare illimitati codici a barre.<\/p>\n<p><a class=\"hover-item\" style=\"margin-right: 15px;\" title=\"Labeljoy on Mac\" href=\"http:\/\/www.labeljoy.com\/images\/mac\/it\/parallels-labeljoy-1.jpg\"><img decoding=\"async\" width=\"1280\" height=\"800\" src=\"http:\/\/www.labeljoy.com\/images\/mac\/it\/parallels-labeljoy-1.jpg\" alt=\"\" width=\"300px\" border=\"0\"><\/a><a class=\"hover-item\" style=\"margin-left: 15px;\" title=\"Labeljoy on Mac\" href=\"http:\/\/www.labeljoy.com\/images\/mac\/it\/parallels-labeljoy-2.jpg\"><img decoding=\"async\" width=\"1280\" height=\"800\" src=\"http:\/\/www.labeljoy.com\/images\/mac\/it\/parallels-labeljoy-2.jpg\" alt=\"\" width=\"300px\" border=\"0\"><\/a><\/p>\n<p>Con pochi click \u00e8 possibile <strong>configurare Labeljoy e utilizzarlo senza alcuna limitazione<\/strong>. Tutte le funzioni del software, dalla creazione delle etichette, alla generazione di codici a barre, saranno pienamente funzionanti come se si eseguisse il software su un PC con Windows.<\/p>\n<p>Inoltre, con <a title=\"Parallel Desktop\" href=\"http:\/\/www.parallels.com\/eu\/products\/desktop\/\" target=\"_blank\" rel=\"noopener\">Parallels Desktop<\/a> e una licenza di Windows sar\u00e0 possibile installare e utilizzare senza problemi le applicazioni Windows preferite direttamente sul tuo Mac OS X.<\/p>\n<div style=\"text-align: center;\"><a class=\"jumbo green tt-button\" style=\"margin-top: 15px;\" href=\"http:\/\/www.labeljoy.com\/it\/download-it\/\" target=\"_self\" rel=\"noopener\">Scarica Labeljoy Adesso<\/a><\/div>\n","protected":false},"excerpt":{"rendered":"<p>Labeljoy su Mac? Ecco come Usa Labeljoy e le sue funzionalit\u00e0 direttamente sul tuo Mac. Con Parallels Desktop e Windows, sarai in grado di sfruttale tutte le funzionalit\u00e0 di Labeljoy per creare le tue etichette e generare illimitati codici a barre. Con pochi click \u00e8 possibile configurare Labeljoy e utilizzarlo senza alcuna limitazione. Tutte le &#8230; <a title=\"Labeljoy su Mac\" class=\"read-more\" href=\"https:\/\/www.labeljoy.com\/it\/labeljoy-su-mac\/\" aria-label=\"Per saperne di pi\u00f9 su Labeljoy su Mac\">Read more<\/a><\/p>\n","protected":false},"author":1,"featured_media":0,"parent":0,"menu_order":2,"comment_status":"open","ping_status":"closed","template":"","meta":{"inline_featured_image":false,"_monsterinsights_skip_tracking":false,"_monsterinsights_sitenote_active":false,"_monsterinsights_sitenote_note":"","_monsterinsights_sitenote_category":0,"footnotes":""},"class_list":{"0":"post-23275","1":"page","2":"type-page","3":"status-publish","5":"infinite-scroll-item"},"aioseo_notices":[],"_links":{"self":[{"href":"https:\/\/www.labeljoy.com\/it\/wp-json\/wp\/v2\/pages\/23275","targetHints":{"allow":["GET"]}}],"collection":[{"href":"https:\/\/www.labeljoy.com\/it\/wp-json\/wp\/v2\/pages"}],"about":[{"href":"https:\/\/www.labeljoy.com\/it\/wp-json\/wp\/v2\/types\/page"}],"author":[{"embeddable":true,"href":"https:\/\/www.labeljoy.com\/it\/wp-json\/wp\/v2\/users\/1"}],"replies":[{"embeddable":true,"href":"https:\/\/www.labeljoy.com\/it\/wp-json\/wp\/v2\/comments?post=23275"}],"version-history":[{"count":15,"href":"https:\/\/www.labeljoy.com\/it\/wp-json\/wp\/v2\/pages\/23275\/revisions"}],"predecessor-version":[{"id":39493,"href":"https:\/\/www.labeljoy.com\/it\/wp-json\/wp\/v2\/pages\/23275\/revisions\/39493"}],"wp:attachment":[{"href":"https:\/\/www.labeljoy.com\/it\/wp-json\/wp\/v2\/media?parent=23275"}],"curies":[{"name":"wp","href":"https:\/\/api.w.org\/{rel}","templated":true}]}}