{"id":23430,"date":"2015-04-09T09:58:38","date_gmt":"2015-04-09T09:58:38","guid":{"rendered":"http:\/\/www.labeljoy.com\/supporto\/guide\/incremental-counters\/"},"modified":"2022-06-13T09:57:56","modified_gmt":"2022-06-13T09:57:56","slug":"contatori-incrementali","status":"publish","type":"page","link":"https:\/\/www.labeljoy.com\/it\/supporto\/guide\/contatori-incrementali\/","title":{"rendered":"Contatori incrementali"},"content":{"rendered":"<p>Una delle funzionalit\u00e0 pi\u00f9 utili del <a href=\"https:\/\/www.labeljoy.com\/generatore-codici-barre-online-gratis\/\" title=\"Generatore di barcode online\">generatore di barcode<\/a> di Labeljoy \u00e8 la possibilit\u00e0 di <strong>creare dei contatori incrementali<\/strong>: codici dinamici che aumentano progressivamente secondo i parametri che avete stabilito.<\/p>\n<h2>Crea automaticamente centinaia di codici a barre<\/h2>\n<p>Con i contatori incrementali potrete <strong>stampare centinaia di barcode senza prepararli a mano uno a uno<\/strong>: Labeljoy si preoccuper\u00e0 di generare i contatori, seguendo i parametri che preferite. Il tipo di contatore (decimale, alfanumerico, esadecimale), il passo (l\u2019incremento tra un barcode e l\u2019altro), il numero delle eventuali ripetizioni: sono alcune delle propriet\u00e0 che potrete personalizzare facilmente.<\/p>\n<p>Potrete <strong>esportare i barcode nei formati che preferite<\/strong> (per esempio PDF, JPG, PNG o TIFF) o <strong>stamparli direttamente sulle vostre etichette<\/strong>. (Per i nostri consigli sulla stampa, <a href=\"http:\/\/www.labeljoy.com\/it\/video-it\/gestire-layouts\/\" title=\"Gestire i layouts\">andate alla pagina: impostare i layout<\/a>.)<\/p>\n<h3>Come usare i contatori incrementali<\/h3>\n<p>Questo tutorial spiega come creare etichette con codici a barre in successione <strong>senza scriverli manualmente<\/strong>.<\/p>\n<p>1) Doppio click sul campo <em>Codice a barre<\/em>.<\/p>\n<p><a class=\"hover-item\" title=\"\" href=\"http:\/\/www.labeljoy.com\/images\/how-to\/incremental-counters\/it\/1.jpg\"><img decoding=\"async\" width=\"1920\" height=\"1030\" src=\"http:\/\/www.labeljoy.com\/images\/how-to\/incremental-counters\/it\/1.jpg\" alt=\"Layout iniziale\" style=\"width:450px\"><\/a><\/p>\n<h4>Parte fissa + contatore<\/h4>\n<p>2) In questo caso si \u00e8 inserita una <strong>parte fissa<\/strong> (00000) ed una dinamica cliccando sull&#8217;icona <strong>Contatore<\/strong>.<\/p>\n<p><a class=\"hover-item\" title=\"\" href=\"http:\/\/www.labeljoy.com\/images\/how-to\/incremental-counters\/it\/4.jpg\"><img decoding=\"async\" width=\"875\" height=\"569\" src=\"http:\/\/www.labeljoy.com\/images\/how-to\/incremental-counters\/it\/4.jpg\" alt=\"Impostazioni barcode\" style=\"width:450px\"><\/a><\/p>\n<p>3) Cliccare su <em>Counter 0-9<\/em> per aprire la finestra delle impostazioni.<\/p>\n<p><a class=\"hover-item\" title=\"\" href=\"http:\/\/www.labeljoy.com\/images\/how-to\/incremental-counters\/it\/5.jpg\"><img decoding=\"async\" width=\"875\" height=\"569\" src=\"http:\/\/www.labeljoy.com\/images\/how-to\/incremental-counters\/it\/5.jpg\" alt=\"Contatore decimale\" style=\"width:450px\"><\/a><\/p>\n<p>4) In questa finestra \u00e8 possibile modificare alcune propriet\u00e0 del contatore incrementale (<a href=\"http:\/\/www.labeljoy.com\/it\/help-it\/manage-counters-it\/\" title=\"Gestire i contatori\">maggiori dettagli qui<\/a>)<\/p>\n<p><a class=\"hover-item\" title=\"\" href=\"http:\/\/www.labeljoy.com\/images\/how-to\/incremental-counters\/it\/6.jpg\"><img decoding=\"async\" width=\"875\" height=\"569\" src=\"http:\/\/www.labeljoy.com\/images\/how-to\/incremental-counters\/it\/6.jpg\" alt=\"Impostazioni contatore incrementale\" style=\"width:450px\"><\/a><\/p>\n<p>5) Cliccare OK: <strong>i codi a barre sono stati generati automaticamente!<\/strong><\/p>\n<p><a class=\"hover-item\" title=\"\" href=\"http:\/\/www.labeljoy.com\/images\/how-to\/incremental-counters\/it\/7.jpg\"><img decoding=\"async\" width=\"1920\" height=\"1030\" src=\"http:\/\/www.labeljoy.com\/images\/how-to\/incremental-counters\/it\/7.jpg\" alt=\"Barcode generati con il contatore incrementale\" style=\"width:450px\"><\/a><\/p>\n<hr style=\"margin: 20px 0\">\n<h4>Concatenare pi\u00f9 contatori<\/h4>\n<p><a class=\"hover-item\" title=\"\" href=\"http:\/\/www.labeljoy.com\/images\/how-to\/incremental-counters\/it\/8.jpg\"><img decoding=\"async\" width=\"875\" height=\"569\" src=\"http:\/\/www.labeljoy.com\/images\/how-to\/incremental-counters\/it\/8.jpg\" alt=\"Doppio contatore incrementale\" style=\"width:450px\"><\/a><\/p>\n<p>1) Impostare il <strong>Contatore Decimale<\/strong>.<\/p>\n<p><a class=\"hover-item\" title=\"\" href=\"http:\/\/www.labeljoy.com\/images\/how-to\/incremental-counters\/it\/9.jpg\"><img decoding=\"async\" width=\"875\" height=\"569\" src=\"http:\/\/www.labeljoy.com\/images\/how-to\/incremental-counters\/it\/9.jpg\" alt=\"Decimale\" style=\"width:450px\"><\/a><\/p>\n<p>2) Impostare <strong>Contatore alfabetico maiuscolo<\/strong>.<\/p>\n<p><a class=\"hover-item\" title=\"\" href=\"http:\/\/www.labeljoy.com\/images\/how-to\/incremental-counters\/it\/10.jpg\"><img decoding=\"async\" width=\"875\" height=\"569\" src=\"http:\/\/www.labeljoy.com\/images\/how-to\/incremental-counters\/it\/10.jpg\" alt=\"Alfabetico maiuscolo\" style=\"width:450px\"><\/a><\/p>\n<p>3) Ecco i tuoi codici a barre!<\/p>\n<p><a class=\"hover-item\" title=\"\" href=\"http:\/\/www.labeljoy.com\/images\/how-to\/incremental-counters\/it\/11.jpg\"><img decoding=\"async\" width=\"1920\" height=\"1030\" src=\"http:\/\/www.labeljoy.com\/images\/how-to\/incremental-counters\/it\/11.jpg\" alt=\"Barcode alfanumerici\" style=\"width:450px\"><\/a><\/p>\n<div class=\"also-like\">\n<strong>Ti potrebbe interessare anche:<\/strong><\/p>\n<ul>\n<li><a href=\"http:\/\/www.labeljoy.com\/it\/aiuto\/gestire-i-contatori\/\" title=\"Gestire i contatori\">Guida: Gestire i contatori<\/a><\/li>\n<li><a href=\"http:\/\/www.labeljoy.com\/it\/video-it\/contatori-incrementali\/\" title=\"Video contatori incrementali\">Video: come usare i contatori incrementali<\/a><\/li>\n<\/ul>\n<\/div>\n","protected":false},"excerpt":{"rendered":"<p>Una delle funzionalit\u00e0 pi\u00f9 utili del generatore di barcode di Labeljoy \u00e8 la possibilit\u00e0 di creare dei contatori incrementali: codici dinamici che aumentano progressivamente secondo i parametri che avete stabilito. Crea automaticamente centinaia di codici a barre Con i contatori incrementali potrete stampare centinaia di barcode senza prepararli a mano uno a uno: Labeljoy si &#8230; <a title=\"Contatori incrementali\" class=\"read-more\" href=\"https:\/\/www.labeljoy.com\/it\/supporto\/guide\/contatori-incrementali\/\" aria-label=\"Per saperne di pi\u00f9 su Contatori incrementali\">Read more<\/a><\/p>\n","protected":false},"author":1,"featured_media":0,"parent":7435,"menu_order":0,"comment_status":"open","ping_status":"closed","template":"","meta":{"inline_featured_image":false,"_monsterinsights_skip_tracking":false,"_monsterinsights_sitenote_active":false,"_monsterinsights_sitenote_note":"","_monsterinsights_sitenote_category":0,"footnotes":""},"class_list":{"0":"post-23430","1":"page","2":"type-page","3":"status-publish","5":"infinite-scroll-item"},"aioseo_notices":[],"_links":{"self":[{"href":"https:\/\/www.labeljoy.com\/it\/wp-json\/wp\/v2\/pages\/23430","targetHints":{"allow":["GET"]}}],"collection":[{"href":"https:\/\/www.labeljoy.com\/it\/wp-json\/wp\/v2\/pages"}],"about":[{"href":"https:\/\/www.labeljoy.com\/it\/wp-json\/wp\/v2\/types\/page"}],"author":[{"embeddable":true,"href":"https:\/\/www.labeljoy.com\/it\/wp-json\/wp\/v2\/users\/1"}],"replies":[{"embeddable":true,"href":"https:\/\/www.labeljoy.com\/it\/wp-json\/wp\/v2\/comments?post=23430"}],"version-history":[{"count":10,"href":"https:\/\/www.labeljoy.com\/it\/wp-json\/wp\/v2\/pages\/23430\/revisions"}],"predecessor-version":[{"id":37551,"href":"https:\/\/www.labeljoy.com\/it\/wp-json\/wp\/v2\/pages\/23430\/revisions\/37551"}],"up":[{"embeddable":true,"href":"https:\/\/www.labeljoy.com\/it\/wp-json\/wp\/v2\/pages\/7435"}],"wp:attachment":[{"href":"https:\/\/www.labeljoy.com\/it\/wp-json\/wp\/v2\/media?parent=23430"}],"curies":[{"name":"wp","href":"https:\/\/api.w.org\/{rel}","templated":true}]}}