{"id":24986,"date":"2015-08-05T13:14:52","date_gmt":"2015-08-05T13:14:52","guid":{"rendered":"http:\/\/www.labeljoy.com\/?page_id=24986"},"modified":"2015-08-05T14:16:02","modified_gmt":"2015-08-05T14:16:02","slug":"formattazione-dei-numeri-in-excel","status":"publish","type":"page","link":"https:\/\/www.labeljoy.com\/it\/supporto\/guide\/formattazione-dei-numeri-in-excel\/","title":{"rendered":"Formattazione dei numeri in Excel"},"content":{"rendered":"<h1><span id=\"result_box\" class=\"short_text\" lang=\"en\"><span class=\"hps\">Formattazione dei numeri importati da Excel<br \/>\n<\/span><\/span><\/h1>\n<p><img decoding=\"async\" width=\"235\" height=\"110\" src=\"http:\/\/www.labeljoy.com\/images\/how-to\/print-labels-from-excel\/excel-labeljoy.jpg\" alt=\"Print labels from Excel with Labeljoy\" align=\"right\" \/><\/p>\n<p><span id=\"result_box\" class=\"\" lang=\"it\"><span class=\"hps\">Quando si importa<\/span> <span class=\"hps\">un set di dati<\/span> contenente dei <span class=\"hps\">numeri da<\/span> <span class=\"hps\">Excel<\/span> <span class=\"hps\">ed \u00e8 necessario<\/span> <span class=\"hps\">formattarli<\/span>, <span class=\"hps\">in<\/span> <span class=\"hps\">Labeljoy<\/span> <span class=\"hps\">\u00e8 possibile scegliere<\/span> <span class=\"hps\">diversi tipi di formati<\/span> <span class=\"hps\">a seconda delle proprie esigenze<\/span>.<\/span><\/p>\n<p><strong>Scopri come \u00e8 semplice formattare dati numeri da Excel!<\/strong><\/p>\n<p style=\"text-align: center\"><a class=\"large green tt-button\" href=\"http:\/\/www.labeljoy.com\/it\/download-it\/\">SCARICA LABELJOY GRATIS<\/a><\/p>\n<p>Grazie a questo tutorial scoprirai come formattare i numeri importati da <strong>Excel<\/strong>.<\/p>\n<p>Dopo aver <a title=\"Manage layouts\" href=\"http:\/\/www.labeljoy.com\/it\/video-it\/gestire-layouts\/\">scelto il layout di labeljoy<\/a> puoi iniziare ad <strong>importare i dati da Excel<\/strong>.<\/p>\n<p>Di seguito puoi vedere un esempio di foglio Excel contenente dei numeri da importare in <strong>Labeljoy<\/strong>:<\/p>\n<div class=\"img-frame full-half\"><div class=\"lightbox-zoom\"><a title=\"\" href=\"http:\/\/www.labeljoy.com\/images\/how-to\/format-numbers-from-excel\/1-table-excel-with-numbers.jpg\" data-gal=\"prettyPhoto[format number excel]\" class=\"hover-item\"><img decoding=\"async\" width=\"445\" height=\"273\" alt=\"\" src=\"https:\/\/www.labeljoy.com\/wp-content\/plugins\/sterling-shortcodes\/\/timthumb\/timthumb.php?src=http:\/\/www.labeljoy.com\/images\/how-to\/format-numbers-from-excel\/1-table-excel-with-numbers.jpg&#038;h=273&#038;w=445\"><\/a><\/div><\/div>\n<div class=\"tt-notification neutral\">\n<p style=\"font-size: 12px\"><strong>Nota<\/strong>: Per importare i dati da un file Excel in Labeljoy seguire questa <a href=\"http:\/\/www.labeljoy.com\/it\/supporto\/guide\/stampare-etichette-da-excel\/\">guida<\/a>.<\/p>\n<\/div>\n<h2>1 &#8211; Formattazione di numeri da Excel<\/h2>\n<p><strong>Doppio click sul testo per inserire una serie di dati da Excel<\/strong> in un campo testo.<\/p>\n<div class=\"img-frame full-half\"><div class=\"lightbox-zoom\"><a title=\"Inserire serie di dati in un campo testo\" href=\"http:\/\/www.labeljoy.com\/images\/how-to\/format-numbers-from-excel\/8-double-click-to-edit.jpg\" data-gal=\"prettyPhoto[import excel numeric format]\" class=\"hover-item\"><img decoding=\"async\" width=\"445\" height=\"273\" alt=\"Inserire serie di dati in un campo testo\" src=\"https:\/\/www.labeljoy.com\/wp-content\/plugins\/sterling-shortcodes\/\/timthumb\/timthumb.php?src=http:\/\/www.labeljoy.com\/images\/how-to\/format-numbers-from-excel\/8-double-click-to-edit.jpg&#038;h=273&#038;w=445\"><\/a><\/div><\/div>\n<p><span id=\"result_box\" class=\"\" lang=\"en\"><span class=\"hps\">Cliccare su <\/span><span class=\"hps atn\">&#8220;<\/span><em>Field<\/em>&#8221; e scegliere dal men\u00f9 a discesa, dai nomi dell&#8217;intestazione delle colonne del fle Excel, per importare i dati dinamici.<\/span><\/p>\n<div class=\"one_half\"> <div class=\"img-frame full-third\"><div class=\"lightbox-zoom\"><a title=\"\" href=\"http:\/\/www.labeljoy.com\/images\/how-to\/format-numbers-from-excel\/12-add-text-data.jpg\" data-gal=\"prettyPhoto[import excel numeric format]\" class=\"hover-item\"><img decoding=\"async\" width=\"280\" height=\"179\" alt=\"\" src=\"https:\/\/www.labeljoy.com\/wp-content\/plugins\/sterling-shortcodes\/\/timthumb\/timthumb.php?src=http:\/\/www.labeljoy.com\/images\/how-to\/format-numbers-from-excel\/12-add-text-data.jpg&#038;h=179&#038;w=280\"><\/a><\/div><\/div><\/div>\n<div class=\"one_half\"> <div class=\"img-frame full-third\"><div class=\"lightbox-zoom\"><a title=\"\" href=\"http:\/\/www.labeljoy.com\/images\/how-to\/format-numbers-from-excel\/14-fill-field.jpg\" data-gal=\"prettyPhoto[import excel numeric format]\" class=\"hover-item\"><img decoding=\"async\" width=\"280\" height=\"179\" alt=\"\" src=\"https:\/\/www.labeljoy.com\/wp-content\/plugins\/sterling-shortcodes\/\/timthumb\/timthumb.php?src=http:\/\/www.labeljoy.com\/images\/how-to\/format-numbers-from-excel\/14-fill-field.jpg&#038;h=179&#038;w=280\"><\/a><\/div><\/div><\/div>\n<p><span id=\"result_box\" class=\"\" lang=\"it\"><span class=\"hps\">Quando<\/span> <span class=\"hps\">scegli<\/span> <span class=\"hps\">un set di dati<\/span> <span class=\"hps\">numerici<\/span> <span class=\"hps\">apparir\u00e0<\/span> <span class=\"hps\">la finestra sottostante<\/span><span class=\"hps\"> per<\/span> <span class=\"hps\">scegliere tra i <strong>formati disponibili<\/strong><\/span><span class=\"\">.<\/span> <span class=\"hps\">In<\/span> <span class=\"hps\">questo<\/span> <span class=\"hps\">caso si tratta di<\/span> <span class=\"hps\">un elenco di prezzi<\/span><span class=\"\">,<\/span> <span class=\"hps\">il<\/span> <span class=\"hps\">formato ideale che si trova <\/span><span class=\"hps\">nella<\/span> <span class=\"hps\">lista \u00e8<\/span> <span class=\"hps atn\">(<\/span><em><span class=\"\">#<\/span><span class=\"\">,<\/span> <span class=\"hps\">##<\/span> <\/em><span class=\"hps\"><em>0.00<\/em>)<\/span><span class=\"\">,<\/span> <span class=\"hps\">fare clic su<\/span> <span class=\"hps\"><em>OK<\/em> e<\/span> poi <em>apply<\/em> per <span class=\"hps\">verificare il risultato<\/span><span class=\"\">.<\/span> <span class=\"hps\">Aggiungere<\/span> <span class=\"hps\">il simbolo della valuta<\/span> <span class=\"hps\">se richiesto e<\/span> <span class=\"hps\">fare clic su <em>OK<\/em><\/span>. S<span class=\"hps\">i possono provare<\/span> <span class=\"hps\">diversi formati<\/span> di numeri <span class=\"hps\">in base alle vostre<\/span> <span class=\"hps\">esigenze<\/span>.<\/span><\/p>\n<div class=\"one_half\"><div class=\"img-frame full-third\"><div class=\"lightbox-zoom\"><a title=\"Scelgliere il formato corretto per il tipo di dati\" href=\"http:\/\/www.labeljoy.com\/images\/how-to\/format-numbers-from-excel\/16-price-format.jpg\" data-gal=\"prettyPhoto[import excel numeric format]\" class=\"hover-item\"><img decoding=\"async\" width=\"280\" height=\"179\" alt=\"Scelgliere il formato corretto per il tipo di dati\" src=\"https:\/\/www.labeljoy.com\/wp-content\/plugins\/sterling-shortcodes\/\/timthumb\/timthumb.php?src=http:\/\/www.labeljoy.com\/images\/how-to\/format-numbers-from-excel\/16-price-format.jpg&#038;h=179&#038;w=280\"><\/a><\/div><\/div><\/div>\n<div class=\"one_half\"><div class=\"img-frame full-third\"><div class=\"lightbox-zoom\"><a title=\"Aggiungere simbolo valuta\" href=\"http:\/\/www.labeljoy.com\/images\/how-to\/format-numbers-from-excel\/15-format-number-dot-comma.jpg\" data-gal=\"prettyPhoto[import excel numeric format]\" class=\"hover-item\"><img decoding=\"async\" width=\"280\" height=\"179\" alt=\"Aggiungere simbolo valuta\" src=\"https:\/\/www.labeljoy.com\/wp-content\/plugins\/sterling-shortcodes\/\/timthumb\/timthumb.php?src=http:\/\/www.labeljoy.com\/images\/how-to\/format-numbers-from-excel\/15-format-number-dot-comma.jpg&#038;h=179&#038;w=280\"><\/a><\/div><\/div><\/div>\n<p style=\"text-align: center\"><a href=\"http:\/\/www.labeljoy.com\/label-templates\/formatting\/formatting-number.lpa\" class=\"small white tt-button\" target=\"_self\"> Download template <\/a>\n<div class=\"tt-notification tip\">\n<p style=\"font-size: 12px\"><strong>SUGGERIMENTO!<\/strong> Scopri come <a title=\"Aggiorna dati etichette collegati dinamicamente - Video Guida\" href=\"http:\/\/www.labeljoy.com\/video\/dynamic-update\/\">aggiornare i dati etichette collegati dinamicamente.<\/a><\/p>\n<\/div>\n<div class=\"hr hr-dotted\">&nbsp;<\/div>\n<div class=\"also-like\">\n<p><strong>INFO: Le funzioni di importazione dati da Excel \u00e8 molto utile per la creazione di etichette personalizzate come:<\/strong><\/p>\n<ul>\n<li><a title=\"Name Tag templates\" href=\"http:\/\/www.labeljoy.com\/templates\/name-tag-badges\/\">Name tag<\/a><\/li>\n<li><a title=\"Address label templates\" href=\"http:\/\/www.labeljoy.com\/templates\/address-label\/\">Address labels<\/a><\/li>\n<li><a title=\"Barcode label templates\" href=\"http:\/\/www.labeljoy.com\/templates\/barcode-label\/\">Barcode labels<\/a><\/li>\n<\/ul>\n<\/div>\n","protected":false},"excerpt":{"rendered":"<p>Formattazione dei numeri importati da Excel Quando si importa un set di dati contenente dei numeri da Excel ed \u00e8 necessario formattarli, in Labeljoy \u00e8 possibile scegliere diversi tipi di formati a seconda delle proprie esigenze. Scopri come \u00e8 semplice formattare dati numeri da Excel! SCARICA LABELJOY GRATIS Grazie a questo tutorial scoprirai come formattare &#8230; <a title=\"Formattazione dei numeri in Excel\" class=\"read-more\" href=\"https:\/\/www.labeljoy.com\/it\/supporto\/guide\/formattazione-dei-numeri-in-excel\/\" aria-label=\"Per saperne di pi\u00f9 su Formattazione dei numeri in Excel\">Read more<\/a><\/p>\n","protected":false},"author":1,"featured_media":0,"parent":7435,"menu_order":0,"comment_status":"open","ping_status":"closed","template":"page-template-left-sidebar.php","meta":{"inline_featured_image":false,"_monsterinsights_skip_tracking":false,"_monsterinsights_sitenote_active":false,"_monsterinsights_sitenote_note":"","_monsterinsights_sitenote_category":0,"footnotes":""},"class_list":{"0":"post-24986","1":"page","2":"type-page","3":"status-publish","5":"infinite-scroll-item"},"aioseo_notices":[],"_links":{"self":[{"href":"https:\/\/www.labeljoy.com\/it\/wp-json\/wp\/v2\/pages\/24986","targetHints":{"allow":["GET"]}}],"collection":[{"href":"https:\/\/www.labeljoy.com\/it\/wp-json\/wp\/v2\/pages"}],"about":[{"href":"https:\/\/www.labeljoy.com\/it\/wp-json\/wp\/v2\/types\/page"}],"author":[{"embeddable":true,"href":"https:\/\/www.labeljoy.com\/it\/wp-json\/wp\/v2\/users\/1"}],"replies":[{"embeddable":true,"href":"https:\/\/www.labeljoy.com\/it\/wp-json\/wp\/v2\/comments?post=24986"}],"version-history":[{"count":18,"href":"https:\/\/www.labeljoy.com\/it\/wp-json\/wp\/v2\/pages\/24986\/revisions"}],"predecessor-version":[{"id":25004,"href":"https:\/\/www.labeljoy.com\/it\/wp-json\/wp\/v2\/pages\/24986\/revisions\/25004"}],"up":[{"embeddable":true,"href":"https:\/\/www.labeljoy.com\/it\/wp-json\/wp\/v2\/pages\/7435"}],"wp:attachment":[{"href":"https:\/\/www.labeljoy.com\/it\/wp-json\/wp\/v2\/media?parent=24986"}],"curies":[{"name":"wp","href":"https:\/\/api.w.org\/{rel}","templated":true}]}}