{"id":25689,"date":"2016-03-02T10:40:21","date_gmt":"2016-03-02T10:40:21","guid":{"rendered":"http:\/\/www.labeljoy.com\/it\/?page_id=25689"},"modified":"2021-01-26T16:38:31","modified_gmt":"2021-01-26T16:38:31","slug":"etichette-informative","status":"publish","type":"page","link":"https:\/\/www.labeljoy.com\/it\/etichette-da-stampare\/etichette-informative\/","title":{"rendered":"Etichette informative"},"content":{"rendered":"<h1>Crea le tue etichette informative con QR Code<\/h1>\n<p>Con <strong>Labeljoy<\/strong> potrai creare delle <strong>etichette informative personalizzate<\/strong> dotate di <a title=\"QR code specifiche\" href=\"https:\/\/www.labeljoy.com\/it\/qr-code-it\/qr-code-software-it\/\">QR-Code<\/a> che permetteranno di indirizzare i tuoi clienti al tuo sito internet o alla tua Landing Page, ad un video o ad un qualunque risorsa in rete. Baster\u00e0 inquadrare il QR Code con il cellulare ed il gioco \u00e8 fatto! Con questa soluzione le informazioni riportate nella tua etichetta informativa non avranno pi\u00f9 limiti e confini.<\/p>\n<p>Grazie alle molteplici funzioni di Labeljoy potrai creare <strong>etichette informative<\/strong> in modo facile e veloce. Con pochi click potrai inserire la grafica e i testi e, se possiedi un database MySql, Oracle, SQL Server o un semplice foglio di calcolo come Excel, inserire automaticamente i dati nei campi dell\u2019etichetta.<\/p>\n<p>Non ti resta che scaricare i modelli di etichette informative gratuiti messi a disposizione e metterti a lavoro.<\/p>\n<p>&nbsp;<\/p>\n<h2>Guarda il video tutorial su come importare dati da database esterni<\/h2>\n<p>Questo video tutorial mostra come <strong>caricare i dati da file di testo<\/strong> .txt. La guida integrata in Labeljoy ti guider\u00e0 passo passo nel collegare in modo personalizzato ogni campo. Sar\u00e0 inoltre possibile applicare filtri ed associare i campi in modo molto intuitivo e semplice.<\/p>\n\n<div class=\"youtube-embed\" itemprop=\"video\" itemscope itemtype=\"https:\/\/schema.org\/VideoObject\">\n\t<meta itemprop=\"url\" content=\"https:\/\/www.youtube.com\/v\/C4KcVHoCDY0\" \/>\n\t<meta itemprop=\"name\" content=\"Etichette indirizzo\" \/>\n\t<meta itemprop=\"description\" content=\"Etichette indirizzo\" \/>\n\t<meta itemprop=\"uploadDate\" content=\"2012-11-20T11:53:39+00:00\" \/>\n\t<meta itemprop=\"thumbnailUrl\" content=\"https:\/\/i.ytimg.com\/vi\/C4KcVHoCDY0\/default.jpg\" \/>\n\t<meta itemprop=\"embedUrl\" content=\"https:\/\/www.youtube.com\/embed\/C4KcVHoCDY0\" \/>\n\t<meta itemprop=\"height\" content=\"385\" \/>\n\t<meta itemprop=\"width\" content=\"640\" \/>\n\t<iframe style=\"border: 0;\" class=\"youtube-player\" width=\"640\" height=\"385\" src=\"https:\/\/www.youtube.com\/embed\/C4KcVHoCDY0?modestbranding=1&fs=0&rel=0&loop=1&color=white&playlist=C4KcVHoCDY0\"><\/iframe>\n<\/div>\n\n<p>&nbsp;<\/p>\n<h2 style=\"margin-bottom: 30px\">Scarica i modelli di etichette informative gratis<\/h2>\n<div class=\"one_third\">\n<p>MUSEO<\/p>\n<div class=\"img-frame full-fourth\"><div class=\"lightbox-zoom\"><a title=\"Museum labels\" href=\"http:\/\/www.labeljoy.com\/label-templates\/information\/museum1_2.jpg\" data-gal=\"prettyPhoto[address label]\" class=\"hover-item\"><img decoding=\"async\" width=\"197\" height=\"133\" alt=\"Museum labels\" src=\"https:\/\/www.labeljoy.com\/wp-content\/plugins\/sterling-shortcodes\/\/timthumb\/timthumb.php?src=http:\/\/www.labeljoy.com\/label-templates\/information\/museum1_1.jpg&#038;h=133&#038;w=197\"><\/a><\/div><\/div>\n<p style=\"text-align: center\"><a href=\"http:\/\/www.labeljoy.com\/label-templates\/information\/museum.lpa\" class=\"small white tt-button\" target=\"_self\"> Scarica <\/a>\n<\/div>\n<div class=\"one_third\">\n<p>MOSTRA D&#8217;ARTE<\/p>\n<div class=\"img-frame full-fourth\"><div class=\"lightbox-zoom\"><a title=\"Art exhibitions labels\" href=\"http:\/\/www.labeljoy.com\/label-templates\/information\/art_exhibitions1.jpg\" data-gal=\"prettyPhoto[address label]\" class=\"hover-item\"><img decoding=\"async\" width=\"197\" height=\"133\" alt=\"Art exhibitions labels\" src=\"https:\/\/www.labeljoy.com\/wp-content\/plugins\/sterling-shortcodes\/\/timthumb\/timthumb.php?src=http:\/\/www.labeljoy.com\/label-templates\/information\/art_exhibitions.jpg&#038;h=133&#038;w=197\"><\/a><\/div><\/div>\n<p style=\"text-align: center\"><a href=\"http:\/\/www.labeljoy.com\/label-templates\/information\/art_exhibitions.lpa\" class=\"small white tt-button\" target=\"_self\"> Scarica <\/a>\n<\/div>\n<div class=\"one_third\">\n<p>INFORMAZIONI CAMPEGGIO<\/p>\n<div class=\"img-frame full-fourth\"><div class=\"lightbox-zoom\"><a title=\"Camping labels\" href=\"http:\/\/www.labeljoy.com\/label-templates\/information\/camping1.jpg\" data-gal=\"prettyPhoto[address label]\" class=\"hover-item\"><img decoding=\"async\" width=\"197\" height=\"133\" alt=\"Camping labels\" src=\"https:\/\/www.labeljoy.com\/wp-content\/plugins\/sterling-shortcodes\/\/timthumb\/timthumb.php?src=http:\/\/www.labeljoy.com\/label-templates\/information\/camping.jpg&#038;h=133&#038;w=197\"><\/a><\/div><\/div>\n<p style=\"text-align: center\"><a href=\"http:\/\/www.labeljoy.com\/label-templates\/information\/camping.lpa\" class=\"small white tt-button\" target=\"_self\"> Scarica <\/a>\n<\/div>\n<div class=\"hr hr-dotted\">&nbsp;<\/div>\n<div class=\"one_half\">\n<p style=\"text-align: center\"><a href=\"\/it\/acquista\/\" class=\"large blue tt-button\" target=\"\"> Acquista Labeljoy <\/a>\n<\/div>\n<div class=\"one_half\">\n<p style=\"text-align: center\"><a href=\"\/it\/download-it\/\" class=\"large green tt-button\" target=\"\"> Scarica versione gratuita <\/a>\n<\/div>\n","protected":false},"excerpt":{"rendered":"<p>Crea le tue etichette informative con QR Code Con Labeljoy potrai creare delle etichette informative personalizzate dotate di QR-Code che permetteranno di indirizzare i tuoi clienti al tuo sito internet o alla tua Landing Page, ad un video o ad un qualunque risorsa in rete. Baster\u00e0 inquadrare il QR Code con il cellulare ed il &#8230; <a title=\"Etichette informative\" class=\"read-more\" href=\"https:\/\/www.labeljoy.com\/it\/etichette-da-stampare\/etichette-informative\/\" aria-label=\"Per saperne di pi\u00f9 su Etichette informative\">Read more<\/a><\/p>\n","protected":false},"author":12,"featured_media":0,"parent":7516,"menu_order":0,"comment_status":"open","ping_status":"closed","template":"page-template-left-sidebar.php","meta":{"inline_featured_image":false,"_monsterinsights_skip_tracking":false,"_monsterinsights_sitenote_active":false,"_monsterinsights_sitenote_note":"","_monsterinsights_sitenote_category":0,"footnotes":""},"class_list":{"0":"post-25689","1":"page","2":"type-page","3":"status-publish","5":"infinite-scroll-item"},"aioseo_notices":[],"_links":{"self":[{"href":"https:\/\/www.labeljoy.com\/it\/wp-json\/wp\/v2\/pages\/25689","targetHints":{"allow":["GET"]}}],"collection":[{"href":"https:\/\/www.labeljoy.com\/it\/wp-json\/wp\/v2\/pages"}],"about":[{"href":"https:\/\/www.labeljoy.com\/it\/wp-json\/wp\/v2\/types\/page"}],"author":[{"embeddable":true,"href":"https:\/\/www.labeljoy.com\/it\/wp-json\/wp\/v2\/users\/12"}],"replies":[{"embeddable":true,"href":"https:\/\/www.labeljoy.com\/it\/wp-json\/wp\/v2\/comments?post=25689"}],"version-history":[{"count":12,"href":"https:\/\/www.labeljoy.com\/it\/wp-json\/wp\/v2\/pages\/25689\/revisions"}],"predecessor-version":[{"id":35315,"href":"https:\/\/www.labeljoy.com\/it\/wp-json\/wp\/v2\/pages\/25689\/revisions\/35315"}],"up":[{"embeddable":true,"href":"https:\/\/www.labeljoy.com\/it\/wp-json\/wp\/v2\/pages\/7516"}],"wp:attachment":[{"href":"https:\/\/www.labeljoy.com\/it\/wp-json\/wp\/v2\/media?parent=25689"}],"curies":[{"name":"wp","href":"https:\/\/api.w.org\/{rel}","templated":true}]}}