{"id":25764,"date":"2016-03-08T17:58:57","date_gmt":"2016-03-08T17:58:57","guid":{"rendered":"http:\/\/www.labeljoy.com\/it\/?page_id=25764"},"modified":"2024-04-12T13:07:02","modified_gmt":"2024-04-12T13:07:02","slug":"gestire-scuole-e-biblioteche-e-piu-facile-con-labejoy","status":"publish","type":"page","link":"https:\/\/www.labeljoy.com\/it\/etichette-da-stampare\/gestire-scuole-e-biblioteche-e-piu-facile-con-labejoy\/","title":{"rendered":"Gestire scuole e biblioteche \u00e8 pi\u00f9 facile con Labejoy!"},"content":{"rendered":"<h1>Etichette e tesserini personalizzati per scuole e biblioteche<\/h1>\n<p>Scuole, collegi e universit\u00e0 utilizzano i <strong>tesserini degli studenti<\/strong> per promuovere un ambiente di apprendimento sicuro e funzionale. Con l\u2019utilizzo di questi sistemi \u00e8 possibile <strong>automatizzare i processi interni<\/strong> come accesso alla mensa, prestito di libri dalla biblioteca, accesso alle assemblee o alle manifestazioni dell\u2019istituto.<\/p>\n<p>Proprio per la creazione dei tesserini viene in aiuto Labeljoy che, con pochi click e in maniera intuitiva, consente di <strong>creare etichette totalmente personalizzabili<\/strong> con l\u2019inserimento di campi di testo, loghi, codici a barre e Qrcode. Ogni tesserino potr\u00e0 contenere informazioni importanti come:<\/p>\n<ul>\n<li>Nome e cognome<\/li>\n<li>Foto<\/li>\n<li>Data di nascita<\/li>\n<li>Classe o corso di studio<\/li>\n<li>Date di validit\u00e0<\/li>\n<\/ul>\n<p>Inoltre Labeljoy consente di importare i dati da un database in formato <em>Excel<\/em>, <em>Access<\/em>, <em>Dbase<\/em>, <em>testo<\/em>  e tanti altri ancora, e stampare centinaia di tesserini in pochi minuti!<\/p>\n<p>Utilizzando i <strong>modelli gratuiti di etichette<\/strong> proposti qui sotto sar\u00e0 possibile, attraverso l\u2019utilizzo di codici a barre e Qrcode, interfacciarsi con un sistema informatizzato per la gestione dei volumi e dei testi scolastici, <strong>monitorando cos\u00ec i prestiti e le restituzioni dei libri nelle biblioteche<\/strong>.<\/p>\n<p>&nbsp;<\/p>\n<h2 style=\"margin-bottom: 30px;\">Scarica gratis i modelli gratuiti di etichette e tesserini<\/h2>\n<div class=\"one_third\">\n<p>Tesserino studente<\/p>\n<div class=\"img-frame full-fourth\"><div class=\"lightbox-zoom\"><a title=\"Tesserino studente\" href=\"http:\/\/www.labeljoy.com\/label-templates\/school\/school_1.jpg\" data-gal=\"prettyPhoto[address label]\" class=\"hover-item\"><img decoding=\"async\" width=\"197\" height=\"133\" alt=\"Tesserino studente\" src=\"https:\/\/www.labeljoy.com\/wp-content\/plugins\/sterling-shortcodes\/\/timthumb\/timthumb.php?src=http:\/\/www.labeljoy.com\/label-templates\/school\/school.jpg&#038;h=133&#038;w=197\"><\/a><\/div><\/div>\n<p style=\"text-align: center\"><a href=\"http:\/\/www.labeljoy.com\/label-templates\/school\/school.lpa\" class=\"small white tt-button\" target=\"_self\"> Download <\/a>\n<\/div>\n<div class=\"one_third\">\n<p>Tesserino studente 1<\/p>\n<div class=\"img-frame full-fourth\"><div class=\"lightbox-zoom\"><a title=\"Tesserino studente 1\" href=\"http:\/\/www.labeljoy.com\/label-templates\/school\/school1_1.jpg\" data-gal=\"prettyPhoto[address label]\" class=\"hover-item\"><img decoding=\"async\" width=\"197\" height=\"133\" alt=\"Tesserino studente 1\" src=\"https:\/\/www.labeljoy.com\/wp-content\/plugins\/sterling-shortcodes\/\/timthumb\/timthumb.php?src=http:\/\/www.labeljoy.com\/label-templates\/school\/school1.jpg&#038;h=133&#038;w=197\"><\/a><\/div><\/div>\n<p style=\"text-align: center\"><a href=\"http:\/\/www.labeljoy.com\/label-templates\/school\/school2.lpa\" class=\"small white tt-button\" target=\"_self\"> Download <\/a>\n<\/div>\n<div class=\"one_third\">\n<p>Tesserino studente<\/p>\n<div class=\"img-frame full-fourth\"><div class=\"lightbox-zoom\"><a title=\"Tesserino studente 2\" href=\"http:\/\/www.labeljoy.com\/label-templates\/school\/school2_1.jpg\" data-gal=\"prettyPhoto[address label]\" class=\"hover-item\"><img decoding=\"async\" width=\"197\" height=\"133\" alt=\"Tesserino studente 2\" src=\"https:\/\/www.labeljoy.com\/wp-content\/plugins\/sterling-shortcodes\/\/timthumb\/timthumb.php?src=http:\/\/www.labeljoy.com\/label-templates\/school\/school2.jpg&#038;h=133&#038;w=197\"><\/a><\/div><\/div>\n<p style=\"text-align: center\"><a href=\"http:\/\/www.labeljoy.com\/label-templates\/school\/school3.lpa\" class=\"small white tt-button\" target=\"_self\"> Download <\/a>\n<\/div>\n<div class=\"hr hr-dotted\">&nbsp;<\/div>\n<div class=\"one_third\">\n<p>Etichetta biblioteca<\/p>\n<div class=\"img-frame full-fourth\"><div class=\"lightbox-zoom\"><a title=\"Etichetta biblioteca\" href=\"http:\/\/www.labeljoy.com\/label-templates\/school\/library_labels_1.jpg\" data-gal=\"prettyPhoto[address label]\" class=\"hover-item\"><img decoding=\"async\" width=\"197\" height=\"133\" alt=\"Etichetta biblioteca\" src=\"https:\/\/www.labeljoy.com\/wp-content\/plugins\/sterling-shortcodes\/\/timthumb\/timthumb.php?src=http:\/\/www.labeljoy.com\/label-templates\/school\/library_label.jpg&#038;h=133&#038;w=197\"><\/a><\/div><\/div>\n<p style=\"text-align: center\"><a href=\"http:\/\/www.labeljoy.com\/label-templates\/school\/library_labels.lpa\" class=\"small white tt-button\" target=\"_self\"> Download <\/a>\n<\/div>\n<div class=\"one_third\">\n<p>Etichetta biblioteca 1<\/p>\n<div class=\"img-frame full-fourth\"><div class=\"lightbox-zoom\"><a title=\"Etichetta biblioteca 1\" href=\"http:\/\/www.labeljoy.com\/label-templates\/school\/library_labels1_1.jpg\" data-gal=\"prettyPhoto[address label]\" class=\"hover-item\"><img decoding=\"async\" width=\"197\" height=\"133\" alt=\"Etichetta biblioteca 1\" src=\"https:\/\/www.labeljoy.com\/wp-content\/plugins\/sterling-shortcodes\/\/timthumb\/timthumb.php?src=http:\/\/www.labeljoy.com\/label-templates\/school\/library_label1.jpg&#038;h=133&#038;w=197\"><\/a><\/div><\/div>\n<p style=\"text-align: center\"><a href=\"http:\/\/www.labeljoy.com\/label-templates\/school\/library_labels1.lpa\" class=\"small white tt-button\" target=\"_self\"> Download <\/a>\n<\/div>\n<div class=\"hr hr-dotted\">&nbsp;<\/div>\n<div class=\"one_third\">\n<p>Etichetta Insegnante<\/p>\n<div class=\"img-frame full-fourth\"><div class=\"lightbox-zoom\"><a title=\"Etichetta Insegnante\" href=\"http:\/\/www.labeljoy.com\/label-templates\/school\/teacher_labels_1.jpg\" data-gal=\"prettyPhoto[address label]\" class=\"hover-item\"><img decoding=\"async\" width=\"197\" height=\"133\" alt=\"Etichetta Insegnante\" src=\"https:\/\/www.labeljoy.com\/wp-content\/plugins\/sterling-shortcodes\/\/timthumb\/timthumb.php?src=http:\/\/www.labeljoy.com\/label-templates\/school\/teacher_label_1s.jpg&#038;h=133&#038;w=197\"><\/a><\/div><\/div>\n<p style=\"text-align: center\"><a href=\"http:\/\/www.labeljoy.com\/label-templates\/school\/teacher1.lpa\" class=\"small white tt-button\" target=\"_self\"> Download <\/a>\n<\/div>\n<div class=\"one_third\">\n<p>Etichetta Insegnante 1<\/p>\n<div class=\"img-frame full-fourth\"><div class=\"lightbox-zoom\"><a title=\"Etichetta Insegnante\" href=\"http:\/\/www.labeljoy.com\/label-templates\/school\/teacher_labels_2.jpg\" data-gal=\"prettyPhoto[address label]\" class=\"hover-item\"><img decoding=\"async\" width=\"197\" height=\"133\" alt=\"Etichetta Insegnante\" src=\"https:\/\/www.labeljoy.com\/wp-content\/plugins\/sterling-shortcodes\/\/timthumb\/timthumb.php?src=http:\/\/www.labeljoy.com\/label-templates\/school\/teacher_label_2s.jpg&#038;h=133&#038;w=197\"><\/a><\/div><\/div>\n<p style=\"text-align: center\"><a href=\"http:\/\/www.labeljoy.com\/label-templates\/school\/teacher2.lpa\" class=\"small white tt-button\" target=\"_self\"> Download <\/a>\n<\/div>\n<div class=\"hr hr-dotted\">&nbsp;<\/div>\n<div class=\"one_half\">\n<p style=\"text-align: center\"><a href=\"\/it\/acquista\/\" class=\"large blue tt-button\" target=\"\"> Acquista Labeljoy <\/a>\n<\/div>\n<div class=\"one_half\">\n<p style=\"text-align: center\"><a href=\"\/it\/download-it\/\" class=\"large green tt-button\" target=\"\"> Scarica versione gratuita <\/a>\n<\/div>\n","protected":false},"excerpt":{"rendered":"<p>Etichette e tesserini personalizzati per scuole e biblioteche Scuole, collegi e universit\u00e0 utilizzano i tesserini degli studenti per promuovere un ambiente di apprendimento sicuro e funzionale. Con l\u2019utilizzo di questi sistemi \u00e8 possibile automatizzare i processi interni come accesso alla mensa, prestito di libri dalla biblioteca, accesso alle assemblee o alle manifestazioni dell\u2019istituto. Proprio per &#8230; <a title=\"Gestire scuole e biblioteche \u00e8 pi\u00f9 facile con Labejoy!\" class=\"read-more\" href=\"https:\/\/www.labeljoy.com\/it\/etichette-da-stampare\/gestire-scuole-e-biblioteche-e-piu-facile-con-labejoy\/\" aria-label=\"Per saperne di pi\u00f9 su Gestire scuole e biblioteche \u00e8 pi\u00f9 facile con Labejoy!\">Read more<\/a><\/p>\n","protected":false},"author":12,"featured_media":0,"parent":7516,"menu_order":0,"comment_status":"closed","ping_status":"closed","template":"","meta":{"inline_featured_image":false,"_monsterinsights_skip_tracking":false,"_monsterinsights_sitenote_active":false,"_monsterinsights_sitenote_note":"","_monsterinsights_sitenote_category":0,"footnotes":""},"class_list":{"0":"post-25764","1":"page","2":"type-page","3":"status-publish","5":"infinite-scroll-item"},"aioseo_notices":[],"_links":{"self":[{"href":"https:\/\/www.labeljoy.com\/it\/wp-json\/wp\/v2\/pages\/25764","targetHints":{"allow":["GET"]}}],"collection":[{"href":"https:\/\/www.labeljoy.com\/it\/wp-json\/wp\/v2\/pages"}],"about":[{"href":"https:\/\/www.labeljoy.com\/it\/wp-json\/wp\/v2\/types\/page"}],"author":[{"embeddable":true,"href":"https:\/\/www.labeljoy.com\/it\/wp-json\/wp\/v2\/users\/12"}],"replies":[{"embeddable":true,"href":"https:\/\/www.labeljoy.com\/it\/wp-json\/wp\/v2\/comments?post=25764"}],"version-history":[{"count":11,"href":"https:\/\/www.labeljoy.com\/it\/wp-json\/wp\/v2\/pages\/25764\/revisions"}],"predecessor-version":[{"id":41050,"href":"https:\/\/www.labeljoy.com\/it\/wp-json\/wp\/v2\/pages\/25764\/revisions\/41050"}],"up":[{"embeddable":true,"href":"https:\/\/www.labeljoy.com\/it\/wp-json\/wp\/v2\/pages\/7516"}],"wp:attachment":[{"href":"https:\/\/www.labeljoy.com\/it\/wp-json\/wp\/v2\/media?parent=25764"}],"curies":[{"name":"wp","href":"https:\/\/api.w.org\/{rel}","templated":true}]}}