{"id":30822,"date":"2019-02-08T00:21:54","date_gmt":"2019-02-08T00:21:54","guid":{"rendered":"https:\/\/www.labeljoy.com\/it\/?page_id=30822"},"modified":"2024-08-20T15:40:27","modified_gmt":"2024-08-20T15:40:27","slug":"come-generare-barcode-e-qr-code","status":"publish","type":"page","link":"https:\/\/www.labeljoy.com\/it\/video\/come-generare-barcode-e-qr-code\/","title":{"rendered":"Come Generare Barcode e QR Code"},"content":{"rendered":"<h2>Come generare Barcode e QR Code<\/h2>\n<p>Labeljoy permette di creare automaticamente 26 differenti tipi di <strong>barcode lineari e 2D<\/strong>!<\/p>\n<p>Questo video mostra come \u00e8 semplice aggiungere codici a barre alle etichette, <a href=\"https:\/\/www.labeljoy.com\/it\/software-codice-barre\/\" title=\"Software codice a barre\">codici generati automaticamente dal software<\/a> partendo da un testo alfanumerico.<\/p>\n<p>Per rendere il lavoro pi\u00f9 veloce \u00e8 possibile importare i codici dei barcode da <a href=\"https:\/\/www.labeljoy.com\/it\/video\/collegare-i-database-esterni\/\" title=\"Come collegare database esterni\">database esterni<\/a>.<\/p>\n<p>Cliccando sul tasto &#8220;Anteprima&#8221; \u00e8 inoltre possibile rilevare se il testo digitato \u00e8 conforme alle specifiche del barcode selezionato, evitando cos\u00ec spiacevoli errori.<\/p>\n<p>Scarica i nostri modelli di <a href=\"https:\/\/www.labeljoy.com\/it\/etichette-da-stampare\/cartellini-prezzi\/\" title=\"Cartellini Prezzi\">cartellino con prezzo<\/a> e scopri quanto \u00e8 semplice creare le propre etichette personalizzate.<\/p>\n<div class=\"lyte-wrapper\" title=\"Labeljoy 6 - Generare codici a barre e QR code\" style=\"width:640px;max-width:100%;margin:5px;\"><div class=\"lyMe\" id=\"WYL_NK62qG76lxE\" itemprop=\"video\" itemscope itemtype=\"https:\/\/schema.org\/VideoObject\"><div><meta itemprop=\"thumbnailUrl\" content=\"https:\/\/www.labeljoy.com\/wp-content\/plugins\/wp-youtube-lyte\/lyteCache.php?origThumbUrl=https%3A%2F%2Fi.ytimg.com%2Fvi%2FNK62qG76lxE%2Fhqdefault.jpg\" \/><meta itemprop=\"embedURL\" content=\"https:\/\/www.youtube.com\/embed\/NK62qG76lxE\" \/><meta itemprop=\"duration\" content=\"PT2M25S\" \/><meta itemprop=\"uploadDate\" content=\"2019-02-08T00:11:10Z\" \/><\/div><div id=\"lyte_NK62qG76lxE\" data-src=\"https:\/\/www.labeljoy.com\/wp-content\/plugins\/wp-youtube-lyte\/lyteCache.php?origThumbUrl=https%3A%2F%2Fi.ytimg.com%2Fvi%2FNK62qG76lxE%2Fhqdefault.jpg\" class=\"pL\"><div class=\"tC\"><div class=\"tT\" itemprop=\"name\">Labeljoy 6 - Generare codici a barre e QR code<\/div><\/div><div class=\"play\"><\/div><div class=\"ctrl\"><div class=\"Lctrl\"><\/div><div class=\"Rctrl\"><\/div><\/div><\/div><noscript><a href=\"https:\/\/youtu.be\/NK62qG76lxE\" rel=\"nofollow\"><img decoding=\"async\" src=\"https:\/\/www.labeljoy.com\/wp-content\/plugins\/wp-youtube-lyte\/lyteCache.php?origThumbUrl=https%3A%2F%2Fi.ytimg.com%2Fvi%2FNK62qG76lxE%2F0.jpg\" alt=\"Labeljoy 6 - Generare codici a barre e QR code\" width=\"640\" height=\"340\" \/><br \/>Guarda questo video su YouTube<\/a><\/noscript><meta itemprop=\"description\" content=\"Labeljoy consente di creare automaticamente 26 tipi diversi di codici a barre lineari e 2D. Questo video mostra come aggiungere codici o testo da trasformare in simboli di codici a barre con il software. \u00c8 anche possibile importare dati da sorgenti di dati esterne per generare automaticamente codici a barre in blocco. Il software rileva autonomamente se il testo o il codice inserito \u00e8 conforme alle specifiche della simbologia selezionata. Scaricate il nostro modello di etichetta prezzo con codice a barre per scoprire come creare facilmente etichette personalizzate. https:\/\/www.labeljoy.com\/it\/etichette-da-stampare\/etichette-barcode\/ Per ulteriori informazioni, consultare la nostra guida ai codici a barre e la nostra guida ai codici QR: https:\/\/www.labeljoy.com\/it\/aiuto-lj6\/gestire-i-codici-a-barre\/\"><\/div><\/div><div class=\"lL\" style=\"max-width:100%;width:640px;margin:5px;\"><\/div>\n<div class=\"lj-video-button hide\">\n  <a href=\"https:\/\/www.youtube.com\/embed\/NK62qG76lxE?rel=0&autoplay=1\" data-featherlight=\"iframe\" data-featherlight-iframe-width=\"800\" data-featherlight-iframe-height=\"610\" data-featherlight-iframe-frameborder=\"0\" data-featherlight-iframe-allow=\"autoplay; encrypted-media\" data-featherlight-iframe-allowfullscreen=\"true\" title=\"Guarda il video tutorial\">Guarda il video tutorial <i class=\"fa fa-play-circle fa-2x\"><\/i><\/a>\n<\/div>\n<div class=\"column-clear\"><\/div>\n<div class=\"also-like\">\n<strong>Ti potrebbe interessare anche:<\/strong><\/p>\n<ul>\n<li><a href=\"https:\/\/www.labeljoy.com\/it\/supporto\/guide\/generare-gs1-128\/\" title=\"Generare gs1-128\">Creare il barcode EAN 128<\/a><\/li>\n<li><a href=\"https:\/\/www.labeljoy.com\/generatore-codici-barre-online-gratis\/\" title=\"Generatore barcode online\">Generatore barcode online<\/a><\/li>\n<\/ul>\n<\/div>\n","protected":false},"excerpt":{"rendered":"<p>Come generare Barcode e QR Code Labeljoy permette di creare automaticamente differenti tipi di barcode lineari e 2D! Questo video mostra come \u00e8 semplice aggiungere codici a barre alle etichette, codici generati automaticamente dal software partendo da un testo alfanumerico. Per rendere il lavoro pi\u00f9 veloce \u00e8 possibile importare i codici dei barcode da database &#8230; <a title=\"Come Generare Barcode e QR Code\" class=\"read-more\" href=\"https:\/\/www.labeljoy.com\/it\/video\/come-generare-barcode-e-qr-code\/\" aria-label=\"Per saperne di pi\u00f9 su Come Generare Barcode e QR Code\">Read more<\/a><\/p>\n","protected":false},"author":12,"featured_media":0,"parent":30595,"menu_order":0,"comment_status":"closed","ping_status":"closed","template":"","meta":{"inline_featured_image":false,"_monsterinsights_skip_tracking":false,"_monsterinsights_sitenote_active":false,"_monsterinsights_sitenote_note":"","_monsterinsights_sitenote_category":0,"footnotes":""},"class_list":{"0":"post-30822","1":"page","2":"type-page","3":"status-publish","5":"infinite-scroll-item"},"aioseo_notices":[],"_links":{"self":[{"href":"https:\/\/www.labeljoy.com\/it\/wp-json\/wp\/v2\/pages\/30822","targetHints":{"allow":["GET"]}}],"collection":[{"href":"https:\/\/www.labeljoy.com\/it\/wp-json\/wp\/v2\/pages"}],"about":[{"href":"https:\/\/www.labeljoy.com\/it\/wp-json\/wp\/v2\/types\/page"}],"author":[{"embeddable":true,"href":"https:\/\/www.labeljoy.com\/it\/wp-json\/wp\/v2\/users\/12"}],"replies":[{"embeddable":true,"href":"https:\/\/www.labeljoy.com\/it\/wp-json\/wp\/v2\/comments?post=30822"}],"version-history":[{"count":8,"href":"https:\/\/www.labeljoy.com\/it\/wp-json\/wp\/v2\/pages\/30822\/revisions"}],"predecessor-version":[{"id":41386,"href":"https:\/\/www.labeljoy.com\/it\/wp-json\/wp\/v2\/pages\/30822\/revisions\/41386"}],"up":[{"embeddable":true,"href":"https:\/\/www.labeljoy.com\/it\/wp-json\/wp\/v2\/pages\/30595"}],"wp:attachment":[{"href":"https:\/\/www.labeljoy.com\/it\/wp-json\/wp\/v2\/media?parent=30822"}],"curies":[{"name":"wp","href":"https:\/\/api.w.org\/{rel}","templated":true}]}}