{"id":34036,"date":"2020-09-14T09:36:41","date_gmt":"2020-09-14T09:36:41","guid":{"rendered":"https:\/\/www.labeljoy.com\/?page_id=34036"},"modified":"2022-06-13T10:10:05","modified_gmt":"2022-06-13T10:10:05","slug":"come-generare-un-codice-a-barre-sscc-18","status":"publish","type":"page","link":"https:\/\/www.labeljoy.com\/it\/supporto\/guide\/come-generare-un-codice-a-barre-sscc-18\/","title":{"rendered":"Come generare un codice a barre SSCC-18"},"content":{"rendered":"<h2>Creare un codice a barre SSCC-18<\/h2>\n<div class=\"lyte-wrapper\" title=\"Labeljoy - I codici a Barre GS1\" style=\"width:640px;max-width:100%;margin:5px;\"><div class=\"lyMe\" id=\"WYL_mQTvGcvTS2M\" itemprop=\"video\" itemscope itemtype=\"https:\/\/schema.org\/VideoObject\"><div><meta itemprop=\"thumbnailUrl\" content=\"https:\/\/www.labeljoy.com\/wp-content\/plugins\/wp-youtube-lyte\/lyteCache.php?origThumbUrl=https%3A%2F%2Fi.ytimg.com%2Fvi%2FmQTvGcvTS2M%2Fhqdefault.jpg\" \/><meta itemprop=\"embedURL\" content=\"https:\/\/www.youtube.com\/embed\/mQTvGcvTS2M\" \/><meta itemprop=\"duration\" content=\"PT1M17S\" \/><meta itemprop=\"uploadDate\" content=\"2020-10-06T22:11:16Z\" \/><\/div><div id=\"lyte_mQTvGcvTS2M\" data-src=\"https:\/\/www.labeljoy.com\/wp-content\/plugins\/wp-youtube-lyte\/lyteCache.php?origThumbUrl=https%3A%2F%2Fi.ytimg.com%2Fvi%2FmQTvGcvTS2M%2Fhqdefault.jpg\" class=\"pL\"><div class=\"tC\"><div class=\"tT\" itemprop=\"name\">Labeljoy - I codici a Barre GS1<\/div><\/div><div class=\"play\"><\/div><div class=\"ctrl\"><div class=\"Lctrl\"><\/div><div class=\"Rctrl\"><\/div><\/div><\/div><noscript><a href=\"https:\/\/youtu.be\/mQTvGcvTS2M\" rel=\"nofollow\"><img decoding=\"async\" src=\"https:\/\/www.labeljoy.com\/wp-content\/plugins\/wp-youtube-lyte\/lyteCache.php?origThumbUrl=https%3A%2F%2Fi.ytimg.com%2Fvi%2FmQTvGcvTS2M%2F0.jpg\" alt=\"Labeljoy - I codici a Barre GS1\" width=\"640\" height=\"340\" \/><br \/>Guarda questo video su YouTube<\/a><\/noscript><meta itemprop=\"description\" content=\"In questo video John ci mostra come utilizzare i codici GS1 per le nostre spedizioni, stampa le tue etichette GS1 con Labeljoy e applicale ai tuo i prodotti, agli imballaggi e ai pallet Per saperne di pi\u00f9 sui codici a barre GS1: https:\/\/www.labeljoy.com\/it\/supporto\/guide\/generare-gs1-128\/ Credits Immagini Vettoriali : Vecteezy.com - freevector.com\"><\/div><\/div><div class=\"lL\" style=\"max-width:100%;width:640px;margin:5px;\"><\/div>\n<div class=\"lj-video-button hide\">\n  <a href=\"https:\/\/www.youtube.com\/embed\/mQTvGcvTS2M?rel=0&autoplay=1\" data-featherlight=\"iframe\" data-featherlight-iframe-width=\"800\" data-featherlight-iframe-height=\"610\" data-featherlight-iframe-frameborder=\"0\" data-featherlight-iframe-allow=\"autoplay; encrypted-media\" data-featherlight-iframe-allowfullscreen=\"true\" title=\"Guarda il video tutorial\">Guarda il video tutorial <i class=\"fa fa-play-circle fa-2x\"><\/i><\/a>\n<\/div>\n<p>Cominciamo con la creazione di una nuova etichetta che conterr\u00e0 il barcode SSCC-18 (Serial Shipping Container Code), che corrisponde a AI 00 in GS1. Per <a href=\"https:\/\/www.labeljoy.com\/generatore-codici-barre-online-gratis\/\" title=\"Generatore codici a barre online\">creare il codice a barre SSCC-18<\/a> occorrono le seguenti informazioni:<\/p>\n<ul>\n<li><strong>Il prefisso GS1 aziendale<\/strong>. Questa informazione \u00e8 rilasciata dall&#8217;autorit\u00e0 locale GS1. La lunghezza pu\u00f2 variare da 7 a 10 caratteri.<\/li>\n<li><strong>Il numero seriale<\/strong>. Questa informazione \u00e8 data da un numero formato da 6 a 9 caratteri.<\/li>\n<\/ul>\n<p>Come dice in nome, il simbolo SSCC-18 contiene 18 cifre organizzate come segue:<\/p>\n<ul>\n<li><strong>Prefix<\/strong>: 1 cifra, uso libero. Pu\u00f2 essere usata per estendere il numero seriale.<\/li>\n<li><strong>The GS1 company prefix<\/strong>: da 7 a 10 cifre.<\/li>\n<li><strong>The serial number<\/strong>: da 6 a 9 cifre, a seconda della lunghezza del prefisso aziendale GS1.<\/li>\n<li><strong>Check digit<\/strong>: cifra di controllo modulo-10, 1 cifra.<\/li>\n<\/ul>\n<p>In questo esempio consideriamo che il prefisso GS1 aziendale formato da 8 cifre sia: 12345678. E che il Shipping serial number sia 4567.<br \/>\nPer codificare queste informazioni in un codice barcode SSCC-18 valido occorre digitare in Labeljoy quanto segue:<\/p>\n<ul>\n<li><strong>(00):<\/strong> Il SSCC-18 Application identifier.<\/li>\n<li><strong>0:<\/strong> Prefix (Non occorre estendere il numero seriale).<\/li>\n<li><strong>12345678: <\/strong>Il prefisso GS1 aziendale.<\/li>\n<li><strong>00004567: <\/strong>Il numero seriale. Occorre inserire alcuni zeri per ottenere le 18 cifre del codice SSCC-18.<\/li>\n<li><strong>0:<\/strong> The check digit. Introdurre zero, Labeljoy calcoler\u00e0 automaticamente e lo sostituir\u00e0 con il check digit corretto.<\/li>\n<\/ul>\n<p>Il risultato del testo inserito in Labeljoy \u00e8: (00)012345678000045670:<\/p>\n<div><a class=\"hover-item\" href=\"http:\/\/www.labeljoy.com\/images\/how-to\/gs1-128\/it\/image002.png\" data-gal=\"prettyPhoto[generare-gs1]\"><img decoding=\"async\" src=\"http:\/\/www.labeljoy.com\/images\/how-to\/gs1-128\/it\/image002.png\" alt=\"Impostazioni Lablejoy GS1-128\" width=\"636\" height=\"483\"><\/a><\/div>\n<p>Questo corrisponde al codice a barre generato:<\/p>\n<p><a class=\"hover-item\" href=\"http:\/\/www.labeljoy.com\/images\/how-to\/gs1-128\/image003.png\" data-gal=\"prettyPhoto[generare-gs1]\"><img decoding=\"async\" class=\"aligncenter\" src=\"http:\/\/www.labeljoy.com\/images\/how-to\/gs1-128\/image003.png\" alt=\"SSCC-18 codice a barre generato\" width=\"285\" height=\"97\"><\/a><\/p>\n<p style=\"text-align: center\"><a href=\"http:\/\/www.labeljoy.com\/images\/how-to\/gs1-128\/GS1-128a.lpa\" class=\"large green tt-button\" target=\"_self\"> Scarica questo file di Labeljoy<\/a>\n<p>Come si nota, l&#8217;ultima cifra \u00e8 8 dal momento che il modulo-10 check digit \u00e8 stato sostituito dall&#8217;algoritmo Labeljoy.<\/p>\n<p><em>Credits Immagini Vettoriali presenti nel video: Vecteezy.com &#8211; freevector.com<\/em><\/p>\n","protected":false},"excerpt":{"rendered":"<p>Creare un codice a barre SSCC-18 Cominciamo con la creazione di una nuova etichetta che conterr\u00e0 il barcode SSCC-18 (Serial Shipping Container Code), che corrisponde a AI 00 in GS1. Per creare il codice a barre SSCC-18 occorrono le seguenti informazioni: Il prefisso GS1 aziendale. Questa informazione \u00e8 rilasciata dall&#8217;autorit\u00e0 locale GS1. La lunghezza pu\u00f2 &#8230; <a title=\"Come generare un codice a barre SSCC-18\" class=\"read-more\" href=\"https:\/\/www.labeljoy.com\/it\/supporto\/guide\/come-generare-un-codice-a-barre-sscc-18\/\" aria-label=\"Per saperne di pi\u00f9 su Come generare un codice a barre SSCC-18\">Read more<\/a><\/p>\n","protected":false},"author":2,"featured_media":0,"parent":7435,"menu_order":0,"comment_status":"open","ping_status":"closed","template":"","meta":{"inline_featured_image":false,"_monsterinsights_skip_tracking":false,"_monsterinsights_sitenote_active":false,"_monsterinsights_sitenote_note":"","_monsterinsights_sitenote_category":0,"footnotes":""},"class_list":{"0":"post-34036","1":"page","2":"type-page","3":"status-publish","5":"infinite-scroll-item"},"aioseo_notices":[],"_links":{"self":[{"href":"https:\/\/www.labeljoy.com\/it\/wp-json\/wp\/v2\/pages\/34036","targetHints":{"allow":["GET"]}}],"collection":[{"href":"https:\/\/www.labeljoy.com\/it\/wp-json\/wp\/v2\/pages"}],"about":[{"href":"https:\/\/www.labeljoy.com\/it\/wp-json\/wp\/v2\/types\/page"}],"author":[{"embeddable":true,"href":"https:\/\/www.labeljoy.com\/it\/wp-json\/wp\/v2\/users\/2"}],"replies":[{"embeddable":true,"href":"https:\/\/www.labeljoy.com\/it\/wp-json\/wp\/v2\/comments?post=34036"}],"version-history":[{"count":14,"href":"https:\/\/www.labeljoy.com\/it\/wp-json\/wp\/v2\/pages\/34036\/revisions"}],"predecessor-version":[{"id":37555,"href":"https:\/\/www.labeljoy.com\/it\/wp-json\/wp\/v2\/pages\/34036\/revisions\/37555"}],"up":[{"embeddable":true,"href":"https:\/\/www.labeljoy.com\/it\/wp-json\/wp\/v2\/pages\/7435"}],"wp:attachment":[{"href":"https:\/\/www.labeljoy.com\/it\/wp-json\/wp\/v2\/media?parent=34036"}],"curies":[{"name":"wp","href":"https:\/\/api.w.org\/{rel}","templated":true}]}}