{"id":34660,"date":"2020-12-13T23:10:07","date_gmt":"2020-12-13T23:10:07","guid":{"rendered":"https:\/\/www.labeljoy.com\/?page_id=34660"},"modified":"2020-12-13T23:13:00","modified_gmt":"2020-12-13T23:13:00","slug":"letichetta-logistica-gs1","status":"publish","type":"page","link":"https:\/\/www.labeljoy.com\/it\/supporto\/guide\/letichetta-logistica-gs1\/","title":{"rendered":"L&#8217;etichetta logistica GS1"},"content":{"rendered":"<h2>L&#8217;etichetta logistica GS1<\/h2>\n<p>L&#8217;etichetta logistica \u00e8 un&#8217;etichetta standard elaborata dalla <strong>GS1<\/strong> per la rappresentazione di tutte le informazioni inerenti ad un&#8217;unit\u00e0 logistica o commerciale (pallet e\/o imballaggio). <strong>Labeljoy<\/strong> ti permette di creare e stampare le tue etichette logistiche seguendo tutti gli standard.<\/p>\n<p>Il Sistema GS1 \u00e8 il sistema di standard della catena di fornitura pi\u00f9 utilizzato al mondo e comprende gli standard, le linee guida, le soluzioni e i servizi creati in processi formalizzati e collaborativi.<\/p>\n<p>L&#8217;etichetta logistica riporta le informazioni sia sotto forma di codici a barre (<strong>GS1-128<\/strong>) che in chiaro, cio\u00e8 in formato leggibile (caratteri, numeri, elementi grafici) ed \u00e8 divisa in tre sezioni principali:<\/p>\n<p><a href=\"https:\/\/www.labeljoy.com\/wp-content\/uploads\/2020\/12\/Label-Gs1-128-Italian.png\"><img decoding=\"async\" class=\"size-medium wp-image-34661\" src=\"https:\/\/www.labeljoy.com\/wp-content\/uploads\/2020\/12\/Label-Gs1-128-Italian-293x300.png\" alt=\"\" width=\"293\" height=\"300\" srcset=\"https:\/\/www.labeljoy.com\/wp-content\/uploads\/2020\/12\/Label-Gs1-128-Italian-293x300.png 293w, https:\/\/www.labeljoy.com\/wp-content\/uploads\/2020\/12\/Label-Gs1-128-Italian.png 518w\" sizes=\"(max-width: 293px) 100vw, 293px\" \/><\/a><\/p>\n<ol>\n<li>La parte superiore contenente informazioni in formato libero, come il nome e l&#8217;indirizzo del mittente e del destinatario, il logo del produttore. Pu\u00f2 includere informazioni sull&#8217;unit\u00e0 logistica che non sono codificate nel codice a barre.<\/li>\n<li>La parte centrale contenente le informazioni, in testo chiaro, relative all&#8217;unit\u00e0 logistica<\/li>\n<li>La parte inferiore contenente i simboli delle barre e la relativa interpretazione in chiaro, cio\u00e8 l&#8217;Application Identifier (tra parentesi) e il campo dati che li segue.<\/li>\n<\/ol>\n<p>&nbsp;<\/p>\n<p><b>L&#8217;unica informazione obbligatoria sull&#8217;etichetta logistica \u00e8 il codice SSCC. <\/b><\/p>\n<p>Se l&#8217;unit\u00e0 logistica \u00e8 omogenea, tuttavia, \u00e8 possibile inserire anche altre informazioni.<br \/>\nL&#8217;industria dei trasporti e della logistica prevede la movimentazione delle merci con diverse modalit\u00e0 di trasporto, tra cui strada, ferrovia, aereo e marittimo.<\/p>\n<p>I processi T&amp;L (<strong>Transport and Logistics<\/strong>) coinvolgono un&#8217;ampia variet\u00e0 di soggetti come mittente e destinatario, spedizionieri e trasportatori, nonch\u00e9 organismi ufficiali come le autorit\u00e0 doganali e portuali. I flussi logistici spesso complessi e la variet\u00e0 delle parti coinvolte implicano la necessit\u00e0 di una facile identificazione fisica delle unit\u00e0 logistiche. La GS1 offre uno standard per contribuire a realizzare questo obiettivo: L&#8217;etichetta logistica GS1.<\/p>\n<p>Le informazioni incluse in un&#8217;<strong>etichetta logistica GS1<\/strong> sono disponibili in due forme di base.<\/p>\n<ol>\n<li><strong>Informazioni che devono essere utilizzate dalle persone<\/strong>: Comprendono l&#8217;Interpretazione leggibile dall&#8217;uomo (HRI) dei dati codificati nei codici a barre e testi e grafici non HRI.<\/li>\n<\/ol>\n<ol start=\"2\">\n<li><strong>Informazioni progettate per l&#8217;acquisizione di dati da parte di una macchina<\/strong>: Codici a barre.<\/li>\n<\/ol>\n<p>I codici a barre sono leggibili a macchina e rappresentano un metodo sicuro ed efficiente per la trasmissione di dati strutturati, mentre i testi e i grafici HRI, Non-HRI consentono alle persone l&#8217;accesso generale alle informazioni di base a qualsiasi punto della catena di fornitura.<\/p>\n<p>Entrambi i metodi aggiungono valore alle etichette logistiche GS1, e spesso coesistono sulla stessa etichetta.<\/p>\n<p><strong>Labeljoy<\/strong> ti permette di creare <strong>codici a barre personalizzati<\/strong> in tutte le principali simbologie pi\u00f9 diffuse.<\/p>\n<p><em><strong>Nota<\/strong><\/em>: <em>HRI e testo non HRI<\/em>.<\/p>\n<p><em>Ci sono due tipi di testo che appaiono su un\u2019etichetta:<\/em><\/p>\n<ol>\n<li><em>HRI \u00e8 il dato codificato nel codice a barre.<\/em><\/li>\n<li><em>Il testo non HRI \u00e8 tutto il resto del testo di un&#8217;etichetta.<\/em><\/li>\n<\/ol>\n","protected":false},"excerpt":{"rendered":"<p>L&#8217;etichetta logistica GS1 L&#8217;etichetta logistica \u00e8 un&#8217;etichetta standard elaborata dalla GS1 per la rappresentazione di tutte le informazioni inerenti ad un&#8217;unit\u00e0 logistica o commerciale (pallet e\/o imballaggio). Labeljoy ti permette di creare e stampare le tue etichette logistiche seguendo tutti gli standard. Il Sistema GS1 \u00e8 il sistema di standard della catena di fornitura pi\u00f9 &#8230; <a title=\"L&#8217;etichetta logistica GS1\" class=\"read-more\" href=\"https:\/\/www.labeljoy.com\/it\/supporto\/guide\/letichetta-logistica-gs1\/\" aria-label=\"Per saperne di pi\u00f9 su L&#8217;etichetta logistica GS1\">Read more<\/a><\/p>\n","protected":false},"author":12,"featured_media":0,"parent":7435,"menu_order":0,"comment_status":"open","ping_status":"closed","template":"page-template-left-sidebar.php","meta":{"inline_featured_image":false,"_monsterinsights_skip_tracking":false,"_monsterinsights_sitenote_active":false,"_monsterinsights_sitenote_note":"","_monsterinsights_sitenote_category":0,"footnotes":""},"class_list":{"0":"post-34660","1":"page","2":"type-page","3":"status-publish","5":"infinite-scroll-item"},"aioseo_notices":[],"_links":{"self":[{"href":"https:\/\/www.labeljoy.com\/it\/wp-json\/wp\/v2\/pages\/34660","targetHints":{"allow":["GET"]}}],"collection":[{"href":"https:\/\/www.labeljoy.com\/it\/wp-json\/wp\/v2\/pages"}],"about":[{"href":"https:\/\/www.labeljoy.com\/it\/wp-json\/wp\/v2\/types\/page"}],"author":[{"embeddable":true,"href":"https:\/\/www.labeljoy.com\/it\/wp-json\/wp\/v2\/users\/12"}],"replies":[{"embeddable":true,"href":"https:\/\/www.labeljoy.com\/it\/wp-json\/wp\/v2\/comments?post=34660"}],"version-history":[{"count":2,"href":"https:\/\/www.labeljoy.com\/it\/wp-json\/wp\/v2\/pages\/34660\/revisions"}],"predecessor-version":[{"id":34672,"href":"https:\/\/www.labeljoy.com\/it\/wp-json\/wp\/v2\/pages\/34660\/revisions\/34672"}],"up":[{"embeddable":true,"href":"https:\/\/www.labeljoy.com\/it\/wp-json\/wp\/v2\/pages\/7435"}],"wp:attachment":[{"href":"https:\/\/www.labeljoy.com\/it\/wp-json\/wp\/v2\/media?parent=34660"}],"curies":[{"name":"wp","href":"https:\/\/api.w.org\/{rel}","templated":true}]}}