{"id":41268,"date":"2024-08-20T07:58:07","date_gmt":"2024-08-20T07:58:07","guid":{"rendered":"https:\/\/www.labeljoy.com\/?page_id=41268"},"modified":"2024-08-20T07:58:07","modified_gmt":"2024-08-20T07:58:07","slug":"code-32-it","status":"publish","type":"page","link":"https:\/\/www.labeljoy.com\/it\/supporto\/codici-a-barre\/code-32-it\/","title":{"rendered":"Code 32"},"content":{"rendered":"<style>\n.wp-caption-text {\n    text-align: center;\n    padding-top: 15px!important;\n}\n<\/style>\n<h1>Generare Code 32 \u2013 Codice a barre<\/h1>\n<blockquote><p><strong>Il Codice 32<\/strong>, noto anche come Codice Farmaceutico, \u00e8 un sistema adottato dal Ministero della Salute italiano per la codifica e l&#8217;identificazione dei prodotti farmaceutici.<\/p><\/blockquote>\n<p>Questo sistema \u00e8 essenziale per garantire una gestione uniforme e precisa delle informazioni relative ai farmaci, facilitando cos\u00ec la tracciabilit\u00e0, la distribuzione e il controllo della qualit\u00e0.<\/p>\n<p>\u00c8 utilizzato in vari ambiti della sanit\u00e0 e della farmacologia:<\/p>\n<p><strong>Vantaggi:<\/strong><\/p>\n<ul>\n<li>Tracciabilit\u00e0: Permette di tracciare i prodotti lungo la catena di distribuzione, dal produttore al distributore fino al punto vendita o alla farmacia.<\/li>\n<li>Catalogazione: Facilita la gestione delle informazioni nei database farmaceutici, rendendo pi\u00f9 semplice l&#8217;identificazione e la catalogazione dei prodotti.<\/li>\n<li>Controllo di qualit\u00e0 e sicurezza**: Aiuta a garantire che i farmaci siano distribuiti e utilizzati in modo sicuro, prevenendo la distribuzione di prodotti contraffatti o non conformi.<\/li>\n<\/ul>\n<p>Rappresenta un elemento fondamentale nel sistema di gestione dei prodotti farmaceutici in Italia. Grazie alla sua struttura precisa e alla conversione in base 32, offre un metodo efficace per identificare in modo univoco ogni confezione di farmaco, migliorando la sicurezza e l&#8217;efficienza nella gestione dei medicinali.<\/p>\n<div class=\"column-clear\"><\/div>\n<h2>La Struttura del Codice<\/h2>\n<figure style=\"width: 297px\" class=\"wp-caption alignnone\"><img decoding=\"async\" width=\"277\" height=\"145\" alt=\"Code 32 symbol\" src=\"https:\/\/www.labeljoy.com\/user-guide-lj6-files\/en\/bcd_code32_1.png\" width=\"307\"><figcaption class=\"wp-caption-text\">Simbolo Code 32<\/figcaption><\/figure>\nIl codice delle specialit\u00e0 medicinali ad uso umano \u00e8 composto da nove cifre totali, strutturate come segue:<\/p>\n<ol>\n<li><strong>Sette cifre iniziali:<\/strong> Queste cifre identificano specificamente il tipo di confezione di ciascuna specialit\u00e0 medicinale. Ogni combinazione rappresenta un prodotto unico, distinguendo tra diverse formulazioni, dosaggi o forme farmaceutiche di un medicinale.<\/li>\n<li><strong>Cifra iniziale zero:<\/strong> Questa cifra \u00e8 aggiunta all&#8217;inizio del codice numerico, portando cos\u00ec il totale a otto cifre. Il suo scopo \u00e8 garantire una lunghezza uniforme del codice, facilitando l&#8217;elaborazione e l&#8217;integrazione in sistemi informatici.<\/li>\n<li><strong>Carattere di controllo:<\/strong> La nona cifra \u00e8 un carattere di controllo, utilizzato per verificare l&#8217;integrit\u00e0 del codice. Questo carattere aiuta a prevenire errori di trascrizione o digitazione, assicurando che il codice inserito sia corretto.<\/li>\n<\/ol>\n<div class=\"column-clear\"><\/div>\n<h2>Specifiche tecniche<\/h2>\n<p>Dopo aver formato il codice numerico di nove cifre, questo viene convertito in un formato alfanumerico di sei caratteri utilizzando la base 32. La base 32 \u00e8 un sistema di numerazione che utilizza 32 simboli per rappresentare i numeri. In questo contesto, i simboli utilizzati sono:<\/p>\n<ul>\n<li>Le dieci cifre decimali: 0, 1, 2, 3, 4, 5, 6, 7, 8, 9;<\/li>\n<li>Le lettere dell&#8217;alfabeto anglosassone, con l&#8217;esclusione delle lettere A, E, I, O, per evitare possibili confusioni con le cifre e per ridurre il rischio di errori di lettura o trascrizione.<\/li>\n<\/ul>\n<p>Il risultato finale \u00e8 un codice alfanumerico di sei caratteri, unico per ogni confezione di farmaco.<\/p>\n<div class=\"hr hr-dotted\">&nbsp;<\/div>\n<div class=\"one_half\">\n<p style=\"text-align: right\"><a href=\"\/it\/acquista\/\" class=\"large blue tt-button\" target=\"_self\">Acquista Code 32 Generator Software<\/a>\n<\/div>\n<div class=\"one_half\">\n<p style=\"text-align: left\">&nbsp;&nbsp; &nbsp;&nbsp;<a href=\"\/it\/download-it\/\" class=\"large green tt-button\" target=\"_self\"> Scarica la versione Gratuita<\/a>\n<\/div>\n","protected":false},"excerpt":{"rendered":"<p>Generare Code 32 \u2013 Codice a barre Il Codice 32, noto anche come Codice Farmaceutico, \u00e8 un sistema adottato dal Ministero della Salute italiano per la codifica e l&#8217;identificazione dei prodotti farmaceutici. Questo sistema \u00e8 essenziale per garantire una gestione uniforme e precisa delle informazioni relative ai farmaci, facilitando cos\u00ec la tracciabilit\u00e0, la distribuzione e &#8230; <a title=\"Code 32\" class=\"read-more\" href=\"https:\/\/www.labeljoy.com\/it\/supporto\/codici-a-barre\/code-32-it\/\" aria-label=\"Per saperne di pi\u00f9 su Code 32\">Read more<\/a><\/p>\n","protected":false},"author":8,"featured_media":0,"parent":7438,"menu_order":0,"comment_status":"closed","ping_status":"closed","template":"","meta":{"inline_featured_image":false,"_monsterinsights_skip_tracking":false,"_monsterinsights_sitenote_active":false,"_monsterinsights_sitenote_note":"","_monsterinsights_sitenote_category":0,"footnotes":""},"class_list":{"0":"post-41268","1":"page","2":"type-page","3":"status-publish","5":"infinite-scroll-item"},"aioseo_notices":[],"_links":{"self":[{"href":"https:\/\/www.labeljoy.com\/it\/wp-json\/wp\/v2\/pages\/41268","targetHints":{"allow":["GET"]}}],"collection":[{"href":"https:\/\/www.labeljoy.com\/it\/wp-json\/wp\/v2\/pages"}],"about":[{"href":"https:\/\/www.labeljoy.com\/it\/wp-json\/wp\/v2\/types\/page"}],"author":[{"embeddable":true,"href":"https:\/\/www.labeljoy.com\/it\/wp-json\/wp\/v2\/users\/8"}],"replies":[{"embeddable":true,"href":"https:\/\/www.labeljoy.com\/it\/wp-json\/wp\/v2\/comments?post=41268"}],"version-history":[{"count":3,"href":"https:\/\/www.labeljoy.com\/it\/wp-json\/wp\/v2\/pages\/41268\/revisions"}],"predecessor-version":[{"id":41271,"href":"https:\/\/www.labeljoy.com\/it\/wp-json\/wp\/v2\/pages\/41268\/revisions\/41271"}],"up":[{"embeddable":true,"href":"https:\/\/www.labeljoy.com\/it\/wp-json\/wp\/v2\/pages\/7438"}],"wp:attachment":[{"href":"https:\/\/www.labeljoy.com\/it\/wp-json\/wp\/v2\/media?parent=41268"}],"curies":[{"name":"wp","href":"https:\/\/api.w.org\/{rel}","templated":true}]}}