{"id":41430,"date":"2024-09-06T14:38:43","date_gmt":"2024-09-06T14:38:43","guid":{"rendered":"https:\/\/www.labeljoy.com\/?page_id=41430"},"modified":"2025-04-03T14:29:18","modified_gmt":"2025-04-03T14:29:18","slug":"creare-codici-a-barre-da-excel","status":"publish","type":"page","link":"https:\/\/www.labeljoy.com\/it\/supporto\/guide\/creare-codici-a-barre-da-excel\/","title":{"rendered":"Creare codici a barre da Excel"},"content":{"rendered":"<h1>Creare codici a barre da Excel<\/h1>\n<p>Il software <strong>Labeljoy <\/strong>\u00e8 specializzato nella creazione di codici a barre. <\/p>\n<p>Per <strong>generare un codice a barre<\/strong>, basta selezionare il tipo desiderato e inserire la sequenza di dati, che pu\u00f2 essere numerica o alfanumerica.<\/p>\n<p>Questi dati possono essere inseriti manualmente oppure importati da fonti esterne, come un file Excel o database come MySQL, Oracle e altri. <\/p>\n<p>Excel \u00e8 ampiamente usato nelle aziende per creare listini, cataloghi ed elenchi, grazie alla sua facilit\u00e0 d&#8217;uso, flessibilit\u00e0 e potenza.<br \/>\nTuttavia, \u00e8 possibile ottenere file in formato Excel anche con software alternativi come OpenOffice, Google Sheets e altri, senza dover necessariamente acquistare il pacchetto Office.<\/p>\n<p>Vedremo, in questa breve guida, come l\u2019utilizzo di <strong>Excel con il software Labeljoy<\/strong> sia ottimale per la creazione e la stampa di etichette con codici a barre.<\/p>\n<div style=\"background-color: #efefef; padding: 2em 3em; text-align: center; margin-top: 2em; margin-bottom: 2em;\">\n<h2 style=\"font-size: 24px; text-align: center; margin-bottom: 5px;\">Preferisci un video tutorial?<\/h2>\n<p style=\"text-align: center; margin-bottom: 1em;\">Qui sotto ne trovi uno che parla proprio di come creare codici a barre da Excel.<\/p>\n<div class=\"lyte-wrapper\" title=\"Creare etichette con codici a barre da Excel: guida facile step by step\" style=\"width:640px;max-width:100%;margin:5px;\"><div class=\"lyMe\" id=\"WYL_2dOwa1SCifk\" itemprop=\"video\" itemscope itemtype=\"https:\/\/schema.org\/VideoObject\"><div><meta itemprop=\"thumbnailUrl\" content=\"https:\/\/www.labeljoy.com\/wp-content\/plugins\/wp-youtube-lyte\/lyteCache.php?origThumbUrl=https%3A%2F%2Fi.ytimg.com%2Fvi%2F2dOwa1SCifk%2Fhqdefault.jpg\" \/><meta itemprop=\"embedURL\" content=\"https:\/\/www.youtube.com\/embed\/2dOwa1SCifk\" \/><meta itemprop=\"duration\" content=\"PT5M21S\" \/><meta itemprop=\"uploadDate\" content=\"2025-04-03T09:36:27Z\" \/><\/div><div id=\"lyte_2dOwa1SCifk\" data-src=\"https:\/\/www.labeljoy.com\/wp-content\/plugins\/wp-youtube-lyte\/lyteCache.php?origThumbUrl=https%3A%2F%2Fi.ytimg.com%2Fvi%2F2dOwa1SCifk%2Fhqdefault.jpg\" class=\"pL\"><div class=\"tC\"><div class=\"tT\" itemprop=\"name\">Creare etichette con codici a barre da Excel: guida facile step by step<\/div><\/div><div class=\"play\"><\/div><div class=\"ctrl\"><div class=\"Lctrl\"><\/div><div class=\"Rctrl\"><\/div><\/div><\/div><noscript><a href=\"https:\/\/youtu.be\/2dOwa1SCifk\" rel=\"nofollow\"><img decoding=\"async\" src=\"https:\/\/www.labeljoy.com\/wp-content\/plugins\/wp-youtube-lyte\/lyteCache.php?origThumbUrl=https%3A%2F%2Fi.ytimg.com%2Fvi%2F2dOwa1SCifk%2F0.jpg\" alt=\"Creare etichette con codici a barre da Excel: guida facile step by step\" width=\"640\" height=\"340\" \/><br \/>Guarda questo video su YouTube<\/a><\/noscript><meta itemprop=\"description\" content=\"Vuoi creare etichette con codici a barre da un file Excel e stamparle velocemente? In questo tutorial scoprirai come generare e personalizzare etichette con codici a barre EAN-13 usando Labeljoy. Un modo perfetto per chi deve stampare etichette con codici a barre per ecommerce, negozi fisici, magazzini e gestione inventario! Cosa imparerai? \u2705 Come importare dati da Excel per generare etichette personalizzate; \u2705 Come trasformare i codici in barcode EAN-13; \u2705 Come stampare le etichette in modo professionale. \ud83d\udd17 Scarica Labeljoy: https:\/\/www.labeljoy.com\/it\/download-it\/\"><\/div><\/div><div class=\"lL\" style=\"max-width:100%;width:640px;margin:5px;\"><\/div>\n<div class=\"lj-video-button hide\">\n  <a href=\"https:\/\/www.youtube.com\/embed\/2dOwa1SCifk?rel=0&autoplay=1\" data-featherlight=\"iframe\" data-featherlight-iframe-width=\"800\" data-featherlight-iframe-height=\"610\" data-featherlight-iframe-frameborder=\"0\" data-featherlight-iframe-allow=\"autoplay; encrypted-media\" data-featherlight-iframe-allowfullscreen=\"true\" title=\"Guarda il video tutorial\">Guarda il video tutorial <i class=\"fa fa-play-circle fa-2x\"><\/i><\/a>\n<\/div><\/div>\n<h2 style=\"margin-top: 2em\">Il File Excel e il collegamento alla sorgente dati<\/h2>\n<p>Partiamo dal nostro foglio Excel per creare delle etichette prodotto con codice a barre, in questo caso utilizzeremo EAN 13 (GTIN-13), avremmo quindi una colonna contenente una serie di numeri (stringa da 12 cifre per l\u2019esattezza); aggiungiamo una colonna prezzo e una colonna descrizione articolo.<\/p>\n<p><a class=\"hover-item\" href=\"https:\/\/www.labeljoy.com\/wp-content\/uploads\/2024\/09\/foglio-excel.jpg\" title=\"Il file Excel\"><img decoding=\"async\" width=\"1000\" height=\"413\" src=\"https:\/\/www.labeljoy.com\/wp-content\/uploads\/2024\/09\/foglio-excel.jpg\" style=\"max-width: 650px;\" alt=\"Il file Excel\"><\/a><\/p>\n<p>Il passo successivo sar\u00e0 quello di creare una connessione dati; scegliamo Excel e andiamo avanti.<\/p>\n<p><a class=\"hover-item\" href=\"https:\/\/www.labeljoy.com\/wp-content\/uploads\/2024\/09\/creare-codici-a-barre-con-excel-step-1.jpg\" title=\"Creare codici a barre da Excel\"><img decoding=\"async\" width=\"1000\" height=\"859\" src=\"https:\/\/www.labeljoy.com\/wp-content\/uploads\/2024\/09\/creare-codici-a-barre-con-excel-step-1.jpg\" style=\"max-width: 650px;\" alt=\"Creare codici a barre da Excel\"><\/a><\/p>\n<p>Con la schermata successiva sceglieremo il file a cui associare i dati sul nostro lavoro Labeljoy.<\/p>\n<p><a class=\"hover-item\" href=\"https:\/\/www.labeljoy.com\/wp-content\/uploads\/2024\/09\/creare-codici-a-barre-con-excel-step-2.jpg\" title=\"Creare codici a barre da Excel\"><img decoding=\"async\" width=\"1000\" height=\"856\" src=\"https:\/\/www.labeljoy.com\/wp-content\/uploads\/2024\/09\/creare-codici-a-barre-con-excel-step-2.jpg\" style=\"max-width: 650px;\" alt=\"Creare codici a barre da Excel\"><\/a><\/p>\n<p>Se sappiamo come \u00e8 strutturato il nostro file selezioniamo la prima voce per caricare i nomi delle colonne (intestazioni) altrimenti, se non abbiamo nomi di colonna, saranno utilizzati i nomi predefiniti dal foglio di Excel.<\/p>\n<p><a class=\"hover-item\" href=\"https:\/\/www.labeljoy.com\/wp-content\/uploads\/2024\/09\/creare-codici-a-barre-con-excel-step-3.jpg\" title=\"Creare codici a barre da Excel\"><img decoding=\"async\" width=\"1000\" height=\"856\" src=\"https:\/\/www.labeljoy.com\/wp-content\/uploads\/2024\/09\/creare-codici-a-barre-con-excel-step-3.jpg\" style=\"max-width: 650px;\" alt=\"Creare codici a barre da Excel\"><\/a><\/p>\n<p>A questo punto cliccare semplicemente su Avanti fino a raggiungere la schermata successiva.<\/p>\n<p><a class=\"hover-item\" href=\"https:\/\/www.labeljoy.com\/wp-content\/uploads\/2024\/09\/creare-codici-a-barre-con-excel-step-7.jpg\" title=\"Creare codici a barre da Excel\"><img decoding=\"async\" width=\"1000\" height=\"857\" src=\"https:\/\/www.labeljoy.com\/wp-content\/uploads\/2024\/09\/creare-codici-a-barre-con-excel-step-7.jpg\" style=\"max-width: 650px;\" alt=\"Creare codici a barre da Excel\"><\/a><\/p>\n<p>Questa \u00e8 l&#8217;anteprima dei dati che andremo a caricare sulle nostre etichette; sar\u00e0 quindi creata un\u2019etichetta per ogni riga presente sulla nostra lista.<\/p>\n<p>Ultimata la procedura guidata torniamo alla pagina principale del programma Labeljoy, possiamo vedere che il numero di etichette create \u00e8 uguale al numero delle righe sulla nostra lista Excel.<\/p>\n<p><a class=\"hover-item\" href=\"https:\/\/www.labeljoy.com\/wp-content\/uploads\/2024\/09\/creare-codici-a-barre-con-excel-step-8.jpg\" title=\"Creare codici a barre da Excel\"><img decoding=\"async\" width=\"1000\" height=\"525\" src=\"https:\/\/www.labeljoy.com\/wp-content\/uploads\/2024\/09\/creare-codici-a-barre-con-excel-step-8.jpg\" style=\"max-width: 650px;\" alt=\"Creare codici a barre da Excel\"><\/a><\/p>\n<h2 style=\"margin-top: 2em\">Come associare i dati Excel agli elementi presenti sulla nostra etichetta Labeljoy<\/h2>\n<p>Abbiamo vari modi per associare i nostri dati, vediamone uno molto semplice.<\/p>\n<p><a class=\"hover-item\" href=\"https:\/\/www.labeljoy.com\/wp-content\/uploads\/2024\/09\/creare-codici-a-barre-con-excel-step-9.jpg\" title=\"Creare codici a barre da Excel\"><img decoding=\"async\" width=\"1000\" height=\"533\" src=\"https:\/\/www.labeljoy.com\/wp-content\/uploads\/2024\/09\/creare-codici-a-barre-con-excel-step-9.jpg\" style=\"max-width: 650px;\" alt=\"Creare codici a barre da Excel\"><\/a><\/p>\n<p>Le frecce rosse indicano l\u2019utilizzo dei campi (Colonne Excel), all\u2019interno dei campi abbiamo una colonna chiamata NAME e a destra indichiamo uno dei primi elementi inseriti (elemento testo).<\/p>\n<p>A questo punto \u00e8 sufficiente selezionare il campo NAME per ottenere quanto segue.<\/p>\n<p><a class=\"hover-item\" href=\"https:\/\/www.labeljoy.com\/wp-content\/uploads\/2024\/09\/creare-codici-a-barre-con-excel-step-10.jpg\" title=\"Creare codici a barre da Excel\"><img decoding=\"async\" width=\"1000\" height=\"644\" src=\"https:\/\/www.labeljoy.com\/wp-content\/uploads\/2024\/09\/creare-codici-a-barre-con-excel-step-10.jpg\" style=\"max-width: 650px;\" alt=\"Creare codici a barre da Excel\"><\/a><\/p>\n<p>Non ci resta che seguire lo stesso procedimento per l\u2019elemento Barcode, andiamo a selezionare EAN 13 e a questo associamo il campo BARCODE, ottenendo il risultato nell\u2019immagine sotto.<\/p>\n<p><a class=\"hover-item\" href=\"https:\/\/www.labeljoy.com\/wp-content\/uploads\/2024\/09\/creare-codici-a-barre-con-excel-step-11.jpg\" title=\"Creare codici a barre da Excel\"><img decoding=\"async\" width=\"1000\" height=\"652\" src=\"https:\/\/www.labeljoy.com\/wp-content\/uploads\/2024\/09\/creare-codici-a-barre-con-excel-step-11.jpg\" style=\"max-width: 650px;\" alt=\"Creare codici a barre da Excel\"><\/a><\/p>\n<p>Infine, creiamo un ulteriore elemento testo e associamo il campo PRICE, trattandosi di un prezzo avremmo la necessit\u00e0 di personalizzare la formattazione, scegliendo valuta.<\/p>\n<p><a class=\"hover-item\" href=\"https:\/\/www.labeljoy.com\/wp-content\/uploads\/2024\/09\/creare-codici-a-barre-con-excel-step-12.jpg\" title=\"Creare codici a barre da Excel\"><img decoding=\"async\" width=\"1000\" height=\"847\" src=\"https:\/\/www.labeljoy.com\/wp-content\/uploads\/2024\/09\/creare-codici-a-barre-con-excel-step-12.jpg\" style=\"max-width: 650px;\" alt=\"Creare codici a barre da Excel\"><\/a><\/p>\n","protected":false},"excerpt":{"rendered":"<p>Creare codici a barre da Excel Il software Labeljoy \u00e8 specializzato nella creazione di codici a barre. Per generare un codice a barre, basta selezionare il tipo desiderato e inserire la sequenza di dati, che pu\u00f2 essere numerica o alfanumerica. Questi dati possono essere inseriti manualmente oppure importati da fonti esterne, come un file Excel &#8230; <a title=\"Creare codici a barre da Excel\" class=\"read-more\" href=\"https:\/\/www.labeljoy.com\/it\/supporto\/guide\/creare-codici-a-barre-da-excel\/\" aria-label=\"Per saperne di pi\u00f9 su Creare codici a barre da Excel\">Read more<\/a><\/p>\n","protected":false},"author":8,"featured_media":0,"parent":7435,"menu_order":0,"comment_status":"closed","ping_status":"closed","template":"","meta":{"inline_featured_image":false,"_monsterinsights_skip_tracking":false,"_monsterinsights_sitenote_active":false,"_monsterinsights_sitenote_note":"","_monsterinsights_sitenote_category":0,"footnotes":""},"class_list":{"0":"post-41430","1":"page","2":"type-page","3":"status-publish","5":"infinite-scroll-item"},"aioseo_notices":[],"_links":{"self":[{"href":"https:\/\/www.labeljoy.com\/it\/wp-json\/wp\/v2\/pages\/41430","targetHints":{"allow":["GET"]}}],"collection":[{"href":"https:\/\/www.labeljoy.com\/it\/wp-json\/wp\/v2\/pages"}],"about":[{"href":"https:\/\/www.labeljoy.com\/it\/wp-json\/wp\/v2\/types\/page"}],"author":[{"embeddable":true,"href":"https:\/\/www.labeljoy.com\/it\/wp-json\/wp\/v2\/users\/8"}],"replies":[{"embeddable":true,"href":"https:\/\/www.labeljoy.com\/it\/wp-json\/wp\/v2\/comments?post=41430"}],"version-history":[{"count":11,"href":"https:\/\/www.labeljoy.com\/it\/wp-json\/wp\/v2\/pages\/41430\/revisions"}],"predecessor-version":[{"id":43608,"href":"https:\/\/www.labeljoy.com\/it\/wp-json\/wp\/v2\/pages\/41430\/revisions\/43608"}],"up":[{"embeddable":true,"href":"https:\/\/www.labeljoy.com\/it\/wp-json\/wp\/v2\/pages\/7435"}],"wp:attachment":[{"href":"https:\/\/www.labeljoy.com\/it\/wp-json\/wp\/v2\/media?parent=41430"}],"curies":[{"name":"wp","href":"https:\/\/api.w.org\/{rel}","templated":true}]}}