{"id":7424,"date":"2012-07-04T12:26:10","date_gmt":"2012-07-04T12:26:10","guid":{"rendered":"http:\/\/www.labeljoy.com\/support-2\/"},"modified":"2022-01-14T14:40:00","modified_gmt":"2022-01-14T14:40:00","slug":"supporto","status":"publish","type":"page","link":"https:\/\/www.labeljoy.com\/it\/supporto\/","title":{"rendered":"Supporto"},"content":{"rendered":"<h1>Supporto<\/h1>\n<p><strong>Il nostro obiettivo principale \u00e8 quello di soddisfare a pieno i nostri clienti.<\/strong><\/p>\n<p>Il team di Labeljoy far\u00e0 del suo meglio per aiutarvi in ogni vostra richiesta. Il nostro motto \u00e8:<\/p>\n<p><em>Effective printing solutions demand effective support<\/em>.<\/p>\n<div class=\"hr hr-dotted\" style=\"height: 30px\"><\/div>\n<h2>Tickets<\/h2>\n<div class=\"one_half\"><a class=\"tt-icon icon-new-ticket\" style=\"padding-left: 72px\" title=\"Apri un nuovo ticket\" href=\"http:\/\/www.labeljoy.com\/tickets\/open.php?lang=it\" target=\"_blank\" rel=\"noopener\"><strong>APRI UN NUOVO TICKET<\/strong><br \/>\nper inviarci la tua richiesta di assistenza..<\/a><\/div>\n<div class=\"one_half\"><a class=\"tt-icon icon-check-ticket\" style=\"padding-left: 72px\" title=\"Verifica lo stato del ticket ticket\" href=\"http:\/\/www.labeljoy.com\/tickets\/view.php?lang=it\" target=\"_blank\" rel=\"noopener\"><strong>VERIFICA LO STATO<\/strong><br \/>\ndella tua richiesta di assistenza.<\/a><\/div>\n<div class=\"hr hr-dotted\"><\/div>\n<p>Il nostro staff di supporto \u00e8 disponibile per garantire che la vostra esperienza con il nostro software sia la pi\u00f9 piacevole possibile. Saremo lieti di fornirvi tutte le informazioni riguardanti Labeljoy e le sue funzioni.<\/p>\n<p>Si <strong>consiglia sempre di controllare<\/strong> le <a title=\"FAQ\" href=\"http:\/\/www.labeljoy.com\/it\/supporto\/domande-frequenti\/\">FAQ<\/a> per risolvere i problemi comuni, la tua domanda potrebbe avere gi\u00e0 una risposta.<\/p>\n<p>Se avete ancora domande, commenti o segnalazioni di bug, vi preghiamo di <a title=\"Contatti\" href=\"http:\/\/www.labeljoy.com\/it\/supporto\/contatti\/\">contattarci<\/a> e di inviarci un messaggio contenente le seguenti informazioni:<\/p>\n<ul>\n<li>Versione del prodotto (dal software aprire la finestra &#8220;About&#8221;)<\/li>\n<li>Versione del sistema operativo (Windows XP, Vista, 7, etc.)<\/li>\n<li>Descrizione del problema (pi\u00f9 dettagliata possibile in modo da trovare la soluzione velocemente)<\/li>\n<\/ul>\n<p>&nbsp;<\/p>\n<p>Per <strong>commenti o suggerimenti<\/strong> per le versioni future, non esitate a <a title=\"Contatti\" href=\"\/it\/suggerimentii\/\">scriverci<\/a>.<\/p>\n","protected":false},"excerpt":{"rendered":"<p>Supporto Il nostro obiettivo principale \u00e8 quello di soddisfare a pieno i nostri clienti. Il team di Labeljoy far\u00e0 del suo meglio per aiutarvi in ogni vostra richiesta. Il nostro motto \u00e8: Effective printing solutions demand effective support. Tickets APRI UN NUOVO TICKET per inviarci la tua richiesta di assistenza.. VERIFICA LO STATO della tua &#8230; <a title=\"Supporto\" class=\"read-more\" href=\"https:\/\/www.labeljoy.com\/it\/supporto\/\" aria-label=\"Per saperne di pi\u00f9 su Supporto\">Read more<\/a><\/p>\n","protected":false},"author":1,"featured_media":0,"parent":0,"menu_order":28,"comment_status":"open","ping_status":"closed","template":"","meta":{"inline_featured_image":false,"_monsterinsights_skip_tracking":false,"_monsterinsights_sitenote_active":false,"_monsterinsights_sitenote_note":"","_monsterinsights_sitenote_category":0,"footnotes":""},"class_list":{"0":"post-7424","1":"page","2":"type-page","3":"status-publish","5":"infinite-scroll-item"},"aioseo_notices":[],"_links":{"self":[{"href":"https:\/\/www.labeljoy.com\/it\/wp-json\/wp\/v2\/pages\/7424","targetHints":{"allow":["GET"]}}],"collection":[{"href":"https:\/\/www.labeljoy.com\/it\/wp-json\/wp\/v2\/pages"}],"about":[{"href":"https:\/\/www.labeljoy.com\/it\/wp-json\/wp\/v2\/types\/page"}],"author":[{"embeddable":true,"href":"https:\/\/www.labeljoy.com\/it\/wp-json\/wp\/v2\/users\/1"}],"replies":[{"embeddable":true,"href":"https:\/\/www.labeljoy.com\/it\/wp-json\/wp\/v2\/comments?post=7424"}],"version-history":[{"count":18,"href":"https:\/\/www.labeljoy.com\/it\/wp-json\/wp\/v2\/pages\/7424\/revisions"}],"predecessor-version":[{"id":32290,"href":"https:\/\/www.labeljoy.com\/it\/wp-json\/wp\/v2\/pages\/7424\/revisions\/32290"}],"wp:attachment":[{"href":"https:\/\/www.labeljoy.com\/it\/wp-json\/wp\/v2\/media?parent=7424"}],"curies":[{"name":"wp","href":"https:\/\/api.w.org\/{rel}","templated":true}]}}