{"id":7449,"date":"2012-11-05T10:07:47","date_gmt":"2012-11-05T10:07:47","guid":{"rendered":"http:\/\/www.labeljoy.com\/supporto\/guide\/barcode-printing-best-practices\/"},"modified":"2022-06-21T07:40:19","modified_gmt":"2022-06-21T07:40:19","slug":"stampare-barcode","status":"publish","type":"page","link":"https:\/\/www.labeljoy.com\/it\/supporto\/guide\/stampare-barcode\/","title":{"rendered":"Stampare barcode"},"content":{"rendered":"<h1>Come stampare i Barcode<\/h1>\n<p>Labeljoy consente di <a href=\"https:\/\/www.labeljoy.com\/generatore-codici-barre-online-gratis\/\" title=\"Generatore barcode online\">generare barcode<\/a> molto semplicemente ma prima di inziare a <strong>stampare i propri codici a barre<\/strong> \u00e8 necessario fare alcune osservazioni a cui prestare attenzione.<br \/>\nPer prima cosa, non tanto banale, c&#8217;\u00e8 da considerare che i codici a barre devono essere leggibili dai lettori, per questo bisogna tener conto di alcuni fattori che saranno spiegati in questa guida.<\/p>\n<h2>1 \u2013 Scegliere la giusta dimensione del barcode<\/h2>\n<p>Prima di tutto si deve considerare il <strong>bacino d&#8217;utenza che andr\u00e0 a leggere il codice a barre<\/strong>: se per uso interno del negozio, per il mercato europeo, per il mercato Americano, per spedizione, etc. Il primo passo \u00e8 <strong>scegliere il simbolo giusto<\/strong>.<\/p>\n<p>Di seguito una tabella riassuntiva delle applicazioni dei <em>codici a barre da generare e stampare con Labejoy<\/em>.<\/p>\n<table class=\"tabellabordi\">\n<tbody>\n<tr>\n<td valign=\"top\">\n<p align=\"right\"><strong>EAN 13, EAN 8<\/strong><\/p>\n<\/td>\n<td valign=\"top\">Mercato europeo<\/td>\n<\/tr>\n<tr>\n<td valign=\"top\">\n<p align=\"right\"><strong>UPC A, UPC E<\/strong><\/p>\n<\/td>\n<td valign=\"top\">Mercato nord americano (USA, Canada)<\/td>\n<\/tr>\n<tr>\n<td valign=\"top\">\n<p align=\"right\"><strong>ITF 14<\/strong><\/p>\n<\/td>\n<td valign=\"top\">Pacchi di spedizione<\/td>\n<\/tr>\n<tr>\n<td valign=\"top\">\n<p align=\"right\"><strong>Code 39, Code 39 Ex.<\/strong><\/p>\n<\/td>\n<td valign=\"top\">Dipartimento della difesa USA<\/td>\n<\/tr>\n<tr>\n<td valign=\"top\">\n<p align=\"right\"><strong>Code 93, Code 93 Ex.<\/strong><\/p>\n<\/td>\n<td valign=\"top\">Servizio poste canadesi<\/td>\n<\/tr>\n<tr>\n<td valign=\"top\">\n<p align=\"right\"><strong>Interleaved 2 of 5<\/strong><\/p>\n<\/td>\n<td valign=\"top\">Distribuzione, Warehouse, Film 135 mm<\/td>\n<\/tr>\n<tr>\n<td valign=\"top\">\n<p align=\"right\"><strong>Industrial 2 of 5<\/strong><\/p>\n<\/td>\n<td valign=\"top\">Solo Legacy: Biglietti aerei, photofinishing, warehousing<\/td>\n<\/tr>\n<tr>\n<td valign=\"top\">\n<p align=\"right\"><strong>Codabar<\/strong><\/p>\n<\/td>\n<td valign=\"top\">Solo Legacy: librerie, spedizioni, industria medica<\/td>\n<\/tr>\n<tr>\n<td valign=\"top\">\n<p align=\"right\"><strong>Code 11<\/strong><\/p>\n<\/td>\n<td valign=\"top\">Telecomunicazioni<\/td>\n<\/tr>\n<tr>\n<td valign=\"top\">\n<p align=\"right\"><strong>Code 128<\/strong><\/p>\n<\/td>\n<td valign=\"top\">Uso generale, globalmente accettato<\/td>\n<\/tr>\n<tr>\n<td valign=\"top\">\n<p align=\"right\"><strong>GS1 128, EAN 128<\/strong><\/p>\n<\/td>\n<td valign=\"top\">GS1 standard internazionale per il settore dei trasporti marittimi<\/td>\n<\/tr>\n<tr>\n<td valign=\"top\">\n<p align=\"right\"><strong>Postnet, Planet<\/strong><\/p>\n<\/td>\n<td valign=\"top\">Servizio postale degli Stati Uniti<\/td>\n<\/tr>\n<tr>\n<td valign=\"top\">\n<p align=\"right\"><strong>Data Matrix<\/strong><\/p>\n<\/td>\n<td valign=\"top\">Elettronica, dipartimento della difesa e industria aerospaziale statunitense<\/td>\n<\/tr>\n<tr>\n<td valign=\"top\">\n<p align=\"right\"><strong>QR Code<\/strong><\/p>\n<\/td>\n<td valign=\"top\">Pubblicit\u00e0, industriale<\/td>\n<\/tr>\n<\/tbody>\n<\/table>\n<p>Di norma, per chi necessita <strong>stampare etichette per oggetti da vendere nei supermercati<\/strong> \u00e8 consigliato scegliere tra EAN 13 e UPC A (a seconda di dove \u00e8 situato il negozio. Per uso privato e <strong>prodotti home made<\/strong> scegliere Code 128. Per <strong>stampare un gran quantitativo di informazioni in un barcode<\/strong> scegliere Data Matrix. Per <strong>scopi pubblicitari scegliere QR Code<\/strong> leggibile tramite smartphone.<\/p>\n<h2>2 \u2013 Dimensioni<\/h2>\n<p>Ogni simbolo \u00e8 stato progettato con delle specifiche regole che non riguardano solamente la codifica, ma anche la dimensione delle barre, la distanza tra esse, le dimensioni del testo, le proporzioni e le dimensioni complessive del barcode.<\/p>\n<p>I codici a barre lineari come il Code 128 sono formati con i seguent elementi.<\/p>\n<div><a class=\"hover-item\" data-gal=\"prettyPhoto[stampa-barcode]\" href=\"http:\/\/www.labeljoy.com\/images\/how-to\/best-practices\/it\/image001.jpg\"><img decoding=\"async\" src=\"http:\/\/www.labeljoy.com\/images\/how-to\/best-practices\/it\/image001.jpg\" alt=\"Dimenzioni codici a barre\" width=\"447\" height=\"248\"><\/a><\/div>\n<p>Tutti i codici a barre generati da Labeljoy contengonon tutti gli elementi necessari per garantire la corretta scansione. Tenere sempre a mente che, poich\u00e8 le dimensioni dell&#8217;eticetta \u00e8 difeinita dall&#8217;utente, di potrebbero inavvertitamente creare simboli non falicemente leggibili.<\/p>\n<p>Di seguito un esempio di un barcode compromesso per le dimensioni errate:<\/p>\n<p><a class=\"hover-item\" data-gal=\"prettyPhoto[stampa-barcode]\" href=\"http:\/\/www.labeljoy.com\/images\/how-to\/best-practices\/image002.png\"><img decoding=\"async\" width=\"180\" height=\"203\" src=\"http:\/\/www.labeljoy.com\/images\/how-to\/best-practices\/image002.png\" alt=\"Dimensioni errate del barcode da stampare\"><\/a><\/p>\n<p>Labeljoy dispone di funzionalit\u00e0 di ridimensionamento automatico per gli elementi Codice a barre che possono aiutare a crare simboli opportunamente dimensionati. Fare doppio clic sul codice a barre ed andare nella scheda <em>Avanzate<\/em>.<\/p>\n<p><a class=\"hover-item\" data-gal=\"prettyPhoto[stampa-barcode]\" href=\"http:\/\/www.labeljoy.com\/images\/how-to\/best-practices\/it\/image003.png\"><img decoding=\"async\" src=\"http:\/\/www.labeljoy.com\/images\/how-to\/best-practices\/it\/image003.png\" alt=\"Dimensioni codice da stampare\" width=\"445\" height=\"338\"><\/a><\/p>\n<p>E&#8217; possibile scegliere le dimensioni automatiche.<\/p>\n<p><a class=\"hover-item\" data-gal=\"prettyPhoto[stampa-barcode]\" href=\"http:\/\/www.labeljoy.com\/images\/how-to\/best-practices\/it\/image004.png\"><img decoding=\"async\" src=\"http:\/\/www.labeljoy.com\/images\/how-to\/best-practices\/it\/image004.png\" alt=\"Dimensionamento automatiche\" width=\"445\" height=\"338\"><\/a><\/p>\n<p>il <em>Dimensionamento<\/em> Auto pu\u00f2 essere:<\/p>\n<ul>\n<li><em>Fisso a sinistra<\/em>: il lato sinistro dell&#8217;elemento \u00e8 fisso e il lato destro viene modificato in base ai contenuti.<\/li>\n<li><em>Fisso al centro<\/em>: sia il lato destro che il sinistro sono modificati per preservare il punto centrale orizzontale dell&#8217;elemento.<\/li>\n<li><em>Fisso a destra<\/em>: il lato destro dell&#8217;elemento \u00e8 fisso e il lato sinistro viene modificato in base ai contenuti.<\/li>\n<\/ul>\n<p>In generale non di dovrebbe <strong>mai stampare un simbolo codice a barre pi\u00f9 piccolo delle dimensioni predefinite<\/strong>, anche se \u00e8 trascurabile un ingrandimento del 20% della dimensione originale.<\/p>\n<h2>3 \u2013 Contrasto<\/h2>\n<p>Di default tutti i simboli di codici a barre sono creati con bande nere su fondo bianco. Questa scelta di colori rende il simbolo molto facile da leggere. I primi lettori di codice a barre non erano cos\u00ec evoluti come quelli dei giorni nostri, pertanto oggigiorno \u00e8 sufficiente utilizzare una combinazione di colori con contrasto elevato.<\/p>\n<table class=\"tabellabordi\">\n<tbody>\n<tr>\n<td valign=\"top\">\n<p align=\"center\">Simbolo Industrial 2 of 5 con barre nere su fondo bianco<\/p>\n<p align=\"center\"><a class=\"hover-item\" data-gal=\"prettyPhoto[stampa-barcode]\" href=\"http:\/\/www.labeljoy.com\/images\/how-to\/best-practices\/image005.png\"><img decoding=\"async\" width=\"275\" height=\"145\" src=\"http:\/\/www.labeljoy.com\/images\/how-to\/best-practices\/image005.png\" alt=\"Massimo contrasto sui barcode\"><\/a><\/p>\n<p align=\"center\">\n<\/td>\n<\/tr>\n<\/tbody>\n<\/table>\n<p>Labeljoy permette di creare e stampare codici a barre con sfondo e barre colorate:<\/p>\n<table class=\"tabellabordi\">\n<tbody>\n<tr>\n<td valign=\"top\">\n<p align=\"center\">Code 128 symbol con barre blu e sfondo bianco<\/p>\n<p align=\"center\"><a class=\"hover-item\" data-gal=\"prettyPhoto[stampa-barcode]\" href=\"http:\/\/www.labeljoy.com\/images\/how-to\/best-practices\/image006.png\"><img decoding=\"async\" src=\"http:\/\/www.labeljoy.com\/images\/how-to\/best-practices\/image006.png\" alt=\"Barcode barre blu\" width=\"214\" height=\"94\"><\/a><\/p>\n<\/td>\n<\/tr>\n<tr>\n<td valign=\"top\">\n<p align=\"center\">EAN 13 con sfondo rosa<\/p>\n<p align=\"center\"><a class=\"hover-item\" data-gal=\"prettyPhoto[stampa-barcode]\" href=\"http:\/\/www.labeljoy.com\/images\/how-to\/best-practices\/image007.png\"><img decoding=\"async\" width=\"211\" height=\"147\" src=\"http:\/\/www.labeljoy.com\/images\/how-to\/best-practices\/image007.png\" alt=\"Barcode con sfondo rosa\"><\/a><\/p>\n<\/td>\n<\/tr>\n<tr>\n<td valign=\"top\">\n<p align=\"center\">QR Code con quadri verdi e sfondo sfumato<\/p>\n<p align=\"center\"><a class=\"hover-item\" data-gal=\"prettyPhoto[stampa-barcode]\" href=\"http:\/\/www.labeljoy.com\/images\/how-to\/best-practices\/image008.png\"><img decoding=\"async\" width=\"111\" height=\"111\" src=\"http:\/\/www.labeljoy.com\/images\/how-to\/best-practices\/image008.png\" alt=\"QR Code con sfondo sfumato\"><\/a><\/p>\n<\/td>\n<\/tr>\n<\/tbody>\n<\/table>\n<p>&nbsp;<\/p>\n<h2>4 \u2013 Rotazione<\/h2>\n<p>Labeljoy permette di ruotare gli elementi presenti sulle etichette, come nell&#8217;esempio \u00e8 stato ruotato il barcode di 45 gradi:<\/p>\n<p><a class=\"hover-item\" data-gal=\"prettyPhoto[stampa-barcode]\" href=\"http:\/\/www.labeljoy.com\/images\/how-to\/best-practices\/image009.png\"><img decoding=\"async\" src=\"http:\/\/www.labeljoy.com\/images\/how-to\/best-practices\/image009.png\" alt=\"Qr code ruotato 45\" width=\"357\" height=\"139\"><\/a><\/p>\n<p>Questo inclinazione \u00e8 perfettamente leggibile dai lettori di QR code in quanto supportano un non perfetto allineamento.<\/p>\n<p>NOTA: gli schermi dei computer hanno una risoluzione di molto inferiore rispetto alle stampanti standard. Per questo l&#8217;elemento codice a barre ruotato potrebbe risultare &#8220;frastagliato&#8221;, ma uno volta stampato si vedr\u00e0 perfettamente:<\/p>\n<table class=\"tabellabordi\">\n<tbody>\n<tr>\n<td valign=\"top\">\n<p align=\"center\">Vista barcode sul monitor<\/p>\n<p align=\"center\"><a class=\"hover-item\" data-gal=\"prettyPhoto[stampa-barcode]\" href=\"http:\/\/www.labeljoy.com\/images\/how-to\/best-practices\/image010.png\"><img decoding=\"async\" width=\"356\" height=\"170\" src=\"http:\/\/www.labeljoy.com\/images\/how-to\/best-practices\/image010.png\" alt=\"Rotazione barcode\"><\/a><\/p>\n<\/td>\n<\/tr>\n<tr>\n<td valign=\"top\">\n<p align=\"center\">Vista barcode stampato su carta (600 dpi)<\/p>\n<p align=\"center\"><a class=\"hover-item\" data-gal=\"prettyPhoto[stampa-barcode]\" href=\"http:\/\/www.labeljoy.com\/images\/how-to\/best-practices\/image011.png\"><img decoding=\"async\" src=\"http:\/\/www.labeljoy.com\/images\/how-to\/best-practices\/image011.png\" alt=\"Barcode stampato\" width=\"356\" height=\"170\"><\/a><\/p>\n<\/td>\n<\/tr>\n<\/tbody>\n<\/table>\n<p>&nbsp;<\/p>\n<h2>5 \u2013 Come stampare barcode<\/h2>\n<p>La stampa \u00e8 l&#8217;elemento pi\u00f9 critico nel processo di creazione di codici a barre. La maggior parte delle volte \u00e8 l&#8217; unico elemento che crea problemi nella scansione del codice.<br \/>\nI <strong>codici a barre lineari diventano illeggibili<\/strong> anche se solo una delle barre i bar \u00e8 danneggiata o <strong>non stampata correttamente<\/strong>. Ci\u00f2 \u00e8 dovuto al fatto che i codici a barre lineari non implementano nessun algoritmo di correzione di errore.<\/p>\n<p>Invece i simboli 2D come il QR Code implementano algoritmi di correzione di errore che rendono possibile la lettura del codice anche con un simbolo parzialmente danneggiato.<\/p>\n<p>Per questo motivo, ecco una breve lista delle cose che si dovrebbe sempre <strong>verificare prima di stampare i codici a barre<\/strong>:<\/p>\n<ul>\n<li>Su una stampante a getto d&#8217;inchiostro: assicurarsi che i livelli di inchiostro siano sufficienti e che le testine di stampa siano pulite.<\/li>\n<li>Su una stampante laser: assicurarsi che il livello del toner sia sufficiente e che i rulli di stampa siano puliti.<\/li>\n<li>Su una stampante rotolo, assicurarsi che i nastri d&#8217;inchiostro funzionino correttamente.<\/li>\n<li>Testare i codici a barre appena stampanti con un lettore di codice a barre di non recente produzione: se funziona correttamente i simboli saranno letti senza problemi dai pi\u00f9 moderni lettori.<\/li>\n<\/ul>\n<p>Ecco un esempio di un codice a barre illeggibile a causa di stampa errata:<\/p>\n<p><a class=\"hover-item\" data-gal=\"prettyPhoto[stampa-barcode]\" href=\"http:\/\/www.labeljoy.com\/images\/how-to\/best-practices\/image012.png\"><img decoding=\"async\" width=\"247\" height=\"121\" src=\"http:\/\/www.labeljoy.com\/images\/how-to\/best-practices\/image012.png\" alt=\"Codice a barre danneggiato\"><\/a><\/p>\n<p>Una lista riassuntiva di tutte le precauzioni per stampare un barcode correttamente:<\/p>\n<ul>\n<li>Scegliere la simbologia corretta: usare il barcode appropriato a seconda dell&#8217;utilizzo.<\/li>\n<li>Usare le dimensioni standard.<\/li>\n<li>Creare barcode semplici: se possibile stampare le barre nere su fondo bianco.<\/li>\n<li>Non inserire grafica o testo vicino o sopra al barcode.<\/li>\n<li>Se si include pi\u00f9 di un barcode per etichetta, assicurarsi di mantenere uno spazio sufficiente tra i due simboli.<\/li>\n<\/ul>\n<h2>6 \u2013 Etichettatura<\/h2>\n<p>Un ultimo aspetto importante da affrontare \u00e8 il processo fisico di etichettatura che viene eseguito dopo la stampa. A volte, anche dopo aver rispettato tutte le regole di creazione del barcode spiegate in questa guida, il barcode risulta illeggibile dovuto alla pessima applicazione dell&#8217;etichette sul prodotto.<\/p>\n<p>Di seguito alcune linee guida per evitare gli errori pi\u00f9 comuni:<\/p>\n<ul>\n<li>Scegliere la carta giusta: scegliere carta con il giusto assorbimento di&#8217;inchiostro ed attendere che l&#8217;etichetta si asciughi.<\/li>\n<li>Prestare attenzione alla colla: sono presenti differenti tipi di etichette, con colla permanente, attacca e stacca, o colle pi\u00f9 adatte a resistere all&#8217;acqua.<\/li>\n<li>Evitare le deformazioni: applicare il codice a barre su una superficie troppo curva (come un barattolo di marmellata) potrebbe dare problemi di lettura. Ruotare di 90 o 270 gradi l&#8217;etichetta e disporla per il lungo.<\/li>\n<li>Tenere lontano le etichette da liquidi: conservare le etichette in ambienti non umidi, utilizzare etichette resistenti all&#8217;acqua se necessario.<\/li>\n<li>Pellicole trasparenti: se le etichette saranno coperte con pellicola trasparente, verificare la leggibilit\u00e0 con la pellicola applicata.<\/li>\n<\/ul>\n","protected":false},"excerpt":{"rendered":"<p>Come stampare i Barcode Labeljoy consente di generare barcode molto semplicemente ma prima di inziare a stampare i propri codici a barre \u00e8 necessario fare alcune osservazioni a cui prestare attenzione. Per prima cosa, non tanto banale, c&#8217;\u00e8 da considerare che i codici a barre devono essere leggibili dai lettori, per questo bisogna tener conto &#8230; <a title=\"Stampare barcode\" class=\"read-more\" href=\"https:\/\/www.labeljoy.com\/it\/supporto\/guide\/stampare-barcode\/\" aria-label=\"Per saperne di pi\u00f9 su Stampare barcode\">Read more<\/a><\/p>\n","protected":false},"author":1,"featured_media":0,"parent":7435,"menu_order":0,"comment_status":"open","ping_status":"closed","template":"","meta":{"inline_featured_image":false,"_monsterinsights_skip_tracking":false,"_monsterinsights_sitenote_active":false,"_monsterinsights_sitenote_note":"","_monsterinsights_sitenote_category":0,"footnotes":""},"class_list":{"0":"post-7449","1":"page","2":"type-page","3":"status-publish","5":"infinite-scroll-item"},"aioseo_notices":[],"_links":{"self":[{"href":"https:\/\/www.labeljoy.com\/it\/wp-json\/wp\/v2\/pages\/7449","targetHints":{"allow":["GET"]}}],"collection":[{"href":"https:\/\/www.labeljoy.com\/it\/wp-json\/wp\/v2\/pages"}],"about":[{"href":"https:\/\/www.labeljoy.com\/it\/wp-json\/wp\/v2\/types\/page"}],"author":[{"embeddable":true,"href":"https:\/\/www.labeljoy.com\/it\/wp-json\/wp\/v2\/users\/1"}],"replies":[{"embeddable":true,"href":"https:\/\/www.labeljoy.com\/it\/wp-json\/wp\/v2\/comments?post=7449"}],"version-history":[{"count":22,"href":"https:\/\/www.labeljoy.com\/it\/wp-json\/wp\/v2\/pages\/7449\/revisions"}],"predecessor-version":[{"id":37587,"href":"https:\/\/www.labeljoy.com\/it\/wp-json\/wp\/v2\/pages\/7449\/revisions\/37587"}],"up":[{"embeddable":true,"href":"https:\/\/www.labeljoy.com\/it\/wp-json\/wp\/v2\/pages\/7435"}],"wp:attachment":[{"href":"https:\/\/www.labeljoy.com\/it\/wp-json\/wp\/v2\/media?parent=7449"}],"curies":[{"name":"wp","href":"https:\/\/api.w.org\/{rel}","templated":true}]}}